{"id":20447,"date":"2023-11-13T15:53:29","date_gmt":"2023-11-13T23:53:29","guid":{"rendered":"https:\/\/medcor.com\/avis-juridiques\/"},"modified":"2023-11-17T10:16:29","modified_gmt":"2023-11-17T18:16:29","slug":"avis-juridiques","status":"publish","type":"page","link":"https:\/\/medcor.com\/fr-ca\/a-propos-de-nous\/avis-juridiques\/","title":{"rendered":"Avis juridiques"},"content":{"rendered":"<section class=\"wp-block-ns-content-detail__hero\">\n                <h1 class=\"wp-block-ns-content-detail__hero-headline --hl-xxl\">\n            Mentions l\u00e9gales        <\/h1>\n        <div class=\"wp-block-ns-content-detail__hero-body --wizzy\">\n            <\/div>\n    <\/section>\n\n\n\n<div style=\"height:21px\" aria-hidden=\"true\" class=\"wp-block-spacer\"><\/div>\n\n\n\n<p>Copyright \u00a9 2021 Medcor, Inc. Tous droits r\u00e9serv\u00e9s.<\/p>\n\n\n\n<p>Le contenu, les graphiques et la conception de ce site Web sont la propri\u00e9t\u00e9 de Medcor. Les logiciels et les photographies utilis\u00e9s dans ce site Web appartiennent \u00e0 Medcor ou sont utilis\u00e9s par Medcor avec l&#8217;autorisation ou sous licence du propri\u00e9taire. Il est interdit aux utilisateurs de ce site Web d&#8217;utiliser le contenu de ce site \u00e0 des fins publiques ou commerciales, y compris la copie, la distribution, la cr\u00e9ation d&#8217;\u0153uvres d\u00e9riv\u00e9es, la publication, la modification ou la vente.]<\/p>\n\n\n\n<p><strong>Marques de commerce<\/strong><br>Les marques de commerce, logos et marques de service affich\u00e9s sur ce site Web sont des marques d\u00e9pos\u00e9es et non d\u00e9pos\u00e9es de Medcor, Inc. ou d&#8217;autres entit\u00e9s. Medcor\u00ae, Medfiles.OHS\u00ae, Drugfiles\u2122 et AFKAM\u2122 sont des marques commerciales de Medcor.<\/p>\n\n\n\n<p><strong>Conditions d&#8217;utilisation<\/strong><br>Medcor n&#8217;accorde l&#8217;acc\u00e8s \u00e0 ce site Web qu&#8217;aux utilisateurs qui acceptent de se conformer aux pr\u00e9sentes conditions et \u00e0 toutes les lois applicables r\u00e9gissant l&#8217;utilisation de ce site, y compris les lois sur les droits d&#8217;auteur et les marques commerciales. Les utilisateurs qui n&#8217;acceptent pas d&#8217;\u00eatre l\u00e9galement li\u00e9s par ces conditions ne doivent pas acc\u00e9der \u00e0 ce site Web ni l&#8217;utiliser.<\/p>\n\n\n\n<p>Il est interdit aux utilisateurs de ce site Web de l\u2019utiliser de quelque mani\u00e8re qui&nbsp;:<\/p>\n\n\n\n<ul class=\"wp-block-list\">\n<li>Damages the site\u2019s functionality, accessibility or security, including imposing an unreasonable or disproportionately large demand on the site\u2019s infrastructure.<\/li>\n\n\n\n<li>Modifie le contenu du site Web.<\/li>\n\n\n\n<li>Violates any rights of privacy, confidentiality, copyright or trademark of any entity, including misrepresenting or omitting the proper origin or source of any information uploaded or downloaded.<\/li>\n\n\n\n<li>Entra\u00eene un comportement ou un usage ill\u00e9gal.<\/li>\n<\/ul>\n\n\n\n<p><strong>Brevets<\/strong><br>Les m\u00e9thodes d&#8217;\u00e9valuation clinique sont couvertes par des brevets am\u00e9ricains et \u00e9trangers, notamment les brevets am\u00e9ricains n\u00b0 8 346 573, 7 668 733, 7 716 070 et 7 720 692&nbsp;; d&#8217;autres brevets sont en cours d&#8217;examen.<\/p>\n\n\n\n<p><strong>Politique de confidentialit\u00e9<\/strong><br>Medcor et ses associ\u00e9s s&#8217;engagent \u00e0 prot\u00e9ger les droits \u00e0 la vie priv\u00e9e de tous nos patients et la confidentialit\u00e9 des informations exclusives de nos clients. Nous respectons pleinement toutes les lois applicables en mati\u00e8re de protection de la vie priv\u00e9e, y compris HIPAA\/PIPEDA et PHIPA.<\/p>\n\n\n\n<p><strong>Confidentialit\u00e9 des patients \/ Politique HIPAA\/PIPEDA et PHIPA<\/strong><br><a href=\"https:\/\/medcor.com\/fr-ca\/a-propos-de-nous\/politique-de-confidentialite-en-matiere-de-soins-de-sante\/\">Veuillez cliquer ici pour en savoir plus sur la politique de confidentialit\u00e9 de Medcor en mati\u00e8re de soins de sant\u00e9<\/a><\/p>\n\n\n\n<p><strong>Confidentialit\u00e9 du site Web de Medcor<\/strong><br>Confidentialit\u00e9 du site Web de Medcor<br>Medcor ne recueille pas d&#8217;informations personnelles sur les utilisateurs de ce site Web, \u00e0 moins que l&#8217;utilisateur ne soumette volontairement ces informations \u00e0 Medcor. En plus de fournir des informations g\u00e9n\u00e9rales sur Medcor, ce site Web permet aux utilisateurs de contacter Medcor par courrier \u00e9lectronique et de soumettre des demandes. Les utilisateurs autoris\u00e9s peuvent \u00e9galement acc\u00e9der \u00e0 des informations suppl\u00e9mentaires par le biais de ce site Web. L&#8217;utilisation de l&#8217;une ou l&#8217;autre de ces fonctions est volontaire. L&#8217;utilisation de ces fonctions peut entra\u00eener la transmission \u00e0 Medcor de l&#8217;adresse \u00e9lectronique de l&#8217;utilisateur, de son nom et d&#8217;autres informations personnelles. En soumettant des informations \u00e0 Medcor, l&#8217;utilisateur accepte que Medcor les stocke, les examine et les utilise, et qu&#8217;elle le contacte. Medcor ne vendra ni ne transmettra les informations personnelles recueillies sur ce site Web \u00e0 une entit\u00e9 ext\u00e9rieure \u00e0 Medcor, \u00e0 moins d&#8217;y \u00eatre contraint par une autorit\u00e9 l\u00e9gale ou d&#8217;y \u00eatre autoris\u00e9 au pr\u00e9alable par l&#8217;utilisateur. Les utilisateurs ne doivent pas utiliser ce site Web pour envoyer \u00e0 Medcor des informations qu&#8217;ils jugent personnelles ou confidentielles, car Medcor ne peut pas contr\u00f4ler la s\u00e9curit\u00e9 du syst\u00e8me de courrier \u00e9lectronique de l&#8217;utilisateur ou du message de l&#8217;utilisateur lorsqu&#8217;il est en transit vers Medcor. Medcor peut recueillir des informations g\u00e9n\u00e9rales sur les utilisateurs de ce site Web afin de compiler des statistiques globales et sommaires sur l&#8217;utilisation du site Web. Ces statistiques peuvent \u00eatre utilis\u00e9es pour \u00e9valuer l&#8217;utilit\u00e9 de ce site Web, sa conception et son contenu, pour aider \u00e0 am\u00e9liorer ce site et pour surveiller les performances du syst\u00e8me. Les informations collect\u00e9es peuvent inclure les noms de domaine et les adresses IP utilis\u00e9s pour acc\u00e9der \u00e0 ce site web ou pour \u00e9tablir un lien avec lui, la fr\u00e9quence de consultation des pages, ainsi que les heures et les dates d&#8217;acc\u00e8s. Ce site web propose des liens vers d&#8217;autres sites web. Ces sites ne sont pas couverts par les politiques et pratiques de Medcor en mati\u00e8re de confidentialit\u00e9. Les autres sites sont r\u00e9gis par leurs propres politiques.<\/p>\n","protected":false},"excerpt":{"rendered":"<p>Copyright \u00a9 2021 Medcor, Inc. Tous droits r\u00e9serv\u00e9s. Le contenu, les graphiques et la conception de ce site Web sont la propri\u00e9t\u00e9 de Medcor. Les &hellip;<\/p>\n","protected":false},"author":1,"featured_media":16385,"parent":0,"menu_order":0,"comment_status":"closed","ping_status":"closed","template":"","meta":{"pageFeaturedColor":"","pageIcon":"","footnotes":""},"service_type":[],"silo":[1174],"class_list":["post-20447","page","type-page","status-publish","has-post-thumbnail","hentry"],"yoast_head":"<!-- This site is optimized with the Yoast SEO plugin v27.1.1 - https:\/\/yoast.com\/product\/yoast-seo-wordpress\/ -->\n<title>Avis juridiques | Medcor Canada<\/title>\n<meta name=\"robots\" content=\"index, follow, max-snippet:-1, max-image-preview:large, max-video-preview:-1\" \/>\n<link rel=\"canonical\" href=\"https:\/\/medcor.com\/fr-ca\/a-propos-de-nous\/avis-juridiques\/\" \/>\n<meta property=\"og:locale\" content=\"fr_CA\" \/>\n<meta property=\"og:type\" content=\"article\" \/>\n<meta property=\"og:title\" content=\"Avis juridiques | Medcor Canada\" \/>\n<meta property=\"og:description\" content=\"Copyright \u00a9 2021 Medcor, Inc. Tous droits r\u00e9serv\u00e9s. Le contenu, les graphiques et la conception de ce site Web sont la propri\u00e9t\u00e9 de Medcor. Les &hellip;\" \/>\n<meta property=\"og:url\" content=\"https:\/\/medcor.com\/fr-ca\/a-propos-de-nous\/avis-juridiques\/\" \/>\n<meta property=\"og:site_name\" content=\"Medcor\" \/>\n<meta property=\"article:publisher\" content=\"https:\/\/www.facebook.com\/Medcor\/\" \/>\n<meta property=\"article:modified_time\" content=\"2023-11-17T18:16:29+00:00\" \/>\n<meta property=\"og:image\" content=\"https:\/\/medcor.com\/wp-content\/uploads\/2023\/07\/Medcor-Canada-Logo-web.jpg\" \/>\n\t<meta property=\"og:image:width\" content=\"1042\" \/>\n\t<meta property=\"og:image:height\" content=\"515\" \/>\n\t<meta property=\"og:image:type\" content=\"image\/jpeg\" \/>\n<meta name=\"twitter:card\" content=\"summary_large_image\" \/>\n<meta name=\"twitter:label1\" content=\"Est. reading time\" \/>\n\t<meta name=\"twitter:data1\" content=\"4 minutes\" \/>\n<script type=\"application\/ld+json\" class=\"yoast-schema-graph\">{\"@context\":\"https:\/\/schema.org\",\"@graph\":[{\"@type\":\"WebPage\",\"@id\":\"https:\/\/medcor.com\/fr-ca\/a-propos-de-nous\/avis-juridiques\/\",\"url\":\"https:\/\/medcor.com\/fr-ca\/a-propos-de-nous\/avis-juridiques\/\",\"name\":\"Avis juridiques | Medcor Canada\",\"isPartOf\":{\"@id\":\"https:\/\/medcor.com\/fr-ca\/#website\"},\"primaryImageOfPage\":{\"@id\":\"https:\/\/medcor.com\/fr-ca\/a-propos-de-nous\/avis-juridiques\/#primaryimage\"},\"image\":{\"@id\":\"https:\/\/medcor.com\/fr-ca\/a-propos-de-nous\/avis-juridiques\/#primaryimage\"},\"thumbnailUrl\":\"https:\/\/medcor.com\/wp-content\/uploads\/2023\/07\/Medcor-Canada-Logo-web.jpg\",\"datePublished\":\"2023-11-13T23:53:29+00:00\",\"dateModified\":\"2023-11-17T18:16:29+00:00\",\"breadcrumb\":{\"@id\":\"https:\/\/medcor.com\/fr-ca\/a-propos-de-nous\/avis-juridiques\/#breadcrumb\"},\"inLanguage\":\"fr-CA\",\"potentialAction\":[{\"@type\":\"ReadAction\",\"target\":[\"https:\/\/medcor.com\/fr-ca\/a-propos-de-nous\/avis-juridiques\/\"]}]},{\"@type\":\"ImageObject\",\"inLanguage\":\"fr-CA\",\"@id\":\"https:\/\/medcor.com\/fr-ca\/a-propos-de-nous\/avis-juridiques\/#primaryimage\",\"url\":\"https:\/\/medcor.com\/wp-content\/uploads\/2023\/07\/Medcor-Canada-Logo-web.jpg\",\"contentUrl\":\"https:\/\/medcor.com\/wp-content\/uploads\/2023\/07\/Medcor-Canada-Logo-web.jpg\",\"width\":1042,\"height\":515,\"caption\":\"Medcor Canada Logo\"},{\"@type\":\"BreadcrumbList\",\"@id\":\"https:\/\/medcor.com\/fr-ca\/a-propos-de-nous\/avis-juridiques\/#breadcrumb\",\"itemListElement\":[{\"@type\":\"ListItem\",\"position\":1,\"name\":\"Home\",\"item\":\"https:\/\/medcor.com\/fr-ca\/\"},{\"@type\":\"ListItem\",\"position\":2,\"name\":\"Avis juridiques\"}]},{\"@type\":\"WebSite\",\"@id\":\"https:\/\/medcor.com\/fr-ca\/#website\",\"url\":\"https:\/\/medcor.com\/fr-ca\/\",\"name\":\"Medcor\",\"description\":\"Simplifying Healthcare For Employers\",\"publisher\":{\"@id\":\"https:\/\/medcor.com\/fr-ca\/#organization\"},\"potentialAction\":[{\"@type\":\"SearchAction\",\"target\":{\"@type\":\"EntryPoint\",\"urlTemplate\":\"https:\/\/medcor.com\/fr-ca\/?s={search_term_string}\"},\"query-input\":{\"@type\":\"PropertyValueSpecification\",\"valueRequired\":true,\"valueName\":\"search_term_string\"}}],\"inLanguage\":\"fr-CA\"},{\"@type\":\"Organization\",\"@id\":\"https:\/\/medcor.com\/fr-ca\/#organization\",\"name\":\"Medcor\",\"alternateName\":\"Medcor\",\"url\":\"https:\/\/medcor.com\/fr-ca\/\",\"logo\":{\"@type\":\"ImageObject\",\"inLanguage\":\"fr-CA\",\"@id\":\"https:\/\/medcor.com\/fr-ca\/#\/schema\/logo\/image\/\",\"url\":\"https:\/\/medcor.com\/wp-content\/uploads\/2023\/08\/cropped-favicon.png\",\"contentUrl\":\"https:\/\/medcor.com\/wp-content\/uploads\/2023\/08\/cropped-favicon.png\",\"width\":512,\"height\":512,\"caption\":\"Medcor\"},\"image\":{\"@id\":\"https:\/\/medcor.com\/fr-ca\/#\/schema\/logo\/image\/\"},\"sameAs\":[\"https:\/\/www.facebook.com\/Medcor\/\",\"https:\/\/www.linkedin.com\/company\/medcor\/\",\"https:\/\/www.instagram.com\/medcorclinics\/\",\"https:\/\/vimeo.com\/medcorhealthnavigation\"]}]}<\/script>\n<!-- \/ Yoast SEO plugin. -->","yoast_head_json":{"title":"Avis juridiques | Medcor Canada","robots":{"index":"index","follow":"follow","max-snippet":"max-snippet:-1","max-image-preview":"max-image-preview:large","max-video-preview":"max-video-preview:-1"},"canonical":"https:\/\/medcor.com\/fr-ca\/a-propos-de-nous\/avis-juridiques\/","og_locale":"fr_CA","og_type":"article","og_title":"Avis juridiques | Medcor Canada","og_description":"Copyright \u00a9 2021 Medcor, Inc. Tous droits r\u00e9serv\u00e9s. Le contenu, les graphiques et la conception de ce site Web sont la propri\u00e9t\u00e9 de Medcor. Les &hellip;","og_url":"https:\/\/medcor.com\/fr-ca\/a-propos-de-nous\/avis-juridiques\/","og_site_name":"Medcor","article_publisher":"https:\/\/www.facebook.com\/Medcor\/","article_modified_time":"2023-11-17T18:16:29+00:00","og_image":[{"width":1042,"height":515,"url":"https:\/\/medcor.com\/wp-content\/uploads\/2023\/07\/Medcor-Canada-Logo-web.jpg","type":"image\/jpeg"}],"twitter_card":"summary_large_image","twitter_misc":{"Est. reading time":"4 minutes"},"schema":{"@context":"https:\/\/schema.org","@graph":[{"@type":"WebPage","@id":"https:\/\/medcor.com\/fr-ca\/a-propos-de-nous\/avis-juridiques\/","url":"https:\/\/medcor.com\/fr-ca\/a-propos-de-nous\/avis-juridiques\/","name":"Avis juridiques | Medcor Canada","isPartOf":{"@id":"https:\/\/medcor.com\/fr-ca\/#website"},"primaryImageOfPage":{"@id":"https:\/\/medcor.com\/fr-ca\/a-propos-de-nous\/avis-juridiques\/#primaryimage"},"image":{"@id":"https:\/\/medcor.com\/fr-ca\/a-propos-de-nous\/avis-juridiques\/#primaryimage"},"thumbnailUrl":"https:\/\/medcor.com\/wp-content\/uploads\/2023\/07\/Medcor-Canada-Logo-web.jpg","datePublished":"2023-11-13T23:53:29+00:00","dateModified":"2023-11-17T18:16:29+00:00","breadcrumb":{"@id":"https:\/\/medcor.com\/fr-ca\/a-propos-de-nous\/avis-juridiques\/#breadcrumb"},"inLanguage":"fr-CA","potentialAction":[{"@type":"ReadAction","target":["https:\/\/medcor.com\/fr-ca\/a-propos-de-nous\/avis-juridiques\/"]}]},{"@type":"ImageObject","inLanguage":"fr-CA","@id":"https:\/\/medcor.com\/fr-ca\/a-propos-de-nous\/avis-juridiques\/#primaryimage","url":"https:\/\/medcor.com\/wp-content\/uploads\/2023\/07\/Medcor-Canada-Logo-web.jpg","contentUrl":"https:\/\/medcor.com\/wp-content\/uploads\/2023\/07\/Medcor-Canada-Logo-web.jpg","width":1042,"height":515,"caption":"Medcor Canada Logo"},{"@type":"BreadcrumbList","@id":"https:\/\/medcor.com\/fr-ca\/a-propos-de-nous\/avis-juridiques\/#breadcrumb","itemListElement":[{"@type":"ListItem","position":1,"name":"Home","item":"https:\/\/medcor.com\/fr-ca\/"},{"@type":"ListItem","position":2,"name":"Avis juridiques"}]},{"@type":"WebSite","@id":"https:\/\/medcor.com\/fr-ca\/#website","url":"https:\/\/medcor.com\/fr-ca\/","name":"Medcor","description":"Simplifying Healthcare For Employers","publisher":{"@id":"https:\/\/medcor.com\/fr-ca\/#organization"},"potentialAction":[{"@type":"SearchAction","target":{"@type":"EntryPoint","urlTemplate":"https:\/\/medcor.com\/fr-ca\/?s={search_term_string}"},"query-input":{"@type":"PropertyValueSpecification","valueRequired":true,"valueName":"search_term_string"}}],"inLanguage":"fr-CA"},{"@type":"Organization","@id":"https:\/\/medcor.com\/fr-ca\/#organization","name":"Medcor","alternateName":"Medcor","url":"https:\/\/medcor.com\/fr-ca\/","logo":{"@type":"ImageObject","inLanguage":"fr-CA","@id":"https:\/\/medcor.com\/fr-ca\/#\/schema\/logo\/image\/","url":"https:\/\/medcor.com\/wp-content\/uploads\/2023\/08\/cropped-favicon.png","contentUrl":"https:\/\/medcor.com\/wp-content\/uploads\/2023\/08\/cropped-favicon.png","width":512,"height":512,"caption":"Medcor"},"image":{"@id":"https:\/\/medcor.com\/fr-ca\/#\/schema\/logo\/image\/"},"sameAs":["https:\/\/www.facebook.com\/Medcor\/","https:\/\/www.linkedin.com\/company\/medcor\/","https:\/\/www.instagram.com\/medcorclinics\/","https:\/\/vimeo.com\/medcorhealthnavigation"]}]}},"featured_image_url":"https:\/\/medcor.com\/wp-content\/uploads\/2023\/07\/Medcor-Canada-Logo-web.jpg","featured_image_url_sizes":{"thumbnail":"https:\/\/medcor.com\/wp-content\/uploads\/2023\/07\/Medcor-Canada-Logo-web-150x150.jpg","medium":"https:\/\/medcor.com\/wp-content\/uploads\/2023\/07\/Medcor-Canada-Logo-web-300x148.jpg","medium_large":"https:\/\/medcor.com\/wp-content\/uploads\/2023\/07\/Medcor-Canada-Logo-web-768x380.jpg","large":"https:\/\/medcor.com\/wp-content\/uploads\/2023\/07\/Medcor-Canada-Logo-web-1024x506.jpg","default":{"url":"https:\/\/medcor.com\/wp-content\/uploads\/2023\/07\/Medcor-Canada-Logo-web.png"}},"service_type_color":null,"service_type_icon":null,"_links":{"self":[{"href":"https:\/\/medcor.com\/fr-ca\/wp-json\/wp\/v2\/pages\/20447","targetHints":{"allow":["GET"]}}],"collection":[{"href":"https:\/\/medcor.com\/fr-ca\/wp-json\/wp\/v2\/pages"}],"about":[{"href":"https:\/\/medcor.com\/fr-ca\/wp-json\/wp\/v2\/types\/page"}],"author":[{"embeddable":true,"href":"https:\/\/medcor.com\/fr-ca\/wp-json\/wp\/v2\/users\/1"}],"replies":[{"embeddable":true,"href":"https:\/\/medcor.com\/fr-ca\/wp-json\/wp\/v2\/comments?post=20447"}],"version-history":[{"count":3,"href":"https:\/\/medcor.com\/fr-ca\/wp-json\/wp\/v2\/pages\/20447\/revisions"}],"predecessor-version":[{"id":20668,"href":"https:\/\/medcor.com\/fr-ca\/wp-json\/wp\/v2\/pages\/20447\/revisions\/20668"}],"wp:featuredmedia":[{"embeddable":true,"href":"https:\/\/medcor.com\/fr-ca\/wp-json\/wp\/v2\/media\/16385"}],"wp:attachment":[{"href":"https:\/\/medcor.com\/fr-ca\/wp-json\/wp\/v2\/media?parent=20447"}],"wp:term":[{"taxonomy":"service_type","embeddable":true,"href":"https:\/\/medcor.com\/fr-ca\/wp-json\/wp\/v2\/service_type?post=20447"},{"taxonomy":"silo","embeddable":true,"href":"https:\/\/medcor.com\/fr-ca\/wp-json\/wp\/v2\/silo?post=20447"}],"curies":[{"name":"wp","href":"https:\/\/api.w.org\/{rel}","templated":true}]}}