{"id":20510,"date":"2023-11-14T12:04:20","date_gmt":"2023-11-14T20:04:20","guid":{"rendered":"https:\/\/medcor.com\/carrieres\/"},"modified":"2023-11-21T15:34:20","modified_gmt":"2023-11-21T23:34:20","slug":"carrieres","status":"publish","type":"page","link":"https:\/\/medcor.com\/fr-ca\/carrieres\/","title":{"rendered":"Carri\u00e8res"},"content":{"rendered":"\n<section class=\"alignfull wp-block-ns-inner-page-hero\">\n    <div class=\"wp-block-ns-inner-page-hero__grid\">\n        <div class=\"wp-block-ns-inner-page-hero__body-col\">\n                        <h1 class=\"wp-block-ns-inner-page-hero__headline --hl-xxl\">\n                Opportunit\u00e9s de carri\u00e8re chez Medcor Canada            <\/h1>\n\n            <div class=\"wp-block-ns-inner-page-hero__intro --wizzy\">\n                \n\n<p>Le succ\u00e8s de Medcor repose sur celui de ses repr\u00e9sentants. Nous mettons \u00e0 la disposition de nos repr\u00e9sentants les outils et la formation dont ils ont besoin pour r\u00e9ussir et pour d\u00e9velopper leurs carri\u00e8res. Ces repr\u00e9sentants, professionnels affables et chevronn\u00e9s, qui poss\u00e8dent un esprit \u00ab pionnier \u00bb, s&#8217;\u00e9panouiront et se d\u00e9velopperont avec nous par notre culture de soutien<\/p>\n\n\n\n<p>Medcor promeut une culture juste. Par culture juste, il faut entendre le fait de traiter nos employ\u00e9s avec \u00e9quit\u00e9 et respect; elle signifie une \u00e9valuation continue de nos syst\u00e8mes afin de cibler des am\u00e9liorations \u00e0 y apporter de sorte qu&#8217;ils soient profitables \u00e0 nos employ\u00e9s et \u00e0 nos clients et leurs employ\u00e9s. L&#8217;approche de culture juste de Medcor compl\u00e8te sa mission, sa vision et ses valeurs.<\/p>\n\n\n\n<p>Marquez cette page d&#8217;un signet et consultez-la r\u00e9guli\u00e8rement pour conna\u00eetre les emplois sp\u00e9cifiques \u00e0 Medcor Canada qui vous aideront \u00e0 atteindre vos objectifs de carri\u00e8re \u00e0 long terme et qui vous offriront une occasion sans pareille.<\/p>\n\n            <\/div>\n                            <div class=\"wp-block-ns-inner-page-hero__ctas\">\n                    <a class=\"wp-block-ns-inner-page-hero__cta --primary\" href=\"https:\/\/medcor.com\/fr-ca\/contact\/\">Nous contacter<\/a>                    <a class=\"wp-block-ns-inner-page-hero__cta --secondary\" href=\"https:\/\/ca.indeed.com\/cmp\/Medcor-1\/jobs\" target=\"_blank\" >Postes ouverts<\/a>                <\/div>\n                    <\/div>\n        <div class=\"wp-block-ns-inner-page-hero__image-col\">\n            <div class=\"wp-block-ns-inner-page-hero__image-wrap\" style=\"--ns-imageCropPosition: center center;\">\n                <img loading=\"lazy\" decoding=\"async\" width=\"800\" height=\"800\" src=\"https:\/\/medcor.com\/wp-content\/uploads\/2023\/09\/iStock-1366650756-nurse-edited.jpg\" class=\"attachment-large size-large\" alt=\"Careers at Medcor\" srcset=\"https:\/\/medcor.com\/wp-content\/uploads\/2023\/09\/iStock-1366650756-nurse-edited.jpg 800w, https:\/\/medcor.com\/wp-content\/uploads\/2023\/09\/iStock-1366650756-nurse-edited-300x300.jpg 300w, https:\/\/medcor.com\/wp-content\/uploads\/2023\/09\/iStock-1366650756-nurse-edited-150x150.jpg 150w, https:\/\/medcor.com\/wp-content\/uploads\/2023\/09\/iStock-1366650756-nurse-edited-768x768.jpg 768w, https:\/\/medcor.com\/wp-content\/uploads\/2023\/09\/iStock-1366650756-nurse-edited-500x500.jpg 500w\" sizes=\"auto, (max-width: 800px) 100vw, 800px\" \/>            <\/div>\n        <\/div>\n    <\/div>\n<\/section>\n\n\n\n<section class=\"--dark-background --theme-red wp-block-ns-promo-banner-cta\" style=\"--ns-imageCropPosition: center center;\">\n    \n\n    <h2 class=\"wp-block-ns-promo-banner-cta__headline --hl-l\">Pr\u00eat \u00e0 nous rejoindre ? Nous avons h\u00e2te d\u2019avoir de vos nouvelles.<\/h2>\n    <div class=\"wp-block-ns-promo-banner-cta__body --wizzy\">\n        \n\n<p>Medcor est un employeur garantissant l&#8217;\u00e9galit\u00e9 des chances et s&#8217;engage \u00e0 cr\u00e9er un environnement de tol\u00e9rance et de diversit\u00e9.<\/p>\n\n    <\/div>\n            <a class=\"wp-block-ns-promo-banner-cta__cta\" href=\"https:\/\/medcor.com\/fr-ca\/contact\/\">Nous contacter<\/a>\n    <\/section>\n","protected":false},"excerpt":{"rendered":"","protected":false},"author":1,"featured_media":1018,"parent":0,"menu_order":0,"comment_status":"closed","ping_status":"closed","template":"","meta":{"pageFeaturedColor":"","pageIcon":"","footnotes":""},"service_type":[],"silo":[],"class_list":["post-20510","page","type-page","status-publish","has-post-thumbnail","hentry"],"yoast_head":"<!-- This site is optimized with the Yoast SEO plugin v27.1.1 - https:\/\/yoast.com\/product\/yoast-seo-wordpress\/ -->\n<title>Carri\u00e8res<\/title>\n<meta name=\"description\" content=\"Nous nous engageons \u00e0 trouver les meilleurs talents pour notre organisation. Nos recruteurs en ressources humaines examinent minutieusement les candidats aux postes affich\u00e9s. Lorsque vous postulez \u00e0 des carri\u00e8res chez Medcor, nous veillons \u00e0 ce que vous soyez plac\u00e9 sur le bon cheminement de carri\u00e8re pour votre avenir. Parlez \u00e0 un recruteur chez Medcor d\u00e8s aujourd&#039;hui.\" \/>\n<meta name=\"robots\" content=\"index, follow, max-snippet:-1, max-image-preview:large, max-video-preview:-1\" \/>\n<link rel=\"canonical\" href=\"https:\/\/medcor.com\/fr-ca\/carrieres\/\" \/>\n<meta property=\"og:locale\" content=\"fr_CA\" \/>\n<meta property=\"og:type\" content=\"article\" \/>\n<meta property=\"og:title\" content=\"Carri\u00e8res\" \/>\n<meta property=\"og:description\" content=\"Nous nous engageons \u00e0 trouver les meilleurs talents pour notre organisation. Nos recruteurs en ressources humaines examinent minutieusement les candidats aux postes affich\u00e9s. Lorsque vous postulez \u00e0 des carri\u00e8res chez Medcor, nous veillons \u00e0 ce que vous soyez plac\u00e9 sur le bon cheminement de carri\u00e8re pour votre avenir. Parlez \u00e0 un recruteur chez Medcor d\u00e8s aujourd&#039;hui.\" \/>\n<meta property=\"og:url\" content=\"https:\/\/medcor.com\/fr-ca\/carrieres\/\" \/>\n<meta property=\"og:site_name\" content=\"Medcor\" \/>\n<meta property=\"article:publisher\" content=\"https:\/\/www.facebook.com\/Medcor\/\" \/>\n<meta property=\"article:modified_time\" content=\"2023-11-21T23:34:20+00:00\" \/>\n<meta property=\"og:image\" content=\"https:\/\/medcor.com\/wp-content\/uploads\/2023\/07\/career-path.jpg\" \/>\n\t<meta property=\"og:image:width\" content=\"558\" \/>\n\t<meta property=\"og:image:height\" content=\"722\" \/>\n\t<meta property=\"og:image:type\" content=\"image\/jpeg\" \/>\n<meta name=\"twitter:card\" content=\"summary_large_image\" \/>\n<meta name=\"twitter:label1\" content=\"Est. reading time\" \/>\n\t<meta name=\"twitter:data1\" content=\"1 minute\" \/>\n<script type=\"application\/ld+json\" class=\"yoast-schema-graph\">{\"@context\":\"https:\/\/schema.org\",\"@graph\":[{\"@type\":\"WebPage\",\"@id\":\"https:\/\/medcor.com\/fr-ca\/carrieres\/\",\"url\":\"https:\/\/medcor.com\/fr-ca\/carrieres\/\",\"name\":\"Carri\u00e8res\",\"isPartOf\":{\"@id\":\"https:\/\/medcor.com\/fr-ca\/#website\"},\"primaryImageOfPage\":{\"@id\":\"https:\/\/medcor.com\/fr-ca\/carrieres\/#primaryimage\"},\"image\":{\"@id\":\"https:\/\/medcor.com\/fr-ca\/carrieres\/#primaryimage\"},\"thumbnailUrl\":\"https:\/\/medcor.com\/wp-content\/uploads\/2023\/07\/career-path.jpg\",\"datePublished\":\"2023-11-14T20:04:20+00:00\",\"dateModified\":\"2023-11-21T23:34:20+00:00\",\"description\":\"Nous nous engageons \u00e0 trouver les meilleurs talents pour notre organisation. Nos recruteurs en ressources humaines examinent minutieusement les candidats aux postes affich\u00e9s. Lorsque vous postulez \u00e0 des carri\u00e8res chez Medcor, nous veillons \u00e0 ce que vous soyez plac\u00e9 sur le bon cheminement de carri\u00e8re pour votre avenir. Parlez \u00e0 un recruteur chez Medcor d\u00e8s aujourd'hui.\",\"breadcrumb\":{\"@id\":\"https:\/\/medcor.com\/fr-ca\/carrieres\/#breadcrumb\"},\"inLanguage\":\"fr-CA\",\"potentialAction\":[{\"@type\":\"ReadAction\",\"target\":[\"https:\/\/medcor.com\/fr-ca\/carrieres\/\"]}]},{\"@type\":\"ImageObject\",\"inLanguage\":\"fr-CA\",\"@id\":\"https:\/\/medcor.com\/fr-ca\/carrieres\/#primaryimage\",\"url\":\"https:\/\/medcor.com\/wp-content\/uploads\/2023\/07\/career-path.jpg\",\"contentUrl\":\"https:\/\/medcor.com\/wp-content\/uploads\/2023\/07\/career-path.jpg\",\"width\":558,\"height\":722,\"caption\":\"career path\"},{\"@type\":\"BreadcrumbList\",\"@id\":\"https:\/\/medcor.com\/fr-ca\/carrieres\/#breadcrumb\",\"itemListElement\":[{\"@type\":\"ListItem\",\"position\":1,\"name\":\"Home\",\"item\":\"https:\/\/medcor.com\/fr-ca\/\"},{\"@type\":\"ListItem\",\"position\":2,\"name\":\"Carri\u00e8res\"}]},{\"@type\":\"WebSite\",\"@id\":\"https:\/\/medcor.com\/fr-ca\/#website\",\"url\":\"https:\/\/medcor.com\/fr-ca\/\",\"name\":\"Medcor\",\"description\":\"Simplifying Healthcare For Employers\",\"publisher\":{\"@id\":\"https:\/\/medcor.com\/fr-ca\/#organization\"},\"potentialAction\":[{\"@type\":\"SearchAction\",\"target\":{\"@type\":\"EntryPoint\",\"urlTemplate\":\"https:\/\/medcor.com\/fr-ca\/?s={search_term_string}\"},\"query-input\":{\"@type\":\"PropertyValueSpecification\",\"valueRequired\":true,\"valueName\":\"search_term_string\"}}],\"inLanguage\":\"fr-CA\"},{\"@type\":\"Organization\",\"@id\":\"https:\/\/medcor.com\/fr-ca\/#organization\",\"name\":\"Medcor\",\"alternateName\":\"Medcor\",\"url\":\"https:\/\/medcor.com\/fr-ca\/\",\"logo\":{\"@type\":\"ImageObject\",\"inLanguage\":\"fr-CA\",\"@id\":\"https:\/\/medcor.com\/fr-ca\/#\/schema\/logo\/image\/\",\"url\":\"https:\/\/medcor.com\/wp-content\/uploads\/2023\/08\/cropped-favicon.png\",\"contentUrl\":\"https:\/\/medcor.com\/wp-content\/uploads\/2023\/08\/cropped-favicon.png\",\"width\":512,\"height\":512,\"caption\":\"Medcor\"},\"image\":{\"@id\":\"https:\/\/medcor.com\/fr-ca\/#\/schema\/logo\/image\/\"},\"sameAs\":[\"https:\/\/www.facebook.com\/Medcor\/\",\"https:\/\/www.linkedin.com\/company\/medcor\/\",\"https:\/\/www.instagram.com\/medcorclinics\/\",\"https:\/\/vimeo.com\/medcorhealthnavigation\"]}]}<\/script>\n<!-- \/ Yoast SEO plugin. -->","yoast_head_json":{"title":"Carri\u00e8res","description":"Nous nous engageons \u00e0 trouver les meilleurs talents pour notre organisation. Nos recruteurs en ressources humaines examinent minutieusement les candidats aux postes affich\u00e9s. Lorsque vous postulez \u00e0 des carri\u00e8res chez Medcor, nous veillons \u00e0 ce que vous soyez plac\u00e9 sur le bon cheminement de carri\u00e8re pour votre avenir. Parlez \u00e0 un recruteur chez Medcor d\u00e8s aujourd'hui.","robots":{"index":"index","follow":"follow","max-snippet":"max-snippet:-1","max-image-preview":"max-image-preview:large","max-video-preview":"max-video-preview:-1"},"canonical":"https:\/\/medcor.com\/fr-ca\/carrieres\/","og_locale":"fr_CA","og_type":"article","og_title":"Carri\u00e8res","og_description":"Nous nous engageons \u00e0 trouver les meilleurs talents pour notre organisation. Nos recruteurs en ressources humaines examinent minutieusement les candidats aux postes affich\u00e9s. Lorsque vous postulez \u00e0 des carri\u00e8res chez Medcor, nous veillons \u00e0 ce que vous soyez plac\u00e9 sur le bon cheminement de carri\u00e8re pour votre avenir. Parlez \u00e0 un recruteur chez Medcor d\u00e8s aujourd'hui.","og_url":"https:\/\/medcor.com\/fr-ca\/carrieres\/","og_site_name":"Medcor","article_publisher":"https:\/\/www.facebook.com\/Medcor\/","article_modified_time":"2023-11-21T23:34:20+00:00","og_image":[{"width":558,"height":722,"url":"https:\/\/medcor.com\/wp-content\/uploads\/2023\/07\/career-path.jpg","type":"image\/jpeg"}],"twitter_card":"summary_large_image","twitter_misc":{"Est. reading time":"1 minute"},"schema":{"@context":"https:\/\/schema.org","@graph":[{"@type":"WebPage","@id":"https:\/\/medcor.com\/fr-ca\/carrieres\/","url":"https:\/\/medcor.com\/fr-ca\/carrieres\/","name":"Carri\u00e8res","isPartOf":{"@id":"https:\/\/medcor.com\/fr-ca\/#website"},"primaryImageOfPage":{"@id":"https:\/\/medcor.com\/fr-ca\/carrieres\/#primaryimage"},"image":{"@id":"https:\/\/medcor.com\/fr-ca\/carrieres\/#primaryimage"},"thumbnailUrl":"https:\/\/medcor.com\/wp-content\/uploads\/2023\/07\/career-path.jpg","datePublished":"2023-11-14T20:04:20+00:00","dateModified":"2023-11-21T23:34:20+00:00","description":"Nous nous engageons \u00e0 trouver les meilleurs talents pour notre organisation. Nos recruteurs en ressources humaines examinent minutieusement les candidats aux postes affich\u00e9s. Lorsque vous postulez \u00e0 des carri\u00e8res chez Medcor, nous veillons \u00e0 ce que vous soyez plac\u00e9 sur le bon cheminement de carri\u00e8re pour votre avenir. Parlez \u00e0 un recruteur chez Medcor d\u00e8s aujourd'hui.","breadcrumb":{"@id":"https:\/\/medcor.com\/fr-ca\/carrieres\/#breadcrumb"},"inLanguage":"fr-CA","potentialAction":[{"@type":"ReadAction","target":["https:\/\/medcor.com\/fr-ca\/carrieres\/"]}]},{"@type":"ImageObject","inLanguage":"fr-CA","@id":"https:\/\/medcor.com\/fr-ca\/carrieres\/#primaryimage","url":"https:\/\/medcor.com\/wp-content\/uploads\/2023\/07\/career-path.jpg","contentUrl":"https:\/\/medcor.com\/wp-content\/uploads\/2023\/07\/career-path.jpg","width":558,"height":722,"caption":"career path"},{"@type":"BreadcrumbList","@id":"https:\/\/medcor.com\/fr-ca\/carrieres\/#breadcrumb","itemListElement":[{"@type":"ListItem","position":1,"name":"Home","item":"https:\/\/medcor.com\/fr-ca\/"},{"@type":"ListItem","position":2,"name":"Carri\u00e8res"}]},{"@type":"WebSite","@id":"https:\/\/medcor.com\/fr-ca\/#website","url":"https:\/\/medcor.com\/fr-ca\/","name":"Medcor","description":"Simplifying Healthcare For Employers","publisher":{"@id":"https:\/\/medcor.com\/fr-ca\/#organization"},"potentialAction":[{"@type":"SearchAction","target":{"@type":"EntryPoint","urlTemplate":"https:\/\/medcor.com\/fr-ca\/?s={search_term_string}"},"query-input":{"@type":"PropertyValueSpecification","valueRequired":true,"valueName":"search_term_string"}}],"inLanguage":"fr-CA"},{"@type":"Organization","@id":"https:\/\/medcor.com\/fr-ca\/#organization","name":"Medcor","alternateName":"Medcor","url":"https:\/\/medcor.com\/fr-ca\/","logo":{"@type":"ImageObject","inLanguage":"fr-CA","@id":"https:\/\/medcor.com\/fr-ca\/#\/schema\/logo\/image\/","url":"https:\/\/medcor.com\/wp-content\/uploads\/2023\/08\/cropped-favicon.png","contentUrl":"https:\/\/medcor.com\/wp-content\/uploads\/2023\/08\/cropped-favicon.png","width":512,"height":512,"caption":"Medcor"},"image":{"@id":"https:\/\/medcor.com\/fr-ca\/#\/schema\/logo\/image\/"},"sameAs":["https:\/\/www.facebook.com\/Medcor\/","https:\/\/www.linkedin.com\/company\/medcor\/","https:\/\/www.instagram.com\/medcorclinics\/","https:\/\/vimeo.com\/medcorhealthnavigation"]}]}},"featured_image_url":"https:\/\/medcor.com\/wp-content\/uploads\/2023\/07\/career-path.jpg","featured_image_url_sizes":{"thumbnail":"https:\/\/medcor.com\/wp-content\/uploads\/2023\/07\/career-path-150x150.jpg","medium":"https:\/\/medcor.com\/wp-content\/uploads\/2023\/07\/career-path-232x300.jpg","medium_large":"https:\/\/medcor.com\/wp-content\/uploads\/2023\/07\/career-path.jpg","large":"https:\/\/medcor.com\/wp-content\/uploads\/2023\/07\/career-path.jpg","default":{"url":"https:\/\/medcor.com\/wp-content\/uploads\/2023\/07\/Medcor-Canada-Logo-web.png"}},"service_type_color":null,"service_type_icon":null,"_links":{"self":[{"href":"https:\/\/medcor.com\/fr-ca\/wp-json\/wp\/v2\/pages\/20510","targetHints":{"allow":["GET"]}}],"collection":[{"href":"https:\/\/medcor.com\/fr-ca\/wp-json\/wp\/v2\/pages"}],"about":[{"href":"https:\/\/medcor.com\/fr-ca\/wp-json\/wp\/v2\/types\/page"}],"author":[{"embeddable":true,"href":"https:\/\/medcor.com\/fr-ca\/wp-json\/wp\/v2\/users\/1"}],"replies":[{"embeddable":true,"href":"https:\/\/medcor.com\/fr-ca\/wp-json\/wp\/v2\/comments?post=20510"}],"version-history":[{"count":6,"href":"https:\/\/medcor.com\/fr-ca\/wp-json\/wp\/v2\/pages\/20510\/revisions"}],"predecessor-version":[{"id":20792,"href":"https:\/\/medcor.com\/fr-ca\/wp-json\/wp\/v2\/pages\/20510\/revisions\/20792"}],"wp:featuredmedia":[{"embeddable":true,"href":"https:\/\/medcor.com\/fr-ca\/wp-json\/wp\/v2\/media\/1018"}],"wp:attachment":[{"href":"https:\/\/medcor.com\/fr-ca\/wp-json\/wp\/v2\/media?parent=20510"}],"wp:term":[{"taxonomy":"service_type","embeddable":true,"href":"https:\/\/medcor.com\/fr-ca\/wp-json\/wp\/v2\/service_type?post=20510"},{"taxonomy":"silo","embeddable":true,"href":"https:\/\/medcor.com\/fr-ca\/wp-json\/wp\/v2\/silo?post=20510"}],"curies":[{"name":"wp","href":"https:\/\/api.w.org\/{rel}","templated":true}]}}