{"id":20512,"date":"2023-11-14T12:23:01","date_gmt":"2023-11-14T20:23:01","guid":{"rendered":"https:\/\/medcor.com\/?page_id=20512"},"modified":"2023-11-21T15:15:08","modified_gmt":"2023-11-21T23:15:08","slug":"solutions-sur-site","status":"publish","type":"page","link":"https:\/\/medcor.com\/fr-ca\/comment-nous-aidons\/solutions-sur-site\/","title":{"rendered":"Solutions sur Site"},"content":{"rendered":"\n\n<section class=\"alignfull wp-block-ns-subpage-banner\">\n            <img loading=\"lazy\" decoding=\"async\" width=\"1440\" height=\"400\" src=\"https:\/\/medcor.com\/wp-content\/uploads\/2023\/08\/iStock-1300493719-onsite-popup-1.jpg\" class=\"attachment-full size-full\" alt=\"\" srcset=\"https:\/\/medcor.com\/wp-content\/uploads\/2023\/08\/iStock-1300493719-onsite-popup-1.jpg 1440w, https:\/\/medcor.com\/wp-content\/uploads\/2023\/08\/iStock-1300493719-onsite-popup-1-300x83.jpg 300w, https:\/\/medcor.com\/wp-content\/uploads\/2023\/08\/iStock-1300493719-onsite-popup-1-1024x284.jpg 1024w, https:\/\/medcor.com\/wp-content\/uploads\/2023\/08\/iStock-1300493719-onsite-popup-1-768x213.jpg 768w, https:\/\/medcor.com\/wp-content\/uploads\/2023\/08\/iStock-1300493719-onsite-popup-1-650x181.jpg 650w\" sizes=\"auto, (max-width: 1440px) 100vw, 1440px\" \/>    <\/section>\n\n\n\n<section class=\"alignfull wp-block-ns-content-detail\">\n    <div class=\"wp-block-ns-content-detail__columns\">\n        <div class=\"wp-block-ns-content-detail__content\">\n            \n<section class=\"wp-block-ns-content-detail__hero\">\n            <div class=\"wp-block-ns-content-detail__hero-eyebrow --eyebrow\">\n            Sant\u00e9 au travail        <\/div>\n                <h1 class=\"wp-block-ns-content-detail__hero-headline --hl-xxl\">\n            Solutions sur site        <\/h1>\n        <div class=\"wp-block-ns-content-detail__hero-body --wizzy\">\n        \n\n<p>La mise en place d&#8217;une clinique de<a href=\"https:\/\/medcor.com\/fr-ca\/comment-nous-aidons\/\"> sant\u00e9 au travail <\/a>pour vos employ\u00e9s malades ou bless\u00e9s vous aide \u00e0 contr\u00f4ler vos co\u00fbts tout en offrant des soins exceptionnels. Lorsque vos employ\u00e9s peuvent b\u00e9n\u00e9ficier d&#8217;une \u00e9valuation et d&#8217;un traitement pratiques de leurs blessures li\u00e9es au travail, ils sont moins susceptibles de n\u00e9cessiter des soins \u00e0 l&#8217;ext\u00e9rieur. Ils reprennent ainsi le travail plus rapidement et r\u00e9duisent le co\u00fbt global de la blessure.<\/p>\n\n    <\/div>\n            <div class=\"wp-block-ns-content-detail__hero-ctas\">\n                            <a href=\"https:\/\/medcor.com\/fr-ca\/contact\/\" class=\"wp-block-ns-content-detail__hero-cta1\" >Nous contacter<\/a>\n                                        <a href=\"https:\/\/medcor.com\/fr-ca\/ce-que-nous-faisons\/\" class=\"wp-block-ns-content-detail__hero-cta2\" >Nos activit\u00e9s<\/a>\n                    <\/div>\n    <\/section>\n\n\n\n<p>Les solutions de <a href=\"https:\/\/medcor.com\/fr-ca\/ce-que-nous-faisons\/cliniques-et-centres-de-sante-itinerants\/\">cliniques locales <\/a>de Medcor permettent un acc\u00e8s pratique aux soins, r\u00e9duisant ainsi le temps pass\u00e9 hors du travail pour recevoir un traitement m\u00e9dical. La pr\u00e9sence de notre clinique sur votre lieu de travail aide \u00e0 g\u00e9rer les demandes d&#8217;indemnisation des travailleurs en mettant \u00e0 leur disposition des professionnels de la sant\u00e9 qui d\u00e9fendent les int\u00e9r\u00eats de vos employ\u00e9s, en leur fournissant des recommandations de soins impartiales et en les orientant vers les soins appropri\u00e9s pour les blessures li\u00e9es au travail, les d\u00e9pistages pr\u00e9ventifs, les soins urgents, l&#8217;encadrement en mati\u00e8re de sant\u00e9 et les programmes de retour au travail en toute s\u00e9curit\u00e9.<\/p>\n\n\n\n<p>Nos cliniques locales sont situ\u00e9es dans votre entreprise ou \u00e0 proximit\u00e9 et offrent des soins pour les blessures li\u00e9es au travail et des services de soins essentiels qui am\u00e9liorent la sant\u00e9 et le bien-\u00eatre de vos employ\u00e9s. Les options de Medcor en mati\u00e8re de sant\u00e9 des employ\u00e9s sont personnalis\u00e9es afin que votre clinique sur place r\u00e9ponde aux besoins sp\u00e9cifiques de votre personnel et de votre entreprise.<\/p>\n\n\n\n<h2 class=\"wp-block-heading\">Offres sur site de Medcor&nbsp;<\/h2>\n\n\n\n<p>Les clinques pour employ\u00e9s de Medcor offrent une v\u00e9ri\u00e9t\u00e9 de services de sant\u00e9 pr\u00e9cieux, notamment :<\/p>\n\n\n\n<h3 class=\"wp-block-heading\">Un triage des bless\u00e9s et des malades 24 h\/24 et 7 j\/7<\/h3>\n\n\n\n<p>Cette solution de t\u00e9l\u00e9sant\u00e9 avant sinistre, bas\u00e9e sur une technologie exclusive et des m\u00e9thodes brevet\u00e9es, garantit le triage des bless\u00e9s et des malades 24 h\/24 et 7 j\/7. Nous employons une m\u00e9decine bas\u00e9e sur des preuves pour \u00e9valuer et orienter les travailleurs bless\u00e9s vers le bon niveau de Soins de sant\u00e9, en r\u00e9duisant le nombre de visites inutiles hors site et en g\u00e9rant vos co\u00fbts de Soins de sant\u00e9.<\/p>\n\n\n\n<h3 class=\"wp-block-heading\">Des examens physiques<\/h3>\n\n\n\n<p>Nos professionnels de la sant\u00e9 sp\u00e9cialement form\u00e9s traitent les accidents du travail sur place, ce qui vous permet d&#8217;\u00e9conomiser du temps et de l&#8217;argent. Le cas \u00e9ch\u00e9ant, nous fournissons \u00e0 vos employ\u00e9s une navigation impartiale dans le syst\u00e8me de sant\u00e9.<\/p>\n\n\n\n<h3 class=\"wp-block-heading\">Vaccinations<\/h3>\n\n\n\n<p>Faire tomber les obstacles, tels que le temps et l&#8217;acc\u00e8s, aux vaccinations de routine qui permettent de maintenir vos employ\u00e9s en sant\u00e9 en leur offrant des vaccins sur place.<\/p>\n\n\n\n<section class=\"--dark-background --theme-turquoise wp-block-ns-promo-banner-cta\" style=\"--ns-imageCropPosition: center center;\">\n    \n\n    <h2 class=\"wp-block-ns-promo-banner-cta__headline --hl-l\">Parlez \u00e0 un sp\u00e9cialiste des solutions cliniques sur place<\/h2>\n    <div class=\"wp-block-ns-promo-banner-cta__body --wizzy\">\n        \n\n<p>Assurez-vous que vos employ\u00e9s b\u00e9n\u00e9ficient du bon niveau de prise en charge, au bon moment et au bon endroit gr\u00e2ce aux cliniques locales de Medcor. Parlez \u00e0 un repr\u00e9sentant d\u00e8s aujourd&#8217;hui pour savoir comment les solutions sur place de Medcor peuvent vous aider \u00e0 pr\u00e9venir les soins d&#8217;urgence inutiles et les demandes d&#8217;indemnisation des travailleurs, tout en am\u00e9liorant la sant\u00e9 et la satisfaction g\u00e9n\u00e9rales des employ\u00e9s.<\/p>\n\n    <\/div>\n            <a class=\"wp-block-ns-promo-banner-cta__cta\" href=\"https:\/\/medcor.com\/fr-ca\/contact\/\">En savoir plus<\/a>\n    <\/section>\n\n        <\/div>\n        <div class=\"wp-block-ns-content-detail__sidebar\">\n                <div class=\"sidebar-cta --dark-background --theme-red\">\n                <h2 class=\"sidebar-cta__headline --hl-m\">Connectez-vous avec un avocat<\/h2>\n                    <a class=\"sidebar-cta__cta\" href=\"https:\/\/medcor.com\/fr-ca\/contact\/\">En savoir plus<\/a>\n            <\/div>\n            \n\n        <\/div>\n    <\/div>\n<\/section>\n\n\n\n<p><\/p>\n\n","protected":false},"excerpt":{"rendered":"<p>Les solutions sur site de Medcor Canada offrent \u00e0 vos employ\u00e9s des services de sant\u00e9 au travail sur votre site ou \u00e0 proximit\u00e9. Offrez \u00e0 vos employ\u00e9s des soins de qualit\u00e9 tout en r\u00e9duisant vos co\u00fbts.<\/p>\n","protected":false},"author":1,"featured_media":18342,"parent":20589,"menu_order":0,"comment_status":"closed","ping_status":"closed","template":"","meta":{"pageFeaturedColor":"","pageIcon":"","footnotes":""},"service_type":[1143],"silo":[1176],"class_list":["post-20512","page","type-page","status-publish","has-post-thumbnail","hentry"],"yoast_head":"<!-- This site is optimized with the Yoast SEO plugin v27.1.1 - https:\/\/yoast.com\/product\/yoast-seo-wordpress\/ -->\n<title>Solutions sur site | Medcor Canada<\/title>\n<meta name=\"description\" content=\"Les solutions sur site de Medcor Canada offrent \u00e0 vos employ\u00e9s des services de sant\u00e9 au travail sur votre site ou \u00e0 proximit\u00e9. Offrez \u00e0 vos employ\u00e9s des soins de qualit\u00e9 tout en r\u00e9duisant vos co\u00fbts.\" \/>\n<meta name=\"robots\" content=\"index, follow, max-snippet:-1, max-image-preview:large, max-video-preview:-1\" \/>\n<link rel=\"canonical\" href=\"https:\/\/medcor.com\/fr-ca\/comment-nous-aidons\/solutions-sur-site\/\" \/>\n<meta property=\"og:locale\" content=\"fr_CA\" \/>\n<meta property=\"og:type\" content=\"article\" \/>\n<meta property=\"og:title\" content=\"Solutions sur site | Medcor Canada\" \/>\n<meta property=\"og:description\" content=\"Les solutions sur site de Medcor Canada offrent \u00e0 vos employ\u00e9s des services de sant\u00e9 au travail sur votre site ou \u00e0 proximit\u00e9. Offrez \u00e0 vos employ\u00e9s des soins de qualit\u00e9 tout en r\u00e9duisant vos co\u00fbts.\" \/>\n<meta property=\"og:url\" content=\"https:\/\/medcor.com\/fr-ca\/comment-nous-aidons\/solutions-sur-site\/\" \/>\n<meta property=\"og:site_name\" content=\"Medcor\" \/>\n<meta property=\"article:publisher\" content=\"https:\/\/www.facebook.com\/Medcor\/\" \/>\n<meta property=\"article:modified_time\" content=\"2023-11-21T23:15:08+00:00\" \/>\n<meta property=\"og:image\" content=\"https:\/\/medcor.com\/wp-content\/uploads\/2023\/08\/iStock-1300493719-onsite-popup-1.jpg\" \/>\n\t<meta property=\"og:image:width\" content=\"1440\" \/>\n\t<meta property=\"og:image:height\" content=\"400\" \/>\n\t<meta property=\"og:image:type\" content=\"image\/jpeg\" \/>\n<meta name=\"twitter:card\" content=\"summary_large_image\" \/>\n<meta name=\"twitter:label1\" content=\"Est. reading time\" \/>\n\t<meta name=\"twitter:data1\" content=\"3 minutes\" \/>\n<script type=\"application\/ld+json\" class=\"yoast-schema-graph\">{\"@context\":\"https:\/\/schema.org\",\"@graph\":[{\"@type\":\"WebPage\",\"@id\":\"https:\/\/medcor.com\/fr-ca\/comment-nous-aidons\/solutions-sur-site\/\",\"url\":\"https:\/\/medcor.com\/fr-ca\/comment-nous-aidons\/solutions-sur-site\/\",\"name\":\"Solutions sur site | Medcor Canada\",\"isPartOf\":{\"@id\":\"https:\/\/medcor.com\/fr-ca\/#website\"},\"primaryImageOfPage\":{\"@id\":\"https:\/\/medcor.com\/fr-ca\/comment-nous-aidons\/solutions-sur-site\/#primaryimage\"},\"image\":{\"@id\":\"https:\/\/medcor.com\/fr-ca\/comment-nous-aidons\/solutions-sur-site\/#primaryimage\"},\"thumbnailUrl\":\"https:\/\/medcor.com\/wp-content\/uploads\/2023\/08\/iStock-1300493719-onsite-popup-1.jpg\",\"datePublished\":\"2023-11-14T20:23:01+00:00\",\"dateModified\":\"2023-11-21T23:15:08+00:00\",\"description\":\"Les solutions sur site de Medcor Canada offrent \u00e0 vos employ\u00e9s des services de sant\u00e9 au travail sur votre site ou \u00e0 proximit\u00e9. Offrez \u00e0 vos employ\u00e9s des soins de qualit\u00e9 tout en r\u00e9duisant vos co\u00fbts.\",\"breadcrumb\":{\"@id\":\"https:\/\/medcor.com\/fr-ca\/comment-nous-aidons\/solutions-sur-site\/#breadcrumb\"},\"inLanguage\":\"fr-CA\",\"potentialAction\":[{\"@type\":\"ReadAction\",\"target\":[\"https:\/\/medcor.com\/fr-ca\/comment-nous-aidons\/solutions-sur-site\/\"]}]},{\"@type\":\"ImageObject\",\"inLanguage\":\"fr-CA\",\"@id\":\"https:\/\/medcor.com\/fr-ca\/comment-nous-aidons\/solutions-sur-site\/#primaryimage\",\"url\":\"https:\/\/medcor.com\/wp-content\/uploads\/2023\/08\/iStock-1300493719-onsite-popup-1.jpg\",\"contentUrl\":\"https:\/\/medcor.com\/wp-content\/uploads\/2023\/08\/iStock-1300493719-onsite-popup-1.jpg\",\"width\":1440,\"height\":400},{\"@type\":\"BreadcrumbList\",\"@id\":\"https:\/\/medcor.com\/fr-ca\/comment-nous-aidons\/solutions-sur-site\/#breadcrumb\",\"itemListElement\":[{\"@type\":\"ListItem\",\"position\":1,\"name\":\"Home\",\"item\":\"https:\/\/medcor.com\/fr-ca\/\"},{\"@type\":\"ListItem\",\"position\":2,\"name\":\"Notre aide\",\"item\":\"https:\/\/medcor.com\/fr-ca\/comment-nous-aidons\/\"},{\"@type\":\"ListItem\",\"position\":3,\"name\":\"Solutions sur Site\"}]},{\"@type\":\"WebSite\",\"@id\":\"https:\/\/medcor.com\/fr-ca\/#website\",\"url\":\"https:\/\/medcor.com\/fr-ca\/\",\"name\":\"Medcor\",\"description\":\"Simplifying Healthcare For Employers\",\"publisher\":{\"@id\":\"https:\/\/medcor.com\/fr-ca\/#organization\"},\"potentialAction\":[{\"@type\":\"SearchAction\",\"target\":{\"@type\":\"EntryPoint\",\"urlTemplate\":\"https:\/\/medcor.com\/fr-ca\/?s={search_term_string}\"},\"query-input\":{\"@type\":\"PropertyValueSpecification\",\"valueRequired\":true,\"valueName\":\"search_term_string\"}}],\"inLanguage\":\"fr-CA\"},{\"@type\":\"Organization\",\"@id\":\"https:\/\/medcor.com\/fr-ca\/#organization\",\"name\":\"Medcor\",\"alternateName\":\"Medcor\",\"url\":\"https:\/\/medcor.com\/fr-ca\/\",\"logo\":{\"@type\":\"ImageObject\",\"inLanguage\":\"fr-CA\",\"@id\":\"https:\/\/medcor.com\/fr-ca\/#\/schema\/logo\/image\/\",\"url\":\"https:\/\/medcor.com\/wp-content\/uploads\/2023\/08\/cropped-favicon.png\",\"contentUrl\":\"https:\/\/medcor.com\/wp-content\/uploads\/2023\/08\/cropped-favicon.png\",\"width\":512,\"height\":512,\"caption\":\"Medcor\"},\"image\":{\"@id\":\"https:\/\/medcor.com\/fr-ca\/#\/schema\/logo\/image\/\"},\"sameAs\":[\"https:\/\/www.facebook.com\/Medcor\/\",\"https:\/\/www.linkedin.com\/company\/medcor\/\",\"https:\/\/www.instagram.com\/medcorclinics\/\",\"https:\/\/vimeo.com\/medcorhealthnavigation\"]}]}<\/script>\n<!-- \/ Yoast SEO plugin. -->","yoast_head_json":{"title":"Solutions sur site | Medcor Canada","description":"Les solutions sur site de Medcor Canada offrent \u00e0 vos employ\u00e9s des services de sant\u00e9 au travail sur votre site ou \u00e0 proximit\u00e9. Offrez \u00e0 vos employ\u00e9s des soins de qualit\u00e9 tout en r\u00e9duisant vos co\u00fbts.","robots":{"index":"index","follow":"follow","max-snippet":"max-snippet:-1","max-image-preview":"max-image-preview:large","max-video-preview":"max-video-preview:-1"},"canonical":"https:\/\/medcor.com\/fr-ca\/comment-nous-aidons\/solutions-sur-site\/","og_locale":"fr_CA","og_type":"article","og_title":"Solutions sur site | Medcor Canada","og_description":"Les solutions sur site de Medcor Canada offrent \u00e0 vos employ\u00e9s des services de sant\u00e9 au travail sur votre site ou \u00e0 proximit\u00e9. Offrez \u00e0 vos employ\u00e9s des soins de qualit\u00e9 tout en r\u00e9duisant vos co\u00fbts.","og_url":"https:\/\/medcor.com\/fr-ca\/comment-nous-aidons\/solutions-sur-site\/","og_site_name":"Medcor","article_publisher":"https:\/\/www.facebook.com\/Medcor\/","article_modified_time":"2023-11-21T23:15:08+00:00","og_image":[{"width":1440,"height":400,"url":"https:\/\/medcor.com\/wp-content\/uploads\/2023\/08\/iStock-1300493719-onsite-popup-1.jpg","type":"image\/jpeg"}],"twitter_card":"summary_large_image","twitter_misc":{"Est. reading time":"3 minutes"},"schema":{"@context":"https:\/\/schema.org","@graph":[{"@type":"WebPage","@id":"https:\/\/medcor.com\/fr-ca\/comment-nous-aidons\/solutions-sur-site\/","url":"https:\/\/medcor.com\/fr-ca\/comment-nous-aidons\/solutions-sur-site\/","name":"Solutions sur site | Medcor Canada","isPartOf":{"@id":"https:\/\/medcor.com\/fr-ca\/#website"},"primaryImageOfPage":{"@id":"https:\/\/medcor.com\/fr-ca\/comment-nous-aidons\/solutions-sur-site\/#primaryimage"},"image":{"@id":"https:\/\/medcor.com\/fr-ca\/comment-nous-aidons\/solutions-sur-site\/#primaryimage"},"thumbnailUrl":"https:\/\/medcor.com\/wp-content\/uploads\/2023\/08\/iStock-1300493719-onsite-popup-1.jpg","datePublished":"2023-11-14T20:23:01+00:00","dateModified":"2023-11-21T23:15:08+00:00","description":"Les solutions sur site de Medcor Canada offrent \u00e0 vos employ\u00e9s des services de sant\u00e9 au travail sur votre site ou \u00e0 proximit\u00e9. Offrez \u00e0 vos employ\u00e9s des soins de qualit\u00e9 tout en r\u00e9duisant vos co\u00fbts.","breadcrumb":{"@id":"https:\/\/medcor.com\/fr-ca\/comment-nous-aidons\/solutions-sur-site\/#breadcrumb"},"inLanguage":"fr-CA","potentialAction":[{"@type":"ReadAction","target":["https:\/\/medcor.com\/fr-ca\/comment-nous-aidons\/solutions-sur-site\/"]}]},{"@type":"ImageObject","inLanguage":"fr-CA","@id":"https:\/\/medcor.com\/fr-ca\/comment-nous-aidons\/solutions-sur-site\/#primaryimage","url":"https:\/\/medcor.com\/wp-content\/uploads\/2023\/08\/iStock-1300493719-onsite-popup-1.jpg","contentUrl":"https:\/\/medcor.com\/wp-content\/uploads\/2023\/08\/iStock-1300493719-onsite-popup-1.jpg","width":1440,"height":400},{"@type":"BreadcrumbList","@id":"https:\/\/medcor.com\/fr-ca\/comment-nous-aidons\/solutions-sur-site\/#breadcrumb","itemListElement":[{"@type":"ListItem","position":1,"name":"Home","item":"https:\/\/medcor.com\/fr-ca\/"},{"@type":"ListItem","position":2,"name":"Notre aide","item":"https:\/\/medcor.com\/fr-ca\/comment-nous-aidons\/"},{"@type":"ListItem","position":3,"name":"Solutions sur Site"}]},{"@type":"WebSite","@id":"https:\/\/medcor.com\/fr-ca\/#website","url":"https:\/\/medcor.com\/fr-ca\/","name":"Medcor","description":"Simplifying Healthcare For Employers","publisher":{"@id":"https:\/\/medcor.com\/fr-ca\/#organization"},"potentialAction":[{"@type":"SearchAction","target":{"@type":"EntryPoint","urlTemplate":"https:\/\/medcor.com\/fr-ca\/?s={search_term_string}"},"query-input":{"@type":"PropertyValueSpecification","valueRequired":true,"valueName":"search_term_string"}}],"inLanguage":"fr-CA"},{"@type":"Organization","@id":"https:\/\/medcor.com\/fr-ca\/#organization","name":"Medcor","alternateName":"Medcor","url":"https:\/\/medcor.com\/fr-ca\/","logo":{"@type":"ImageObject","inLanguage":"fr-CA","@id":"https:\/\/medcor.com\/fr-ca\/#\/schema\/logo\/image\/","url":"https:\/\/medcor.com\/wp-content\/uploads\/2023\/08\/cropped-favicon.png","contentUrl":"https:\/\/medcor.com\/wp-content\/uploads\/2023\/08\/cropped-favicon.png","width":512,"height":512,"caption":"Medcor"},"image":{"@id":"https:\/\/medcor.com\/fr-ca\/#\/schema\/logo\/image\/"},"sameAs":["https:\/\/www.facebook.com\/Medcor\/","https:\/\/www.linkedin.com\/company\/medcor\/","https:\/\/www.instagram.com\/medcorclinics\/","https:\/\/vimeo.com\/medcorhealthnavigation"]}]}},"featured_image_url":"https:\/\/medcor.com\/wp-content\/uploads\/2023\/08\/iStock-1300493719-onsite-popup-1.jpg","featured_image_url_sizes":{"thumbnail":"https:\/\/medcor.com\/wp-content\/uploads\/2023\/08\/iStock-1300493719-onsite-popup-1-150x150.jpg","medium":"https:\/\/medcor.com\/wp-content\/uploads\/2023\/08\/iStock-1300493719-onsite-popup-1-300x83.jpg","medium_large":"https:\/\/medcor.com\/wp-content\/uploads\/2023\/08\/iStock-1300493719-onsite-popup-1-768x213.jpg","large":"https:\/\/medcor.com\/wp-content\/uploads\/2023\/08\/iStock-1300493719-onsite-popup-1-1024x284.jpg","default":{"url":"https:\/\/medcor.com\/wp-content\/uploads\/2023\/07\/Medcor-Canada-Logo-web.png"}},"service_type_color":"purple","service_type_icon":"clinic","_links":{"self":[{"href":"https:\/\/medcor.com\/fr-ca\/wp-json\/wp\/v2\/pages\/20512","targetHints":{"allow":["GET"]}}],"collection":[{"href":"https:\/\/medcor.com\/fr-ca\/wp-json\/wp\/v2\/pages"}],"about":[{"href":"https:\/\/medcor.com\/fr-ca\/wp-json\/wp\/v2\/types\/page"}],"author":[{"embeddable":true,"href":"https:\/\/medcor.com\/fr-ca\/wp-json\/wp\/v2\/users\/1"}],"replies":[{"embeddable":true,"href":"https:\/\/medcor.com\/fr-ca\/wp-json\/wp\/v2\/comments?post=20512"}],"version-history":[{"count":8,"href":"https:\/\/medcor.com\/fr-ca\/wp-json\/wp\/v2\/pages\/20512\/revisions"}],"predecessor-version":[{"id":20783,"href":"https:\/\/medcor.com\/fr-ca\/wp-json\/wp\/v2\/pages\/20512\/revisions\/20783"}],"up":[{"embeddable":true,"href":"https:\/\/medcor.com\/fr-ca\/wp-json\/wp\/v2\/pages\/20589"}],"wp:featuredmedia":[{"embeddable":true,"href":"https:\/\/medcor.com\/fr-ca\/wp-json\/wp\/v2\/media\/18342"}],"wp:attachment":[{"href":"https:\/\/medcor.com\/fr-ca\/wp-json\/wp\/v2\/media?parent=20512"}],"wp:term":[{"taxonomy":"service_type","embeddable":true,"href":"https:\/\/medcor.com\/fr-ca\/wp-json\/wp\/v2\/service_type?post=20512"},{"taxonomy":"silo","embeddable":true,"href":"https:\/\/medcor.com\/fr-ca\/wp-json\/wp\/v2\/silo?post=20512"}],"curies":[{"name":"wp","href":"https:\/\/api.w.org\/{rel}","templated":true}]}}