{"id":20514,"date":"2023-11-14T14:53:56","date_gmt":"2023-11-14T22:53:56","guid":{"rendered":"https:\/\/medcor.com\/?page_id=20514"},"modified":"2023-12-04T10:41:17","modified_gmt":"2023-12-04T18:41:17","slug":"solutions-mobiles","status":"publish","type":"page","link":"https:\/\/medcor.com\/fr-ca\/comment-nous-aidons\/solutions-mobiles\/","title":{"rendered":"Solutions Mobiles"},"content":{"rendered":"\n\n<section class=\"alignfull wp-block-ns-subpage-banner\">\n            <img loading=\"lazy\" decoding=\"async\" width=\"2560\" height=\"1707\" src=\"https:\/\/medcor.com\/wp-content\/uploads\/2023\/10\/Truck_089-scaled.jpg\" class=\"attachment-full size-full\" alt=\"Medcor Canada Truck\" srcset=\"https:\/\/medcor.com\/wp-content\/uploads\/2023\/10\/Truck_089-scaled.jpg 2560w, https:\/\/medcor.com\/wp-content\/uploads\/2023\/10\/Truck_089-300x200.jpg 300w, https:\/\/medcor.com\/wp-content\/uploads\/2023\/10\/Truck_089-1024x683.jpg 1024w, https:\/\/medcor.com\/wp-content\/uploads\/2023\/10\/Truck_089-768x512.jpg 768w, https:\/\/medcor.com\/wp-content\/uploads\/2023\/10\/Truck_089-1536x1024.jpg 1536w, https:\/\/medcor.com\/wp-content\/uploads\/2023\/10\/Truck_089-2048x1365.jpg 2048w, https:\/\/medcor.com\/wp-content\/uploads\/2023\/10\/Truck_089-650x433.jpg 650w\" sizes=\"auto, (max-width: 2560px) 100vw, 2560px\" \/>    <\/section>\n\n\n\n<section class=\"alignfull wp-block-ns-content-detail\">\n    <div class=\"wp-block-ns-content-detail__columns\">\n        <div class=\"wp-block-ns-content-detail__content\">\n            \n<section class=\"wp-block-ns-content-detail__hero\">\n            <div class=\"wp-block-ns-content-detail__hero-eyebrow --eyebrow\">\n            Sant\u00e9 au travail        <\/div>\n                <h1 class=\"wp-block-ns-content-detail__hero-headline --hl-xxl\">\n            Solutions mobiles        <\/h1>\n        <div class=\"wp-block-ns-content-detail__hero-body --wizzy\">\n        \n\n<p>La fourniture de <a href=\"https:\/\/medcor.com\/fr-ca\/comment-nous-aidons\/\">services de soins de sant\u00e9 <\/a>et de bien-\u00eatre au travail n&#8217;est pas limit\u00e9e \u00e0 ces situations dans lesquelles vous pouvez mettre en place une <a href=\"https:\/\/medcor.com\/fr-ca\/comment-nous-aidons\/solutions-sur-site\/\">clinique permanente. <\/a>Pour les cas o\u00f9 vous souhaitez donner \u00e0 vos employ\u00e9s acc\u00e8s \u00e0 une prise en charge de qualit\u00e9, mais que les conditions de votre environnement de travail ne permettent pas la mise en place d&#8217;une clinique permanente, Medcor offre une vari\u00e9t\u00e9 de solutions mobiles.<\/p>\n\n    <\/div>\n            <div class=\"wp-block-ns-content-detail__hero-ctas\">\n                            <a href=\"https:\/\/medcor.com\/fr-ca\/contact\/\" class=\"wp-block-ns-content-detail__hero-cta1\" >Nous contacter<\/a>\n                                        <a href=\"https:\/\/medcor.com\/fr-ca\/ce-que-nous-faisons\/\" class=\"wp-block-ns-content-detail__hero-cta2\" >Nos activit\u00e9s<\/a>\n                    <\/div>\n    <\/section>\n\n\n\n<p>Qu&#8217;il s&#8217;agisse de construire une clinique temporaire sur le site que vont utiliser vos employ\u00e9s pendant quelques mois ou de mettre \u00e0 votre disposition un camion m\u00e9dicalis\u00e9 et du personnel pour suivre votre \u00e9quipe dans ses diff\u00e9rents sites, Medcor est flexible et peut r\u00e9pondre \u00e0 une vari\u00e9t\u00e9 de besoins contextuels.<\/p>\n\n\n\n<p>Les centres de traitement itin\u00e9rants de Medcor Canada garantissent l&#8217;acc\u00e8s aux services d&#8217;urgence et un accompagnement directement sur les sites des projets, ce qui permet de prendre en charge un employ\u00e9 bless\u00e9 au moment de l&#8217;incident. Nos centres mobiles sur quatre roues prennent en charge les blessures, ce qui non seulement sous \u00e9vite des frais d&#8217;ambulance, mais permet aussi que l&#8217;employ\u00e9 se sente soutenu, en s\u00e9curit\u00e9 et en sant\u00e9.<\/p>\n\n\n\n<p><\/p>\n\n\n\n<p><\/p>\n\n\n\n<section class=\"--dark-background --theme-turquoise wp-block-ns-promo-banner-cta\" style=\"--ns-imageCropPosition: center center;\">\n    \n\n    <h2 class=\"wp-block-ns-promo-banner-cta__headline --hl-l\">Connectez-vous avec un expert en cliniques mobiles<\/h2>\n    <div class=\"wp-block-ns-promo-banner-cta__body --wizzy\">\n        \n\n<p>Quels que soient vos besoins en mati\u00e8re de clinique itin\u00e9rante, Medcor vous propose une option pour assurer une prise en charge de qualit\u00e9 partout o\u00f9 elle est n\u00e9cessaire. Discutez avec un repr\u00e9sentant de Medcor d\u00e8s aujourd&#8217;hui.<\/p>\n\n    <\/div>\n            <a class=\"wp-block-ns-promo-banner-cta__cta\" href=\"https:\/\/medcor.com\/fr-ca\/contact\/\">En savoir plus<\/a>\n    <\/section>\n\n        <\/div>\n        <div class=\"wp-block-ns-content-detail__sidebar\">\n                        \n\n        <\/div>\n    <\/div>\n<\/section>\n\n","protected":false},"excerpt":{"rendered":"","protected":false},"author":1,"featured_media":28184,"parent":20589,"menu_order":0,"comment_status":"closed","ping_status":"closed","template":"","meta":{"pageFeaturedColor":"","pageIcon":"","footnotes":""},"service_type":[1183],"silo":[1138,1176],"class_list":["post-20514","page","type-page","status-publish","has-post-thumbnail","hentry"],"yoast_head":"<!-- This site is optimized with the Yoast SEO plugin v27.1.1 - https:\/\/yoast.com\/product\/yoast-seo-wordpress\/ -->\n<title>Solutions mobiles | Medcor Canada<\/title>\n<meta name=\"description\" content=\"Les solutions mobiles de Medcor vous garantissent une prise en charge l\u00e0 o\u00f9 vous en avez besoin.\" \/>\n<meta name=\"robots\" content=\"index, follow, max-snippet:-1, max-image-preview:large, max-video-preview:-1\" \/>\n<link rel=\"canonical\" href=\"https:\/\/medcor.com\/fr-ca\/comment-nous-aidons\/solutions-mobiles\/\" \/>\n<meta property=\"og:locale\" content=\"fr_CA\" \/>\n<meta property=\"og:type\" content=\"article\" \/>\n<meta property=\"og:title\" content=\"Solutions mobiles | Medcor Canada\" \/>\n<meta property=\"og:description\" content=\"Les solutions mobiles de Medcor vous garantissent une prise en charge l\u00e0 o\u00f9 vous en avez besoin.\" \/>\n<meta property=\"og:url\" content=\"https:\/\/medcor.com\/fr-ca\/comment-nous-aidons\/solutions-mobiles\/\" \/>\n<meta property=\"og:site_name\" content=\"Medcor\" \/>\n<meta property=\"article:publisher\" content=\"https:\/\/www.facebook.com\/Medcor\/\" \/>\n<meta property=\"article:modified_time\" content=\"2023-12-04T18:41:17+00:00\" \/>\n<meta property=\"og:image\" content=\"https:\/\/medcor.com\/wp-content\/uploads\/2025\/11\/medcor-photo-mobile-services-injury-web-112025-1.jpg\" \/>\n\t<meta property=\"og:image:width\" content=\"1365\" \/>\n\t<meta property=\"og:image:height\" content=\"768\" \/>\n\t<meta property=\"og:image:type\" content=\"image\/jpeg\" \/>\n<meta name=\"twitter:card\" content=\"summary_large_image\" \/>\n<meta name=\"twitter:label1\" content=\"Est. reading time\" \/>\n\t<meta name=\"twitter:data1\" content=\"1 minute\" \/>\n<script type=\"application\/ld+json\" class=\"yoast-schema-graph\">{\"@context\":\"https:\/\/schema.org\",\"@graph\":[{\"@type\":\"WebPage\",\"@id\":\"https:\/\/medcor.com\/fr-ca\/comment-nous-aidons\/solutions-mobiles\/\",\"url\":\"https:\/\/medcor.com\/fr-ca\/comment-nous-aidons\/solutions-mobiles\/\",\"name\":\"Solutions mobiles | Medcor Canada\",\"isPartOf\":{\"@id\":\"https:\/\/medcor.com\/fr-ca\/#website\"},\"primaryImageOfPage\":{\"@id\":\"https:\/\/medcor.com\/fr-ca\/comment-nous-aidons\/solutions-mobiles\/#primaryimage\"},\"image\":{\"@id\":\"https:\/\/medcor.com\/fr-ca\/comment-nous-aidons\/solutions-mobiles\/#primaryimage\"},\"thumbnailUrl\":\"https:\/\/medcor.com\/wp-content\/uploads\/2025\/11\/medcor-photo-mobile-services-injury-web-112025-1.jpg\",\"datePublished\":\"2023-11-14T22:53:56+00:00\",\"dateModified\":\"2023-12-04T18:41:17+00:00\",\"description\":\"Les solutions mobiles de Medcor vous garantissent une prise en charge l\u00e0 o\u00f9 vous en avez besoin.\",\"breadcrumb\":{\"@id\":\"https:\/\/medcor.com\/fr-ca\/comment-nous-aidons\/solutions-mobiles\/#breadcrumb\"},\"inLanguage\":\"fr-CA\",\"potentialAction\":[{\"@type\":\"ReadAction\",\"target\":[\"https:\/\/medcor.com\/fr-ca\/comment-nous-aidons\/solutions-mobiles\/\"]}]},{\"@type\":\"ImageObject\",\"inLanguage\":\"fr-CA\",\"@id\":\"https:\/\/medcor.com\/fr-ca\/comment-nous-aidons\/solutions-mobiles\/#primaryimage\",\"url\":\"https:\/\/medcor.com\/wp-content\/uploads\/2025\/11\/medcor-photo-mobile-services-injury-web-112025-1.jpg\",\"contentUrl\":\"https:\/\/medcor.com\/wp-content\/uploads\/2025\/11\/medcor-photo-mobile-services-injury-web-112025-1.jpg\",\"width\":1365,\"height\":768,\"caption\":\"Woman lying on the floor. Accident in warehouse\"},{\"@type\":\"BreadcrumbList\",\"@id\":\"https:\/\/medcor.com\/fr-ca\/comment-nous-aidons\/solutions-mobiles\/#breadcrumb\",\"itemListElement\":[{\"@type\":\"ListItem\",\"position\":1,\"name\":\"Home\",\"item\":\"https:\/\/medcor.com\/fr-ca\/\"},{\"@type\":\"ListItem\",\"position\":2,\"name\":\"Notre aide\",\"item\":\"https:\/\/medcor.com\/fr-ca\/comment-nous-aidons\/\"},{\"@type\":\"ListItem\",\"position\":3,\"name\":\"Solutions Mobiles\"}]},{\"@type\":\"WebSite\",\"@id\":\"https:\/\/medcor.com\/fr-ca\/#website\",\"url\":\"https:\/\/medcor.com\/fr-ca\/\",\"name\":\"Medcor\",\"description\":\"Simplifying Healthcare For Employers\",\"publisher\":{\"@id\":\"https:\/\/medcor.com\/fr-ca\/#organization\"},\"potentialAction\":[{\"@type\":\"SearchAction\",\"target\":{\"@type\":\"EntryPoint\",\"urlTemplate\":\"https:\/\/medcor.com\/fr-ca\/?s={search_term_string}\"},\"query-input\":{\"@type\":\"PropertyValueSpecification\",\"valueRequired\":true,\"valueName\":\"search_term_string\"}}],\"inLanguage\":\"fr-CA\"},{\"@type\":\"Organization\",\"@id\":\"https:\/\/medcor.com\/fr-ca\/#organization\",\"name\":\"Medcor\",\"alternateName\":\"Medcor\",\"url\":\"https:\/\/medcor.com\/fr-ca\/\",\"logo\":{\"@type\":\"ImageObject\",\"inLanguage\":\"fr-CA\",\"@id\":\"https:\/\/medcor.com\/fr-ca\/#\/schema\/logo\/image\/\",\"url\":\"https:\/\/medcor.com\/wp-content\/uploads\/2023\/08\/cropped-favicon.png\",\"contentUrl\":\"https:\/\/medcor.com\/wp-content\/uploads\/2023\/08\/cropped-favicon.png\",\"width\":512,\"height\":512,\"caption\":\"Medcor\"},\"image\":{\"@id\":\"https:\/\/medcor.com\/fr-ca\/#\/schema\/logo\/image\/\"},\"sameAs\":[\"https:\/\/www.facebook.com\/Medcor\/\",\"https:\/\/www.linkedin.com\/company\/medcor\/\",\"https:\/\/www.instagram.com\/medcorclinics\/\",\"https:\/\/vimeo.com\/medcorhealthnavigation\"]}]}<\/script>\n<!-- \/ Yoast SEO plugin. -->","yoast_head_json":{"title":"Solutions mobiles | Medcor Canada","description":"Les solutions mobiles de Medcor vous garantissent une prise en charge l\u00e0 o\u00f9 vous en avez besoin.","robots":{"index":"index","follow":"follow","max-snippet":"max-snippet:-1","max-image-preview":"max-image-preview:large","max-video-preview":"max-video-preview:-1"},"canonical":"https:\/\/medcor.com\/fr-ca\/comment-nous-aidons\/solutions-mobiles\/","og_locale":"fr_CA","og_type":"article","og_title":"Solutions mobiles | Medcor Canada","og_description":"Les solutions mobiles de Medcor vous garantissent une prise en charge l\u00e0 o\u00f9 vous en avez besoin.","og_url":"https:\/\/medcor.com\/fr-ca\/comment-nous-aidons\/solutions-mobiles\/","og_site_name":"Medcor","article_publisher":"https:\/\/www.facebook.com\/Medcor\/","article_modified_time":"2023-12-04T18:41:17+00:00","og_image":[{"width":1365,"height":768,"url":"https:\/\/medcor.com\/wp-content\/uploads\/2025\/11\/medcor-photo-mobile-services-injury-web-112025-1.jpg","type":"image\/jpeg"}],"twitter_card":"summary_large_image","twitter_misc":{"Est. reading time":"1 minute"},"schema":{"@context":"https:\/\/schema.org","@graph":[{"@type":"WebPage","@id":"https:\/\/medcor.com\/fr-ca\/comment-nous-aidons\/solutions-mobiles\/","url":"https:\/\/medcor.com\/fr-ca\/comment-nous-aidons\/solutions-mobiles\/","name":"Solutions mobiles | Medcor Canada","isPartOf":{"@id":"https:\/\/medcor.com\/fr-ca\/#website"},"primaryImageOfPage":{"@id":"https:\/\/medcor.com\/fr-ca\/comment-nous-aidons\/solutions-mobiles\/#primaryimage"},"image":{"@id":"https:\/\/medcor.com\/fr-ca\/comment-nous-aidons\/solutions-mobiles\/#primaryimage"},"thumbnailUrl":"https:\/\/medcor.com\/wp-content\/uploads\/2025\/11\/medcor-photo-mobile-services-injury-web-112025-1.jpg","datePublished":"2023-11-14T22:53:56+00:00","dateModified":"2023-12-04T18:41:17+00:00","description":"Les solutions mobiles de Medcor vous garantissent une prise en charge l\u00e0 o\u00f9 vous en avez besoin.","breadcrumb":{"@id":"https:\/\/medcor.com\/fr-ca\/comment-nous-aidons\/solutions-mobiles\/#breadcrumb"},"inLanguage":"fr-CA","potentialAction":[{"@type":"ReadAction","target":["https:\/\/medcor.com\/fr-ca\/comment-nous-aidons\/solutions-mobiles\/"]}]},{"@type":"ImageObject","inLanguage":"fr-CA","@id":"https:\/\/medcor.com\/fr-ca\/comment-nous-aidons\/solutions-mobiles\/#primaryimage","url":"https:\/\/medcor.com\/wp-content\/uploads\/2025\/11\/medcor-photo-mobile-services-injury-web-112025-1.jpg","contentUrl":"https:\/\/medcor.com\/wp-content\/uploads\/2025\/11\/medcor-photo-mobile-services-injury-web-112025-1.jpg","width":1365,"height":768,"caption":"Woman lying on the floor. Accident in warehouse"},{"@type":"BreadcrumbList","@id":"https:\/\/medcor.com\/fr-ca\/comment-nous-aidons\/solutions-mobiles\/#breadcrumb","itemListElement":[{"@type":"ListItem","position":1,"name":"Home","item":"https:\/\/medcor.com\/fr-ca\/"},{"@type":"ListItem","position":2,"name":"Notre aide","item":"https:\/\/medcor.com\/fr-ca\/comment-nous-aidons\/"},{"@type":"ListItem","position":3,"name":"Solutions Mobiles"}]},{"@type":"WebSite","@id":"https:\/\/medcor.com\/fr-ca\/#website","url":"https:\/\/medcor.com\/fr-ca\/","name":"Medcor","description":"Simplifying Healthcare For Employers","publisher":{"@id":"https:\/\/medcor.com\/fr-ca\/#organization"},"potentialAction":[{"@type":"SearchAction","target":{"@type":"EntryPoint","urlTemplate":"https:\/\/medcor.com\/fr-ca\/?s={search_term_string}"},"query-input":{"@type":"PropertyValueSpecification","valueRequired":true,"valueName":"search_term_string"}}],"inLanguage":"fr-CA"},{"@type":"Organization","@id":"https:\/\/medcor.com\/fr-ca\/#organization","name":"Medcor","alternateName":"Medcor","url":"https:\/\/medcor.com\/fr-ca\/","logo":{"@type":"ImageObject","inLanguage":"fr-CA","@id":"https:\/\/medcor.com\/fr-ca\/#\/schema\/logo\/image\/","url":"https:\/\/medcor.com\/wp-content\/uploads\/2023\/08\/cropped-favicon.png","contentUrl":"https:\/\/medcor.com\/wp-content\/uploads\/2023\/08\/cropped-favicon.png","width":512,"height":512,"caption":"Medcor"},"image":{"@id":"https:\/\/medcor.com\/fr-ca\/#\/schema\/logo\/image\/"},"sameAs":["https:\/\/www.facebook.com\/Medcor\/","https:\/\/www.linkedin.com\/company\/medcor\/","https:\/\/www.instagram.com\/medcorclinics\/","https:\/\/vimeo.com\/medcorhealthnavigation"]}]}},"featured_image_url":"https:\/\/medcor.com\/wp-content\/uploads\/2025\/11\/medcor-photo-mobile-services-injury-web-112025-1.jpg","featured_image_url_sizes":{"thumbnail":"https:\/\/medcor.com\/wp-content\/uploads\/2025\/11\/medcor-photo-mobile-services-injury-web-112025-1-150x150.jpg","medium":"https:\/\/medcor.com\/wp-content\/uploads\/2025\/11\/medcor-photo-mobile-services-injury-web-112025-1-300x169.jpg","medium_large":"https:\/\/medcor.com\/wp-content\/uploads\/2025\/11\/medcor-photo-mobile-services-injury-web-112025-1-768x432.jpg","large":"https:\/\/medcor.com\/wp-content\/uploads\/2025\/11\/medcor-photo-mobile-services-injury-web-112025-1-1024x576.jpg","default":{"url":"https:\/\/medcor.com\/wp-content\/uploads\/2023\/07\/Medcor-Canada-Logo-web.png"}},"service_type_color":"orange","service_type_icon":"mobile","_links":{"self":[{"href":"https:\/\/medcor.com\/fr-ca\/wp-json\/wp\/v2\/pages\/20514","targetHints":{"allow":["GET"]}}],"collection":[{"href":"https:\/\/medcor.com\/fr-ca\/wp-json\/wp\/v2\/pages"}],"about":[{"href":"https:\/\/medcor.com\/fr-ca\/wp-json\/wp\/v2\/types\/page"}],"author":[{"embeddable":true,"href":"https:\/\/medcor.com\/fr-ca\/wp-json\/wp\/v2\/users\/1"}],"replies":[{"embeddable":true,"href":"https:\/\/medcor.com\/fr-ca\/wp-json\/wp\/v2\/comments?post=20514"}],"version-history":[{"count":7,"href":"https:\/\/medcor.com\/fr-ca\/wp-json\/wp\/v2\/pages\/20514\/revisions"}],"predecessor-version":[{"id":20797,"href":"https:\/\/medcor.com\/fr-ca\/wp-json\/wp\/v2\/pages\/20514\/revisions\/20797"}],"up":[{"embeddable":true,"href":"https:\/\/medcor.com\/fr-ca\/wp-json\/wp\/v2\/pages\/20589"}],"wp:featuredmedia":[{"embeddable":true,"href":"https:\/\/medcor.com\/fr-ca\/wp-json\/wp\/v2\/media\/28184"}],"wp:attachment":[{"href":"https:\/\/medcor.com\/fr-ca\/wp-json\/wp\/v2\/media?parent=20514"}],"wp:term":[{"taxonomy":"service_type","embeddable":true,"href":"https:\/\/medcor.com\/fr-ca\/wp-json\/wp\/v2\/service_type?post=20514"},{"taxonomy":"silo","embeddable":true,"href":"https:\/\/medcor.com\/fr-ca\/wp-json\/wp\/v2\/silo?post=20514"}],"curies":[{"name":"wp","href":"https:\/\/api.w.org\/{rel}","templated":true}]}}