{"id":20524,"date":"2023-11-14T13:41:51","date_gmt":"2023-11-14T21:41:51","guid":{"rendered":"https:\/\/medcor.com\/notre-expertise-clinique-2\/"},"modified":"2023-11-21T15:52:57","modified_gmt":"2023-11-21T23:52:57","slug":"notre-expertise-clinique","status":"publish","type":"page","link":"https:\/\/medcor.com\/fr-ca\/a-propos-de-nous\/notre-expertise-clinique\/","title":{"rendered":"Notre Expertise Clinique"},"content":{"rendered":"\n<section class=\"alignfull wp-block-ns-inner-page-hero\">\n    <div class=\"wp-block-ns-inner-page-hero__grid\">\n        <div class=\"wp-block-ns-inner-page-hero__body-col\">\n                            <div class=\"wp-block-ns-inner-page-hero__eyebrow --eyebrow\">\n                    QUI NOUS SOMMES                <\/div>\n                        <h1 class=\"wp-block-ns-inner-page-hero__headline --hl-xxl\">\n                Notre Expertise Clinique            <\/h1>\n\n            <div class=\"wp-block-ns-inner-page-hero__intro --wizzy\">\n                \n\n<p>Chez Medcor, nous nous engageons \u00e0 \u00e9voluer et \u00e0 am\u00e9liorer en permanence les services que nous offrons \u00e0 nos clients. Pour faciliter ce processus, notre conseil des affaires cliniques \u00e9value r\u00e9guli\u00e8rement les normes et les pratiques que tous les avocats de Medcor utilisent pour aider nos clients, en ajoutant de nouvelles proc\u00e9dures et de nouveaux protocoles au fur et \u00e0 mesure que le secteur \u00e9volue.<\/p>\n\n\n\n<p>Notre conseil des affaires cliniques est compos\u00e9 de professionnels de la sant\u00e9 hautement qualifi\u00e9s et exp\u00e9riment\u00e9s dont l&#8217;objectif est de s&#8217;assurer que Medcor fournit le niveau de prise en charge le plus \u00e9lev\u00e9 et le plus actuel \u00e0 chaque patient. Ils assurent la qualit\u00e9 clinique et la surveillance de nos cliniques locales, de nos services de soutien m\u00e9dical et de nos \u00e9quipes de t\u00e9l\u00e9sant\u00e9. Les repr\u00e9sentants de Medcor offrent \u00e0 vos employ\u00e9s leurs ann\u00e9es d&#8217;exp\u00e9rience et leur formation.<\/p>\n\n\n\n<p>Le Conseil des Affaires cliniques effectue une \u00e9valuation extensive de toutes nos op\u00e9rations, cliniques ou non cliniques, afin de toujour fournir un service exceptionnel \u00e0 nos clients.<\/p>\n\n            <\/div>\n                            <div class=\"wp-block-ns-inner-page-hero__ctas\">\n                    <a class=\"wp-block-ns-inner-page-hero__cta --primary\" href=\"https:\/\/medcor.com\/fr-ca\/contact\/\">Nous contacter<\/a>                    <a class=\"wp-block-ns-inner-page-hero__cta --secondary\" href=\"https:\/\/medcor.com\/fr-ca\/ce-que-nous-faisons\/\">Nos activit\u00e9s<\/a>                <\/div>\n                    <\/div>\n        <div class=\"wp-block-ns-inner-page-hero__image-col\">\n            <div class=\"wp-block-ns-inner-page-hero__image-wrap\" style=\"--ns-imageCropPosition: center center;\">\n                <img loading=\"lazy\" decoding=\"async\" width=\"800\" height=\"800\" src=\"https:\/\/medcor.com\/wp-content\/uploads\/2023\/08\/IMG_8360-sharon-edited.jpg\" class=\"attachment-large size-large\" alt=\"\" srcset=\"https:\/\/medcor.com\/wp-content\/uploads\/2023\/08\/IMG_8360-sharon-edited.jpg 800w, https:\/\/medcor.com\/wp-content\/uploads\/2023\/08\/IMG_8360-sharon-edited-300x300.jpg 300w, https:\/\/medcor.com\/wp-content\/uploads\/2023\/08\/IMG_8360-sharon-edited-150x150.jpg 150w, https:\/\/medcor.com\/wp-content\/uploads\/2023\/08\/IMG_8360-sharon-edited-768x768.jpg 768w, https:\/\/medcor.com\/wp-content\/uploads\/2023\/08\/IMG_8360-sharon-edited-500x500.jpg 500w\" sizes=\"auto, (max-width: 800px) 100vw, 800px\" \/>            <\/div>\n        <\/div>\n    <\/div>\n<\/section>\n\n\n\n<div style=\"height:27px\" aria-hidden=\"true\" class=\"wp-block-spacer\"><\/div>\n\n\n\n<section class=\"alignfull wp-block-ns-side-media\">\n    <div class=\"wp-block-ns-side-media__image-col  --has-min-height\" style=\"--ns-imageCropPosition: center center;\">\n        <img loading=\"lazy\" decoding=\"async\" width=\"800\" height=\"800\" src=\"https:\/\/medcor.com\/wp-content\/uploads\/2023\/08\/iStock-1411002384-clinical-edited.jpg\" class=\"attachment-large size-large\" alt=\"\" srcset=\"https:\/\/medcor.com\/wp-content\/uploads\/2023\/08\/iStock-1411002384-clinical-edited.jpg 800w, https:\/\/medcor.com\/wp-content\/uploads\/2023\/08\/iStock-1411002384-clinical-edited-300x300.jpg 300w, https:\/\/medcor.com\/wp-content\/uploads\/2023\/08\/iStock-1411002384-clinical-edited-150x150.jpg 150w, https:\/\/medcor.com\/wp-content\/uploads\/2023\/08\/iStock-1411002384-clinical-edited-768x768.jpg 768w, https:\/\/medcor.com\/wp-content\/uploads\/2023\/08\/iStock-1411002384-clinical-edited-500x500.jpg 500w\" sizes=\"auto, (max-width: 800px) 100vw, 800px\" \/>    <\/div>\n    <div class=\"wp-block-ns-side-media__body-col\">\n                            <h2 class=\"wp-block-ns-side-media__headline --hl-l\">\n                \u00c9laborer et maintenir des normes cliniques            <\/h2>\n                <div class=\"wp-block-ns-side-media__body\">\n            \n\n<p>Des normes cliniques strictes constituent le socle de la prise en charge assur\u00e9e par nos repr\u00e9sentants \u00e0 nos clients. Notre Conseil des Affaires cliniques travaille avec diligence pour \u00e9laborer et faire respecter des normes clinques dans tous nos \u00e9tablissements. Il s&#8217;agit, entre autres: <\/p>\n\n\n\n<ul class=\"wp-block-list\">\n<li>De proc\u00e9dures op\u00e9rationnelles cliniques sdantard&nbsp;<\/li>\n\n\n\n<li>D&#8217;orientations de prise en charge et de normes fond\u00e9s sur des preuves pour les cliniques de soins avanc\u00e9s&nbsp;<\/li>\n\n\n\n<li>D&#8217;algorithmes fond\u00e9s sur des donn\u00e9es probantes pour les services de t\u00e9l\u00e9triage&nbsp;<\/li>\n\n\n\n<li>De la supervision des services li\u00e9s \u00e0 la COVID-19<\/li>\n\n\n\n<li>De directives cliniques pour des clients qui le demandent sp\u00e9cialement<\/li>\n<\/ul>\n\n\n\n<p><\/p>\n\n        <\/div>\n            <\/div>\n<\/section>\n\n\n\n<div style=\"height:100px\" aria-hidden=\"true\" class=\"wp-block-spacer\"><\/div>\n\n\n\n<h2 class=\"wp-block-heading has-text-align-center\">De la cr\u00e9ation de normes et de contenus p\u00e9dagogiques&nbsp;<\/h2>\n\n\n\n<div class=\"wp-block-columns is-layout-flex wp-container-core-columns-is-layout-9d6595d7 wp-block-columns-is-layout-flex\">\n<div class=\"wp-block-column is-layout-flow wp-block-column-is-layout-flow\">\n<p>Une formation exceptionnelle est l&#8217;un des \u00e9l\u00e9ments qui distingue la prise en charge offerte par iMedcor des offres concurrentes. Notre Conseil des Affaires cliniques a \u00e9labor\u00e9 un plan de formation rigoureux pour tous les intervenants cliniques et non cliniques, et les modules de formation sont r\u00e9guli\u00e8rement mis \u00e0 jour.<\/p>\n<\/div>\n\n\n\n<div class=\"wp-block-column is-layout-flow wp-block-column-is-layout-flow\">\n<p>Une formation approfondie est propos\u00e9e par le biais de nos modules d&#8217;entra\u00eenement, qui donnent \u00e0 nos repr\u00e9sentants une vue d&#8217;ensemble de la gestion des soins aux patients et de la mani\u00e8re d&#8217;interagir avec les clients, les administrateurs tiers et d&#8217;autres services connexes dans le cadre de la gestion des accidents du travail et des maladies professionnelles.<\/p>\n<\/div>\n<\/div>\n\n\n\n<div style=\"height:100px\" aria-hidden=\"true\" class=\"wp-block-spacer\"><\/div>\n\n\n\n<section class=\"alignfull wp-block-ns-side-media\">\n    <div class=\"wp-block-ns-side-media__image-col  --has-min-height\" style=\"--ns-imageCropPosition: center center;\">\n        <img loading=\"lazy\" decoding=\"async\" width=\"800\" height=\"800\" src=\"https:\/\/medcor.com\/wp-content\/uploads\/2023\/08\/iStock-1134000841-clinical-triage.jpg\" class=\"attachment-large size-large\" alt=\"\" srcset=\"https:\/\/medcor.com\/wp-content\/uploads\/2023\/08\/iStock-1134000841-clinical-triage.jpg 800w, https:\/\/medcor.com\/wp-content\/uploads\/2023\/08\/iStock-1134000841-clinical-triage-300x300.jpg 300w, https:\/\/medcor.com\/wp-content\/uploads\/2023\/08\/iStock-1134000841-clinical-triage-150x150.jpg 150w, https:\/\/medcor.com\/wp-content\/uploads\/2023\/08\/iStock-1134000841-clinical-triage-768x768.jpg 768w, https:\/\/medcor.com\/wp-content\/uploads\/2023\/08\/iStock-1134000841-clinical-triage-500x500.jpg 500w\" sizes=\"auto, (max-width: 800px) 100vw, 800px\" \/>    <\/div>\n    <div class=\"wp-block-ns-side-media__body-col\">\n                            <h2 class=\"wp-block-ns-side-media__headline --hl-l\">\n                Assurer une surveillance de la qualit\u00e9 des appels de t\u00e9l\u00e9triage            <\/h2>\n                <div class=\"wp-block-ns-side-media__body\">\n            \n\n<p>Afin de garantir le niveau de prise en charge le plus \u00e9lev\u00e9 possible pour les patients, m\u00eame lorsqu&#8217;ils appellent notre ligne de t\u00e9l\u00e9triage, notre Conseil des Affaires cliniques supervise tous les appels de t\u00e9l\u00e9sant\u00e9. Cette supervision consiste \u00e0:<\/p>\n\n\n\n<ul class=\"wp-block-list\">\n<li>Fournir des examens cliniques coh\u00e9rents des appels<\/li>\n\n\n\n<li>G\u00e9rer les probl\u00e8mes dont il est saisi en interne et rem\u00e9dier aux insuffisances cliniques<\/li>\n\n\n\n<li>Traiter les probl\u00e8mes pos\u00e9s par les clients et prodiguer un encadrement ou un recyclage selon le besoin<\/li>\n\n\n\n<li>Ex\u00e9cuter des audits al\u00e9atoires et ax\u00e9s sur les rapports afin de stimuler l&#8217;am\u00e9lioration de la qualit\u00e9 de la prise en charge clinique<\/li>\n<\/ul>\n\n\n\n<p><\/p>\n\n        <\/div>\n            <\/div>\n<\/section>\n\n\n\n<section class=\"--dark-background --theme-red wp-block-ns-promo-banner-cta\" style=\"--ns-imageCropPosition: center center;\">\n    \n\n    <h2 class=\"wp-block-ns-promo-banner-cta__headline --hl-l\">Connectez-vous avec un avocat Medcor<\/h2>\n    <div class=\"wp-block-ns-promo-banner-cta__body --wizzy\">\n        \n\n<p>Offrir \u00e0 vos employ\u00e9s la meilleure prise en charge possible en cas de maladies ou de blessures li\u00e9es \u00e0 leur travail avec Medcor. Discutez avec un repr\u00e9sentant de Medcor d\u00e8s aujourd&#8217;hui.&nbsp;<\/p>\n\n    <\/div>\n            <a class=\"wp-block-ns-promo-banner-cta__cta\" href=\"https:\/\/medcor.com\/fr-ca\/contact\/\">En savoir plus<\/a>\n    <\/section>\n","protected":false},"excerpt":{"rendered":"<p>De la cr\u00e9ation de normes et de contenus p\u00e9dagogiques&nbsp; Une formation exceptionnelle est l&#8217;un des \u00e9l\u00e9ments qui distingue la prise en charge offerte par iMedcor &hellip;<\/p>\n","protected":false},"author":1,"featured_media":18523,"parent":0,"menu_order":0,"comment_status":"closed","ping_status":"closed","template":"","meta":{"pageFeaturedColor":"","pageIcon":"","footnotes":""},"service_type":[],"silo":[1174],"class_list":["post-20524","page","type-page","status-publish","has-post-thumbnail","hentry"],"yoast_head":"<!-- This site is optimized with the Yoast SEO plugin v27.1.1 - https:\/\/yoast.com\/product\/yoast-seo-wordpress\/ -->\n<title>Notre expertise clinique | Medcor Canada<\/title>\n<meta name=\"robots\" content=\"index, follow, max-snippet:-1, max-image-preview:large, max-video-preview:-1\" \/>\n<link rel=\"canonical\" href=\"https:\/\/medcor.com\/fr-ca\/a-propos-de-nous\/notre-expertise-clinique\/\" \/>\n<meta property=\"og:locale\" content=\"fr_CA\" \/>\n<meta property=\"og:type\" content=\"article\" \/>\n<meta property=\"og:title\" content=\"Notre expertise clinique | Medcor Canada\" \/>\n<meta property=\"og:description\" content=\"De la cr\u00e9ation de normes et de contenus p\u00e9dagogiques&nbsp; Une formation exceptionnelle est l&#8217;un des \u00e9l\u00e9ments qui distingue la prise en charge offerte par iMedcor &hellip;\" \/>\n<meta property=\"og:url\" content=\"https:\/\/medcor.com\/fr-ca\/a-propos-de-nous\/notre-expertise-clinique\/\" \/>\n<meta property=\"og:site_name\" content=\"Medcor\" \/>\n<meta property=\"article:publisher\" content=\"https:\/\/www.facebook.com\/Medcor\/\" \/>\n<meta property=\"article:modified_time\" content=\"2023-11-21T23:52:57+00:00\" \/>\n<meta property=\"og:image\" content=\"https:\/\/medcor.com\/wp-content\/uploads\/2023\/08\/medcor-clinical-expertise-hero.jpg\" \/>\n\t<meta property=\"og:image:width\" content=\"800\" \/>\n\t<meta property=\"og:image:height\" content=\"800\" \/>\n\t<meta property=\"og:image:type\" content=\"image\/jpeg\" \/>\n<meta name=\"twitter:card\" content=\"summary_large_image\" \/>\n<meta name=\"twitter:label1\" content=\"Est. reading time\" \/>\n\t<meta name=\"twitter:data1\" content=\"3 minutes\" \/>\n<script type=\"application\/ld+json\" class=\"yoast-schema-graph\">{\"@context\":\"https:\/\/schema.org\",\"@graph\":[{\"@type\":\"WebPage\",\"@id\":\"https:\/\/medcor.com\/fr-ca\/a-propos-de-nous\/notre-expertise-clinique\/\",\"url\":\"https:\/\/medcor.com\/fr-ca\/a-propos-de-nous\/notre-expertise-clinique\/\",\"name\":\"Notre expertise clinique | Medcor Canada\",\"isPartOf\":{\"@id\":\"https:\/\/medcor.com\/fr-ca\/#website\"},\"primaryImageOfPage\":{\"@id\":\"https:\/\/medcor.com\/fr-ca\/a-propos-de-nous\/notre-expertise-clinique\/#primaryimage\"},\"image\":{\"@id\":\"https:\/\/medcor.com\/fr-ca\/a-propos-de-nous\/notre-expertise-clinique\/#primaryimage\"},\"thumbnailUrl\":\"https:\/\/medcor.com\/wp-content\/uploads\/2023\/08\/medcor-clinical-expertise-hero.jpg\",\"datePublished\":\"2023-11-14T21:41:51+00:00\",\"dateModified\":\"2023-11-21T23:52:57+00:00\",\"breadcrumb\":{\"@id\":\"https:\/\/medcor.com\/fr-ca\/a-propos-de-nous\/notre-expertise-clinique\/#breadcrumb\"},\"inLanguage\":\"fr-CA\",\"potentialAction\":[{\"@type\":\"ReadAction\",\"target\":[\"https:\/\/medcor.com\/fr-ca\/a-propos-de-nous\/notre-expertise-clinique\/\"]}]},{\"@type\":\"ImageObject\",\"inLanguage\":\"fr-CA\",\"@id\":\"https:\/\/medcor.com\/fr-ca\/a-propos-de-nous\/notre-expertise-clinique\/#primaryimage\",\"url\":\"https:\/\/medcor.com\/wp-content\/uploads\/2023\/08\/medcor-clinical-expertise-hero.jpg\",\"contentUrl\":\"https:\/\/medcor.com\/wp-content\/uploads\/2023\/08\/medcor-clinical-expertise-hero.jpg\",\"width\":800,\"height\":800},{\"@type\":\"BreadcrumbList\",\"@id\":\"https:\/\/medcor.com\/fr-ca\/a-propos-de-nous\/notre-expertise-clinique\/#breadcrumb\",\"itemListElement\":[{\"@type\":\"ListItem\",\"position\":1,\"name\":\"Home\",\"item\":\"https:\/\/medcor.com\/fr-ca\/\"},{\"@type\":\"ListItem\",\"position\":2,\"name\":\"Notre Expertise Clinique\"}]},{\"@type\":\"WebSite\",\"@id\":\"https:\/\/medcor.com\/fr-ca\/#website\",\"url\":\"https:\/\/medcor.com\/fr-ca\/\",\"name\":\"Medcor\",\"description\":\"Simplifying Healthcare For Employers\",\"publisher\":{\"@id\":\"https:\/\/medcor.com\/fr-ca\/#organization\"},\"potentialAction\":[{\"@type\":\"SearchAction\",\"target\":{\"@type\":\"EntryPoint\",\"urlTemplate\":\"https:\/\/medcor.com\/fr-ca\/?s={search_term_string}\"},\"query-input\":{\"@type\":\"PropertyValueSpecification\",\"valueRequired\":true,\"valueName\":\"search_term_string\"}}],\"inLanguage\":\"fr-CA\"},{\"@type\":\"Organization\",\"@id\":\"https:\/\/medcor.com\/fr-ca\/#organization\",\"name\":\"Medcor\",\"alternateName\":\"Medcor\",\"url\":\"https:\/\/medcor.com\/fr-ca\/\",\"logo\":{\"@type\":\"ImageObject\",\"inLanguage\":\"fr-CA\",\"@id\":\"https:\/\/medcor.com\/fr-ca\/#\/schema\/logo\/image\/\",\"url\":\"https:\/\/medcor.com\/wp-content\/uploads\/2023\/08\/cropped-favicon.png\",\"contentUrl\":\"https:\/\/medcor.com\/wp-content\/uploads\/2023\/08\/cropped-favicon.png\",\"width\":512,\"height\":512,\"caption\":\"Medcor\"},\"image\":{\"@id\":\"https:\/\/medcor.com\/fr-ca\/#\/schema\/logo\/image\/\"},\"sameAs\":[\"https:\/\/www.facebook.com\/Medcor\/\",\"https:\/\/www.linkedin.com\/company\/medcor\/\",\"https:\/\/www.instagram.com\/medcorclinics\/\",\"https:\/\/vimeo.com\/medcorhealthnavigation\"]}]}<\/script>\n<!-- \/ Yoast SEO plugin. -->","yoast_head_json":{"title":"Notre expertise clinique | Medcor Canada","robots":{"index":"index","follow":"follow","max-snippet":"max-snippet:-1","max-image-preview":"max-image-preview:large","max-video-preview":"max-video-preview:-1"},"canonical":"https:\/\/medcor.com\/fr-ca\/a-propos-de-nous\/notre-expertise-clinique\/","og_locale":"fr_CA","og_type":"article","og_title":"Notre expertise clinique | Medcor Canada","og_description":"De la cr\u00e9ation de normes et de contenus p\u00e9dagogiques&nbsp; Une formation exceptionnelle est l&#8217;un des \u00e9l\u00e9ments qui distingue la prise en charge offerte par iMedcor &hellip;","og_url":"https:\/\/medcor.com\/fr-ca\/a-propos-de-nous\/notre-expertise-clinique\/","og_site_name":"Medcor","article_publisher":"https:\/\/www.facebook.com\/Medcor\/","article_modified_time":"2023-11-21T23:52:57+00:00","og_image":[{"width":800,"height":800,"url":"https:\/\/medcor.com\/wp-content\/uploads\/2023\/08\/medcor-clinical-expertise-hero.jpg","type":"image\/jpeg"}],"twitter_card":"summary_large_image","twitter_misc":{"Est. reading time":"3 minutes"},"schema":{"@context":"https:\/\/schema.org","@graph":[{"@type":"WebPage","@id":"https:\/\/medcor.com\/fr-ca\/a-propos-de-nous\/notre-expertise-clinique\/","url":"https:\/\/medcor.com\/fr-ca\/a-propos-de-nous\/notre-expertise-clinique\/","name":"Notre expertise clinique | Medcor Canada","isPartOf":{"@id":"https:\/\/medcor.com\/fr-ca\/#website"},"primaryImageOfPage":{"@id":"https:\/\/medcor.com\/fr-ca\/a-propos-de-nous\/notre-expertise-clinique\/#primaryimage"},"image":{"@id":"https:\/\/medcor.com\/fr-ca\/a-propos-de-nous\/notre-expertise-clinique\/#primaryimage"},"thumbnailUrl":"https:\/\/medcor.com\/wp-content\/uploads\/2023\/08\/medcor-clinical-expertise-hero.jpg","datePublished":"2023-11-14T21:41:51+00:00","dateModified":"2023-11-21T23:52:57+00:00","breadcrumb":{"@id":"https:\/\/medcor.com\/fr-ca\/a-propos-de-nous\/notre-expertise-clinique\/#breadcrumb"},"inLanguage":"fr-CA","potentialAction":[{"@type":"ReadAction","target":["https:\/\/medcor.com\/fr-ca\/a-propos-de-nous\/notre-expertise-clinique\/"]}]},{"@type":"ImageObject","inLanguage":"fr-CA","@id":"https:\/\/medcor.com\/fr-ca\/a-propos-de-nous\/notre-expertise-clinique\/#primaryimage","url":"https:\/\/medcor.com\/wp-content\/uploads\/2023\/08\/medcor-clinical-expertise-hero.jpg","contentUrl":"https:\/\/medcor.com\/wp-content\/uploads\/2023\/08\/medcor-clinical-expertise-hero.jpg","width":800,"height":800},{"@type":"BreadcrumbList","@id":"https:\/\/medcor.com\/fr-ca\/a-propos-de-nous\/notre-expertise-clinique\/#breadcrumb","itemListElement":[{"@type":"ListItem","position":1,"name":"Home","item":"https:\/\/medcor.com\/fr-ca\/"},{"@type":"ListItem","position":2,"name":"Notre Expertise Clinique"}]},{"@type":"WebSite","@id":"https:\/\/medcor.com\/fr-ca\/#website","url":"https:\/\/medcor.com\/fr-ca\/","name":"Medcor","description":"Simplifying Healthcare For Employers","publisher":{"@id":"https:\/\/medcor.com\/fr-ca\/#organization"},"potentialAction":[{"@type":"SearchAction","target":{"@type":"EntryPoint","urlTemplate":"https:\/\/medcor.com\/fr-ca\/?s={search_term_string}"},"query-input":{"@type":"PropertyValueSpecification","valueRequired":true,"valueName":"search_term_string"}}],"inLanguage":"fr-CA"},{"@type":"Organization","@id":"https:\/\/medcor.com\/fr-ca\/#organization","name":"Medcor","alternateName":"Medcor","url":"https:\/\/medcor.com\/fr-ca\/","logo":{"@type":"ImageObject","inLanguage":"fr-CA","@id":"https:\/\/medcor.com\/fr-ca\/#\/schema\/logo\/image\/","url":"https:\/\/medcor.com\/wp-content\/uploads\/2023\/08\/cropped-favicon.png","contentUrl":"https:\/\/medcor.com\/wp-content\/uploads\/2023\/08\/cropped-favicon.png","width":512,"height":512,"caption":"Medcor"},"image":{"@id":"https:\/\/medcor.com\/fr-ca\/#\/schema\/logo\/image\/"},"sameAs":["https:\/\/www.facebook.com\/Medcor\/","https:\/\/www.linkedin.com\/company\/medcor\/","https:\/\/www.instagram.com\/medcorclinics\/","https:\/\/vimeo.com\/medcorhealthnavigation"]}]}},"featured_image_url":"https:\/\/medcor.com\/wp-content\/uploads\/2023\/08\/medcor-clinical-expertise-hero.jpg","featured_image_url_sizes":{"thumbnail":"https:\/\/medcor.com\/wp-content\/uploads\/2023\/08\/medcor-clinical-expertise-hero-150x150.jpg","medium":"https:\/\/medcor.com\/wp-content\/uploads\/2023\/08\/medcor-clinical-expertise-hero-300x300.jpg","medium_large":"https:\/\/medcor.com\/wp-content\/uploads\/2023\/08\/medcor-clinical-expertise-hero-768x768.jpg","large":"https:\/\/medcor.com\/wp-content\/uploads\/2023\/08\/medcor-clinical-expertise-hero.jpg","default":{"url":"https:\/\/medcor.com\/wp-content\/uploads\/2023\/07\/Medcor-Canada-Logo-web.png"}},"service_type_color":null,"service_type_icon":null,"_links":{"self":[{"href":"https:\/\/medcor.com\/fr-ca\/wp-json\/wp\/v2\/pages\/20524","targetHints":{"allow":["GET"]}}],"collection":[{"href":"https:\/\/medcor.com\/fr-ca\/wp-json\/wp\/v2\/pages"}],"about":[{"href":"https:\/\/medcor.com\/fr-ca\/wp-json\/wp\/v2\/types\/page"}],"author":[{"embeddable":true,"href":"https:\/\/medcor.com\/fr-ca\/wp-json\/wp\/v2\/users\/1"}],"replies":[{"embeddable":true,"href":"https:\/\/medcor.com\/fr-ca\/wp-json\/wp\/v2\/comments?post=20524"}],"version-history":[{"count":9,"href":"https:\/\/medcor.com\/fr-ca\/wp-json\/wp\/v2\/pages\/20524\/revisions"}],"predecessor-version":[{"id":20805,"href":"https:\/\/medcor.com\/fr-ca\/wp-json\/wp\/v2\/pages\/20524\/revisions\/20805"}],"wp:featuredmedia":[{"embeddable":true,"href":"https:\/\/medcor.com\/fr-ca\/wp-json\/wp\/v2\/media\/18523"}],"wp:attachment":[{"href":"https:\/\/medcor.com\/fr-ca\/wp-json\/wp\/v2\/media?parent=20524"}],"wp:term":[{"taxonomy":"service_type","embeddable":true,"href":"https:\/\/medcor.com\/fr-ca\/wp-json\/wp\/v2\/service_type?post=20524"},{"taxonomy":"silo","embeddable":true,"href":"https:\/\/medcor.com\/fr-ca\/wp-json\/wp\/v2\/silo?post=20524"}],"curies":[{"name":"wp","href":"https:\/\/api.w.org\/{rel}","templated":true}]}}