{"id":20536,"date":"2023-11-14T14:32:00","date_gmt":"2023-11-14T22:32:00","guid":{"rendered":"https:\/\/medcor.com\/qui-sommes-nous\/"},"modified":"2023-11-17T15:21:33","modified_gmt":"2023-11-17T23:21:33","slug":"qui-sommes-nous","status":"publish","type":"page","link":"https:\/\/medcor.com\/fr-ca\/qui-sommes-nous\/","title":{"rendered":"Qui nous Sommes"},"content":{"rendered":"\n\n<section class=\"alignfull wp-block-ns-subpage-banner\">\n            <img loading=\"lazy\" decoding=\"async\" width=\"1440\" height=\"400\" src=\"https:\/\/medcor.com\/wp-content\/uploads\/2023\/08\/iStock-1297709585-whoweare.jpg\" class=\"attachment-full size-full\" alt=\"Medcor Who We Are\" srcset=\"https:\/\/medcor.com\/wp-content\/uploads\/2023\/08\/iStock-1297709585-whoweare.jpg 1440w, https:\/\/medcor.com\/wp-content\/uploads\/2023\/08\/iStock-1297709585-whoweare-300x83.jpg 300w, https:\/\/medcor.com\/wp-content\/uploads\/2023\/08\/iStock-1297709585-whoweare-1024x284.jpg 1024w, https:\/\/medcor.com\/wp-content\/uploads\/2023\/08\/iStock-1297709585-whoweare-768x213.jpg 768w, https:\/\/medcor.com\/wp-content\/uploads\/2023\/08\/iStock-1297709585-whoweare-650x181.jpg 650w\" sizes=\"auto, (max-width: 1440px) 100vw, 1440px\" \/>    <\/section>\n\n\n\n<section class=\"alignfull wp-block-ns-content-detail\">\n    <div class=\"wp-block-ns-content-detail__columns\">\n        <div class=\"wp-block-ns-content-detail__content\">\n            \n<section class=\"wp-block-ns-content-detail__hero\">\n            <div class=\"wp-block-ns-content-detail__hero-eyebrow --eyebrow\">\n            Qui nous sommes        <\/div>\n                <h1 class=\"wp-block-ns-content-detail__hero-headline --hl-xxl\">\n            \u00c0 propos de Medcor        <\/h1>\n        <div class=\"wp-block-ns-content-detail__hero-body --wizzy\">\n        \n\n<p>Les soins de sant\u00e9 sont une affaire personnelle. En tant qu&#8217;employeur, les soins de sant\u00e9 sont un service que vous fournissez pour vous assurer que vos employ\u00e9s et leurs proches sont en bonne sant\u00e9 et soign\u00e9s. Comprendre le syst\u00e8me de sant\u00e9 peut \u00eatre d\u00e9routant et prendre du temps &#8211; et il existe de nombreux conflits d&#8217;int\u00e9r\u00eats potentiels. Tout cela entra\u00eene des retards dans les soins, des traitements inutiles et une perte de productivit\u00e9.<\/p>\n\n\n\n<p>Si votre organisation a besoin de r\u00e9duire les d\u00e9penses en soins de sant\u00e9 et de simplifier le processus, Medcor Canada comprend les complexit\u00e9s du syst\u00e8me de soins de sant\u00e9 et vous offre son soutien afin que vous puissiez vous concentrer sur vos priorit\u00e9s d&#8217;affaires avec une main-d&#8217;\u0153uvre saine et productive. Nos solutions pr\u00e9viennent les demandes de remboursement inutiles en \u00e9vitant que les personnes n&#8217;adh\u00e8rent au syst\u00e8me de soins de sant\u00e9 classique, en pr\u00e9venant le surtraitement et la surprescription, tout en s&#8217;assurant que les cas graves re\u00e7oivent les soins dont ils ont besoin sans d\u00e9lai. Medcor facilite \u00e9galement les initiatives en mati\u00e8re de bien-\u00eatre, de s\u00e9curit\u00e9 et de pr\u00e9vention des blessures.<\/p>\n\n\n\n<p>Medcor Canada, fond\u00e9e \u00e0 l&#8217;origine sous le nom de Leading Edge Medical Services, est en activit\u00e9 depuis 2005. Nous sommes entr\u00e9s en contact avec notre soci\u00e9t\u00e9 m\u00e8re, Medcor Inc. en 2014, par l&#8217;interm\u00e9diaire d&#8217;un client. En tant que deux entreprises ayant des objectifs et des valeurs similaires, nos discussions sur le travail que nous effectuons de part et d&#8217;autre de la fronti\u00e8re nous ont amen\u00e9s \u00e0 r\u00e9aliser que nos entreprises \u00e9taient parfaitement compatibles pour s&#8217;associer et devenir une entreprise capable d&#8217;offrir une exp\u00e9rience client sup\u00e9rieure \u00e0 nos clients dans toute l&#8217;Am\u00e9rique du Nord. En 2016, Leading Edge Medical Services a chang\u00e9 de nom pour devenir Medcor Canada.<\/p>\n\n\n\n<p>Medcor fournit des services de navigation en mati\u00e8re de sant\u00e9, simplifiant le processus de soins de sant\u00e9 pour les employeurs, am\u00e9liorant les r\u00e9sultats et r\u00e9duisant les co\u00fbts globaux. Nous d\u00e9fendons les int\u00e9r\u00eats de vos employ\u00e9s en les guidant vers des soins impartiaux, de qualit\u00e9 et opportuns, en aidant les travailleurs bless\u00e9s pendant toute la dur\u00e9e de leurs blessures et en veillant \u00e0 ce qu&#8217;ils soient pr\u00e9par\u00e9s pour un retour au travail en toute s\u00e9curit\u00e9. Gr\u00e2ce \u00e0 la navigation en sant\u00e9 de Medcor, vous pouvez \u00eatre certain que vos employ\u00e9s seront orient\u00e9s vers les bons soins, au bon moment et au bon endroit. Nous assurons la navigation en mati\u00e8re de sant\u00e9 par l&#8217;entremise de&nbsp;<a href=\"https:\/\/medcor.com\/fr-ca\/comment-nous-aidons\/solutions-sur-site\/\">cliniques pour les employ\u00e9s du milieu de travail et de la construction<\/a>, <a href=\"https:\/\/medcor.com\/fr-ca\/ce-que-nous-faisons\/telesante\/\">de solutions de t\u00e9l\u00e9sant\u00e9 comme le triage des blessures et des maladies<\/a>, <a href=\"https:\/\/medcor.com\/fr-ca\/ce-que-nous-faisons\/securite\/\">de services de s\u00e9curit\u00e9<\/a>.<\/p>\n\n\n\n<p>Depuis plus de trente ans, nos dirigeants travaillent sans rel\u00e2che \u00e0 la mise au point de syst\u00e8mes et de logiciels, \u00e9tay\u00e9s par une m\u00e9decine fond\u00e9e sur des donn\u00e9es probantes, qui permettent d&#8217;obtenir les r\u00e9sultats attendus par nos clients-partenaires et la qualit\u00e9 \u00e0 laquelle ils font confiance.<\/p>\n\n\n\n<p>Les principes directeurs en mati\u00e8re de sant\u00e9 illustrent notre engagement \u00e0 utiliser des pratiques fond\u00e9es sur des donn\u00e9es probantes, non seulement dans nos services, mais aussi dans notre propre vie. Nos valeurs nous poussent \u00e0 d\u00e9finir les attentes en mati\u00e8re de sant\u00e9 et de s\u00e9curit\u00e9 au travail et \u00e0 remplir notre mission.<\/p>\n\n    <\/div>\n    <\/section>\n\n\n\n<h2 class=\"wp-block-heading\">Notre direction<\/h2>\n\n\n\n<p>Medcor est dirig\u00e9e par une \u00e9quipe de professionnels d\u00e9vou\u00e9s et exp\u00e9riment\u00e9s et d&#8217;experts en la mati\u00e8re qui sont passionn\u00e9s par l&#8217;obtention de r\u00e9sultats positifs durables pour nos clients-partenaires, tout en maintenant le plus haut niveau de qualit\u00e9.<\/p>\n\n\n\n<div class=\"wp-block-buttons is-layout-flex wp-block-buttons-is-layout-flex\">\n<div class=\"wp-block-button\"><a class=\"wp-block-button__link wp-element-button\" href=\"https:\/\/medcor.com\/fr-ca\/qui-sommes-nous\/direction\/\">En savoir plus<\/a><\/div>\n<\/div>\n\n\n\n<div style=\"height:28px\" aria-hidden=\"true\" class=\"wp-block-spacer\"><\/div>\n\n        <\/div>\n        <div class=\"wp-block-ns-content-detail__sidebar\">\n                <div class=\"sidebar-cta --dark-background --theme-red\">\n                <h2 class=\"sidebar-cta__headline --hl-m\">Connectez-vous avec un avocat<\/h2>\n                    <a class=\"sidebar-cta__cta\" href=\"https:\/\/medcor.com\/fr-ca\/contact\/\">En savoir plus<\/a>\n            <\/div>\n            \n\n        <\/div>\n    <\/div>\n<\/section>\n\n","protected":false},"excerpt":{"rendered":"","protected":false},"author":1,"featured_media":18303,"parent":0,"menu_order":0,"comment_status":"closed","ping_status":"closed","template":"","meta":{"pageFeaturedColor":"","pageIcon":"","footnotes":""},"service_type":[],"silo":[],"class_list":["post-20536","page","type-page","status-publish","has-post-thumbnail","hentry"],"yoast_head":"<!-- This site is optimized with the Yoast SEO plugin v27.1.1 - https:\/\/yoast.com\/product\/yoast-seo-wordpress\/ -->\n<title>\u00c0 propos de nous | Medcor Canada<\/title>\n<meta name=\"description\" content=\"Les soins de sant\u00e9 sont complexes et prennent beaucoup de temps. Medcor simplifie ce processus en garantissant des soins de qualit\u00e9 et en temps voulu.\" \/>\n<meta name=\"robots\" content=\"index, follow, max-snippet:-1, max-image-preview:large, max-video-preview:-1\" \/>\n<link rel=\"canonical\" href=\"https:\/\/medcor.com\/fr-ca\/qui-sommes-nous\/\" \/>\n<meta property=\"og:locale\" content=\"fr_CA\" \/>\n<meta property=\"og:type\" content=\"article\" \/>\n<meta property=\"og:title\" content=\"\u00c0 propos de nous | Medcor Canada\" \/>\n<meta property=\"og:description\" content=\"Les soins de sant\u00e9 sont complexes et prennent beaucoup de temps. Medcor simplifie ce processus en garantissant des soins de qualit\u00e9 et en temps voulu.\" \/>\n<meta property=\"og:url\" content=\"https:\/\/medcor.com\/fr-ca\/qui-sommes-nous\/\" \/>\n<meta property=\"og:site_name\" content=\"Medcor\" \/>\n<meta property=\"article:publisher\" content=\"https:\/\/www.facebook.com\/Medcor\/\" \/>\n<meta property=\"article:modified_time\" content=\"2023-11-17T23:21:33+00:00\" \/>\n<meta property=\"og:image\" content=\"https:\/\/medcor.com\/wp-content\/uploads\/2023\/08\/iStock-1297709585-whoweare.jpg\" \/>\n\t<meta property=\"og:image:width\" content=\"1440\" \/>\n\t<meta property=\"og:image:height\" content=\"400\" \/>\n\t<meta property=\"og:image:type\" content=\"image\/jpeg\" \/>\n<meta name=\"twitter:card\" content=\"summary_large_image\" \/>\n<meta name=\"twitter:label1\" content=\"Est. reading time\" \/>\n\t<meta name=\"twitter:data1\" content=\"3 minutes\" \/>\n<script type=\"application\/ld+json\" class=\"yoast-schema-graph\">{\"@context\":\"https:\/\/schema.org\",\"@graph\":[{\"@type\":\"WebPage\",\"@id\":\"https:\/\/medcor.com\/fr-ca\/qui-sommes-nous\/\",\"url\":\"https:\/\/medcor.com\/fr-ca\/qui-sommes-nous\/\",\"name\":\"\u00c0 propos de nous | Medcor Canada\",\"isPartOf\":{\"@id\":\"https:\/\/medcor.com\/fr-ca\/#website\"},\"primaryImageOfPage\":{\"@id\":\"https:\/\/medcor.com\/fr-ca\/qui-sommes-nous\/#primaryimage\"},\"image\":{\"@id\":\"https:\/\/medcor.com\/fr-ca\/qui-sommes-nous\/#primaryimage\"},\"thumbnailUrl\":\"https:\/\/medcor.com\/wp-content\/uploads\/2023\/08\/iStock-1297709585-whoweare.jpg\",\"datePublished\":\"2023-11-14T22:32:00+00:00\",\"dateModified\":\"2023-11-17T23:21:33+00:00\",\"description\":\"Les soins de sant\u00e9 sont complexes et prennent beaucoup de temps. Medcor simplifie ce processus en garantissant des soins de qualit\u00e9 et en temps voulu.\",\"breadcrumb\":{\"@id\":\"https:\/\/medcor.com\/fr-ca\/qui-sommes-nous\/#breadcrumb\"},\"inLanguage\":\"fr-CA\",\"potentialAction\":[{\"@type\":\"ReadAction\",\"target\":[\"https:\/\/medcor.com\/fr-ca\/qui-sommes-nous\/\"]}]},{\"@type\":\"ImageObject\",\"inLanguage\":\"fr-CA\",\"@id\":\"https:\/\/medcor.com\/fr-ca\/qui-sommes-nous\/#primaryimage\",\"url\":\"https:\/\/medcor.com\/wp-content\/uploads\/2023\/08\/iStock-1297709585-whoweare.jpg\",\"contentUrl\":\"https:\/\/medcor.com\/wp-content\/uploads\/2023\/08\/iStock-1297709585-whoweare.jpg\",\"width\":1440,\"height\":400,\"caption\":\"Medcor Who We Are\"},{\"@type\":\"BreadcrumbList\",\"@id\":\"https:\/\/medcor.com\/fr-ca\/qui-sommes-nous\/#breadcrumb\",\"itemListElement\":[{\"@type\":\"ListItem\",\"position\":1,\"name\":\"Home\",\"item\":\"https:\/\/medcor.com\/fr-ca\/\"},{\"@type\":\"ListItem\",\"position\":2,\"name\":\"Qui nous Sommes\"}]},{\"@type\":\"WebSite\",\"@id\":\"https:\/\/medcor.com\/fr-ca\/#website\",\"url\":\"https:\/\/medcor.com\/fr-ca\/\",\"name\":\"Medcor\",\"description\":\"Simplifying Healthcare For Employers\",\"publisher\":{\"@id\":\"https:\/\/medcor.com\/fr-ca\/#organization\"},\"potentialAction\":[{\"@type\":\"SearchAction\",\"target\":{\"@type\":\"EntryPoint\",\"urlTemplate\":\"https:\/\/medcor.com\/fr-ca\/?s={search_term_string}\"},\"query-input\":{\"@type\":\"PropertyValueSpecification\",\"valueRequired\":true,\"valueName\":\"search_term_string\"}}],\"inLanguage\":\"fr-CA\"},{\"@type\":\"Organization\",\"@id\":\"https:\/\/medcor.com\/fr-ca\/#organization\",\"name\":\"Medcor\",\"alternateName\":\"Medcor\",\"url\":\"https:\/\/medcor.com\/fr-ca\/\",\"logo\":{\"@type\":\"ImageObject\",\"inLanguage\":\"fr-CA\",\"@id\":\"https:\/\/medcor.com\/fr-ca\/#\/schema\/logo\/image\/\",\"url\":\"https:\/\/medcor.com\/wp-content\/uploads\/2023\/08\/cropped-favicon.png\",\"contentUrl\":\"https:\/\/medcor.com\/wp-content\/uploads\/2023\/08\/cropped-favicon.png\",\"width\":512,\"height\":512,\"caption\":\"Medcor\"},\"image\":{\"@id\":\"https:\/\/medcor.com\/fr-ca\/#\/schema\/logo\/image\/\"},\"sameAs\":[\"https:\/\/www.facebook.com\/Medcor\/\",\"https:\/\/www.linkedin.com\/company\/medcor\/\",\"https:\/\/www.instagram.com\/medcorclinics\/\",\"https:\/\/vimeo.com\/medcorhealthnavigation\"]}]}<\/script>\n<!-- \/ Yoast SEO plugin. -->","yoast_head_json":{"title":"\u00c0 propos de nous | Medcor Canada","description":"Les soins de sant\u00e9 sont complexes et prennent beaucoup de temps. Medcor simplifie ce processus en garantissant des soins de qualit\u00e9 et en temps voulu.","robots":{"index":"index","follow":"follow","max-snippet":"max-snippet:-1","max-image-preview":"max-image-preview:large","max-video-preview":"max-video-preview:-1"},"canonical":"https:\/\/medcor.com\/fr-ca\/qui-sommes-nous\/","og_locale":"fr_CA","og_type":"article","og_title":"\u00c0 propos de nous | Medcor Canada","og_description":"Les soins de sant\u00e9 sont complexes et prennent beaucoup de temps. Medcor simplifie ce processus en garantissant des soins de qualit\u00e9 et en temps voulu.","og_url":"https:\/\/medcor.com\/fr-ca\/qui-sommes-nous\/","og_site_name":"Medcor","article_publisher":"https:\/\/www.facebook.com\/Medcor\/","article_modified_time":"2023-11-17T23:21:33+00:00","og_image":[{"width":1440,"height":400,"url":"https:\/\/medcor.com\/wp-content\/uploads\/2023\/08\/iStock-1297709585-whoweare.jpg","type":"image\/jpeg"}],"twitter_card":"summary_large_image","twitter_misc":{"Est. reading time":"3 minutes"},"schema":{"@context":"https:\/\/schema.org","@graph":[{"@type":"WebPage","@id":"https:\/\/medcor.com\/fr-ca\/qui-sommes-nous\/","url":"https:\/\/medcor.com\/fr-ca\/qui-sommes-nous\/","name":"\u00c0 propos de nous | Medcor Canada","isPartOf":{"@id":"https:\/\/medcor.com\/fr-ca\/#website"},"primaryImageOfPage":{"@id":"https:\/\/medcor.com\/fr-ca\/qui-sommes-nous\/#primaryimage"},"image":{"@id":"https:\/\/medcor.com\/fr-ca\/qui-sommes-nous\/#primaryimage"},"thumbnailUrl":"https:\/\/medcor.com\/wp-content\/uploads\/2023\/08\/iStock-1297709585-whoweare.jpg","datePublished":"2023-11-14T22:32:00+00:00","dateModified":"2023-11-17T23:21:33+00:00","description":"Les soins de sant\u00e9 sont complexes et prennent beaucoup de temps. Medcor simplifie ce processus en garantissant des soins de qualit\u00e9 et en temps voulu.","breadcrumb":{"@id":"https:\/\/medcor.com\/fr-ca\/qui-sommes-nous\/#breadcrumb"},"inLanguage":"fr-CA","potentialAction":[{"@type":"ReadAction","target":["https:\/\/medcor.com\/fr-ca\/qui-sommes-nous\/"]}]},{"@type":"ImageObject","inLanguage":"fr-CA","@id":"https:\/\/medcor.com\/fr-ca\/qui-sommes-nous\/#primaryimage","url":"https:\/\/medcor.com\/wp-content\/uploads\/2023\/08\/iStock-1297709585-whoweare.jpg","contentUrl":"https:\/\/medcor.com\/wp-content\/uploads\/2023\/08\/iStock-1297709585-whoweare.jpg","width":1440,"height":400,"caption":"Medcor Who We Are"},{"@type":"BreadcrumbList","@id":"https:\/\/medcor.com\/fr-ca\/qui-sommes-nous\/#breadcrumb","itemListElement":[{"@type":"ListItem","position":1,"name":"Home","item":"https:\/\/medcor.com\/fr-ca\/"},{"@type":"ListItem","position":2,"name":"Qui nous Sommes"}]},{"@type":"WebSite","@id":"https:\/\/medcor.com\/fr-ca\/#website","url":"https:\/\/medcor.com\/fr-ca\/","name":"Medcor","description":"Simplifying Healthcare For Employers","publisher":{"@id":"https:\/\/medcor.com\/fr-ca\/#organization"},"potentialAction":[{"@type":"SearchAction","target":{"@type":"EntryPoint","urlTemplate":"https:\/\/medcor.com\/fr-ca\/?s={search_term_string}"},"query-input":{"@type":"PropertyValueSpecification","valueRequired":true,"valueName":"search_term_string"}}],"inLanguage":"fr-CA"},{"@type":"Organization","@id":"https:\/\/medcor.com\/fr-ca\/#organization","name":"Medcor","alternateName":"Medcor","url":"https:\/\/medcor.com\/fr-ca\/","logo":{"@type":"ImageObject","inLanguage":"fr-CA","@id":"https:\/\/medcor.com\/fr-ca\/#\/schema\/logo\/image\/","url":"https:\/\/medcor.com\/wp-content\/uploads\/2023\/08\/cropped-favicon.png","contentUrl":"https:\/\/medcor.com\/wp-content\/uploads\/2023\/08\/cropped-favicon.png","width":512,"height":512,"caption":"Medcor"},"image":{"@id":"https:\/\/medcor.com\/fr-ca\/#\/schema\/logo\/image\/"},"sameAs":["https:\/\/www.facebook.com\/Medcor\/","https:\/\/www.linkedin.com\/company\/medcor\/","https:\/\/www.instagram.com\/medcorclinics\/","https:\/\/vimeo.com\/medcorhealthnavigation"]}]}},"featured_image_url":"https:\/\/medcor.com\/wp-content\/uploads\/2023\/08\/iStock-1297709585-whoweare.jpg","featured_image_url_sizes":{"thumbnail":"https:\/\/medcor.com\/wp-content\/uploads\/2023\/08\/iStock-1297709585-whoweare-150x150.jpg","medium":"https:\/\/medcor.com\/wp-content\/uploads\/2023\/08\/iStock-1297709585-whoweare-300x83.jpg","medium_large":"https:\/\/medcor.com\/wp-content\/uploads\/2023\/08\/iStock-1297709585-whoweare-768x213.jpg","large":"https:\/\/medcor.com\/wp-content\/uploads\/2023\/08\/iStock-1297709585-whoweare-1024x284.jpg","default":{"url":"https:\/\/medcor.com\/wp-content\/uploads\/2023\/07\/Medcor-Canada-Logo-web.png"}},"service_type_color":null,"service_type_icon":null,"_links":{"self":[{"href":"https:\/\/medcor.com\/fr-ca\/wp-json\/wp\/v2\/pages\/20536","targetHints":{"allow":["GET"]}}],"collection":[{"href":"https:\/\/medcor.com\/fr-ca\/wp-json\/wp\/v2\/pages"}],"about":[{"href":"https:\/\/medcor.com\/fr-ca\/wp-json\/wp\/v2\/types\/page"}],"author":[{"embeddable":true,"href":"https:\/\/medcor.com\/fr-ca\/wp-json\/wp\/v2\/users\/1"}],"replies":[{"embeddable":true,"href":"https:\/\/medcor.com\/fr-ca\/wp-json\/wp\/v2\/comments?post=20536"}],"version-history":[{"count":6,"href":"https:\/\/medcor.com\/fr-ca\/wp-json\/wp\/v2\/pages\/20536\/revisions"}],"predecessor-version":[{"id":20705,"href":"https:\/\/medcor.com\/fr-ca\/wp-json\/wp\/v2\/pages\/20536\/revisions\/20705"}],"wp:featuredmedia":[{"embeddable":true,"href":"https:\/\/medcor.com\/fr-ca\/wp-json\/wp\/v2\/media\/18303"}],"wp:attachment":[{"href":"https:\/\/medcor.com\/fr-ca\/wp-json\/wp\/v2\/media?parent=20536"}],"wp:term":[{"taxonomy":"service_type","embeddable":true,"href":"https:\/\/medcor.com\/fr-ca\/wp-json\/wp\/v2\/service_type?post=20536"},{"taxonomy":"silo","embeddable":true,"href":"https:\/\/medcor.com\/fr-ca\/wp-json\/wp\/v2\/silo?post=20536"}],"curies":[{"name":"wp","href":"https:\/\/api.w.org\/{rel}","templated":true}]}}