{"id":20540,"date":"2023-11-14T14:41:12","date_gmt":"2023-11-14T22:41:12","guid":{"rendered":"https:\/\/medcor.com\/qui-sommes-nous\/direction\/"},"modified":"2023-11-20T15:56:26","modified_gmt":"2023-11-20T23:56:26","slug":"direction","status":"publish","type":"page","link":"https:\/\/medcor.com\/fr-ca\/qui-sommes-nous\/direction\/","title":{"rendered":"Direction"},"content":{"rendered":"\n\n<section class=\"alignfull wp-block-ns-subpage-banner\">\n            <img loading=\"lazy\" decoding=\"async\" width=\"2560\" height=\"1920\" src=\"https:\/\/medcor.com\/wp-content\/uploads\/2023\/10\/IMG_3014-scaled.jpg\" class=\"attachment-full size-full\" alt=\"Canada Headquarters\" srcset=\"https:\/\/medcor.com\/wp-content\/uploads\/2023\/10\/IMG_3014-scaled.jpg 2560w, https:\/\/medcor.com\/wp-content\/uploads\/2023\/10\/IMG_3014-300x225.jpg 300w, https:\/\/medcor.com\/wp-content\/uploads\/2023\/10\/IMG_3014-1024x768.jpg 1024w, https:\/\/medcor.com\/wp-content\/uploads\/2023\/10\/IMG_3014-768x576.jpg 768w, https:\/\/medcor.com\/wp-content\/uploads\/2023\/10\/IMG_3014-1536x1152.jpg 1536w, https:\/\/medcor.com\/wp-content\/uploads\/2023\/10\/IMG_3014-2048x1536.jpg 2048w, https:\/\/medcor.com\/wp-content\/uploads\/2023\/10\/IMG_3014-650x488.jpg 650w\" sizes=\"auto, (max-width: 2560px) 100vw, 2560px\" \/>    <\/section>\n\n\n\n<section class=\"alignfull wp-block-ns-content-detail\">\n    <div class=\"wp-block-ns-content-detail__columns\">\n        <div class=\"wp-block-ns-content-detail__content\">\n            \n<section class=\"wp-block-ns-content-detail__hero\">\n            <div class=\"wp-block-ns-content-detail__hero-eyebrow --eyebrow\">\n            NOTRE LEADERSHIP        <\/div>\n                <h1 class=\"wp-block-ns-content-detail__hero-headline --hl-xxl\">\n            L\u2019\u00e9quipe de direction d\u2019entreprise de Medcor Canada        <\/h1>\n        <div class=\"wp-block-ns-content-detail__hero-body --wizzy\">\n        \n\n<p>L&#8217;\u00e9quipe de direction de Medcor Canada supervise les fonctions commerciales de base dans l&#8217;ensemble de l&#8217;entreprise, alignant le travail de chaque d\u00e9partement sur les objectifs g\u00e9n\u00e9raux et garantissant l&#8217;int\u00e9grit\u00e9 de nos d\u00e9fenseurs. Ils montrent l\u2019exemple en d\u00e9fendant la mission, la culture et les valeurs de Medcor Canada.<\/p>\n\n    <\/div>\n    <\/section>\n\n        <\/div>\n        <div class=\"wp-block-ns-content-detail__sidebar\">\n                        \n\n        <\/div>\n    <\/div>\n<\/section>\n\n\n\n\n<p><\/p>\n\n\n\n\n\n<h2 class=\"wp-block-heading alignwide\"> Leadership d&#8217;entreprise de Medcor<\/h2>\n\n\n\n<h3 class=\"wp-block-heading alignwide has-text-align-left is-style-hl-xl has-red-color has-text-color\"><a href=\"https:\/\/medcor.com\/about-us\/leadership\/\">Voir le leadership Am\u00e9ricain<\/a><\/h3>\n\n\n\n<h2 class=\"wp-block-heading alignwide is-style-default\"><p id=\"tw-target-text\" class=\"tw-data-text tw-text-large tw-ta\" dir=\"ltr\" data-placeholder=\"Translation\" data-ved=\"2ahUKEwiegu3ficSCAxXTO0QIHSNlCUMQ3ewLegQIBRAQ\"><\/p><p id=\"tw-target-text\" class=\"tw-data-text tw-text-large tw-ta\" dir=\"ltr\" data-placeholder=\"Translation\" data-ved=\"2ahUKEwiegu3ficSCAxXTO0QIHSNlCUMQ3ewLegQIBRAQ\"><\/p><\/h2>\n","protected":false},"excerpt":{"rendered":"<p>Leadership d&#8217;entreprise de Medcor Voir le leadership Am\u00e9ricain<\/p>\n","protected":false},"author":1,"featured_media":1081,"parent":0,"menu_order":0,"comment_status":"closed","ping_status":"closed","template":"","meta":{"pageFeaturedColor":"","pageIcon":"","footnotes":""},"service_type":[],"silo":[],"class_list":["post-20540","page","type-page","status-publish","has-post-thumbnail","hentry"],"yoast_head":"<!-- This site is optimized with the Yoast SEO plugin v27.1.1 - https:\/\/yoast.com\/product\/yoast-seo-wordpress\/ -->\n<title>Notre direction | Medcor Canada<\/title>\n<meta name=\"description\" content=\"L&#039;\u00e9quipe de direction de Medcor Canada guide la strat\u00e9gie globale, les normes et les politiques tout en servant d&#039;exemple pour vivre notre mission, notre culture et nos valeurs.\" \/>\n<meta name=\"robots\" content=\"index, follow, max-snippet:-1, max-image-preview:large, max-video-preview:-1\" \/>\n<link rel=\"canonical\" href=\"https:\/\/medcor.com\/fr-ca\/qui-sommes-nous\/direction\/\" \/>\n<meta property=\"og:locale\" content=\"fr_CA\" \/>\n<meta property=\"og:type\" content=\"article\" \/>\n<meta property=\"og:title\" content=\"Notre direction | Medcor Canada\" \/>\n<meta property=\"og:description\" content=\"L&#039;\u00e9quipe de direction de Medcor Canada guide la strat\u00e9gie globale, les normes et les politiques tout en servant d&#039;exemple pour vivre notre mission, notre culture et nos valeurs.\" \/>\n<meta property=\"og:url\" content=\"https:\/\/medcor.com\/fr-ca\/qui-sommes-nous\/direction\/\" \/>\n<meta property=\"og:site_name\" content=\"Medcor\" \/>\n<meta property=\"article:publisher\" content=\"https:\/\/www.facebook.com\/Medcor\/\" \/>\n<meta property=\"article:modified_time\" content=\"2023-11-20T23:56:26+00:00\" \/>\n<meta property=\"og:image\" content=\"https:\/\/medcor.com\/wp-content\/uploads\/2023\/07\/contact-medcor.webp\" \/>\n\t<meta property=\"og:image:width\" content=\"2160\" \/>\n\t<meta property=\"og:image:height\" content=\"601\" \/>\n\t<meta property=\"og:image:type\" content=\"image\/webp\" \/>\n<meta name=\"twitter:card\" content=\"summary_large_image\" \/>\n<meta name=\"twitter:label1\" content=\"Est. reading time\" \/>\n\t<meta name=\"twitter:data1\" content=\"1 minute\" \/>\n<script type=\"application\/ld+json\" class=\"yoast-schema-graph\">{\"@context\":\"https:\/\/schema.org\",\"@graph\":[{\"@type\":\"WebPage\",\"@id\":\"https:\/\/medcor.com\/fr-ca\/qui-sommes-nous\/direction\/\",\"url\":\"https:\/\/medcor.com\/fr-ca\/qui-sommes-nous\/direction\/\",\"name\":\"Notre direction | Medcor Canada\",\"isPartOf\":{\"@id\":\"https:\/\/medcor.com\/fr-ca\/#website\"},\"primaryImageOfPage\":{\"@id\":\"https:\/\/medcor.com\/fr-ca\/qui-sommes-nous\/direction\/#primaryimage\"},\"image\":{\"@id\":\"https:\/\/medcor.com\/fr-ca\/qui-sommes-nous\/direction\/#primaryimage\"},\"thumbnailUrl\":\"https:\/\/medcor.com\/wp-content\/uploads\/2023\/07\/contact-medcor.webp\",\"datePublished\":\"2023-11-14T22:41:12+00:00\",\"dateModified\":\"2023-11-20T23:56:26+00:00\",\"description\":\"L'\u00e9quipe de direction de Medcor Canada guide la strat\u00e9gie globale, les normes et les politiques tout en servant d'exemple pour vivre notre mission, notre culture et nos valeurs.\",\"breadcrumb\":{\"@id\":\"https:\/\/medcor.com\/fr-ca\/qui-sommes-nous\/direction\/#breadcrumb\"},\"inLanguage\":\"fr-CA\",\"potentialAction\":[{\"@type\":\"ReadAction\",\"target\":[\"https:\/\/medcor.com\/fr-ca\/qui-sommes-nous\/direction\/\"]}]},{\"@type\":\"ImageObject\",\"inLanguage\":\"fr-CA\",\"@id\":\"https:\/\/medcor.com\/fr-ca\/qui-sommes-nous\/direction\/#primaryimage\",\"url\":\"https:\/\/medcor.com\/wp-content\/uploads\/2023\/07\/contact-medcor.webp\",\"contentUrl\":\"https:\/\/medcor.com\/wp-content\/uploads\/2023\/07\/contact-medcor.webp\",\"width\":2160,\"height\":601,\"caption\":\"contact medcor\"},{\"@type\":\"BreadcrumbList\",\"@id\":\"https:\/\/medcor.com\/fr-ca\/qui-sommes-nous\/direction\/#breadcrumb\",\"itemListElement\":[{\"@type\":\"ListItem\",\"position\":1,\"name\":\"Home\",\"item\":\"https:\/\/medcor.com\/fr-ca\/\"},{\"@type\":\"ListItem\",\"position\":2,\"name\":\"Direction\"}]},{\"@type\":\"WebSite\",\"@id\":\"https:\/\/medcor.com\/fr-ca\/#website\",\"url\":\"https:\/\/medcor.com\/fr-ca\/\",\"name\":\"Medcor\",\"description\":\"Simplifying Healthcare For Employers\",\"publisher\":{\"@id\":\"https:\/\/medcor.com\/fr-ca\/#organization\"},\"potentialAction\":[{\"@type\":\"SearchAction\",\"target\":{\"@type\":\"EntryPoint\",\"urlTemplate\":\"https:\/\/medcor.com\/fr-ca\/?s={search_term_string}\"},\"query-input\":{\"@type\":\"PropertyValueSpecification\",\"valueRequired\":true,\"valueName\":\"search_term_string\"}}],\"inLanguage\":\"fr-CA\"},{\"@type\":\"Organization\",\"@id\":\"https:\/\/medcor.com\/fr-ca\/#organization\",\"name\":\"Medcor\",\"alternateName\":\"Medcor\",\"url\":\"https:\/\/medcor.com\/fr-ca\/\",\"logo\":{\"@type\":\"ImageObject\",\"inLanguage\":\"fr-CA\",\"@id\":\"https:\/\/medcor.com\/fr-ca\/#\/schema\/logo\/image\/\",\"url\":\"https:\/\/medcor.com\/wp-content\/uploads\/2023\/08\/cropped-favicon.png\",\"contentUrl\":\"https:\/\/medcor.com\/wp-content\/uploads\/2023\/08\/cropped-favicon.png\",\"width\":512,\"height\":512,\"caption\":\"Medcor\"},\"image\":{\"@id\":\"https:\/\/medcor.com\/fr-ca\/#\/schema\/logo\/image\/\"},\"sameAs\":[\"https:\/\/www.facebook.com\/Medcor\/\",\"https:\/\/www.linkedin.com\/company\/medcor\/\",\"https:\/\/www.instagram.com\/medcorclinics\/\",\"https:\/\/vimeo.com\/medcorhealthnavigation\"]}]}<\/script>\n<!-- \/ Yoast SEO plugin. -->","yoast_head_json":{"title":"Notre direction | Medcor Canada","description":"L'\u00e9quipe de direction de Medcor Canada guide la strat\u00e9gie globale, les normes et les politiques tout en servant d'exemple pour vivre notre mission, notre culture et nos valeurs.","robots":{"index":"index","follow":"follow","max-snippet":"max-snippet:-1","max-image-preview":"max-image-preview:large","max-video-preview":"max-video-preview:-1"},"canonical":"https:\/\/medcor.com\/fr-ca\/qui-sommes-nous\/direction\/","og_locale":"fr_CA","og_type":"article","og_title":"Notre direction | Medcor Canada","og_description":"L'\u00e9quipe de direction de Medcor Canada guide la strat\u00e9gie globale, les normes et les politiques tout en servant d'exemple pour vivre notre mission, notre culture et nos valeurs.","og_url":"https:\/\/medcor.com\/fr-ca\/qui-sommes-nous\/direction\/","og_site_name":"Medcor","article_publisher":"https:\/\/www.facebook.com\/Medcor\/","article_modified_time":"2023-11-20T23:56:26+00:00","og_image":[{"width":2160,"height":601,"url":"https:\/\/medcor.com\/wp-content\/uploads\/2023\/07\/contact-medcor.webp","type":"image\/webp"}],"twitter_card":"summary_large_image","twitter_misc":{"Est. reading time":"1 minute"},"schema":{"@context":"https:\/\/schema.org","@graph":[{"@type":"WebPage","@id":"https:\/\/medcor.com\/fr-ca\/qui-sommes-nous\/direction\/","url":"https:\/\/medcor.com\/fr-ca\/qui-sommes-nous\/direction\/","name":"Notre direction | Medcor Canada","isPartOf":{"@id":"https:\/\/medcor.com\/fr-ca\/#website"},"primaryImageOfPage":{"@id":"https:\/\/medcor.com\/fr-ca\/qui-sommes-nous\/direction\/#primaryimage"},"image":{"@id":"https:\/\/medcor.com\/fr-ca\/qui-sommes-nous\/direction\/#primaryimage"},"thumbnailUrl":"https:\/\/medcor.com\/wp-content\/uploads\/2023\/07\/contact-medcor.webp","datePublished":"2023-11-14T22:41:12+00:00","dateModified":"2023-11-20T23:56:26+00:00","description":"L'\u00e9quipe de direction de Medcor Canada guide la strat\u00e9gie globale, les normes et les politiques tout en servant d'exemple pour vivre notre mission, notre culture et nos valeurs.","breadcrumb":{"@id":"https:\/\/medcor.com\/fr-ca\/qui-sommes-nous\/direction\/#breadcrumb"},"inLanguage":"fr-CA","potentialAction":[{"@type":"ReadAction","target":["https:\/\/medcor.com\/fr-ca\/qui-sommes-nous\/direction\/"]}]},{"@type":"ImageObject","inLanguage":"fr-CA","@id":"https:\/\/medcor.com\/fr-ca\/qui-sommes-nous\/direction\/#primaryimage","url":"https:\/\/medcor.com\/wp-content\/uploads\/2023\/07\/contact-medcor.webp","contentUrl":"https:\/\/medcor.com\/wp-content\/uploads\/2023\/07\/contact-medcor.webp","width":2160,"height":601,"caption":"contact medcor"},{"@type":"BreadcrumbList","@id":"https:\/\/medcor.com\/fr-ca\/qui-sommes-nous\/direction\/#breadcrumb","itemListElement":[{"@type":"ListItem","position":1,"name":"Home","item":"https:\/\/medcor.com\/fr-ca\/"},{"@type":"ListItem","position":2,"name":"Direction"}]},{"@type":"WebSite","@id":"https:\/\/medcor.com\/fr-ca\/#website","url":"https:\/\/medcor.com\/fr-ca\/","name":"Medcor","description":"Simplifying Healthcare For Employers","publisher":{"@id":"https:\/\/medcor.com\/fr-ca\/#organization"},"potentialAction":[{"@type":"SearchAction","target":{"@type":"EntryPoint","urlTemplate":"https:\/\/medcor.com\/fr-ca\/?s={search_term_string}"},"query-input":{"@type":"PropertyValueSpecification","valueRequired":true,"valueName":"search_term_string"}}],"inLanguage":"fr-CA"},{"@type":"Organization","@id":"https:\/\/medcor.com\/fr-ca\/#organization","name":"Medcor","alternateName":"Medcor","url":"https:\/\/medcor.com\/fr-ca\/","logo":{"@type":"ImageObject","inLanguage":"fr-CA","@id":"https:\/\/medcor.com\/fr-ca\/#\/schema\/logo\/image\/","url":"https:\/\/medcor.com\/wp-content\/uploads\/2023\/08\/cropped-favicon.png","contentUrl":"https:\/\/medcor.com\/wp-content\/uploads\/2023\/08\/cropped-favicon.png","width":512,"height":512,"caption":"Medcor"},"image":{"@id":"https:\/\/medcor.com\/fr-ca\/#\/schema\/logo\/image\/"},"sameAs":["https:\/\/www.facebook.com\/Medcor\/","https:\/\/www.linkedin.com\/company\/medcor\/","https:\/\/www.instagram.com\/medcorclinics\/","https:\/\/vimeo.com\/medcorhealthnavigation"]}]}},"featured_image_url":"https:\/\/medcor.com\/wp-content\/uploads\/2023\/07\/contact-medcor.webp","featured_image_url_sizes":{"thumbnail":"https:\/\/medcor.com\/wp-content\/uploads\/2023\/07\/contact-medcor-150x150.webp","medium":"https:\/\/medcor.com\/wp-content\/uploads\/2023\/07\/contact-medcor-300x83.webp","medium_large":"https:\/\/medcor.com\/wp-content\/uploads\/2023\/07\/contact-medcor-768x214.webp","large":"https:\/\/medcor.com\/wp-content\/uploads\/2023\/07\/contact-medcor-1024x285.webp","default":{"url":"https:\/\/medcor.com\/wp-content\/uploads\/2023\/07\/Medcor-Canada-Logo-web.png"}},"service_type_color":null,"service_type_icon":null,"_links":{"self":[{"href":"https:\/\/medcor.com\/fr-ca\/wp-json\/wp\/v2\/pages\/20540","targetHints":{"allow":["GET"]}}],"collection":[{"href":"https:\/\/medcor.com\/fr-ca\/wp-json\/wp\/v2\/pages"}],"about":[{"href":"https:\/\/medcor.com\/fr-ca\/wp-json\/wp\/v2\/types\/page"}],"author":[{"embeddable":true,"href":"https:\/\/medcor.com\/fr-ca\/wp-json\/wp\/v2\/users\/1"}],"replies":[{"embeddable":true,"href":"https:\/\/medcor.com\/fr-ca\/wp-json\/wp\/v2\/comments?post=20540"}],"version-history":[{"count":9,"href":"https:\/\/medcor.com\/fr-ca\/wp-json\/wp\/v2\/pages\/20540\/revisions"}],"predecessor-version":[{"id":20738,"href":"https:\/\/medcor.com\/fr-ca\/wp-json\/wp\/v2\/pages\/20540\/revisions\/20738"}],"wp:featuredmedia":[{"embeddable":true,"href":"https:\/\/medcor.com\/fr-ca\/wp-json\/wp\/v2\/media\/1081"}],"wp:attachment":[{"href":"https:\/\/medcor.com\/fr-ca\/wp-json\/wp\/v2\/media?parent=20540"}],"wp:term":[{"taxonomy":"service_type","embeddable":true,"href":"https:\/\/medcor.com\/fr-ca\/wp-json\/wp\/v2\/service_type?post=20540"},{"taxonomy":"silo","embeddable":true,"href":"https:\/\/medcor.com\/fr-ca\/wp-json\/wp\/v2\/silo?post=20540"}],"curies":[{"name":"wp","href":"https:\/\/api.w.org\/{rel}","templated":true}]}}