{"id":20560,"date":"2023-11-14T17:15:36","date_gmt":"2023-11-15T01:15:36","guid":{"rendered":"https:\/\/medcor.com\/?page_id=20560"},"modified":"2023-11-20T17:20:14","modified_gmt":"2023-11-21T01:20:14","slug":"solutions-de-securite","status":"publish","type":"page","link":"https:\/\/medcor.com\/fr-ca\/ce-que-nous-faisons\/solutions-de-securite\/","title":{"rendered":"Solutions de S\u00e9curit\u00e9"},"content":{"rendered":"\n<section class=\"alignfull wp-block-ns-inner-page-hero\">\n    <div class=\"wp-block-ns-inner-page-hero__grid\">\n        <div class=\"wp-block-ns-inner-page-hero__body-col\">\n                            <div class=\"wp-block-ns-inner-page-hero__eyebrow --eyebrow\">\n                    Solutions de s\u00e9curit\u00e9 en mati\u00e8re de construction                <\/div>\n                        <h1 class=\"wp-block-ns-inner-page-hero__headline --hl-xxl\">\n                Solutions de S\u00e9curit\u00e9            <\/h1>\n\n            <div class=\"wp-block-ns-inner-page-hero__intro --wizzy\">\n                \n\n<p>Les centres de traitement mobiles de Medcor Canada fournissent des soins sur demande aux travailleurs sur le lieu de travail. Les unit\u00e9s de sant\u00e9 mobiles apportent des services sur le lieu o\u00f9 se trouvent les employ\u00e9s bless\u00e9s au moment de l&#8217;incident.<\/p>\n\n            <\/div>\n                            <div class=\"wp-block-ns-inner-page-hero__ctas\">\n                    <a class=\"wp-block-ns-inner-page-hero__cta --primary\" href=\"https:\/\/medcor.com\/fr-ca\/contact\/\">Nous contacter<\/a>                    <a class=\"wp-block-ns-inner-page-hero__cta --secondary\" href=\"https:\/\/medcor.com\/fr-ca\/ce-que-nous-faisons\/\">Nos activit\u00e9s<\/a>                <\/div>\n                    <\/div>\n        <div class=\"wp-block-ns-inner-page-hero__image-col\">\n            <div class=\"wp-block-ns-inner-page-hero__image-wrap\" style=\"--ns-imageCropPosition: center center;\">\n                <img loading=\"lazy\" decoding=\"async\" width=\"1024\" height=\"683\" src=\"https:\/\/medcor.com\/wp-content\/uploads\/2023\/11\/iStock-922658370-1024x683.jpg\" class=\"attachment-large size-large\" alt=\"Big industrial infrastructure among mountains in Canada\" srcset=\"https:\/\/medcor.com\/wp-content\/uploads\/2023\/11\/iStock-922658370-1024x683.jpg 1024w, https:\/\/medcor.com\/wp-content\/uploads\/2023\/11\/iStock-922658370-300x200.jpg 300w, https:\/\/medcor.com\/wp-content\/uploads\/2023\/11\/iStock-922658370-768x512.jpg 768w, https:\/\/medcor.com\/wp-content\/uploads\/2023\/11\/iStock-922658370-1536x1024.jpg 1536w, https:\/\/medcor.com\/wp-content\/uploads\/2023\/11\/iStock-922658370-2048x1365.jpg 2048w, https:\/\/medcor.com\/wp-content\/uploads\/2023\/11\/iStock-922658370-650x433.jpg 650w\" sizes=\"auto, (max-width: 1024px) 100vw, 1024px\" \/>            <\/div>\n        <\/div>\n    <\/div>\n<\/section>\n\n\n\n<div style=\"height:27px\" aria-hidden=\"true\" class=\"wp-block-spacer\"><\/div>\n\n\n\n<h2 class=\"wp-block-heading is-style-hl-l\">R\u00e9duire les risques gr\u00e2ce \u00e0 la s\u00e9curit\u00e9 en mati\u00e8re de construction<\/h2>\n\n\n\n<p>Les <a href=\"https:\/\/medcor.com\/fr-ca\/comment-nous-aidons\/solutions-sur-site\/\">cliniques sur site<\/a> de Medcor Canada augmente le bien-\u00eatre et la productivit\u00e9 des employ\u00e9s gr\u00e2ce \u00e0 des soins de qualit\u00e9 accessibles, tout en r\u00e9duisant les risques gr\u00e2ce \u00e0 une diminution des renvois et des r\u00e9clamations inutiles. Le fait d&#8217;\u00eatre sur place assure un acc\u00e8s pratique aux employ\u00e9s et r\u00e9duit leur temps d\u2019absence du travail pour des raisons de soins.<\/p>\n\n\n\n<section class=\"alignfull --right-image wp-block-ns-side-media\">\n    <div class=\"wp-block-ns-side-media__image-col  --has-min-height\" style=\"--ns-imageCropPosition: center center;\">\n        <img loading=\"lazy\" decoding=\"async\" width=\"1024\" height=\"682\" src=\"https:\/\/medcor.com\/wp-content\/uploads\/2023\/07\/construction-safety-consultant-1024x682.jpg\" class=\"attachment-large size-large\" alt=\"osha safety\" srcset=\"https:\/\/medcor.com\/wp-content\/uploads\/2023\/07\/construction-safety-consultant-1024x682.jpg 1024w, https:\/\/medcor.com\/wp-content\/uploads\/2023\/07\/construction-safety-consultant-300x200.jpg 300w, https:\/\/medcor.com\/wp-content\/uploads\/2023\/07\/construction-safety-consultant-768x512.jpg 768w, https:\/\/medcor.com\/wp-content\/uploads\/2023\/07\/construction-safety-consultant-650x433.jpg 650w, https:\/\/medcor.com\/wp-content\/uploads\/2023\/07\/construction-safety-consultant.jpg 1400w\" sizes=\"auto, (max-width: 1024px) 100vw, 1024px\" \/>    <\/div>\n    <div class=\"wp-block-ns-side-media__body-col\">\n                            <h3 class=\"wp-block-ns-side-media__headline --hl-l\">\n                We are Your Staffing Solution            <\/h3>\n                <div class=\"wp-block-ns-side-media__body\">\n            \n\n<p>Lorsque vous serez pr\u00eat \u00e0 discuter avec nous de la mise en place d&#8217;une \u00e9quipe de sp\u00e9cialistes de la s\u00e9curit\u00e9, voici ce dont nous aurons besoin pour commencer. Ces informations nous permettront d&#8217;identifier rapidement le bon sp\u00e9cialiste qui travaillera avec votre \u00e9quipe.<\/p>\n\n\n\n<p><strong>\u00cates-vous pr\u00eat ?<\/strong><\/p>\n\n\n\n<ul class=\"wp-block-list\">\n<li>Type de travail<\/li>\n\n\n\n<li>Lieu du travail<\/li>\n\n\n\n<li>Date de d\u00e9but<\/li>\n\n\n\n<li>Dur\u00e9e approximative du projet<\/li>\n\n\n\n<li>Horaire (heures par semaine)<\/li>\n\n\n\n<li>Par jour<\/li>\n<\/ul>\n\n        <\/div>\n        <a class=\"wp-block-ns-side-media__cta\" href=\"https:\/\/medcor.com\/fr-ca\/contact\/\">Nous contacter<\/a>    <\/div>\n<\/section>\n","protected":false},"excerpt":{"rendered":"<p>R\u00e9duire les risques gr\u00e2ce \u00e0 la s\u00e9curit\u00e9 en mati\u00e8re de construction Les cliniques sur site de Medcor Canada augmente le bien-\u00eatre et la productivit\u00e9 des &hellip;<\/p>\n","protected":false},"author":1,"featured_media":20261,"parent":0,"menu_order":0,"comment_status":"closed","ping_status":"closed","template":"","meta":{"pageFeaturedColor":"","pageIcon":"","footnotes":""},"service_type":[1180],"silo":[],"class_list":["post-20560","page","type-page","status-publish","has-post-thumbnail","hentry"],"yoast_head":"<!-- This site is optimized with the Yoast SEO plugin v27.4 - https:\/\/yoast.com\/product\/yoast-seo-wordpress\/ -->\n<title>Solutions de s\u00e9curit\u00e9 en mati\u00e8re de construction | Medcor Canada<\/title>\n<meta name=\"description\" content=\"Les consultants en s\u00e9curit\u00e9 en mati\u00e8re de construction de Medcor comprennent les r\u00e9glementations relatives \u00e0 la s\u00e9curit\u00e9 en mati\u00e8re de construction, r\u00e9duisant ainsi vos co\u00fbts, vos r\u00e9clamations et vos dossiers enregistrables.\" \/>\n<meta name=\"robots\" content=\"index, follow, max-snippet:-1, max-image-preview:large, max-video-preview:-1\" \/>\n<link rel=\"canonical\" href=\"https:\/\/medcor.com\/fr-ca\/ce-que-nous-faisons\/solutions-de-securite\/\" \/>\n<meta property=\"og:locale\" content=\"fr_CA\" \/>\n<meta property=\"og:type\" content=\"article\" \/>\n<meta property=\"og:title\" content=\"Solutions de s\u00e9curit\u00e9 en mati\u00e8re de construction | Medcor Canada\" \/>\n<meta property=\"og:description\" content=\"Les consultants en s\u00e9curit\u00e9 en mati\u00e8re de construction de Medcor comprennent les r\u00e9glementations relatives \u00e0 la s\u00e9curit\u00e9 en mati\u00e8re de construction, r\u00e9duisant ainsi vos co\u00fbts, vos r\u00e9clamations et vos dossiers enregistrables.\" \/>\n<meta property=\"og:url\" content=\"https:\/\/medcor.com\/fr-ca\/ce-que-nous-faisons\/solutions-de-securite\/\" \/>\n<meta property=\"og:site_name\" content=\"Medcor\" \/>\n<meta property=\"article:publisher\" content=\"https:\/\/www.facebook.com\/Medcor\/\" \/>\n<meta property=\"article:modified_time\" content=\"2023-11-21T01:20:14+00:00\" \/>\n<meta property=\"og:image\" content=\"https:\/\/medcor.com\/wp-content\/uploads\/2023\/11\/iStock-922658370-1024x683.jpg\" \/>\n\t<meta property=\"og:image:width\" content=\"1024\" \/>\n\t<meta property=\"og:image:height\" content=\"683\" \/>\n\t<meta property=\"og:image:type\" content=\"image\/jpeg\" \/>\n<meta name=\"twitter:card\" content=\"summary_large_image\" \/>\n<meta name=\"twitter:label1\" content=\"Est. reading time\" \/>\n\t<meta name=\"twitter:data1\" content=\"1 minute\" \/>\n<script type=\"application\/ld+json\" class=\"yoast-schema-graph\">{\"@context\":\"https:\\\/\\\/schema.org\",\"@graph\":[{\"@type\":\"WebPage\",\"@id\":\"https:\\\/\\\/medcor.com\\\/fr-ca\\\/ce-que-nous-faisons\\\/solutions-de-securite\\\/\",\"url\":\"https:\\\/\\\/medcor.com\\\/fr-ca\\\/ce-que-nous-faisons\\\/solutions-de-securite\\\/\",\"name\":\"Solutions de s\u00e9curit\u00e9 en mati\u00e8re de construction | Medcor Canada\",\"isPartOf\":{\"@id\":\"https:\\\/\\\/medcor.com\\\/fr-ca\\\/#website\"},\"primaryImageOfPage\":{\"@id\":\"https:\\\/\\\/medcor.com\\\/fr-ca\\\/ce-que-nous-faisons\\\/solutions-de-securite\\\/#primaryimage\"},\"image\":{\"@id\":\"https:\\\/\\\/medcor.com\\\/fr-ca\\\/ce-que-nous-faisons\\\/solutions-de-securite\\\/#primaryimage\"},\"thumbnailUrl\":\"https:\\\/\\\/medcor.com\\\/wp-content\\\/uploads\\\/2023\\\/11\\\/iStock-922658370.jpg\",\"datePublished\":\"2023-11-15T01:15:36+00:00\",\"dateModified\":\"2023-11-21T01:20:14+00:00\",\"description\":\"Les consultants en s\u00e9curit\u00e9 en mati\u00e8re de construction de Medcor comprennent les r\u00e9glementations relatives \u00e0 la s\u00e9curit\u00e9 en mati\u00e8re de construction, r\u00e9duisant ainsi vos co\u00fbts, vos r\u00e9clamations et vos dossiers enregistrables.\",\"breadcrumb\":{\"@id\":\"https:\\\/\\\/medcor.com\\\/fr-ca\\\/ce-que-nous-faisons\\\/solutions-de-securite\\\/#breadcrumb\"},\"inLanguage\":\"fr-CA\",\"potentialAction\":[{\"@type\":\"ReadAction\",\"target\":[\"https:\\\/\\\/medcor.com\\\/fr-ca\\\/ce-que-nous-faisons\\\/solutions-de-securite\\\/\"]}]},{\"@type\":\"ImageObject\",\"inLanguage\":\"fr-CA\",\"@id\":\"https:\\\/\\\/medcor.com\\\/fr-ca\\\/ce-que-nous-faisons\\\/solutions-de-securite\\\/#primaryimage\",\"url\":\"https:\\\/\\\/medcor.com\\\/wp-content\\\/uploads\\\/2023\\\/11\\\/iStock-922658370.jpg\",\"contentUrl\":\"https:\\\/\\\/medcor.com\\\/wp-content\\\/uploads\\\/2023\\\/11\\\/iStock-922658370.jpg\",\"width\":2121,\"height\":1414,\"caption\":\"Big industrial infrastructure among mountains in Alberta, Canada\"},{\"@type\":\"BreadcrumbList\",\"@id\":\"https:\\\/\\\/medcor.com\\\/fr-ca\\\/ce-que-nous-faisons\\\/solutions-de-securite\\\/#breadcrumb\",\"itemListElement\":[{\"@type\":\"ListItem\",\"position\":1,\"name\":\"Home\",\"item\":\"https:\\\/\\\/medcor.com\\\/fr-ca\\\/\"},{\"@type\":\"ListItem\",\"position\":2,\"name\":\"Solutions de S\u00e9curit\u00e9\"}]},{\"@type\":\"WebSite\",\"@id\":\"https:\\\/\\\/medcor.com\\\/fr-ca\\\/#website\",\"url\":\"https:\\\/\\\/medcor.com\\\/fr-ca\\\/\",\"name\":\"Medcor\",\"description\":\"Simplifying Healthcare For Employers\",\"publisher\":{\"@id\":\"https:\\\/\\\/medcor.com\\\/fr-ca\\\/#organization\"},\"potentialAction\":[{\"@type\":\"SearchAction\",\"target\":{\"@type\":\"EntryPoint\",\"urlTemplate\":\"https:\\\/\\\/medcor.com\\\/fr-ca\\\/?s={search_term_string}\"},\"query-input\":{\"@type\":\"PropertyValueSpecification\",\"valueRequired\":true,\"valueName\":\"search_term_string\"}}],\"inLanguage\":\"fr-CA\"},{\"@type\":\"Organization\",\"@id\":\"https:\\\/\\\/medcor.com\\\/fr-ca\\\/#organization\",\"name\":\"Medcor\",\"alternateName\":\"Medcor\",\"url\":\"https:\\\/\\\/medcor.com\\\/fr-ca\\\/\",\"logo\":{\"@type\":\"ImageObject\",\"inLanguage\":\"fr-CA\",\"@id\":\"https:\\\/\\\/medcor.com\\\/fr-ca\\\/#\\\/schema\\\/logo\\\/image\\\/\",\"url\":\"https:\\\/\\\/medcor.com\\\/wp-content\\\/uploads\\\/2023\\\/08\\\/cropped-favicon.png\",\"contentUrl\":\"https:\\\/\\\/medcor.com\\\/wp-content\\\/uploads\\\/2023\\\/08\\\/cropped-favicon.png\",\"width\":512,\"height\":512,\"caption\":\"Medcor\"},\"image\":{\"@id\":\"https:\\\/\\\/medcor.com\\\/fr-ca\\\/#\\\/schema\\\/logo\\\/image\\\/\"},\"sameAs\":[\"https:\\\/\\\/www.facebook.com\\\/Medcor\\\/\",\"https:\\\/\\\/www.linkedin.com\\\/company\\\/medcor\\\/\",\"https:\\\/\\\/www.instagram.com\\\/medcorclinics\\\/\",\"https:\\\/\\\/vimeo.com\\\/medcorhealthnavigation\"]}]}<\/script>\n<!-- \/ Yoast SEO plugin. -->","yoast_head_json":{"title":"Solutions de s\u00e9curit\u00e9 en mati\u00e8re de construction | Medcor Canada","description":"Les consultants en s\u00e9curit\u00e9 en mati\u00e8re de construction de Medcor comprennent les r\u00e9glementations relatives \u00e0 la s\u00e9curit\u00e9 en mati\u00e8re de construction, r\u00e9duisant ainsi vos co\u00fbts, vos r\u00e9clamations et vos dossiers enregistrables.","robots":{"index":"index","follow":"follow","max-snippet":"max-snippet:-1","max-image-preview":"max-image-preview:large","max-video-preview":"max-video-preview:-1"},"canonical":"https:\/\/medcor.com\/fr-ca\/ce-que-nous-faisons\/solutions-de-securite\/","og_locale":"fr_CA","og_type":"article","og_title":"Solutions de s\u00e9curit\u00e9 en mati\u00e8re de construction | Medcor Canada","og_description":"Les consultants en s\u00e9curit\u00e9 en mati\u00e8re de construction de Medcor comprennent les r\u00e9glementations relatives \u00e0 la s\u00e9curit\u00e9 en mati\u00e8re de construction, r\u00e9duisant ainsi vos co\u00fbts, vos r\u00e9clamations et vos dossiers enregistrables.","og_url":"https:\/\/medcor.com\/fr-ca\/ce-que-nous-faisons\/solutions-de-securite\/","og_site_name":"Medcor","article_publisher":"https:\/\/www.facebook.com\/Medcor\/","article_modified_time":"2023-11-21T01:20:14+00:00","og_image":[{"width":1024,"height":683,"url":"https:\/\/medcor.com\/wp-content\/uploads\/2023\/11\/iStock-922658370-1024x683.jpg","type":"image\/jpeg"}],"twitter_card":"summary_large_image","twitter_misc":{"Est. reading time":"1 minute"},"schema":{"@context":"https:\/\/schema.org","@graph":[{"@type":"WebPage","@id":"https:\/\/medcor.com\/fr-ca\/ce-que-nous-faisons\/solutions-de-securite\/","url":"https:\/\/medcor.com\/fr-ca\/ce-que-nous-faisons\/solutions-de-securite\/","name":"Solutions de s\u00e9curit\u00e9 en mati\u00e8re de construction | Medcor Canada","isPartOf":{"@id":"https:\/\/medcor.com\/fr-ca\/#website"},"primaryImageOfPage":{"@id":"https:\/\/medcor.com\/fr-ca\/ce-que-nous-faisons\/solutions-de-securite\/#primaryimage"},"image":{"@id":"https:\/\/medcor.com\/fr-ca\/ce-que-nous-faisons\/solutions-de-securite\/#primaryimage"},"thumbnailUrl":"https:\/\/medcor.com\/wp-content\/uploads\/2023\/11\/iStock-922658370.jpg","datePublished":"2023-11-15T01:15:36+00:00","dateModified":"2023-11-21T01:20:14+00:00","description":"Les consultants en s\u00e9curit\u00e9 en mati\u00e8re de construction de Medcor comprennent les r\u00e9glementations relatives \u00e0 la s\u00e9curit\u00e9 en mati\u00e8re de construction, r\u00e9duisant ainsi vos co\u00fbts, vos r\u00e9clamations et vos dossiers enregistrables.","breadcrumb":{"@id":"https:\/\/medcor.com\/fr-ca\/ce-que-nous-faisons\/solutions-de-securite\/#breadcrumb"},"inLanguage":"fr-CA","potentialAction":[{"@type":"ReadAction","target":["https:\/\/medcor.com\/fr-ca\/ce-que-nous-faisons\/solutions-de-securite\/"]}]},{"@type":"ImageObject","inLanguage":"fr-CA","@id":"https:\/\/medcor.com\/fr-ca\/ce-que-nous-faisons\/solutions-de-securite\/#primaryimage","url":"https:\/\/medcor.com\/wp-content\/uploads\/2023\/11\/iStock-922658370.jpg","contentUrl":"https:\/\/medcor.com\/wp-content\/uploads\/2023\/11\/iStock-922658370.jpg","width":2121,"height":1414,"caption":"Big industrial infrastructure among mountains in Alberta, Canada"},{"@type":"BreadcrumbList","@id":"https:\/\/medcor.com\/fr-ca\/ce-que-nous-faisons\/solutions-de-securite\/#breadcrumb","itemListElement":[{"@type":"ListItem","position":1,"name":"Home","item":"https:\/\/medcor.com\/fr-ca\/"},{"@type":"ListItem","position":2,"name":"Solutions de S\u00e9curit\u00e9"}]},{"@type":"WebSite","@id":"https:\/\/medcor.com\/fr-ca\/#website","url":"https:\/\/medcor.com\/fr-ca\/","name":"Medcor","description":"Simplifying Healthcare For Employers","publisher":{"@id":"https:\/\/medcor.com\/fr-ca\/#organization"},"potentialAction":[{"@type":"SearchAction","target":{"@type":"EntryPoint","urlTemplate":"https:\/\/medcor.com\/fr-ca\/?s={search_term_string}"},"query-input":{"@type":"PropertyValueSpecification","valueRequired":true,"valueName":"search_term_string"}}],"inLanguage":"fr-CA"},{"@type":"Organization","@id":"https:\/\/medcor.com\/fr-ca\/#organization","name":"Medcor","alternateName":"Medcor","url":"https:\/\/medcor.com\/fr-ca\/","logo":{"@type":"ImageObject","inLanguage":"fr-CA","@id":"https:\/\/medcor.com\/fr-ca\/#\/schema\/logo\/image\/","url":"https:\/\/medcor.com\/wp-content\/uploads\/2023\/08\/cropped-favicon.png","contentUrl":"https:\/\/medcor.com\/wp-content\/uploads\/2023\/08\/cropped-favicon.png","width":512,"height":512,"caption":"Medcor"},"image":{"@id":"https:\/\/medcor.com\/fr-ca\/#\/schema\/logo\/image\/"},"sameAs":["https:\/\/www.facebook.com\/Medcor\/","https:\/\/www.linkedin.com\/company\/medcor\/","https:\/\/www.instagram.com\/medcorclinics\/","https:\/\/vimeo.com\/medcorhealthnavigation"]}]}},"featured_image_url":"https:\/\/medcor.com\/wp-content\/uploads\/2023\/11\/iStock-922658370.jpg","featured_image_url_sizes":{"thumbnail":"https:\/\/medcor.com\/wp-content\/uploads\/2023\/11\/iStock-922658370-150x150.jpg","medium":"https:\/\/medcor.com\/wp-content\/uploads\/2023\/11\/iStock-922658370-300x200.jpg","medium_large":"https:\/\/medcor.com\/wp-content\/uploads\/2023\/11\/iStock-922658370-768x512.jpg","large":"https:\/\/medcor.com\/wp-content\/uploads\/2023\/11\/iStock-922658370-1024x683.jpg","default":{"url":"https:\/\/medcor.com\/wp-content\/uploads\/2023\/07\/Medcor-Canada-Logo-web.png"}},"service_type_color":"orange","service_type_icon":"clinic","_links":{"self":[{"href":"https:\/\/medcor.com\/fr-ca\/wp-json\/wp\/v2\/pages\/20560","targetHints":{"allow":["GET"]}}],"collection":[{"href":"https:\/\/medcor.com\/fr-ca\/wp-json\/wp\/v2\/pages"}],"about":[{"href":"https:\/\/medcor.com\/fr-ca\/wp-json\/wp\/v2\/types\/page"}],"author":[{"embeddable":true,"href":"https:\/\/medcor.com\/fr-ca\/wp-json\/wp\/v2\/users\/1"}],"replies":[{"embeddable":true,"href":"https:\/\/medcor.com\/fr-ca\/wp-json\/wp\/v2\/comments?post=20560"}],"version-history":[{"count":5,"href":"https:\/\/medcor.com\/fr-ca\/wp-json\/wp\/v2\/pages\/20560\/revisions"}],"predecessor-version":[{"id":20753,"href":"https:\/\/medcor.com\/fr-ca\/wp-json\/wp\/v2\/pages\/20560\/revisions\/20753"}],"wp:featuredmedia":[{"embeddable":true,"href":"https:\/\/medcor.com\/fr-ca\/wp-json\/wp\/v2\/media\/20261"}],"wp:attachment":[{"href":"https:\/\/medcor.com\/fr-ca\/wp-json\/wp\/v2\/media?parent=20560"}],"wp:term":[{"taxonomy":"service_type","embeddable":true,"href":"https:\/\/medcor.com\/fr-ca\/wp-json\/wp\/v2\/service_type?post=20560"},{"taxonomy":"silo","embeddable":true,"href":"https:\/\/medcor.com\/fr-ca\/wp-json\/wp\/v2\/silo?post=20560"}],"curies":[{"name":"wp","href":"https:\/\/api.w.org\/{rel}","templated":true}]}}