{"id":20562,"date":"2023-11-14T17:31:54","date_gmt":"2023-11-15T01:31:54","guid":{"rendered":"https:\/\/medcor.com\/?page_id=20562"},"modified":"2023-11-20T17:21:28","modified_gmt":"2023-11-21T01:21:28","slug":"services-de-depistage-des-employes","status":"publish","type":"page","link":"https:\/\/medcor.com\/fr-ca\/comment-nous-aidons\/services-de-depistage-des-employes\/","title":{"rendered":"Services de S\u00e9lection des Employ\u00e9s"},"content":{"rendered":"\n\n<section class=\"alignfull wp-block-ns-subpage-banner\">\n            <img loading=\"lazy\" decoding=\"async\" width=\"1440\" height=\"400\" src=\"https:\/\/medcor.com\/wp-content\/uploads\/2023\/08\/employee-screening-medcor.jpg\" class=\"attachment-full size-full\" alt=\"\" srcset=\"https:\/\/medcor.com\/wp-content\/uploads\/2023\/08\/employee-screening-medcor.jpg 1440w, https:\/\/medcor.com\/wp-content\/uploads\/2023\/08\/employee-screening-medcor-300x83.jpg 300w, https:\/\/medcor.com\/wp-content\/uploads\/2023\/08\/employee-screening-medcor-1024x284.jpg 1024w, https:\/\/medcor.com\/wp-content\/uploads\/2023\/08\/employee-screening-medcor-768x213.jpg 768w, https:\/\/medcor.com\/wp-content\/uploads\/2023\/08\/employee-screening-medcor-650x181.jpg 650w\" sizes=\"auto, (max-width: 1440px) 100vw, 1440px\" \/>    <\/section>\n\n\n\n<section class=\"alignfull wp-block-ns-content-detail\">\n    <div class=\"wp-block-ns-content-detail__columns\">\n        <div class=\"wp-block-ns-content-detail__content\">\n            \n<section class=\"wp-block-ns-content-detail__hero\">\n            <div class=\"wp-block-ns-content-detail__hero-eyebrow --eyebrow\">\n            Clinique sur place        <\/div>\n                <h1 class=\"wp-block-ns-content-detail__hero-headline --hl-xxl\">\n            Services de d\u00e9pistage des employ\u00e9s        <\/h1>\n        <div class=\"wp-block-ns-content-detail__hero-body --wizzy\">\n        \n\n<p>La consommation de drogues ou d&#8217;alcool sur le lieu de travail est l&#8217;une des principales causes d&#8217;accidents du travail. Les services de d\u00e9pistage pratiques et rentables de Medcor contribuent \u00e0 r\u00e9duire les risques que l&#8217;un de vos employ\u00e9s se pr\u00e9sente avec des facult\u00e9s affaiblies, ce qui le mettrait en danger ou mettrait en danger d&#8217;autres personnes.<\/p>\n\n\n\n<p>Les services de d\u00e9pistage des employ\u00e9s de Medcor offrent une gestion compl\u00e8te des programmes de d\u00e9pistage des drogues et de l&#8217;alcool, y compris la planification et l&#8217;administration des examens et les services de suivi. En effet, nos services de d\u00e9pistage des employ\u00e9s comprennent une vaste gamme d&#8217;options pour vous aider \u00e0 cr\u00e9er un environnement s\u00fbr et sain pour votre personnel.<\/p>\n\n    <\/div>\n            <div class=\"wp-block-ns-content-detail__hero-ctas\">\n                            <a href=\"https:\/\/medcor.com\/fr-ca\/contact\/\" class=\"wp-block-ns-content-detail__hero-cta1\" >Nous contacter<\/a>\n                                        <a href=\"https:\/\/medcor.com\/fr-ca\/ce-que-nous-faisons\/\" class=\"wp-block-ns-content-detail__hero-cta2\" >Nos activit\u00e9s<\/a>\n                    <\/div>\n    <\/section>\n\n\n\n<p>Choisissez parmi une vari\u00e9t\u00e9 d&#8217;options de services de d\u00e9pistage des employ\u00e9s pour r\u00e9pondre \u00e0 vos besoins, notamment :&nbsp;<\/p>\n\n\n\n<h3 class=\"wp-block-heading\">Les autorisation et programmation des services de traitement de la toxicomanie et de l&#8217;alcoolisme&nbsp;<\/h3>\n\n\n\n<p>Notre logiciel exclusif permet d&#8217;enregistrer \u00e9lectroniquement les r\u00e9sultats du d\u00e9pistage de drogues et\/ou de l&#8217;examen physique de votre employ\u00e9 ou de votre candidat. Medcor peut \u00e9galement communiquer avec le fournisseur identifi\u00e9 pour s&#8217;assurer que l&#8217;autorisation de services a \u00e9t\u00e9 re\u00e7ue et que tous les documents n\u00e9cessaires, le cas \u00e9ch\u00e9ant, sont disponibles. Notre processus de suivi permet d&#8217;assurer le suivi des services autoris\u00e9s, du test \u00e0 l&#8217;ach\u00e8vement.&nbsp;<\/p>\n\n\n\n<h3 class=\"wp-block-heading\">\u00c9valuation de l&#8217;aptitude au travail&nbsp;<\/h3>\n\n\n\n<p>Une fois que le m\u00e9decin examinateur a d\u00e9termin\u00e9 les probl\u00e8mes de s\u00e9curit\u00e9, l&#8217;employ\u00e9 doit subir une \u00e9valuation m\u00e9dicale pour d\u00e9terminer s&#8217;il est apte \u00e0 exercer ses fonctions. Medcor peut aider \u00e0 identifier un prestataire ind\u00e9pendant de services de sant\u00e9 au travail pour effectuer une \u00e9valuation de l&#8217;aptitude au travail. Notre \u00e9quipe collabore avec le prestataire de sant\u00e9 pour planifier les tests, en envoyant des notifications de rendez-vous \u00e0 l&#8217;employ\u00e9 et aux repr\u00e9sentants d\u00e9sign\u00e9s de l&#8217;employeur. Medcor envoie \u00e9galement par t\u00e9l\u00e9copie les documents n\u00e9cessaires pour faciliter l&#8217;\u00e9valuation.&nbsp;<\/p>\n\n\n\n<h3 class=\"wp-block-heading\">Programmation des examens m\u00e9dicaux<\/h3>\n\n\n\n<p>Pour les examens post-offre et de pr\u00e9s\u00e9lection, Medcor identifie un prestataire et planifie l&#8217;examen m\u00e9dical de l&#8217;employ\u00e9 potentiel. Les d\u00e9tails du rendez-vous sont ensuite communiqu\u00e9s au repr\u00e9sentant d\u00e9sign\u00e9 de l&#8217;employeur et au candidat. Medcor effectue un suivi aupr\u00e8s du prestataire pour s&#8217;assurer que l&#8217;examen a \u00e9t\u00e9 effectu\u00e9 et, \u00e0 la demande de l&#8217;employeur, obtenir une copie des documents d&#8217;examen. Une copie de l&#8217;examen peut \u00eatre t\u00e9l\u00e9charg\u00e9e dans notre entrep\u00f4t de donn\u00e9es exclusif.<\/p>\n\n\n\n<h3 class=\"wp-block-heading\">Programmation de l&#8217;examen m\u00e9dical annuel&nbsp;<\/h3>\n\n\n\n<p>Pour les examens m\u00e9dicaux annuels, Medcor avertit l&#8217;employeur dans les 30 jours civils pr\u00e9c\u00e9dant l&#8217;examen requis. Notre \u00e9quipe autorise vos employ\u00e9s \u00e0 passer l&#8217;examen m\u00e9dical requis et \u00e9tablit un calendrier, identifie un prestataire et communique les d\u00e9tails du rendez-vous \u00e0 l&#8217;employ\u00e9 et au repr\u00e9sentant d\u00e9sign\u00e9 de l&#8217;employeur. Medcor effectue un suivi aupr\u00e8s du fournisseur pour s&#8217;assurer que l&#8217;examen a \u00e9t\u00e9 effectu\u00e9 et, \u00e0 la demande de l&#8217;employeur, pour obtenir une copie des documents d&#8217;examen. Une copie de l&#8217;examen peut \u00eatre t\u00e9l\u00e9charg\u00e9e dans notre entrep\u00f4t de donn\u00e9es exclusif.<\/p>\n\n\n\n<h3 class=\"wp-block-heading\">Gestion des tests de suivi prescrits\/exig\u00e9s&nbsp;<\/h3>\n\n\n\n<p>\u00c0 l&#8217;issue d&#8217;une \u00e9valuation SAP ou EAP, Medcor peut g\u00e9rer les tests de suivi de l&#8217;employ\u00e9. En nous confiant la t\u00e2che de faciliter les tests de suivi, vous vous lib\u00e9rez du fardeau de la gestion de ce processus. Notre \u00e9quipe d\u00e9termine les dates des tests, identifie les sites de collecte, s&#8217;occupe de la programmation et de la notification, et envoie par t\u00e9l\u00e9copie les autorisations au site de collecte identifi\u00e9. Si un formulaire papier de cha\u00eene de contr\u00f4le est n\u00e9cessaire, Medcor peut l&#8217;envoyer au site de collecte. Apr\u00e8s 24 heures ouvr\u00e9es, l&#8217;\u00e9tat des tests est envoy\u00e9 au repr\u00e9sentant d\u00e9sign\u00e9 de l&#8217;employeur.<\/p>\n\n\n\n<p><sub>Les options de service d\u00e9pendent du lieu<\/sub><\/p>\n\n\n\n<section class=\"--dark-background --theme-turquoise wp-block-ns-promo-banner-cta\" style=\"--ns-imageCropPosition: center center;\">\n    \n\n    <h2 class=\"wp-block-ns-promo-banner-cta__headline --hl-l\">Obtenez le soutien dont vous avez besoin pour garantir un environnement de travail sans drogue.<\/h2>\n    <div class=\"wp-block-ns-promo-banner-cta__body --wizzy\">\n        \n\n<p>Parlez \u00e0 un repr\u00e9sentant de Medcor pour discuter de vos besoins en mati\u00e8re de services de d\u00e9pistage des employ\u00e9s.<\/p>\n\n    <\/div>\n            <a class=\"wp-block-ns-promo-banner-cta__cta\" href=\"https:\/\/medcor.com\/fr-ca\/contact\/\">En savoir plus<\/a>\n    <\/section>\n\n        <\/div>\n        <div class=\"wp-block-ns-content-detail__sidebar\">\n                        \n\n        <\/div>\n    <\/div>\n<\/section>\n\n","protected":false},"excerpt":{"rendered":"","protected":false},"author":1,"featured_media":29500,"parent":0,"menu_order":0,"comment_status":"closed","ping_status":"closed","template":"","meta":{"pageFeaturedColor":"","pageIcon":"","footnotes":""},"service_type":[],"silo":[1175],"class_list":["post-20562","page","type-page","status-publish","has-post-thumbnail","hentry"],"yoast_head":"<!-- This site is optimized with the Yoast SEO plugin v27.1.1 - https:\/\/yoast.com\/product\/yoast-seo-wordpress\/ -->\n<title>Services de d\u00e9pistage des employ\u00e9s | Medcor Canada<\/title>\n<meta name=\"description\" content=\"Veillez \u00e0 la s\u00e9curit\u00e9 et \u00e0 la sant\u00e9 de vos employ\u00e9s gr\u00e2ce aux services de d\u00e9pistage de Medcor, qui proposent des tests de d\u00e9pistage de drogues et d&#039;alcool, des tests de condition physique et des examens m\u00e9dicaux.\" \/>\n<meta name=\"robots\" content=\"index, follow, max-snippet:-1, max-image-preview:large, max-video-preview:-1\" \/>\n<link rel=\"canonical\" href=\"https:\/\/medcor.com\/fr-ca\/comment-nous-aidons\/services-de-depistage-des-employes\/\" \/>\n<meta property=\"og:locale\" content=\"fr_CA\" \/>\n<meta property=\"og:type\" content=\"article\" \/>\n<meta property=\"og:title\" content=\"Services de d\u00e9pistage des employ\u00e9s | Medcor Canada\" \/>\n<meta property=\"og:description\" content=\"Veillez \u00e0 la s\u00e9curit\u00e9 et \u00e0 la sant\u00e9 de vos employ\u00e9s gr\u00e2ce aux services de d\u00e9pistage de Medcor, qui proposent des tests de d\u00e9pistage de drogues et d&#039;alcool, des tests de condition physique et des examens m\u00e9dicaux.\" \/>\n<meta property=\"og:url\" content=\"https:\/\/medcor.com\/fr-ca\/comment-nous-aidons\/services-de-depistage-des-employes\/\" \/>\n<meta property=\"og:site_name\" content=\"Medcor\" \/>\n<meta property=\"article:publisher\" content=\"https:\/\/www.facebook.com\/Medcor\/\" \/>\n<meta property=\"article:modified_time\" content=\"2023-11-21T01:21:28+00:00\" \/>\n<meta property=\"og:image\" content=\"https:\/\/medcor.com\/wp-content\/uploads\/2026\/01\/medcor-photo-doctor-patient-form-web-012026.jpg\" \/>\n\t<meta property=\"og:image:width\" content=\"1013\" \/>\n\t<meta property=\"og:image:height\" content=\"674\" \/>\n\t<meta property=\"og:image:type\" content=\"image\/jpeg\" \/>\n<meta name=\"twitter:card\" content=\"summary_large_image\" \/>\n<meta name=\"twitter:label1\" content=\"Est. reading time\" \/>\n\t<meta name=\"twitter:data1\" content=\"3 minutes\" \/>\n<script type=\"application\/ld+json\" class=\"yoast-schema-graph\">{\"@context\":\"https:\/\/schema.org\",\"@graph\":[{\"@type\":\"WebPage\",\"@id\":\"https:\/\/medcor.com\/fr-ca\/comment-nous-aidons\/services-de-depistage-des-employes\/\",\"url\":\"https:\/\/medcor.com\/fr-ca\/comment-nous-aidons\/services-de-depistage-des-employes\/\",\"name\":\"Services de d\u00e9pistage des employ\u00e9s | Medcor Canada\",\"isPartOf\":{\"@id\":\"https:\/\/medcor.com\/fr-ca\/#website\"},\"primaryImageOfPage\":{\"@id\":\"https:\/\/medcor.com\/fr-ca\/comment-nous-aidons\/services-de-depistage-des-employes\/#primaryimage\"},\"image\":{\"@id\":\"https:\/\/medcor.com\/fr-ca\/comment-nous-aidons\/services-de-depistage-des-employes\/#primaryimage\"},\"thumbnailUrl\":\"https:\/\/medcor.com\/wp-content\/uploads\/2026\/01\/medcor-photo-doctor-patient-form-web-012026.jpg\",\"datePublished\":\"2023-11-15T01:31:54+00:00\",\"dateModified\":\"2023-11-21T01:21:28+00:00\",\"description\":\"Veillez \u00e0 la s\u00e9curit\u00e9 et \u00e0 la sant\u00e9 de vos employ\u00e9s gr\u00e2ce aux services de d\u00e9pistage de Medcor, qui proposent des tests de d\u00e9pistage de drogues et d'alcool, des tests de condition physique et des examens m\u00e9dicaux.\",\"breadcrumb\":{\"@id\":\"https:\/\/medcor.com\/fr-ca\/comment-nous-aidons\/services-de-depistage-des-employes\/#breadcrumb\"},\"inLanguage\":\"fr-CA\",\"potentialAction\":[{\"@type\":\"ReadAction\",\"target\":[\"https:\/\/medcor.com\/fr-ca\/comment-nous-aidons\/services-de-depistage-des-employes\/\"]}]},{\"@type\":\"ImageObject\",\"inLanguage\":\"fr-CA\",\"@id\":\"https:\/\/medcor.com\/fr-ca\/comment-nous-aidons\/services-de-depistage-des-employes\/#primaryimage\",\"url\":\"https:\/\/medcor.com\/wp-content\/uploads\/2026\/01\/medcor-photo-doctor-patient-form-web-012026.jpg\",\"contentUrl\":\"https:\/\/medcor.com\/wp-content\/uploads\/2026\/01\/medcor-photo-doctor-patient-form-web-012026.jpg\",\"width\":1013,\"height\":674,\"caption\":\"doctor patient form\"},{\"@type\":\"BreadcrumbList\",\"@id\":\"https:\/\/medcor.com\/fr-ca\/comment-nous-aidons\/services-de-depistage-des-employes\/#breadcrumb\",\"itemListElement\":[{\"@type\":\"ListItem\",\"position\":1,\"name\":\"Home\",\"item\":\"https:\/\/medcor.com\/fr-ca\/\"},{\"@type\":\"ListItem\",\"position\":2,\"name\":\"Services de S\u00e9lection des Employ\u00e9s\"}]},{\"@type\":\"WebSite\",\"@id\":\"https:\/\/medcor.com\/fr-ca\/#website\",\"url\":\"https:\/\/medcor.com\/fr-ca\/\",\"name\":\"Medcor\",\"description\":\"Simplifying Healthcare For Employers\",\"publisher\":{\"@id\":\"https:\/\/medcor.com\/fr-ca\/#organization\"},\"potentialAction\":[{\"@type\":\"SearchAction\",\"target\":{\"@type\":\"EntryPoint\",\"urlTemplate\":\"https:\/\/medcor.com\/fr-ca\/?s={search_term_string}\"},\"query-input\":{\"@type\":\"PropertyValueSpecification\",\"valueRequired\":true,\"valueName\":\"search_term_string\"}}],\"inLanguage\":\"fr-CA\"},{\"@type\":\"Organization\",\"@id\":\"https:\/\/medcor.com\/fr-ca\/#organization\",\"name\":\"Medcor\",\"alternateName\":\"Medcor\",\"url\":\"https:\/\/medcor.com\/fr-ca\/\",\"logo\":{\"@type\":\"ImageObject\",\"inLanguage\":\"fr-CA\",\"@id\":\"https:\/\/medcor.com\/fr-ca\/#\/schema\/logo\/image\/\",\"url\":\"https:\/\/medcor.com\/wp-content\/uploads\/2023\/08\/cropped-favicon.png\",\"contentUrl\":\"https:\/\/medcor.com\/wp-content\/uploads\/2023\/08\/cropped-favicon.png\",\"width\":512,\"height\":512,\"caption\":\"Medcor\"},\"image\":{\"@id\":\"https:\/\/medcor.com\/fr-ca\/#\/schema\/logo\/image\/\"},\"sameAs\":[\"https:\/\/www.facebook.com\/Medcor\/\",\"https:\/\/www.linkedin.com\/company\/medcor\/\",\"https:\/\/www.instagram.com\/medcorclinics\/\",\"https:\/\/vimeo.com\/medcorhealthnavigation\"]}]}<\/script>\n<!-- \/ Yoast SEO plugin. -->","yoast_head_json":{"title":"Services de d\u00e9pistage des employ\u00e9s | Medcor Canada","description":"Veillez \u00e0 la s\u00e9curit\u00e9 et \u00e0 la sant\u00e9 de vos employ\u00e9s gr\u00e2ce aux services de d\u00e9pistage de Medcor, qui proposent des tests de d\u00e9pistage de drogues et d'alcool, des tests de condition physique et des examens m\u00e9dicaux.","robots":{"index":"index","follow":"follow","max-snippet":"max-snippet:-1","max-image-preview":"max-image-preview:large","max-video-preview":"max-video-preview:-1"},"canonical":"https:\/\/medcor.com\/fr-ca\/comment-nous-aidons\/services-de-depistage-des-employes\/","og_locale":"fr_CA","og_type":"article","og_title":"Services de d\u00e9pistage des employ\u00e9s | Medcor Canada","og_description":"Veillez \u00e0 la s\u00e9curit\u00e9 et \u00e0 la sant\u00e9 de vos employ\u00e9s gr\u00e2ce aux services de d\u00e9pistage de Medcor, qui proposent des tests de d\u00e9pistage de drogues et d'alcool, des tests de condition physique et des examens m\u00e9dicaux.","og_url":"https:\/\/medcor.com\/fr-ca\/comment-nous-aidons\/services-de-depistage-des-employes\/","og_site_name":"Medcor","article_publisher":"https:\/\/www.facebook.com\/Medcor\/","article_modified_time":"2023-11-21T01:21:28+00:00","og_image":[{"width":1013,"height":674,"url":"https:\/\/medcor.com\/wp-content\/uploads\/2026\/01\/medcor-photo-doctor-patient-form-web-012026.jpg","type":"image\/jpeg"}],"twitter_card":"summary_large_image","twitter_misc":{"Est. reading time":"3 minutes"},"schema":{"@context":"https:\/\/schema.org","@graph":[{"@type":"WebPage","@id":"https:\/\/medcor.com\/fr-ca\/comment-nous-aidons\/services-de-depistage-des-employes\/","url":"https:\/\/medcor.com\/fr-ca\/comment-nous-aidons\/services-de-depistage-des-employes\/","name":"Services de d\u00e9pistage des employ\u00e9s | Medcor Canada","isPartOf":{"@id":"https:\/\/medcor.com\/fr-ca\/#website"},"primaryImageOfPage":{"@id":"https:\/\/medcor.com\/fr-ca\/comment-nous-aidons\/services-de-depistage-des-employes\/#primaryimage"},"image":{"@id":"https:\/\/medcor.com\/fr-ca\/comment-nous-aidons\/services-de-depistage-des-employes\/#primaryimage"},"thumbnailUrl":"https:\/\/medcor.com\/wp-content\/uploads\/2026\/01\/medcor-photo-doctor-patient-form-web-012026.jpg","datePublished":"2023-11-15T01:31:54+00:00","dateModified":"2023-11-21T01:21:28+00:00","description":"Veillez \u00e0 la s\u00e9curit\u00e9 et \u00e0 la sant\u00e9 de vos employ\u00e9s gr\u00e2ce aux services de d\u00e9pistage de Medcor, qui proposent des tests de d\u00e9pistage de drogues et d'alcool, des tests de condition physique et des examens m\u00e9dicaux.","breadcrumb":{"@id":"https:\/\/medcor.com\/fr-ca\/comment-nous-aidons\/services-de-depistage-des-employes\/#breadcrumb"},"inLanguage":"fr-CA","potentialAction":[{"@type":"ReadAction","target":["https:\/\/medcor.com\/fr-ca\/comment-nous-aidons\/services-de-depistage-des-employes\/"]}]},{"@type":"ImageObject","inLanguage":"fr-CA","@id":"https:\/\/medcor.com\/fr-ca\/comment-nous-aidons\/services-de-depistage-des-employes\/#primaryimage","url":"https:\/\/medcor.com\/wp-content\/uploads\/2026\/01\/medcor-photo-doctor-patient-form-web-012026.jpg","contentUrl":"https:\/\/medcor.com\/wp-content\/uploads\/2026\/01\/medcor-photo-doctor-patient-form-web-012026.jpg","width":1013,"height":674,"caption":"doctor patient form"},{"@type":"BreadcrumbList","@id":"https:\/\/medcor.com\/fr-ca\/comment-nous-aidons\/services-de-depistage-des-employes\/#breadcrumb","itemListElement":[{"@type":"ListItem","position":1,"name":"Home","item":"https:\/\/medcor.com\/fr-ca\/"},{"@type":"ListItem","position":2,"name":"Services de S\u00e9lection des Employ\u00e9s"}]},{"@type":"WebSite","@id":"https:\/\/medcor.com\/fr-ca\/#website","url":"https:\/\/medcor.com\/fr-ca\/","name":"Medcor","description":"Simplifying Healthcare For Employers","publisher":{"@id":"https:\/\/medcor.com\/fr-ca\/#organization"},"potentialAction":[{"@type":"SearchAction","target":{"@type":"EntryPoint","urlTemplate":"https:\/\/medcor.com\/fr-ca\/?s={search_term_string}"},"query-input":{"@type":"PropertyValueSpecification","valueRequired":true,"valueName":"search_term_string"}}],"inLanguage":"fr-CA"},{"@type":"Organization","@id":"https:\/\/medcor.com\/fr-ca\/#organization","name":"Medcor","alternateName":"Medcor","url":"https:\/\/medcor.com\/fr-ca\/","logo":{"@type":"ImageObject","inLanguage":"fr-CA","@id":"https:\/\/medcor.com\/fr-ca\/#\/schema\/logo\/image\/","url":"https:\/\/medcor.com\/wp-content\/uploads\/2023\/08\/cropped-favicon.png","contentUrl":"https:\/\/medcor.com\/wp-content\/uploads\/2023\/08\/cropped-favicon.png","width":512,"height":512,"caption":"Medcor"},"image":{"@id":"https:\/\/medcor.com\/fr-ca\/#\/schema\/logo\/image\/"},"sameAs":["https:\/\/www.facebook.com\/Medcor\/","https:\/\/www.linkedin.com\/company\/medcor\/","https:\/\/www.instagram.com\/medcorclinics\/","https:\/\/vimeo.com\/medcorhealthnavigation"]}]}},"featured_image_url":"https:\/\/medcor.com\/wp-content\/uploads\/2026\/01\/medcor-photo-doctor-patient-form-web-012026.jpg","featured_image_url_sizes":{"thumbnail":"https:\/\/medcor.com\/wp-content\/uploads\/2026\/01\/medcor-photo-doctor-patient-form-web-012026-150x150.jpg","medium":"https:\/\/medcor.com\/wp-content\/uploads\/2026\/01\/medcor-photo-doctor-patient-form-web-012026-300x200.jpg","medium_large":"https:\/\/medcor.com\/wp-content\/uploads\/2026\/01\/medcor-photo-doctor-patient-form-web-012026-768x511.jpg","large":"https:\/\/medcor.com\/wp-content\/uploads\/2026\/01\/medcor-photo-doctor-patient-form-web-012026.jpg","default":{"url":"https:\/\/medcor.com\/wp-content\/uploads\/2023\/07\/Medcor-Canada-Logo-web.png"}},"service_type_color":null,"service_type_icon":null,"_links":{"self":[{"href":"https:\/\/medcor.com\/fr-ca\/wp-json\/wp\/v2\/pages\/20562","targetHints":{"allow":["GET"]}}],"collection":[{"href":"https:\/\/medcor.com\/fr-ca\/wp-json\/wp\/v2\/pages"}],"about":[{"href":"https:\/\/medcor.com\/fr-ca\/wp-json\/wp\/v2\/types\/page"}],"author":[{"embeddable":true,"href":"https:\/\/medcor.com\/fr-ca\/wp-json\/wp\/v2\/users\/1"}],"replies":[{"embeddable":true,"href":"https:\/\/medcor.com\/fr-ca\/wp-json\/wp\/v2\/comments?post=20562"}],"version-history":[{"count":6,"href":"https:\/\/medcor.com\/fr-ca\/wp-json\/wp\/v2\/pages\/20562\/revisions"}],"predecessor-version":[{"id":20755,"href":"https:\/\/medcor.com\/fr-ca\/wp-json\/wp\/v2\/pages\/20562\/revisions\/20755"}],"wp:featuredmedia":[{"embeddable":true,"href":"https:\/\/medcor.com\/fr-ca\/wp-json\/wp\/v2\/media\/29500"}],"wp:attachment":[{"href":"https:\/\/medcor.com\/fr-ca\/wp-json\/wp\/v2\/media?parent=20562"}],"wp:term":[{"taxonomy":"service_type","embeddable":true,"href":"https:\/\/medcor.com\/fr-ca\/wp-json\/wp\/v2\/service_type?post=20562"},{"taxonomy":"silo","embeddable":true,"href":"https:\/\/medcor.com\/fr-ca\/wp-json\/wp\/v2\/silo?post=20562"}],"curies":[{"name":"wp","href":"https:\/\/api.w.org\/{rel}","templated":true}]}}