{"id":20563,"date":"2023-11-14T17:25:45","date_gmt":"2023-11-15T01:25:45","guid":{"rendered":"https:\/\/medcor.com\/ce-que-nous-faisons\/"},"modified":"2023-11-21T15:35:32","modified_gmt":"2023-11-21T23:35:32","slug":"ce-que-nous-faisons","status":"publish","type":"page","link":"https:\/\/medcor.com\/fr-ca\/ce-que-nous-faisons\/","title":{"rendered":"Ce que nous faisons"},"content":{"rendered":"\n<section class=\"alignfull wp-block-ns-inner-page-hero\">\n    <div class=\"wp-block-ns-inner-page-hero__grid\">\n        <div class=\"wp-block-ns-inner-page-hero__body-col\">\n                            <div class=\"wp-block-ns-inner-page-hero__eyebrow --eyebrow\">\n                    Prestations de service                <\/div>\n                        <h1 class=\"wp-block-ns-inner-page-hero__headline --hl-xxl\">\n                Ce que nous faisons            <\/h1>\n\n            <div class=\"wp-block-ns-inner-page-hero__intro --wizzy\">\n                \n\n<p>Offrir \u00e0 vos employ\u00e9s le degr\u00e9 de prise en charge appropri\u00e9 au bon moment est essentiel pour \u00e9viter les plaintes et les co\u00fbts de gestion, et pour une am\u00e9lioration g\u00e9n\u00e9rale de leur <a href=\"https:\/\/medcor.com\/fr-ca\/ce-que-nous-faisons\/solutions-pour-le-bien-etre-des-employes\/\">sant\u00e9 et de leur bien-\u00eatre<\/a>. Chez Medcor, nous associons la m\u00e9decine fond\u00e9e sur des donn\u00e9es probantes avec des technologies exclusives pour \u00e9liminer les conjectures fastidieuses du processus traditionnel de soins de sant\u00e9 et permettre aux employ\u00e9s de reprendre le travail plus rapidement.<\/p>\n\n            <\/div>\n                            <div class=\"wp-block-ns-inner-page-hero__ctas\">\n                    <a class=\"wp-block-ns-inner-page-hero__cta --primary\" href=\"https:\/\/medcor.com\/fr-ca\/contact\/\">Nous contacter<\/a>                    <a class=\"wp-block-ns-inner-page-hero__cta --secondary\" href=\"https:\/\/medcor.com\/fr-ca\/comment-nous-aidons\/\">D\u00e9couvrez comment nous aidons<\/a>                <\/div>\n                    <\/div>\n        <div class=\"wp-block-ns-inner-page-hero__image-col\">\n            <div class=\"wp-block-ns-inner-page-hero__image-wrap\" style=\"--ns-imageCropPosition: center center;\">\n                <img loading=\"lazy\" decoding=\"async\" width=\"800\" height=\"800\" src=\"https:\/\/medcor.com\/wp-content\/uploads\/2023\/08\/medcor-what-we-do.jpg\" class=\"attachment-large size-large\" alt=\"\" srcset=\"https:\/\/medcor.com\/wp-content\/uploads\/2023\/08\/medcor-what-we-do.jpg 800w, https:\/\/medcor.com\/wp-content\/uploads\/2023\/08\/medcor-what-we-do-300x300.jpg 300w, https:\/\/medcor.com\/wp-content\/uploads\/2023\/08\/medcor-what-we-do-150x150.jpg 150w, https:\/\/medcor.com\/wp-content\/uploads\/2023\/08\/medcor-what-we-do-768x768.jpg 768w, https:\/\/medcor.com\/wp-content\/uploads\/2023\/08\/medcor-what-we-do-500x500.jpg 500w\" sizes=\"auto, (max-width: 800px) 100vw, 800px\" \/>            <\/div>\n        <\/div>\n    <\/div>\n<\/section>\n\n\n\n<div style=\"height:33px\" aria-hidden=\"true\" class=\"wp-block-spacer\"><\/div>\n\n\n\n<section class=\"alignfull --gradient --align-left wp-block-ns-stats-simple\">\n    <div class=\"wp-block-ns-stats-simple__wrapper\">\n        <div class=\"wp-block-ns-stats-simple__content\">\n                            <div class=\"wp-block-ns-stats-simple__number-block\">\n                    <div class=\"wp-block-ns-stats-simple__number --hl-l js-number\" data-number-direction=\"up\">2005<\/div>\n                    <div class=\"wp-block-ns-stats-simple__number-comment\">Medcor Canada a ouvert ses portes<\/div>\n                <\/div>\n                                        <div class=\"wp-block-ns-stats-simple__number-block\">\n                    <div class=\"wp-block-ns-stats-simple__number --hl-l js-number\" data-number-direction=\"up\">528<\/div>\n                    <div class=\"wp-block-ns-stats-simple__number-comment\">Moyenne annuelle d&#8217;heures productives pendant lesquelles Medcor Canada \u00e0 lui seul a \u00e9vit\u00e9 \u00e0 ses clients des l\u00e9sions dorsales<\/div>\n                <\/div>\n                                        <div class=\"wp-block-ns-stats-simple__number-block\">\n                    <div class=\"wp-block-ns-stats-simple__number --hl-l js-number\" data-number-direction=\"up\">10 a.m.<\/div>\n                    <div class=\"wp-block-ns-stats-simple__number-comment\">heures du matin\u00a0: heure du jour la plus courante pour rencontrer les patients<\/div>\n                <\/div>\n                                        <div class=\"wp-block-ns-stats-simple__number-block\">\n                    <div class=\"wp-block-ns-stats-simple__number --hl-l js-number\" data-number-direction=\"up\">89%<\/div>\n                    <div class=\"wp-block-ns-stats-simple__number-comment\">le pourcentage des employ\u00e9s trait\u00e9s sur site.<\/div>\n                <\/div>\n                    <\/div>\n    <\/div>\n<\/section>\n\n\n\n<div style=\"height:52px\" aria-hidden=\"true\" class=\"wp-block-spacer\"><\/div>\n\n\n\n<div class=\"wp-block-columns is-layout-flex wp-container-core-columns-is-layout-9d6595d7 wp-block-columns-is-layout-flex\">\n<div class=\"wp-block-column is-layout-flow wp-block-column-is-layout-flow\">\n<h3 class=\"wp-block-heading\">Cliniques et centres de sant\u00e9 itin\u00e9rants<\/h3>\n\n\n\n<p>Les cliniques permanentes et les centres de traitement itin\u00e9rants offrent une prise en charge rapide aux employ\u00e9s malades et bless\u00e9s et facilitent l&#8217;acc\u00e8s aux soins tout en r\u00e9duisant les pertes de temps.<\/p>\n\n\n\n<h3 class=\"wp-block-heading\">T\u00e9l\u00e9sant\u00e9<\/h3>\n\n\n\n<p>Un processus de triage des blessures fond\u00e9 sur la technologie, qui vous permet de g\u00e9rer les probl\u00e8mes les plus urgents de vos employ\u00e9s<\/p>\n\n\n\n<h3 class=\"wp-block-heading\">Assistance aux employ\u00e9s<\/h3>\n\n\n\n<p>Nos offres contiennent des programmes novateurs pour l&#8217;am\u00e9lioration du bien-\u00eatre de votre main-d&#8217;oeuvre \u00e0 travers une meilleure \u00e9ducation \u00e0 la sant\u00e9, un meilleur diagnostic et un meilleur traitement.<\/p>\n<\/div>\n\n\n\n<div class=\"wp-block-column is-layout-flow wp-block-column-is-layout-flow\">\n<h3 class=\"wp-block-heading\">S\u00e9curit\u00e9<\/h3>\n\n\n\n<p>Des professionnels de la s\u00e9curit\u00e9 exp\u00e9riment\u00e9s proposent des conseils de s\u00e9curit\u00e9 en milieu de travail pratiques, des formations sur la s\u00e9curit\u00e9, des inspections, des consultations et plus encore pour un environnement plus s\u00fbr.<\/p>\n\n\n\n<h3 class=\"wp-block-heading\">Sant\u00e9 mentale et bien-\u00eatre mental<\/h3>\n\n\n\n<p>Aider vos employ\u00e9s \u00e0 trouver des solutions en am\u00e9liorant leur bien-\u00eatre, afin qu&#8217;ils deviennent plus productifs et plus concentr\u00e9 tout au long de la journ\u00e9e de travail.<\/p>\n\n\n\n<h3 class=\"wp-block-heading\"><\/h3>\n<\/div>\n<\/div>\n\n\n\n<section class=\"alignfull wp-block-ns-side-media\">\n    <div class=\"wp-block-ns-side-media__image-col  --has-min-height\" style=\"--ns-imageCropPosition: center center;\">\n        <img loading=\"lazy\" decoding=\"async\" width=\"800\" height=\"800\" src=\"https:\/\/medcor.com\/wp-content\/uploads\/2023\/08\/iStock-1370641643-what-we-do.jpg\" class=\"attachment-large size-large\" alt=\"Medcor what we do\" srcset=\"https:\/\/medcor.com\/wp-content\/uploads\/2023\/08\/iStock-1370641643-what-we-do.jpg 800w, https:\/\/medcor.com\/wp-content\/uploads\/2023\/08\/iStock-1370641643-what-we-do-300x300.jpg 300w, https:\/\/medcor.com\/wp-content\/uploads\/2023\/08\/iStock-1370641643-what-we-do-150x150.jpg 150w, https:\/\/medcor.com\/wp-content\/uploads\/2023\/08\/iStock-1370641643-what-we-do-768x768.jpg 768w, https:\/\/medcor.com\/wp-content\/uploads\/2023\/08\/iStock-1370641643-what-we-do-500x500.jpg 500w\" sizes=\"auto, (max-width: 800px) 100vw, 800px\" \/>    <\/div>\n    <div class=\"wp-block-ns-side-media__body-col\">\n                    <div class=\"wp-block-ns-side-media__eyebrow --eyebrow\">\n                Qui nous sommes            <\/div>\n                            <div class=\"wp-block-ns-side-media__headline --hl-l\">\n                Am\u00e9liorer les r\u00e9sultats, g\u00e9rer les co\u00fbts            <\/div>\n                <div class=\"wp-block-ns-side-media__body\">\n            \n\n<p>Nous avons pour mission de d\u00e9fendre la sant\u00e9 sans conflits d&#8217;int\u00e9r\u00eats \u00e0 partir d&#8217;une m\u00e9decine et d&#8217;une technologie fond\u00e9es sur des donn\u00e9es probantes, afin de faire \u00e9voluer la prise en charge en mati\u00e8re de sant\u00e9 de sorte \u00e0 am\u00e9liorer les r\u00e9sultats et \u00e0 ma\u00eetriser les co\u00fbts.<\/p>\n\n\n\n<p>La compr\u00e9hension du syst\u00e8me de sant\u00e9 peut s&#8217;av\u00e9rer d\u00e9routante et fastidieuse. Medcor offre une navigation sant\u00e9 en simplifiant le processus de prise en charge pour les employeurs, en am\u00e9liorant les r\u00e9sultats et en r\u00e9duisant les co\u00fbts. Nous sommes les d\u00e9fenseurs des employ\u00e9s, et nous les orientons vers une prise en charge non biais\u00e9e, de qualit\u00e9 et rapide, et nous fournissons surtout une assistance aux employ\u00e9s bless\u00e9s pendant la dur\u00e9e de leurs blessures tout en nous assurant qu&#8217;il soient pr\u00eats pour un retour au travail s\u00e9curis\u00e9.<\/p>\n\n\n\n<p>Gr\u00e2ce \u00e0 l&#8217;expertise en mati\u00e8re de navigation sant\u00e9 de Medicor, vous pouvez \u00eatre s\u00fbr que vous employ\u00e9s seront orient\u00e9 au bon service au bon moment et au bon endroit.<\/p>\n\n        <\/div>\n        <a class=\"wp-block-ns-side-media__cta\" href=\"https:\/\/medcor.com\/fr-ca\/qui-sommes-nous\/mission-vision-et-valeurs\/\">Notre mission et nos valeurs<\/a>    <\/div>\n<\/section>\n\n\n\n<div style=\"height:30px\" aria-hidden=\"true\" class=\"wp-block-spacer\"><\/div>\n\n\n\n<div style=\"height:30px\" aria-hidden=\"true\" class=\"wp-block-spacer\"><\/div>\n\n\n\n<div class=\"wp-block-columns alignwide is-layout-flex wp-container-core-columns-is-layout-9d6595d7 wp-block-columns-is-layout-flex\">\n<div class=\"wp-block-column is-layout-flow wp-block-column-is-layout-flow\">\n<p>Les co\u00fbts de la sant\u00e9 au travail sont aggrav\u00e9s lorsque les employ\u00e9s perdent du temps productif au travail en se rendant \u00e0 l&#8217;ext\u00e9rieur pour des soins n\u00e9cessaires tels que la surveillance m\u00e9dicale, les rendez-vous pour les prescriptions ou les suivis, les contr\u00f4les annuels de bien-\u00eatre et les d\u00e9pistages. Lorsque des employ\u00e9s travaillant sur des sites diff\u00e9rents re\u00e7oivent des traitements diff\u00e9rents pour les m\u00eames probl\u00e8mes de sant\u00e9, les co\u00fbts suppl\u00e9mentaires li\u00e9s \u00e0 l&#8217;incoh\u00e9rence des traitements s&#8217;additionnent.<\/p>\n\n\n\n<p>Le traitement d&#8217;un accident de travail dans un service d&#8217;urgence ou un centre de soins d&#8217;urgence n&#8217;est pas toujours la bonne solution. Si vous n&#8217;\u00eates pas un professionnel de la sant\u00e9, il n&#8217;est pas souhaitable que vous d\u00e9cidiez de l&#8217;endroit o\u00f9 un employ\u00e9 doit \u00eatre soign\u00e9. Les retards dans l&#8217;obtention du niveau de soins appropri\u00e9 en raison d&#8217;une mentalit\u00e9 &#8220;attendre et voir&#8221; ou de l&#8217;indisponibilit\u00e9 d&#8217;une \u00e9valuation correcte des blessures peuvent augmenter le co\u00fbt global des soins au fur et \u00e0 mesure que les blessures s&#8217;aggravent.<\/p>\n<\/div>\n\n\n\n<div class=\"wp-block-column is-layout-flow wp-block-column-is-layout-flow\">\n<p>Medcor comprend non seulement le besoin d&#8217;aider les employeurs \u00e0 ma\u00eetriser les co\u00fbts de prise en charge, mais \u00e9galement leur d\u00e9sir de s&#8217;assurer qu&#8217;ils b\u00e9n\u00e9ficient des soins de qualit\u00e9 qu&#8217;ils m\u00e9ritent, de la transparence qu&#8217;ils attendent, du retour sur investissement qu&#8217;ils d\u00e9sirent et l&#8217;excellence de service qu&#8217;ils exigent.<\/p>\n\n\n\n<p>Nous simplifions le processus de prise en charge en mati\u00e8re de sant\u00e9 pour que vous puissiez prendre du mieux possible soin de votre main-d&#8217;oeuvre tout en r\u00e9alisant vos objectifs g\u00e9n\u00e9raux de ma\u00eetrise des co\u00fbts d&#8217;indemnisation des employ\u00e9s et en am\u00e9liorant la productivit\u00e9 des employ\u00e9s bless\u00e9s.<\/p>\n\n\n\n<p>\u00e0 l&#8217;aide d&#8217;une m\u00e9decine fond\u00e9e sur des donn\u00e9es probantes associ\u00e9e \u00e0 la technologie, Medcor continue \u00e0 \u00e9liminer les contingences du syst\u00e8me de sant\u00e9 traditionnel, \u00e0 \u00e9viter les plaintes non n\u00e9cessaires et les plaintes associ\u00e9es, \u00e0 am\u00e9liorer les r\u00e9sultats de sant\u00e9 des employ\u00e9s et \u00e0 acc\u00e9l\u00e9rer le retour au travail des employ\u00e9s.<\/p>\n<\/div>\n<\/div>\n\n\n\n<section class=\"alignfull --right-image wp-block-ns-side-media\">\n    <div class=\"wp-block-ns-side-media__image-col  --has-min-height\" style=\"--ns-imageCropPosition: center center;\">\n        <img loading=\"lazy\" decoding=\"async\" width=\"1024\" height=\"581\" src=\"https:\/\/medcor.com\/wp-content\/uploads\/2023\/07\/safety-services-medcor-1024x581.jpg\" class=\"attachment-large size-large\" alt=\"Medcor advocates performing a safety audit onsite.\" srcset=\"https:\/\/medcor.com\/wp-content\/uploads\/2023\/07\/safety-services-medcor-1024x581.jpg 1024w, https:\/\/medcor.com\/wp-content\/uploads\/2023\/07\/safety-services-medcor-300x170.jpg 300w, https:\/\/medcor.com\/wp-content\/uploads\/2023\/07\/safety-services-medcor-768x436.jpg 768w, https:\/\/medcor.com\/wp-content\/uploads\/2023\/07\/safety-services-medcor-650x369.jpg 650w, https:\/\/medcor.com\/wp-content\/uploads\/2023\/07\/safety-services-medcor.jpg 1120w\" sizes=\"auto, (max-width: 1024px) 100vw, 1024px\" \/>    <\/div>\n    <div class=\"wp-block-ns-side-media__body-col\">\n                            <div class=\"wp-block-ns-side-media__headline --hl-l\">\n                Services int\u00e9gr\u00e9s            <\/div>\n                <div class=\"wp-block-ns-side-media__body\">\n            \n\n<p>Tous les services de Medcor peuvent \u00eatre combin\u00e9s en un programme int\u00e9gr\u00e9 qui am\u00e9liore la navigation dans le secteur de la sant\u00e9 et les r\u00e9sultats. Nos cliniques permanentes, nos centres de traitement itin\u00e9rants, nos solutions de t\u00e9l\u00e9sant\u00e9 et de Sant\u00e9 mentale et bien-\u00eatre mental se compl\u00e8tent pour une t\u00e9l\u00e9sant\u00e9 et une S\u00e9curit\u00e9 coh\u00e9sives des employ\u00e9s.<\/p>\n\n\n\n<p>La disponibilit\u00e9 de Medcor 24&nbsp;heures\/24, 7&nbsp;jours\/7, et son acc\u00e8s pratique aux soins permettent une intervention pr\u00e9coce avant la r\u00e9clamation. Notre technologie exclusive et nos protocoles de soins de sant\u00e9, ainsi que nos m\u00e9thodes d&#8217;\u00e9valuation brevet\u00e9es, permettent de mettre les incidents de soins de sant\u00e9 sur la bonne voie, imm\u00e9diatement. Ces pratiques emp\u00eachent les personnes qui n&#8217;ont besoin que des premiers soins d&#8217;entrer dans le processus de Soins de sant\u00e9, et acc\u00e9l\u00e8rent l&#8217;entr\u00e9e dans le bon niveau de Soins de sant\u00e9 pour les cas qui n\u00e9cessitent plus d&#8217;attention.<\/p>\n\n\n\n<p>En cas de n\u00e9cessit\u00e9 d&#8217;une prise en charge hors site, nous recommandons les employ\u00e9s au prestataire le plus appropri\u00e9.<\/p>\n\n\n\n<p>Les services de Medcor reposent sur nos logiciels et nos syst\u00e8mes, ce qui permet aux entreprises de mettre en \u0153uvre des soins normalis\u00e9s et coh\u00e9rents dans l&#8217;ensemble de leurs sites. Notre logiciel personnalise les rapports pour votre organisation et r\u00e9pond aux exigences de documentation de l&#8217;\u00c9tat et du gouvernement f\u00e9d\u00e9ral.<\/p>\n\n\n\n<p>Pr\u00eat?<\/p>\n\n        <\/div>\n            <\/div>\n<\/section>\n\n\n\n<section class=\"--dark-background --theme-turquoise wp-block-ns-promo-banner-cta\" style=\"--ns-imageCropPosition: center center;\">\n    \n\n    <h2 class=\"wp-block-ns-promo-banner-cta__headline --hl-l\">Concevez votre solution de soins de sant\u00e9 en milieu de travail<\/h2>\n    <div class=\"wp-block-ns-promo-banner-cta__body --wizzy\">\n        \n\n<p>Laissez-nous vous aider \u00e0 mettre en place la solution de prise en charge sanitaire au travail qui vous permet d&#8217;atteindre vos objectifs d&#8217;am\u00e9lioration des r\u00e9sultats et de r\u00e9duction des co\u00fbts. Discutez avec un repr\u00e9sentant de Medcor d\u00e8s aujourd&#8217;hui.<\/p>\n\n    <\/div>\n            <a class=\"wp-block-ns-promo-banner-cta__cta\" href=\"https:\/\/medcor.com\/fr-ca\/contact\/\">En savoir plus<\/a>\n    <\/section>\n","protected":false},"excerpt":{"rendered":"<p>Cliniques et centres de sant\u00e9 itin\u00e9rants Les cliniques permanentes et les centres de traitement itin\u00e9rants offrent une prise en charge rapide aux employ\u00e9s malades et &hellip;<\/p>\n","protected":false},"author":1,"featured_media":0,"parent":0,"menu_order":0,"comment_status":"closed","ping_status":"closed","template":"","meta":{"pageFeaturedColor":"","pageIcon":"","footnotes":""},"service_type":[],"silo":[],"class_list":["post-20563","page","type-page","status-publish","hentry"],"yoast_head":"<!-- This site is optimized with the Yoast SEO plugin v27.1.1 - https:\/\/yoast.com\/product\/yoast-seo-wordpress\/ -->\n<title>Prestations | Medcor Canada<\/title>\n<meta name=\"description\" content=\"Les services de sant\u00e9 en milieu de travail de Medcor Canada offrent un acc\u00e8s pratique pour les blessures survenues sur le lieu de service, le bien-\u00eatre des employ\u00e9s, la pr\u00e9vention des blessures et les soins de soutien.\" \/>\n<meta name=\"robots\" content=\"index, follow, max-snippet:-1, max-image-preview:large, max-video-preview:-1\" \/>\n<link rel=\"canonical\" href=\"https:\/\/medcor.com\/fr-ca\/ce-que-nous-faisons\/\" \/>\n<meta property=\"og:locale\" content=\"fr_CA\" \/>\n<meta property=\"og:type\" content=\"article\" \/>\n<meta property=\"og:title\" content=\"Prestations | Medcor Canada\" \/>\n<meta property=\"og:description\" content=\"Les services de sant\u00e9 en milieu de travail de Medcor Canada offrent un acc\u00e8s pratique pour les blessures survenues sur le lieu de service, le bien-\u00eatre des employ\u00e9s, la pr\u00e9vention des blessures et les soins de soutien.\" \/>\n<meta property=\"og:url\" content=\"https:\/\/medcor.com\/fr-ca\/ce-que-nous-faisons\/\" \/>\n<meta property=\"og:site_name\" content=\"Medcor\" \/>\n<meta property=\"article:publisher\" content=\"https:\/\/www.facebook.com\/Medcor\/\" \/>\n<meta property=\"article:modified_time\" content=\"2023-11-21T23:35:32+00:00\" \/>\n<meta property=\"og:image\" content=\"https:\/\/medcor.com\/wp-content\/uploads\/2023\/07\/occupational-health-services.jpg\" \/>\n\t<meta property=\"og:image:width\" content=\"766\" \/>\n\t<meta property=\"og:image:height\" content=\"736\" \/>\n\t<meta property=\"og:image:type\" content=\"image\/jpeg\" \/>\n<meta name=\"twitter:card\" content=\"summary_large_image\" \/>\n<meta name=\"twitter:label1\" content=\"Est. reading time\" \/>\n\t<meta name=\"twitter:data1\" content=\"5 minutes\" \/>\n<script type=\"application\/ld+json\" class=\"yoast-schema-graph\">{\"@context\":\"https:\/\/schema.org\",\"@graph\":[{\"@type\":\"WebPage\",\"@id\":\"https:\/\/medcor.com\/fr-ca\/ce-que-nous-faisons\/\",\"url\":\"https:\/\/medcor.com\/fr-ca\/ce-que-nous-faisons\/\",\"name\":\"Prestations | Medcor Canada\",\"isPartOf\":{\"@id\":\"https:\/\/medcor.com\/fr-ca\/#website\"},\"datePublished\":\"2023-11-15T01:25:45+00:00\",\"dateModified\":\"2023-11-21T23:35:32+00:00\",\"description\":\"Les services de sant\u00e9 en milieu de travail de Medcor Canada offrent un acc\u00e8s pratique pour les blessures survenues sur le lieu de service, le bien-\u00eatre des employ\u00e9s, la pr\u00e9vention des blessures et les soins de soutien.\",\"breadcrumb\":{\"@id\":\"https:\/\/medcor.com\/fr-ca\/ce-que-nous-faisons\/#breadcrumb\"},\"inLanguage\":\"fr-CA\",\"potentialAction\":[{\"@type\":\"ReadAction\",\"target\":[\"https:\/\/medcor.com\/fr-ca\/ce-que-nous-faisons\/\"]}]},{\"@type\":\"BreadcrumbList\",\"@id\":\"https:\/\/medcor.com\/fr-ca\/ce-que-nous-faisons\/#breadcrumb\",\"itemListElement\":[{\"@type\":\"ListItem\",\"position\":1,\"name\":\"Home\",\"item\":\"https:\/\/medcor.com\/fr-ca\/\"},{\"@type\":\"ListItem\",\"position\":2,\"name\":\"Ce que nous faisons\"}]},{\"@type\":\"WebSite\",\"@id\":\"https:\/\/medcor.com\/fr-ca\/#website\",\"url\":\"https:\/\/medcor.com\/fr-ca\/\",\"name\":\"Medcor\",\"description\":\"Simplifying Healthcare For Employers\",\"publisher\":{\"@id\":\"https:\/\/medcor.com\/fr-ca\/#organization\"},\"potentialAction\":[{\"@type\":\"SearchAction\",\"target\":{\"@type\":\"EntryPoint\",\"urlTemplate\":\"https:\/\/medcor.com\/fr-ca\/?s={search_term_string}\"},\"query-input\":{\"@type\":\"PropertyValueSpecification\",\"valueRequired\":true,\"valueName\":\"search_term_string\"}}],\"inLanguage\":\"fr-CA\"},{\"@type\":\"Organization\",\"@id\":\"https:\/\/medcor.com\/fr-ca\/#organization\",\"name\":\"Medcor\",\"alternateName\":\"Medcor\",\"url\":\"https:\/\/medcor.com\/fr-ca\/\",\"logo\":{\"@type\":\"ImageObject\",\"inLanguage\":\"fr-CA\",\"@id\":\"https:\/\/medcor.com\/fr-ca\/#\/schema\/logo\/image\/\",\"url\":\"https:\/\/medcor.com\/wp-content\/uploads\/2023\/08\/cropped-favicon.png\",\"contentUrl\":\"https:\/\/medcor.com\/wp-content\/uploads\/2023\/08\/cropped-favicon.png\",\"width\":512,\"height\":512,\"caption\":\"Medcor\"},\"image\":{\"@id\":\"https:\/\/medcor.com\/fr-ca\/#\/schema\/logo\/image\/\"},\"sameAs\":[\"https:\/\/www.facebook.com\/Medcor\/\",\"https:\/\/www.linkedin.com\/company\/medcor\/\",\"https:\/\/www.instagram.com\/medcorclinics\/\",\"https:\/\/vimeo.com\/medcorhealthnavigation\"]}]}<\/script>\n<!-- \/ Yoast SEO plugin. -->","yoast_head_json":{"title":"Prestations | Medcor Canada","description":"Les services de sant\u00e9 en milieu de travail de Medcor Canada offrent un acc\u00e8s pratique pour les blessures survenues sur le lieu de service, le bien-\u00eatre des employ\u00e9s, la pr\u00e9vention des blessures et les soins de soutien.","robots":{"index":"index","follow":"follow","max-snippet":"max-snippet:-1","max-image-preview":"max-image-preview:large","max-video-preview":"max-video-preview:-1"},"canonical":"https:\/\/medcor.com\/fr-ca\/ce-que-nous-faisons\/","og_locale":"fr_CA","og_type":"article","og_title":"Prestations | Medcor Canada","og_description":"Les services de sant\u00e9 en milieu de travail de Medcor Canada offrent un acc\u00e8s pratique pour les blessures survenues sur le lieu de service, le bien-\u00eatre des employ\u00e9s, la pr\u00e9vention des blessures et les soins de soutien.","og_url":"https:\/\/medcor.com\/fr-ca\/ce-que-nous-faisons\/","og_site_name":"Medcor","article_publisher":"https:\/\/www.facebook.com\/Medcor\/","article_modified_time":"2023-11-21T23:35:32+00:00","og_image":[{"width":766,"height":736,"url":"https:\/\/medcor.com\/wp-content\/uploads\/2023\/07\/occupational-health-services.jpg","type":"image\/jpeg"}],"twitter_card":"summary_large_image","twitter_misc":{"Est. reading time":"5 minutes"},"schema":{"@context":"https:\/\/schema.org","@graph":[{"@type":"WebPage","@id":"https:\/\/medcor.com\/fr-ca\/ce-que-nous-faisons\/","url":"https:\/\/medcor.com\/fr-ca\/ce-que-nous-faisons\/","name":"Prestations | Medcor Canada","isPartOf":{"@id":"https:\/\/medcor.com\/fr-ca\/#website"},"datePublished":"2023-11-15T01:25:45+00:00","dateModified":"2023-11-21T23:35:32+00:00","description":"Les services de sant\u00e9 en milieu de travail de Medcor Canada offrent un acc\u00e8s pratique pour les blessures survenues sur le lieu de service, le bien-\u00eatre des employ\u00e9s, la pr\u00e9vention des blessures et les soins de soutien.","breadcrumb":{"@id":"https:\/\/medcor.com\/fr-ca\/ce-que-nous-faisons\/#breadcrumb"},"inLanguage":"fr-CA","potentialAction":[{"@type":"ReadAction","target":["https:\/\/medcor.com\/fr-ca\/ce-que-nous-faisons\/"]}]},{"@type":"BreadcrumbList","@id":"https:\/\/medcor.com\/fr-ca\/ce-que-nous-faisons\/#breadcrumb","itemListElement":[{"@type":"ListItem","position":1,"name":"Home","item":"https:\/\/medcor.com\/fr-ca\/"},{"@type":"ListItem","position":2,"name":"Ce que nous faisons"}]},{"@type":"WebSite","@id":"https:\/\/medcor.com\/fr-ca\/#website","url":"https:\/\/medcor.com\/fr-ca\/","name":"Medcor","description":"Simplifying Healthcare For Employers","publisher":{"@id":"https:\/\/medcor.com\/fr-ca\/#organization"},"potentialAction":[{"@type":"SearchAction","target":{"@type":"EntryPoint","urlTemplate":"https:\/\/medcor.com\/fr-ca\/?s={search_term_string}"},"query-input":{"@type":"PropertyValueSpecification","valueRequired":true,"valueName":"search_term_string"}}],"inLanguage":"fr-CA"},{"@type":"Organization","@id":"https:\/\/medcor.com\/fr-ca\/#organization","name":"Medcor","alternateName":"Medcor","url":"https:\/\/medcor.com\/fr-ca\/","logo":{"@type":"ImageObject","inLanguage":"fr-CA","@id":"https:\/\/medcor.com\/fr-ca\/#\/schema\/logo\/image\/","url":"https:\/\/medcor.com\/wp-content\/uploads\/2023\/08\/cropped-favicon.png","contentUrl":"https:\/\/medcor.com\/wp-content\/uploads\/2023\/08\/cropped-favicon.png","width":512,"height":512,"caption":"Medcor"},"image":{"@id":"https:\/\/medcor.com\/fr-ca\/#\/schema\/logo\/image\/"},"sameAs":["https:\/\/www.facebook.com\/Medcor\/","https:\/\/www.linkedin.com\/company\/medcor\/","https:\/\/www.instagram.com\/medcorclinics\/","https:\/\/vimeo.com\/medcorhealthnavigation"]}]}},"featured_image_url":"","featured_image_url_sizes":{"thumbnail":false,"medium":false,"medium_large":false,"large":false,"default":{"url":"https:\/\/medcor.com\/wp-content\/uploads\/2023\/07\/Medcor-Canada-Logo-web.png"}},"service_type_color":null,"service_type_icon":null,"_links":{"self":[{"href":"https:\/\/medcor.com\/fr-ca\/wp-json\/wp\/v2\/pages\/20563","targetHints":{"allow":["GET"]}}],"collection":[{"href":"https:\/\/medcor.com\/fr-ca\/wp-json\/wp\/v2\/pages"}],"about":[{"href":"https:\/\/medcor.com\/fr-ca\/wp-json\/wp\/v2\/types\/page"}],"author":[{"embeddable":true,"href":"https:\/\/medcor.com\/fr-ca\/wp-json\/wp\/v2\/users\/1"}],"replies":[{"embeddable":true,"href":"https:\/\/medcor.com\/fr-ca\/wp-json\/wp\/v2\/comments?post=20563"}],"version-history":[{"count":9,"href":"https:\/\/medcor.com\/fr-ca\/wp-json\/wp\/v2\/pages\/20563\/revisions"}],"predecessor-version":[{"id":20793,"href":"https:\/\/medcor.com\/fr-ca\/wp-json\/wp\/v2\/pages\/20563\/revisions\/20793"}],"wp:attachment":[{"href":"https:\/\/medcor.com\/fr-ca\/wp-json\/wp\/v2\/media?parent=20563"}],"wp:term":[{"taxonomy":"service_type","embeddable":true,"href":"https:\/\/medcor.com\/fr-ca\/wp-json\/wp\/v2\/service_type?post=20563"},{"taxonomy":"silo","embeddable":true,"href":"https:\/\/medcor.com\/fr-ca\/wp-json\/wp\/v2\/silo?post=20563"}],"curies":[{"name":"wp","href":"https:\/\/api.w.org\/{rel}","templated":true}]}}