{"id":20571,"date":"2023-11-14T18:41:42","date_gmt":"2023-11-15T02:41:42","guid":{"rendered":"https:\/\/medcor.com\/?page_id=20571"},"modified":"2023-11-21T16:09:55","modified_gmt":"2023-11-22T00:09:55","slug":"notre-technologie","status":"publish","type":"page","link":"https:\/\/medcor.com\/fr-ca\/a-propos-de-nous\/notre-technologie\/","title":{"rendered":"Notre Technologie"},"content":{"rendered":"\n<section class=\"alignfull wp-block-ns-inner-page-hero\">\n    <div class=\"wp-block-ns-inner-page-hero__grid\">\n        <div class=\"wp-block-ns-inner-page-hero__body-col\">\n                            <div class=\"wp-block-ns-inner-page-hero__eyebrow --eyebrow\">\n                    Technologie                <\/div>\n                        <h1 class=\"wp-block-ns-inner-page-hero__headline --hl-xxl\">\n                Les services de sant\u00e9 de Medcor sont ax\u00e9s sur les syst\u00e8mes            <\/h1>\n\n            <div class=\"wp-block-ns-inner-page-hero__intro --wizzy\">\n                \n\n<p>Cela signifie que nos services reposent sur des normes cliniques et une technologie fond\u00e9es sur des donn\u00e9es probantes qui s&#8217;associent pour orienter notre personnel dans sa t\u00e2che d&#8217;orientation des employ\u00e9s bless\u00e9s ou malades. Nos syst\u00e8mes exclusifs \u2014 notamment nos protocoles de prise en charge, nos algorithmes et nos m\u00e9thodologies d&#8217;\u00e9valuation brevet\u00e9es \u2014 s&#8217;associent aux logiciels pour garantir une prise en charge coh\u00e9rente et des rapports adapt\u00e9s.<\/p>\n\n\n\n<p>Medcor est SOC2 depuis 2017 et se soumet \u00e0 des audits tous les six mois pour s&#8217;assurer de la bonne conception des contr\u00f4les de l&#8217;entreprise, de leur fonctionnement efficace et de leur efficacit\u00e9 dans la protection des donn\u00e9es sensibles. Nous \u00e9valuons l&#8217;efficacit\u00e9 de nos contr\u00f4les internes et r\u00e9alisons des audits SOC2 distincts pour les cliniques de t\u00e9l\u00e9sant\u00e9 et les cliniques sur site.<\/p>\n\n            <\/div>\n                            <div class=\"wp-block-ns-inner-page-hero__ctas\">\n                    <a class=\"wp-block-ns-inner-page-hero__cta --primary\" href=\"https:\/\/medcor.com\/fr-ca\/contact\/\">Nous contacter<\/a>                    <a class=\"wp-block-ns-inner-page-hero__cta --secondary\" href=\"https:\/\/medcor.com\/fr-ca\/ce-que-nous-faisons\/\">Nos activit\u00e9s<\/a>                <\/div>\n                    <\/div>\n        <div class=\"wp-block-ns-inner-page-hero__image-col\">\n            <div class=\"wp-block-ns-inner-page-hero__image-wrap\" style=\"--ns-imageCropPosition: center center;\">\n                <img loading=\"lazy\" decoding=\"async\" width=\"800\" height=\"800\" src=\"https:\/\/medcor.com\/wp-content\/uploads\/2023\/08\/medcor-our-technology.jpg\" class=\"attachment-large size-large\" alt=\"\" srcset=\"https:\/\/medcor.com\/wp-content\/uploads\/2023\/08\/medcor-our-technology.jpg 800w, https:\/\/medcor.com\/wp-content\/uploads\/2023\/08\/medcor-our-technology-300x300.jpg 300w, https:\/\/medcor.com\/wp-content\/uploads\/2023\/08\/medcor-our-technology-150x150.jpg 150w, https:\/\/medcor.com\/wp-content\/uploads\/2023\/08\/medcor-our-technology-768x768.jpg 768w, https:\/\/medcor.com\/wp-content\/uploads\/2023\/08\/medcor-our-technology-500x500.jpg 500w\" sizes=\"auto, (max-width: 800px) 100vw, 800px\" \/>            <\/div>\n        <\/div>\n    <\/div>\n<\/section>\n\n\n\n<div style=\"height:100px\" aria-hidden=\"true\" class=\"wp-block-spacer\"><\/div>\n\n\n\n<h3 class=\"wp-block-heading has-text-align-center is-style-hl-m\">Chaque instrument n\u00e9cessite de la recherche. D\u00e9couvrez comment nos logiciels s&#8217;int\u00e8grent \u00e0 nos services pour des r\u00e9sultats physiques et financiers optimaux.<\/h3>\n\n\n\n<section class=\"alignfull wp-block-ns-side-media\">\n    <div class=\"wp-block-ns-side-media__image-col  --has-min-height\" style=\"--ns-imageCropPosition: center center;\">\n        <img loading=\"lazy\" decoding=\"async\" width=\"800\" height=\"800\" src=\"https:\/\/medcor.com\/wp-content\/uploads\/2023\/08\/medcor-patient-portal.jpg\" class=\"attachment-large size-large\" alt=\"\" srcset=\"https:\/\/medcor.com\/wp-content\/uploads\/2023\/08\/medcor-patient-portal.jpg 800w, https:\/\/medcor.com\/wp-content\/uploads\/2023\/08\/medcor-patient-portal-300x300.jpg 300w, https:\/\/medcor.com\/wp-content\/uploads\/2023\/08\/medcor-patient-portal-150x150.jpg 150w, https:\/\/medcor.com\/wp-content\/uploads\/2023\/08\/medcor-patient-portal-768x768.jpg 768w, https:\/\/medcor.com\/wp-content\/uploads\/2023\/08\/medcor-patient-portal-500x500.jpg 500w\" sizes=\"auto, (max-width: 800px) 100vw, 800px\" \/>    <\/div>\n    <div class=\"wp-block-ns-side-media__body-col\">\n                            <h2 class=\"wp-block-ns-side-media__headline --hl-l\">\n                Portail client            <\/h2>\n                <div class=\"wp-block-ns-side-media__body\">\n            \n\n<p>Les logiciels m\u00e9dicaux de Medcor capturent et rapportent des analyses de tendances et des indicateurs de performance cl\u00e9s (KPI) vitaux pour l&#8217;\u00e9laboration de rapports qui vous permettront de mettre en place des mesures pr\u00e9ventives.<\/p>\n\n\n\n<p>Notre portail clients fournit des informations personnalis\u00e9es en fonction des besoins de votre organisation. Un tableau de bord affiche des donn\u00e9es et des indicateurs cl\u00e9s de performance que vous pouvez utiliser pour prendre des d\u00e9cisions commerciales efficaces. Il vous permet d&#8217;obtenir des donn\u00e9es globales ou des informations d\u00e9taill\u00e9es. Des rapports flexibles vous permettent de configurer, d&#8217;ex\u00e9cuter, de visualiser, de planifier et d&#8217;exporter des rapports pour l&#8217;analyse comparative et l&#8217;analyse des tendances. Dot\u00e9 de puissants outils d&#8217;analyse et de visualisation, le portail client dispose \u00e9galement de fonctions de transfert de fichiers et de messagerie s\u00e9curis\u00e9es.<\/p>\n\n        <\/div>\n        <a class=\"wp-block-ns-side-media__cta\" href=\"https:\/\/vimeo.com\/558622408?share=copy\" target=\"_blank\" >Voir la vid\u00e9o<\/a>    <\/div>\n<\/section>\n\n\n\n<section class=\"alignfull --right-image wp-block-ns-side-media\">\n    <div class=\"wp-block-ns-side-media__image-col  --has-min-height\" style=\"--ns-imageCropPosition: center center;\">\n        <img loading=\"lazy\" decoding=\"async\" width=\"800\" height=\"800\" src=\"https:\/\/medcor.com\/wp-content\/uploads\/2023\/08\/medcor-medical-software.jpg\" class=\"attachment-large size-large\" alt=\"\" srcset=\"https:\/\/medcor.com\/wp-content\/uploads\/2023\/08\/medcor-medical-software.jpg 800w, https:\/\/medcor.com\/wp-content\/uploads\/2023\/08\/medcor-medical-software-300x300.jpg 300w, https:\/\/medcor.com\/wp-content\/uploads\/2023\/08\/medcor-medical-software-150x150.jpg 150w, https:\/\/medcor.com\/wp-content\/uploads\/2023\/08\/medcor-medical-software-768x768.jpg 768w, https:\/\/medcor.com\/wp-content\/uploads\/2023\/08\/medcor-medical-software-500x500.jpg 500w\" sizes=\"auto, (max-width: 800px) 100vw, 800px\" \/>    <\/div>\n    <div class=\"wp-block-ns-side-media__body-col\">\n                            <h2 class=\"wp-block-ns-side-media__headline --hl-l\">\n                Logiciel clinique exclusif            <\/h2>\n                <div class=\"wp-block-ns-side-media__body\">\n            \n\n<p>Notre logiciel clinique exclusif, Medfiles, offre une solution logicielle centralis\u00e9e et normalis\u00e9e pour la gestion des donn\u00e9es relatives \u00e0 la sant\u00e9 et \u00e0 la s\u00e9curit\u00e9 au travail, essentielles \u00e0 la gestion des dossiers d&#8217;indemnisation des travailleurs et au respect de la r\u00e9glementation.<\/p>\n\n\n\n<p>Medfiles identifie le type et le lieu de la blessure et peut suivre les r\u00e9f\u00e9rences m\u00e9dicales, les visites de suivi, l&#8217;activit\u00e9 du patient, les jours de travail perdus et restreints, les absences pour cause d&#8217;invalidit\u00e9 et plus encore. Les donn\u00e9es collect\u00e9es par Medfiles g\u00e9n\u00e8rent des rapports standards et personnalis\u00e9s via notre portail client.<\/p>\n\n\n\n<p>Notre technologie Medfiles Navigator s&#8217;articule autour des protocoles de prise en charge Medcor (MCP), qui sont des protocoles exclusifs fond\u00e9s sur des normes cliniques reconnues et bas\u00e9es sur des preuves. Avec Medfiles Navigator, le personnel de nos cliniques locales saisit les donn\u00e9es de retour d&#8217;information pour chaque visite de patient avec des \u00e9l\u00e9ments d\u00e9finis pour l&#8217;\u00e9valuation des blessures et des maladies. Cela signifie que la m\u00eame blessure sera \u00e9valu\u00e9e de la m\u00eame mani\u00e8re partout, et que les employ\u00e9s de toute l&#8217;entreprise disposeront du m\u00eame processus de d\u00e9claration et de traitement des blessures.<\/p>\n\n\n\n<p>Medfiles and Medfiles Navigator sont des applications SaaS bas\u00e9es sur le nuage s\u00fbres et conformes aux normes HIPAA\/PHIPA et PIPEDA.<\/p>\n\n        <\/div>\n        <a class=\"wp-block-ns-side-media__cta\" href=\"https:\/\/vimeo.com\/742829356?share=copy\" target=\"_blank\" >Voir la vid\u00e9o<\/a>    <\/div>\n<\/section>\n\n\n\n<section class=\"alignfull wp-block-ns-side-media\">\n    <div class=\"wp-block-ns-side-media__image-col  --has-min-height\" style=\"--ns-imageCropPosition: center center;\">\n        <img loading=\"lazy\" decoding=\"async\" width=\"800\" height=\"800\" src=\"https:\/\/medcor.com\/wp-content\/uploads\/2023\/08\/iStock-1282577393-triage-nurse-edited.jpg\" class=\"attachment-large size-large\" alt=\"\" srcset=\"https:\/\/medcor.com\/wp-content\/uploads\/2023\/08\/iStock-1282577393-triage-nurse-edited.jpg 800w, https:\/\/medcor.com\/wp-content\/uploads\/2023\/08\/iStock-1282577393-triage-nurse-edited-300x300.jpg 300w, https:\/\/medcor.com\/wp-content\/uploads\/2023\/08\/iStock-1282577393-triage-nurse-edited-150x150.jpg 150w, https:\/\/medcor.com\/wp-content\/uploads\/2023\/08\/iStock-1282577393-triage-nurse-edited-768x768.jpg 768w, https:\/\/medcor.com\/wp-content\/uploads\/2023\/08\/iStock-1282577393-triage-nurse-edited-500x500.jpg 500w\" sizes=\"auto, (max-width: 800px) 100vw, 800px\" \/>    <\/div>\n    <div class=\"wp-block-ns-side-media__body-col\">\n                            <h2 class=\"wp-block-ns-side-media__headline --hl-l\">\n                Technologie de triage exclusif            <\/h2>\n                <div class=\"wp-block-ns-side-media__body\">\n            \n\n<p>Notre technologie de triage exclusive s&#8217;articule autour de nos m\u00e9thodes brevet\u00e9es d&#8217;\u00e9valuation des blessures afin d&#8217;obtenir des r\u00e9sultats coh\u00e9rents, en automatisant le processus de triage pour que nos infirmi\u00e8res puissent se concentrer sur l&#8217;employ\u00e9 bless\u00e9. Cette plateforme a \u00e9t\u00e9 con\u00e7ue sur mesure pour le triage sur le lieu de travail et automatise le processus de triage. Des algorithmes fond\u00e9s sur des donn\u00e9es probantes sont int\u00e9gr\u00e9s au logiciel pour permettre aux infirmi\u00e8res d&#8217;y acc\u00e9der imm\u00e9diatement, pour assurer la coh\u00e9rence entre les prestataires et pour permettre des mises \u00e0 jour et des ajouts efficaces \u00e0 la biblioth\u00e8que d&#8217;algorithmes.<\/p>\n\n\n\n<p>Medcor est titulaire de quatre brevets en mati\u00e8re de triage des bless\u00e9s, ce qui garantit des r\u00e9sultats coh\u00e9rents.<\/p>\n\n\n\n<p>Gr\u00e2ce \u00e0 la technologie couverte par ces brevets, un employ\u00e9 qui appelle pour plusieurs probl\u00e8mes de sant\u00e9 est tri\u00e9 en traitant d&#8217;abord le probl\u00e8me le plus urgent, de sorte qu&#8217;il n&#8217;y a pas de lacunes dans l&#8217;\u00e9valuation et que rien n&#8217;\u00e9chappe \u00e0 un probl\u00e8me qui pourrait se manifester plus tard.<\/p>\n\n\n\n<p>Les r\u00e9sultats de ces processus brevet\u00e9s sont pr\u00e9cieux, avec un retour sur investissement moyen de 6:1. La coh\u00e9rence et la pr\u00e9cision de ces brevets prouvent leur valeur : On estime que 42 % des appels pour blessures sont r\u00e9solus par le triage de Medcor avec des recommandations de premiers soins et un taux d&#8217;orientation vers les urgences inf\u00e9rieur \u00e0 1 %.<\/p>\n\n        <\/div>\n        <a class=\"wp-block-ns-side-media__cta\" href=\"https:\/\/vimeo.com\/744295535?share=copy\" target=\"_blank\" >Voir la vid\u00e9o<\/a>    <\/div>\n<\/section>\n\n\n\n<div class=\"wp-block-columns is-layout-flex wp-container-core-columns-is-layout-9d6595d7 wp-block-columns-is-layout-flex\">\n<div class=\"wp-block-column is-layout-flow wp-block-column-is-layout-flow\">\n<div style=\"height:100px\" aria-hidden=\"true\" class=\"wp-block-spacer\"><\/div>\n<\/div>\n<\/div>\n\n\n\n<h3 class=\"wp-block-heading has-text-align-center\">Voici quelques autres fonctionnalit\u00e9s de cette plateforme :<\/h3>\n\n\n\n<div class=\"wp-block-columns is-layout-flex wp-container-core-columns-is-layout-9d6595d7 wp-block-columns-is-layout-flex\">\n<div class=\"wp-block-column is-layout-flow wp-block-column-is-layout-flow\">\n<ul class=\"wp-block-list\">\n<li>Des documents automatis\u00e9s<\/li>\n\n\n\n<li>Des services d&#8217;interpr\u00e9tation int\u00e9gr\u00e9s<\/li>\n\n\n\n<li>Des enregistrements vocaux des appels au service de triage mis \u00e0 la disposition des clients<\/li>\n\n\n\n<li>Un chiffrement de bout \u00e0 bout<\/li>\n\n\n\n<li>Compatibilit\u00e9 avec des administrateurs, des courtiers et des op\u00e9rateurs tiers<\/li>\n\n\n\n<li>Stockage des lieux de travail et des r\u00e9seaux de prestataires pr\u00e9f\u00e9r\u00e9s des clients pour des recommandations<\/li>\n<\/ul>\n<\/div>\n\n\n\n<div class=\"wp-block-column is-layout-flow wp-block-column-is-layout-flow\">\n<ul class=\"wp-block-list\">\n<li>Le portail clients vous permet d&#8217;\u00e9laborer des rapports et de t\u00e9l\u00e9charger des donn\u00e9es<\/li>\n\n\n\n<li>Offre un cadre pour une analyse de qualit\u00e9 du processus de triage<\/li>\n\n\n\n<li>Stockage des donn\u00e9es des employ\u00e9s (sur demande) pour permettre le renseignement automatique des donn\u00e9es d\u00e9mographiques et autres donn\u00e9es<\/li>\n\n\n\n<li>Plateforme Web prenant en charge le centre d&#8217;appels, des utilisateurs virtuels et hybrides<\/li>\n\n\n\n<li>Et plus encore<\/li>\n<\/ul>\n<\/div>\n<\/div>\n\n\n\n<p class=\"has-text-align-center\">Des am\u00e9liorations et des d\u00e9veloppements sont continuellement apport\u00e9s \u00e0 nos plateformes par nos d\u00e9partements d&#8217;informatique et de renseignement commercial. En outre, nous collaborons \u00e9troitement avec notre filiale de d\u00e9veloppement en vue de d\u00e9velopper, maintenir et mettre \u00e0 niveau les applications principales de Medcor.<\/p>\n\n\n\n<div class=\"wp-block-buttons is-content-justification-center is-layout-flex wp-container-core-buttons-is-layout-16018d1d wp-block-buttons-is-layout-flex\">\n<div class=\"wp-block-button\"><a class=\"wp-block-button__link wp-element-button\" href=\"https:\/\/medcor.com\/fr-ca\/contact\/\">En savoir plus<\/a><\/div>\n<\/div>\n\n\n\n<div style=\"height:29px\" aria-hidden=\"true\" class=\"wp-block-spacer\"><\/div>\n","protected":false},"excerpt":{"rendered":"<p>Chaque instrument n\u00e9cessite de la recherche. D\u00e9couvrez comment nos logiciels s&#8217;int\u00e8grent \u00e0 nos services pour des r\u00e9sultats physiques et financiers optimaux. Voici quelques autres fonctionnalit\u00e9s &hellip;<\/p>\n","protected":false},"author":1,"featured_media":21099,"parent":0,"menu_order":0,"comment_status":"closed","ping_status":"closed","template":"","meta":{"pageFeaturedColor":"","pageIcon":"","footnotes":""},"service_type":[],"silo":[1174],"class_list":["post-20571","page","type-page","status-publish","has-post-thumbnail","hentry"],"yoast_head":"<!-- This site is optimized with the Yoast SEO plugin v27.1.1 - https:\/\/yoast.com\/product\/yoast-seo-wordpress\/ -->\n<title>Notre technologie | Medcor Canada<\/title>\n<meta name=\"description\" content=\"La technologie de Medcor repose sur des normes cliniques fond\u00e9es sur des donn\u00e9es probantes pour les protocoles de prise en charge et les algorithmes de prise en charge et de triages des bless\u00e9s.\" \/>\n<meta name=\"robots\" content=\"index, follow, max-snippet:-1, max-image-preview:large, max-video-preview:-1\" \/>\n<link rel=\"canonical\" href=\"https:\/\/medcor.com\/fr-ca\/a-propos-de-nous\/notre-technologie\/\" \/>\n<meta property=\"og:locale\" content=\"fr_CA\" \/>\n<meta property=\"og:type\" content=\"article\" \/>\n<meta property=\"og:title\" content=\"Notre technologie | Medcor Canada\" \/>\n<meta property=\"og:description\" content=\"La technologie de Medcor repose sur des normes cliniques fond\u00e9es sur des donn\u00e9es probantes pour les protocoles de prise en charge et les algorithmes de prise en charge et de triages des bless\u00e9s.\" \/>\n<meta property=\"og:url\" content=\"https:\/\/medcor.com\/fr-ca\/a-propos-de-nous\/notre-technologie\/\" \/>\n<meta property=\"og:site_name\" content=\"Medcor\" \/>\n<meta property=\"article:publisher\" content=\"https:\/\/www.facebook.com\/Medcor\/\" \/>\n<meta property=\"article:modified_time\" content=\"2023-11-22T00:09:55+00:00\" \/>\n<meta property=\"og:image\" content=\"https:\/\/medcor.com\/wp-content\/uploads\/2023\/08\/medcor-our-technology.jpg\" \/>\n\t<meta property=\"og:image:width\" content=\"800\" \/>\n\t<meta property=\"og:image:height\" content=\"800\" \/>\n\t<meta property=\"og:image:type\" content=\"image\/jpeg\" \/>\n<meta name=\"twitter:card\" content=\"summary_large_image\" \/>\n<meta name=\"twitter:label1\" content=\"Est. reading time\" \/>\n\t<meta name=\"twitter:data1\" content=\"4 minutes\" \/>\n<script type=\"application\/ld+json\" class=\"yoast-schema-graph\">{\"@context\":\"https:\/\/schema.org\",\"@graph\":[{\"@type\":\"WebPage\",\"@id\":\"https:\/\/medcor.com\/fr-ca\/a-propos-de-nous\/notre-technologie\/\",\"url\":\"https:\/\/medcor.com\/fr-ca\/a-propos-de-nous\/notre-technologie\/\",\"name\":\"Notre technologie | Medcor Canada\",\"isPartOf\":{\"@id\":\"https:\/\/medcor.com\/fr-ca\/#website\"},\"primaryImageOfPage\":{\"@id\":\"https:\/\/medcor.com\/fr-ca\/a-propos-de-nous\/notre-technologie\/#primaryimage\"},\"image\":{\"@id\":\"https:\/\/medcor.com\/fr-ca\/a-propos-de-nous\/notre-technologie\/#primaryimage\"},\"thumbnailUrl\":\"https:\/\/medcor.com\/wp-content\/uploads\/2023\/08\/medcor-our-technology.jpg\",\"datePublished\":\"2023-11-15T02:41:42+00:00\",\"dateModified\":\"2023-11-22T00:09:55+00:00\",\"description\":\"La technologie de Medcor repose sur des normes cliniques fond\u00e9es sur des donn\u00e9es probantes pour les protocoles de prise en charge et les algorithmes de prise en charge et de triages des bless\u00e9s.\",\"breadcrumb\":{\"@id\":\"https:\/\/medcor.com\/fr-ca\/a-propos-de-nous\/notre-technologie\/#breadcrumb\"},\"inLanguage\":\"fr-CA\",\"potentialAction\":[{\"@type\":\"ReadAction\",\"target\":[\"https:\/\/medcor.com\/fr-ca\/a-propos-de-nous\/notre-technologie\/\"]}]},{\"@type\":\"ImageObject\",\"inLanguage\":\"fr-CA\",\"@id\":\"https:\/\/medcor.com\/fr-ca\/a-propos-de-nous\/notre-technologie\/#primaryimage\",\"url\":\"https:\/\/medcor.com\/wp-content\/uploads\/2023\/08\/medcor-our-technology.jpg\",\"contentUrl\":\"https:\/\/medcor.com\/wp-content\/uploads\/2023\/08\/medcor-our-technology.jpg\",\"width\":800,\"height\":800},{\"@type\":\"BreadcrumbList\",\"@id\":\"https:\/\/medcor.com\/fr-ca\/a-propos-de-nous\/notre-technologie\/#breadcrumb\",\"itemListElement\":[{\"@type\":\"ListItem\",\"position\":1,\"name\":\"Home\",\"item\":\"https:\/\/medcor.com\/fr-ca\/\"},{\"@type\":\"ListItem\",\"position\":2,\"name\":\"Notre Technologie\"}]},{\"@type\":\"WebSite\",\"@id\":\"https:\/\/medcor.com\/fr-ca\/#website\",\"url\":\"https:\/\/medcor.com\/fr-ca\/\",\"name\":\"Medcor\",\"description\":\"Simplifying Healthcare For Employers\",\"publisher\":{\"@id\":\"https:\/\/medcor.com\/fr-ca\/#organization\"},\"potentialAction\":[{\"@type\":\"SearchAction\",\"target\":{\"@type\":\"EntryPoint\",\"urlTemplate\":\"https:\/\/medcor.com\/fr-ca\/?s={search_term_string}\"},\"query-input\":{\"@type\":\"PropertyValueSpecification\",\"valueRequired\":true,\"valueName\":\"search_term_string\"}}],\"inLanguage\":\"fr-CA\"},{\"@type\":\"Organization\",\"@id\":\"https:\/\/medcor.com\/fr-ca\/#organization\",\"name\":\"Medcor\",\"alternateName\":\"Medcor\",\"url\":\"https:\/\/medcor.com\/fr-ca\/\",\"logo\":{\"@type\":\"ImageObject\",\"inLanguage\":\"fr-CA\",\"@id\":\"https:\/\/medcor.com\/fr-ca\/#\/schema\/logo\/image\/\",\"url\":\"https:\/\/medcor.com\/wp-content\/uploads\/2023\/08\/cropped-favicon.png\",\"contentUrl\":\"https:\/\/medcor.com\/wp-content\/uploads\/2023\/08\/cropped-favicon.png\",\"width\":512,\"height\":512,\"caption\":\"Medcor\"},\"image\":{\"@id\":\"https:\/\/medcor.com\/fr-ca\/#\/schema\/logo\/image\/\"},\"sameAs\":[\"https:\/\/www.facebook.com\/Medcor\/\",\"https:\/\/www.linkedin.com\/company\/medcor\/\",\"https:\/\/www.instagram.com\/medcorclinics\/\",\"https:\/\/vimeo.com\/medcorhealthnavigation\"]}]}<\/script>\n<!-- \/ Yoast SEO plugin. -->","yoast_head_json":{"title":"Notre technologie | Medcor Canada","description":"La technologie de Medcor repose sur des normes cliniques fond\u00e9es sur des donn\u00e9es probantes pour les protocoles de prise en charge et les algorithmes de prise en charge et de triages des bless\u00e9s.","robots":{"index":"index","follow":"follow","max-snippet":"max-snippet:-1","max-image-preview":"max-image-preview:large","max-video-preview":"max-video-preview:-1"},"canonical":"https:\/\/medcor.com\/fr-ca\/a-propos-de-nous\/notre-technologie\/","og_locale":"fr_CA","og_type":"article","og_title":"Notre technologie | Medcor Canada","og_description":"La technologie de Medcor repose sur des normes cliniques fond\u00e9es sur des donn\u00e9es probantes pour les protocoles de prise en charge et les algorithmes de prise en charge et de triages des bless\u00e9s.","og_url":"https:\/\/medcor.com\/fr-ca\/a-propos-de-nous\/notre-technologie\/","og_site_name":"Medcor","article_publisher":"https:\/\/www.facebook.com\/Medcor\/","article_modified_time":"2023-11-22T00:09:55+00:00","og_image":[{"width":800,"height":800,"url":"https:\/\/medcor.com\/wp-content\/uploads\/2023\/08\/medcor-our-technology.jpg","type":"image\/jpeg"}],"twitter_card":"summary_large_image","twitter_misc":{"Est. reading time":"4 minutes"},"schema":{"@context":"https:\/\/schema.org","@graph":[{"@type":"WebPage","@id":"https:\/\/medcor.com\/fr-ca\/a-propos-de-nous\/notre-technologie\/","url":"https:\/\/medcor.com\/fr-ca\/a-propos-de-nous\/notre-technologie\/","name":"Notre technologie | Medcor Canada","isPartOf":{"@id":"https:\/\/medcor.com\/fr-ca\/#website"},"primaryImageOfPage":{"@id":"https:\/\/medcor.com\/fr-ca\/a-propos-de-nous\/notre-technologie\/#primaryimage"},"image":{"@id":"https:\/\/medcor.com\/fr-ca\/a-propos-de-nous\/notre-technologie\/#primaryimage"},"thumbnailUrl":"https:\/\/medcor.com\/wp-content\/uploads\/2023\/08\/medcor-our-technology.jpg","datePublished":"2023-11-15T02:41:42+00:00","dateModified":"2023-11-22T00:09:55+00:00","description":"La technologie de Medcor repose sur des normes cliniques fond\u00e9es sur des donn\u00e9es probantes pour les protocoles de prise en charge et les algorithmes de prise en charge et de triages des bless\u00e9s.","breadcrumb":{"@id":"https:\/\/medcor.com\/fr-ca\/a-propos-de-nous\/notre-technologie\/#breadcrumb"},"inLanguage":"fr-CA","potentialAction":[{"@type":"ReadAction","target":["https:\/\/medcor.com\/fr-ca\/a-propos-de-nous\/notre-technologie\/"]}]},{"@type":"ImageObject","inLanguage":"fr-CA","@id":"https:\/\/medcor.com\/fr-ca\/a-propos-de-nous\/notre-technologie\/#primaryimage","url":"https:\/\/medcor.com\/wp-content\/uploads\/2023\/08\/medcor-our-technology.jpg","contentUrl":"https:\/\/medcor.com\/wp-content\/uploads\/2023\/08\/medcor-our-technology.jpg","width":800,"height":800},{"@type":"BreadcrumbList","@id":"https:\/\/medcor.com\/fr-ca\/a-propos-de-nous\/notre-technologie\/#breadcrumb","itemListElement":[{"@type":"ListItem","position":1,"name":"Home","item":"https:\/\/medcor.com\/fr-ca\/"},{"@type":"ListItem","position":2,"name":"Notre Technologie"}]},{"@type":"WebSite","@id":"https:\/\/medcor.com\/fr-ca\/#website","url":"https:\/\/medcor.com\/fr-ca\/","name":"Medcor","description":"Simplifying Healthcare For Employers","publisher":{"@id":"https:\/\/medcor.com\/fr-ca\/#organization"},"potentialAction":[{"@type":"SearchAction","target":{"@type":"EntryPoint","urlTemplate":"https:\/\/medcor.com\/fr-ca\/?s={search_term_string}"},"query-input":{"@type":"PropertyValueSpecification","valueRequired":true,"valueName":"search_term_string"}}],"inLanguage":"fr-CA"},{"@type":"Organization","@id":"https:\/\/medcor.com\/fr-ca\/#organization","name":"Medcor","alternateName":"Medcor","url":"https:\/\/medcor.com\/fr-ca\/","logo":{"@type":"ImageObject","inLanguage":"fr-CA","@id":"https:\/\/medcor.com\/fr-ca\/#\/schema\/logo\/image\/","url":"https:\/\/medcor.com\/wp-content\/uploads\/2023\/08\/cropped-favicon.png","contentUrl":"https:\/\/medcor.com\/wp-content\/uploads\/2023\/08\/cropped-favicon.png","width":512,"height":512,"caption":"Medcor"},"image":{"@id":"https:\/\/medcor.com\/fr-ca\/#\/schema\/logo\/image\/"},"sameAs":["https:\/\/www.facebook.com\/Medcor\/","https:\/\/www.linkedin.com\/company\/medcor\/","https:\/\/www.instagram.com\/medcorclinics\/","https:\/\/vimeo.com\/medcorhealthnavigation"]}]}},"featured_image_url":"https:\/\/medcor.com\/wp-content\/uploads\/2023\/08\/medcor-our-technology.jpg","featured_image_url_sizes":{"thumbnail":"https:\/\/medcor.com\/wp-content\/uploads\/2023\/08\/medcor-our-technology-150x150.jpg","medium":"https:\/\/medcor.com\/wp-content\/uploads\/2023\/08\/medcor-our-technology-300x300.jpg","medium_large":"https:\/\/medcor.com\/wp-content\/uploads\/2023\/08\/medcor-our-technology-768x768.jpg","large":"https:\/\/medcor.com\/wp-content\/uploads\/2023\/08\/medcor-our-technology.jpg","default":{"url":"https:\/\/medcor.com\/wp-content\/uploads\/2023\/07\/Medcor-Canada-Logo-web.png"}},"service_type_color":null,"service_type_icon":null,"_links":{"self":[{"href":"https:\/\/medcor.com\/fr-ca\/wp-json\/wp\/v2\/pages\/20571","targetHints":{"allow":["GET"]}}],"collection":[{"href":"https:\/\/medcor.com\/fr-ca\/wp-json\/wp\/v2\/pages"}],"about":[{"href":"https:\/\/medcor.com\/fr-ca\/wp-json\/wp\/v2\/types\/page"}],"author":[{"embeddable":true,"href":"https:\/\/medcor.com\/fr-ca\/wp-json\/wp\/v2\/users\/1"}],"replies":[{"embeddable":true,"href":"https:\/\/medcor.com\/fr-ca\/wp-json\/wp\/v2\/comments?post=20571"}],"version-history":[{"count":5,"href":"https:\/\/medcor.com\/fr-ca\/wp-json\/wp\/v2\/pages\/20571\/revisions"}],"predecessor-version":[{"id":20806,"href":"https:\/\/medcor.com\/fr-ca\/wp-json\/wp\/v2\/pages\/20571\/revisions\/20806"}],"wp:featuredmedia":[{"embeddable":true,"href":"https:\/\/medcor.com\/fr-ca\/wp-json\/wp\/v2\/media\/21099"}],"wp:attachment":[{"href":"https:\/\/medcor.com\/fr-ca\/wp-json\/wp\/v2\/media?parent=20571"}],"wp:term":[{"taxonomy":"service_type","embeddable":true,"href":"https:\/\/medcor.com\/fr-ca\/wp-json\/wp\/v2\/service_type?post=20571"},{"taxonomy":"silo","embeddable":true,"href":"https:\/\/medcor.com\/fr-ca\/wp-json\/wp\/v2\/silo?post=20571"}],"curies":[{"name":"wp","href":"https:\/\/api.w.org\/{rel}","templated":true}]}}