{"id":20576,"date":"2023-11-14T20:04:49","date_gmt":"2023-11-15T04:04:49","guid":{"rendered":"https:\/\/medcor.com\/?page_id=20576"},"modified":"2023-11-21T15:52:08","modified_gmt":"2023-11-21T23:52:08","slug":"programme-de-leadership","status":"publish","type":"page","link":"https:\/\/medcor.com\/fr-ca\/qui-sommes-nous\/programme-de-leadership\/","title":{"rendered":"Programme de Leadership"},"content":{"rendered":"\n<section class=\"alignfull wp-block-ns-inner-page-hero\">\n    <div class=\"wp-block-ns-inner-page-hero__grid\">\n        <div class=\"wp-block-ns-inner-page-hero__body-col\">\n                            <div class=\"wp-block-ns-inner-page-hero__eyebrow --eyebrow\">\n                    Direction                <\/div>\n                        <h1 class=\"wp-block-ns-inner-page-hero__headline --hl-xxl\">\n                Cr\u00e9er une culture de habilit\u00e9 et des dirigeants inspirants            <\/h1>\n\n            <div class=\"wp-block-ns-inner-page-hero__intro --wizzy\">\n                \n\n<p>Le programme de leadership de Medcor Canada est un programme d&#8217;apprentissage abordable et flexible con\u00e7u pour d\u00e9velopper les comp\u00e9tences en leadership \u00e0 tous les niveaux.<\/p>\n\n            <\/div>\n                            <div class=\"wp-block-ns-inner-page-hero__ctas\">\n                    <a class=\"wp-block-ns-inner-page-hero__cta --primary\" href=\"https:\/\/medcor.com\/fr-ca\/contact\/\">Nous contacter<\/a>                                    <\/div>\n                    <\/div>\n        <div class=\"wp-block-ns-inner-page-hero__image-col\">\n            <div class=\"wp-block-ns-inner-page-hero__image-wrap\" style=\"--ns-imageCropPosition: center center;\">\n                <img loading=\"lazy\" decoding=\"async\" width=\"800\" height=\"800\" src=\"https:\/\/medcor.com\/wp-content\/uploads\/2023\/08\/Triage-Nurses-SF-800x800-1.jpg\" class=\"attachment-large size-large\" alt=\"\" srcset=\"https:\/\/medcor.com\/wp-content\/uploads\/2023\/08\/Triage-Nurses-SF-800x800-1.jpg 800w, https:\/\/medcor.com\/wp-content\/uploads\/2023\/08\/Triage-Nurses-SF-800x800-1-300x300.jpg 300w, https:\/\/medcor.com\/wp-content\/uploads\/2023\/08\/Triage-Nurses-SF-800x800-1-150x150.jpg 150w, https:\/\/medcor.com\/wp-content\/uploads\/2023\/08\/Triage-Nurses-SF-800x800-1-768x768.jpg 768w, https:\/\/medcor.com\/wp-content\/uploads\/2023\/08\/Triage-Nurses-SF-800x800-1-500x500.jpg 500w\" sizes=\"auto, (max-width: 800px) 100vw, 800px\" \/>            <\/div>\n        <\/div>\n    <\/div>\n<\/section>\n\n\n\n<section class=\"alignfull --theme-turquoise wp-block-ns-stats\">\n        <div class=\"wp-block-ns-stats__wrapper \">\n        <div class=\"wp-block-ns-stats__header\">\n            <div class=\"wp-block-ns-stats__headline\">\n                                                    <h2 class=\"wp-block-ns-stats__header-title --hl-l\">\n                        Le programme de leadership de Medcor Canada                     <\/h2>\n                            <\/div>\n            <div class=\"wp-block-ns-stats__header-content\">\n                \n\n<p>Si vous vous cherchez \u00e0 devenir un leader plus efficace ou si un membre de votre \u00e9quipe a du potentiel, le programme de leadership de Medcor Canada offre aux individus la possibilit\u00e9 d&#8217;investir dans leur avenir et de former des \u00e9quipes hautement performantes.<\/p>\n\n\n\n<p>Le coaching est en plein essor dans tous les secteurs et une formation sp\u00e9cialis\u00e9e vous permet de rester comp\u00e9titif!<\/p>\n\n\n\n<p><\/p>\n\n            <\/div>\n        <\/div>\n        <div class=\"wp-block-ns-stats__content js-number-slider swiper\">\n            <div class=\"wp-block-ns-stats__content-wrapper swiper-wrapper\">\n                <div class=\"wp-block-ns-stats__number-block swiper-slide\">\n                    <div class=\"wp-block-ns-stats__number --hl-l js-number\" data-number-direction=\"up\">46%<\/div>\n                    <div class=\"wp-block-ns-stats__number-comment\">augmentation du nombre de managers et de dirigeants utilisant le coaching<\/div>\n                <\/div>\n                <div class=\"wp-block-ns-stats__number-block swiper-slide\">\n                    <div class=\"wp-block-ns-stats__number --hl-l js-number\" data-number-direction=\"up\">77%<\/div>\n                    <div class=\"wp-block-ns-stats__number-comment\">des organisations d\u00e9clarent \u00eatre confront\u00e9es \u00e0 un d\u00e9ficit de leadership<\/div>\n                <\/div>\n                <div class=\"wp-block-ns-stats__number-block swiper-slide\">\n                    <div class=\"wp-block-ns-stats__number --hl-l js-number\" data-number-direction=\"up\">48%<\/div>\n                    <div class=\"wp-block-ns-stats__number-comment\">des dirigeants souhaitent un coaching ext\u00e9rieur, selon le rapport Global Leadership Forecast 2021<\/div>\n                <\/div>\n                <div class=\"wp-block-ns-stats__number-block swiper-slide\">\n                    <div class=\"wp-block-ns-stats__number --hl-l js-number\" data-number-direction=\"up\">63%<\/div>\n                    <div class=\"wp-block-ns-stats__number-comment\">des millenials pensent que leurs comp\u00e9tences en leadership ne sont pas pleinement d\u00e9velopp\u00e9es<\/div>\n                <\/div>\n            <\/div>\n            <div class=\"wp-block-ns-stats__nav\">\n                <button class=\"wp-block-ns-stats__nav-button --pre swiper-button-prev \" aria-label=\"Previous\"><\/button>\n                <div class=\"wp-block-ns-stats__count\"><span class=\"js-swiper-count\">1<\/span><span>\/<\/span><span class=\"\">4<\/span><\/div>\n                <button class=\"wp-block-ns-stats__nav-button --next swiper-button-next\" aria-label=\"Next\"><\/button>\n            <\/div>\n        <\/div>\n    <\/div>\n<\/section>\n\n\n\n<div style=\"height:31px\" aria-hidden=\"true\" class=\"wp-block-spacer\"><\/div>\n\n\n\n<section class=\"alignfull wp-block-ns-side-media\">\n    <div class=\"wp-block-ns-side-media__image-col  --has-min-height\" style=\"--ns-imageCropPosition: center center;\">\n        <img loading=\"lazy\" decoding=\"async\" width=\"800\" height=\"800\" src=\"https:\/\/medcor.com\/wp-content\/uploads\/2023\/08\/iStock-1447354452-800x800-1.jpg\" class=\"attachment-large size-large\" alt=\"\" srcset=\"https:\/\/medcor.com\/wp-content\/uploads\/2023\/08\/iStock-1447354452-800x800-1.jpg 800w, https:\/\/medcor.com\/wp-content\/uploads\/2023\/08\/iStock-1447354452-800x800-1-300x300.jpg 300w, https:\/\/medcor.com\/wp-content\/uploads\/2023\/08\/iStock-1447354452-800x800-1-150x150.jpg 150w, https:\/\/medcor.com\/wp-content\/uploads\/2023\/08\/iStock-1447354452-800x800-1-768x768.jpg 768w, https:\/\/medcor.com\/wp-content\/uploads\/2023\/08\/iStock-1447354452-800x800-1-500x500.jpg 500w\" sizes=\"auto, (max-width: 800px) 100vw, 800px\" \/>    <\/div>\n    <div class=\"wp-block-ns-side-media__body-col\">\n                            <h2 class=\"wp-block-ns-side-media__headline --hl-l\">\n                Pourquoi choisir Medcor Canada Programme de leadership            <\/h2>\n                <div class=\"wp-block-ns-side-media__body\">\n            \n\n<p>Medcor Canada offre l&#8217;occasion unique de s&#8217;associer \u00e0 un coach en leadership pour cadres et \u00e0 un facilitateur de formation afin afin de pouvoir :<\/p>\n\n\n\n<ul class=\"wp-block-list\">\n<li>Medcor Canada offre l&#8217;occasion unique de s&#8217;associer \u00e0 un coach en leadership pour cadres et \u00e0 un facilitateur de formation afin afin de pouvoir :<\/li>\n\n\n\n<li>Investir dans l&#8217;avenir de votre organisation<\/li>\n\n\n\n<li>Apprendre aux dirigeants \u00e0 nouer des relations et des liens significatifs<\/li>\n\n\n\n<li>Utiliser le mod\u00e8le \u2018True Colors\u2019 comme outil pour se comprendre, comprendre les autres et valoriser les diff\u00e9rences.<\/li>\n\n\n\n<li>Constituer une \u00e9quipe performante!<\/li>\n<\/ul>\n\n        <\/div>\n            <\/div>\n<\/section>\n\n\n\n<div style=\"height:100px\" aria-hidden=\"true\" class=\"wp-block-spacer\"><\/div>\n\n\n\n<h2 class=\"wp-block-heading has-text-align-center\">Quels sont les avantages?<\/h2>\n\n\n\n<div style=\"height:16px\" aria-hidden=\"true\" class=\"wp-block-spacer\"><\/div>\n\n\n\n<div class=\"wp-block-columns alignwide is-layout-flex wp-container-core-columns-is-layout-9d6595d7 wp-block-columns-is-layout-flex\">\n<div class=\"wp-block-column is-layout-flow wp-block-column-is-layout-flow\">\n<figure class=\"wp-block-image aligncenter size-full\"><img loading=\"lazy\" decoding=\"async\" width=\"150\" height=\"150\" src=\"https:\/\/medcor.com\/wp-content\/uploads\/2023\/08\/commited.jpg\" alt=\"\" class=\"wp-image-17422\"\/><\/figure>\n\n\n\n<p class=\"has-text-align-center\">Maximiser la productivit\u00e9 et la collaboration de votre (vos) \u00e9quipe(s)<\/p>\n<\/div>\n\n\n\n<div class=\"wp-block-column is-layout-flow wp-block-column-is-layout-flow\">\n<figure class=\"wp-block-image aligncenter size-full\"><img loading=\"lazy\" decoding=\"async\" width=\"150\" height=\"150\" src=\"https:\/\/medcor.com\/wp-content\/uploads\/2023\/08\/attitude_2.jpg\" alt=\"\" class=\"wp-image-18294\"\/><\/figure>\n\n\n\n<p class=\"has-text-align-center\">Former des dirigeants r\u00e9silients capables de g\u00e9rer efficacement le changement<\/p>\n<\/div>\n\n\n\n<div class=\"wp-block-column is-layout-flow wp-block-column-is-layout-flow\">\n<figure class=\"wp-block-image aligncenter size-full\"><img loading=\"lazy\" decoding=\"async\" width=\"150\" height=\"150\" src=\"https:\/\/medcor.com\/wp-content\/uploads\/2023\/08\/play-at-work_2.jpg\" alt=\"\" class=\"wp-image-18290\"\/><\/figure>\n\n\n\n<p class=\"has-text-align-center\">Cr\u00e9er une culture inclusive de dirigeants responsabilis\u00e9s et respectueux<\/p>\n<\/div>\n<\/div>\n\n\n\n<div class=\"wp-block-columns alignwide is-layout-flex wp-container-core-columns-is-layout-9d6595d7 wp-block-columns-is-layout-flex\">\n<div class=\"wp-block-column is-layout-flow wp-block-column-is-layout-flow\">\n<figure class=\"wp-block-image aligncenter size-full\"><img loading=\"lazy\" decoding=\"async\" width=\"150\" height=\"150\" src=\"https:\/\/medcor.com\/wp-content\/uploads\/2023\/08\/recognition-medcor.jpg\" alt=\"\" class=\"wp-image-17391\"\/><\/figure>\n\n\n\n<p class=\"has-text-align-center\">Am\u00e9liorer votre impact pour influencer les autres en les coachant<\/p>\n<\/div>\n\n\n\n<div class=\"wp-block-column is-layout-flow wp-block-column-is-layout-flow\">\n<figure class=\"wp-block-image aligncenter size-full\"><img loading=\"lazy\" decoding=\"async\" width=\"150\" height=\"150\" src=\"https:\/\/medcor.com\/wp-content\/uploads\/2023\/08\/wellbeing.jpg\" alt=\"\" class=\"wp-image-17395\"\/><\/figure>\n\n\n\n<p class=\"has-text-align-center\">Favoriser un environnement de cr\u00e9ativit\u00e9 et d&#8217;innovation<\/p>\n<\/div>\n\n\n\n<div class=\"wp-block-column is-layout-flow wp-block-column-is-layout-flow\">\n<figure class=\"wp-block-image aligncenter size-full\"><img loading=\"lazy\" decoding=\"async\" width=\"150\" height=\"150\" src=\"https:\/\/medcor.com\/wp-content\/uploads\/2023\/08\/environment_2.jpg\" alt=\"\" class=\"wp-image-18297\"\/><\/figure>\n\n\n\n<p class=\"has-text-align-center\">Les employ\u00e9s ayant pris part sont plus productifs et plus loyaux<\/p>\n<\/div>\n<\/div>\n\n\n\n<h2 class=\"wp-block-heading\">Am\u00e9liorer le potentiel de votre organisation<\/h2>\n\n\n\n<p><strong>Construire la base<\/strong><br>L&#8217;utilisation du mod\u00e8le de personnalit\u00e9 \u2018True Colors\u2019 comme base favorise un environnement ouvert de leaders agiles et r\u00e9silients utilisant des m\u00e9thodes de communication et de collaboration efficaces.<\/p>\n\n\n\n<p><strong>Engagement et d\u00e9veloppement<br><\/strong>Les employ\u00e9s qui se sentent soutenus par leur sup\u00e9rieur seront plus investis, ce qui augmentera la productivit\u00e9, l&#8217;engagement et les performances de l&#8217;ensemble de l&#8217;\u00e9quipe.<\/p>\n\n\n\n<p><strong>Relations et connexions<\/strong><br>Un environnement o\u00f9 les gens se sentent en s\u00e9curit\u00e9 pour partager leurs id\u00e9es instaure la confiance, favorise l&#8217;inclusion, g\u00e9n\u00e8re la cr\u00e9ativit\u00e9 et cr\u00e9e des liens.<\/p>\n\n\n\n<p><strong>Lib\u00e9rer son potentiel<br><\/strong>Donner aux dirigeants les outils n\u00e9cessaires pour acc\u00e9l\u00e9rer leur d\u00e9veloppement et leur capacit\u00e9 \u00e0 inspirer et \u00e0 responsabiliser les autres.<\/p>\n\n\n\n<section class=\"--dark-background --theme-purple wp-block-ns-promo-banner-cta\" style=\"--ns-imageCropPosition: center center;\">\n    \n\n    <h2 class=\"wp-block-ns-promo-banner-cta__headline --hl-l\">Soyez meilleur avec Medcor<\/h2>\n    <div class=\"wp-block-ns-promo-banner-cta__body --wizzy\">\n        \n\n<p>Les d\u00e9fenseurs de Medcor \u2014 nos employ\u00e9s \u2014 sont des leaders.<\/p>\n\n    <\/div>\n            <a class=\"wp-block-ns-promo-banner-cta__cta\" href=\"https:\/\/medcor.com\/fr-ca\/contact\/\">Nous contacter<\/a>\n    <\/section>\n","protected":false},"excerpt":{"rendered":"<p>Quels sont les avantages? Maximiser la productivit\u00e9 et la collaboration de votre (vos) \u00e9quipe(s) Former des dirigeants r\u00e9silients capables de g\u00e9rer efficacement le changement Cr\u00e9er &hellip;<\/p>\n","protected":false},"author":1,"featured_media":1031,"parent":20536,"menu_order":0,"comment_status":"closed","ping_status":"closed","template":"","meta":{"pageFeaturedColor":"","pageIcon":"","footnotes":""},"service_type":[],"silo":[],"class_list":["post-20576","page","type-page","status-publish","has-post-thumbnail","hentry"],"yoast_head":"<!-- This site is optimized with the Yoast SEO plugin v27.1.1 - https:\/\/yoast.com\/product\/yoast-seo-wordpress\/ -->\n<title>Programme de leadership | Medcor Canada<\/title>\n<meta name=\"description\" content=\"Cr\u00e9er une culture de dirigeants responsabilis\u00e9s et inspirants.\" \/>\n<meta name=\"robots\" content=\"index, follow, max-snippet:-1, max-image-preview:large, max-video-preview:-1\" \/>\n<link rel=\"canonical\" href=\"https:\/\/medcor.com\/fr-ca\/qui-sommes-nous\/programme-de-leadership\/\" \/>\n<meta property=\"og:locale\" content=\"fr_CA\" \/>\n<meta property=\"og:type\" content=\"article\" \/>\n<meta property=\"og:title\" content=\"Programme de leadership | Medcor Canada\" \/>\n<meta property=\"og:description\" content=\"Cr\u00e9er une culture de dirigeants responsabilis\u00e9s et inspirants.\" \/>\n<meta property=\"og:url\" content=\"https:\/\/medcor.com\/fr-ca\/qui-sommes-nous\/programme-de-leadership\/\" \/>\n<meta property=\"og:site_name\" content=\"Medcor\" \/>\n<meta property=\"article:publisher\" content=\"https:\/\/www.facebook.com\/Medcor\/\" \/>\n<meta property=\"article:modified_time\" content=\"2023-11-21T23:52:08+00:00\" \/>\n<meta property=\"og:image\" content=\"https:\/\/medcor.com\/wp-content\/uploads\/2023\/07\/medcor-careers-1.jpg\" \/>\n\t<meta property=\"og:image:width\" content=\"1688\" \/>\n\t<meta property=\"og:image:height\" content=\"1314\" \/>\n\t<meta property=\"og:image:type\" content=\"image\/jpeg\" \/>\n<meta name=\"twitter:card\" content=\"summary_large_image\" \/>\n<meta name=\"twitter:label1\" content=\"Est. reading time\" \/>\n\t<meta name=\"twitter:data1\" content=\"3 minutes\" \/>\n<script type=\"application\/ld+json\" class=\"yoast-schema-graph\">{\"@context\":\"https:\/\/schema.org\",\"@graph\":[{\"@type\":\"WebPage\",\"@id\":\"https:\/\/medcor.com\/fr-ca\/qui-sommes-nous\/programme-de-leadership\/\",\"url\":\"https:\/\/medcor.com\/fr-ca\/qui-sommes-nous\/programme-de-leadership\/\",\"name\":\"Programme de leadership | Medcor Canada\",\"isPartOf\":{\"@id\":\"https:\/\/medcor.com\/fr-ca\/#website\"},\"primaryImageOfPage\":{\"@id\":\"https:\/\/medcor.com\/fr-ca\/qui-sommes-nous\/programme-de-leadership\/#primaryimage\"},\"image\":{\"@id\":\"https:\/\/medcor.com\/fr-ca\/qui-sommes-nous\/programme-de-leadership\/#primaryimage\"},\"thumbnailUrl\":\"https:\/\/medcor.com\/wp-content\/uploads\/2023\/07\/medcor-careers-1.jpg\",\"datePublished\":\"2023-11-15T04:04:49+00:00\",\"dateModified\":\"2023-11-21T23:52:08+00:00\",\"description\":\"Cr\u00e9er une culture de dirigeants responsabilis\u00e9s et inspirants.\",\"breadcrumb\":{\"@id\":\"https:\/\/medcor.com\/fr-ca\/qui-sommes-nous\/programme-de-leadership\/#breadcrumb\"},\"inLanguage\":\"fr-CA\",\"potentialAction\":[{\"@type\":\"ReadAction\",\"target\":[\"https:\/\/medcor.com\/fr-ca\/qui-sommes-nous\/programme-de-leadership\/\"]}]},{\"@type\":\"ImageObject\",\"inLanguage\":\"fr-CA\",\"@id\":\"https:\/\/medcor.com\/fr-ca\/qui-sommes-nous\/programme-de-leadership\/#primaryimage\",\"url\":\"https:\/\/medcor.com\/wp-content\/uploads\/2023\/07\/medcor-careers-1.jpg\",\"contentUrl\":\"https:\/\/medcor.com\/wp-content\/uploads\/2023\/07\/medcor-careers-1.jpg\",\"width\":1688,\"height\":1314,\"caption\":\"medcor careers\"},{\"@type\":\"BreadcrumbList\",\"@id\":\"https:\/\/medcor.com\/fr-ca\/qui-sommes-nous\/programme-de-leadership\/#breadcrumb\",\"itemListElement\":[{\"@type\":\"ListItem\",\"position\":1,\"name\":\"Home\",\"item\":\"https:\/\/medcor.com\/fr-ca\/\"},{\"@type\":\"ListItem\",\"position\":2,\"name\":\"Qui nous Sommes\",\"item\":\"https:\/\/medcor.com\/fr-ca\/qui-sommes-nous\/\"},{\"@type\":\"ListItem\",\"position\":3,\"name\":\"Programme de Leadership\"}]},{\"@type\":\"WebSite\",\"@id\":\"https:\/\/medcor.com\/fr-ca\/#website\",\"url\":\"https:\/\/medcor.com\/fr-ca\/\",\"name\":\"Medcor\",\"description\":\"Simplifying Healthcare For Employers\",\"publisher\":{\"@id\":\"https:\/\/medcor.com\/fr-ca\/#organization\"},\"potentialAction\":[{\"@type\":\"SearchAction\",\"target\":{\"@type\":\"EntryPoint\",\"urlTemplate\":\"https:\/\/medcor.com\/fr-ca\/?s={search_term_string}\"},\"query-input\":{\"@type\":\"PropertyValueSpecification\",\"valueRequired\":true,\"valueName\":\"search_term_string\"}}],\"inLanguage\":\"fr-CA\"},{\"@type\":\"Organization\",\"@id\":\"https:\/\/medcor.com\/fr-ca\/#organization\",\"name\":\"Medcor\",\"alternateName\":\"Medcor\",\"url\":\"https:\/\/medcor.com\/fr-ca\/\",\"logo\":{\"@type\":\"ImageObject\",\"inLanguage\":\"fr-CA\",\"@id\":\"https:\/\/medcor.com\/fr-ca\/#\/schema\/logo\/image\/\",\"url\":\"https:\/\/medcor.com\/wp-content\/uploads\/2023\/08\/cropped-favicon.png\",\"contentUrl\":\"https:\/\/medcor.com\/wp-content\/uploads\/2023\/08\/cropped-favicon.png\",\"width\":512,\"height\":512,\"caption\":\"Medcor\"},\"image\":{\"@id\":\"https:\/\/medcor.com\/fr-ca\/#\/schema\/logo\/image\/\"},\"sameAs\":[\"https:\/\/www.facebook.com\/Medcor\/\",\"https:\/\/www.linkedin.com\/company\/medcor\/\",\"https:\/\/www.instagram.com\/medcorclinics\/\",\"https:\/\/vimeo.com\/medcorhealthnavigation\"]}]}<\/script>\n<!-- \/ Yoast SEO plugin. -->","yoast_head_json":{"title":"Programme de leadership | Medcor Canada","description":"Cr\u00e9er une culture de dirigeants responsabilis\u00e9s et inspirants.","robots":{"index":"index","follow":"follow","max-snippet":"max-snippet:-1","max-image-preview":"max-image-preview:large","max-video-preview":"max-video-preview:-1"},"canonical":"https:\/\/medcor.com\/fr-ca\/qui-sommes-nous\/programme-de-leadership\/","og_locale":"fr_CA","og_type":"article","og_title":"Programme de leadership | Medcor Canada","og_description":"Cr\u00e9er une culture de dirigeants responsabilis\u00e9s et inspirants.","og_url":"https:\/\/medcor.com\/fr-ca\/qui-sommes-nous\/programme-de-leadership\/","og_site_name":"Medcor","article_publisher":"https:\/\/www.facebook.com\/Medcor\/","article_modified_time":"2023-11-21T23:52:08+00:00","og_image":[{"width":1688,"height":1314,"url":"https:\/\/medcor.com\/wp-content\/uploads\/2023\/07\/medcor-careers-1.jpg","type":"image\/jpeg"}],"twitter_card":"summary_large_image","twitter_misc":{"Est. reading time":"3 minutes"},"schema":{"@context":"https:\/\/schema.org","@graph":[{"@type":"WebPage","@id":"https:\/\/medcor.com\/fr-ca\/qui-sommes-nous\/programme-de-leadership\/","url":"https:\/\/medcor.com\/fr-ca\/qui-sommes-nous\/programme-de-leadership\/","name":"Programme de leadership | Medcor Canada","isPartOf":{"@id":"https:\/\/medcor.com\/fr-ca\/#website"},"primaryImageOfPage":{"@id":"https:\/\/medcor.com\/fr-ca\/qui-sommes-nous\/programme-de-leadership\/#primaryimage"},"image":{"@id":"https:\/\/medcor.com\/fr-ca\/qui-sommes-nous\/programme-de-leadership\/#primaryimage"},"thumbnailUrl":"https:\/\/medcor.com\/wp-content\/uploads\/2023\/07\/medcor-careers-1.jpg","datePublished":"2023-11-15T04:04:49+00:00","dateModified":"2023-11-21T23:52:08+00:00","description":"Cr\u00e9er une culture de dirigeants responsabilis\u00e9s et inspirants.","breadcrumb":{"@id":"https:\/\/medcor.com\/fr-ca\/qui-sommes-nous\/programme-de-leadership\/#breadcrumb"},"inLanguage":"fr-CA","potentialAction":[{"@type":"ReadAction","target":["https:\/\/medcor.com\/fr-ca\/qui-sommes-nous\/programme-de-leadership\/"]}]},{"@type":"ImageObject","inLanguage":"fr-CA","@id":"https:\/\/medcor.com\/fr-ca\/qui-sommes-nous\/programme-de-leadership\/#primaryimage","url":"https:\/\/medcor.com\/wp-content\/uploads\/2023\/07\/medcor-careers-1.jpg","contentUrl":"https:\/\/medcor.com\/wp-content\/uploads\/2023\/07\/medcor-careers-1.jpg","width":1688,"height":1314,"caption":"medcor careers"},{"@type":"BreadcrumbList","@id":"https:\/\/medcor.com\/fr-ca\/qui-sommes-nous\/programme-de-leadership\/#breadcrumb","itemListElement":[{"@type":"ListItem","position":1,"name":"Home","item":"https:\/\/medcor.com\/fr-ca\/"},{"@type":"ListItem","position":2,"name":"Qui nous Sommes","item":"https:\/\/medcor.com\/fr-ca\/qui-sommes-nous\/"},{"@type":"ListItem","position":3,"name":"Programme de Leadership"}]},{"@type":"WebSite","@id":"https:\/\/medcor.com\/fr-ca\/#website","url":"https:\/\/medcor.com\/fr-ca\/","name":"Medcor","description":"Simplifying Healthcare For Employers","publisher":{"@id":"https:\/\/medcor.com\/fr-ca\/#organization"},"potentialAction":[{"@type":"SearchAction","target":{"@type":"EntryPoint","urlTemplate":"https:\/\/medcor.com\/fr-ca\/?s={search_term_string}"},"query-input":{"@type":"PropertyValueSpecification","valueRequired":true,"valueName":"search_term_string"}}],"inLanguage":"fr-CA"},{"@type":"Organization","@id":"https:\/\/medcor.com\/fr-ca\/#organization","name":"Medcor","alternateName":"Medcor","url":"https:\/\/medcor.com\/fr-ca\/","logo":{"@type":"ImageObject","inLanguage":"fr-CA","@id":"https:\/\/medcor.com\/fr-ca\/#\/schema\/logo\/image\/","url":"https:\/\/medcor.com\/wp-content\/uploads\/2023\/08\/cropped-favicon.png","contentUrl":"https:\/\/medcor.com\/wp-content\/uploads\/2023\/08\/cropped-favicon.png","width":512,"height":512,"caption":"Medcor"},"image":{"@id":"https:\/\/medcor.com\/fr-ca\/#\/schema\/logo\/image\/"},"sameAs":["https:\/\/www.facebook.com\/Medcor\/","https:\/\/www.linkedin.com\/company\/medcor\/","https:\/\/www.instagram.com\/medcorclinics\/","https:\/\/vimeo.com\/medcorhealthnavigation"]}]}},"featured_image_url":"https:\/\/medcor.com\/wp-content\/uploads\/2023\/07\/medcor-careers-1.jpg","featured_image_url_sizes":{"thumbnail":"https:\/\/medcor.com\/wp-content\/uploads\/2023\/07\/medcor-careers-1-150x150.jpg","medium":"https:\/\/medcor.com\/wp-content\/uploads\/2023\/07\/medcor-careers-1-300x234.jpg","medium_large":"https:\/\/medcor.com\/wp-content\/uploads\/2023\/07\/medcor-careers-1-768x598.jpg","large":"https:\/\/medcor.com\/wp-content\/uploads\/2023\/07\/medcor-careers-1-1024x797.jpg","default":{"url":"https:\/\/medcor.com\/wp-content\/uploads\/2023\/07\/Medcor-Canada-Logo-web.png"}},"service_type_color":null,"service_type_icon":null,"_links":{"self":[{"href":"https:\/\/medcor.com\/fr-ca\/wp-json\/wp\/v2\/pages\/20576","targetHints":{"allow":["GET"]}}],"collection":[{"href":"https:\/\/medcor.com\/fr-ca\/wp-json\/wp\/v2\/pages"}],"about":[{"href":"https:\/\/medcor.com\/fr-ca\/wp-json\/wp\/v2\/types\/page"}],"author":[{"embeddable":true,"href":"https:\/\/medcor.com\/fr-ca\/wp-json\/wp\/v2\/users\/1"}],"replies":[{"embeddable":true,"href":"https:\/\/medcor.com\/fr-ca\/wp-json\/wp\/v2\/comments?post=20576"}],"version-history":[{"count":5,"href":"https:\/\/medcor.com\/fr-ca\/wp-json\/wp\/v2\/pages\/20576\/revisions"}],"predecessor-version":[{"id":20804,"href":"https:\/\/medcor.com\/fr-ca\/wp-json\/wp\/v2\/pages\/20576\/revisions\/20804"}],"up":[{"embeddable":true,"href":"https:\/\/medcor.com\/fr-ca\/wp-json\/wp\/v2\/pages\/20536"}],"wp:featuredmedia":[{"embeddable":true,"href":"https:\/\/medcor.com\/fr-ca\/wp-json\/wp\/v2\/media\/1031"}],"wp:attachment":[{"href":"https:\/\/medcor.com\/fr-ca\/wp-json\/wp\/v2\/media?parent=20576"}],"wp:term":[{"taxonomy":"service_type","embeddable":true,"href":"https:\/\/medcor.com\/fr-ca\/wp-json\/wp\/v2\/service_type?post=20576"},{"taxonomy":"silo","embeddable":true,"href":"https:\/\/medcor.com\/fr-ca\/wp-json\/wp\/v2\/silo?post=20576"}],"curies":[{"name":"wp","href":"https:\/\/api.w.org\/{rel}","templated":true}]}}