{"id":20579,"date":"2023-11-14T20:16:19","date_gmt":"2023-11-15T04:16:19","guid":{"rendered":"https:\/\/medcor.com\/?page_id=20579"},"modified":"2023-11-17T10:50:24","modified_gmt":"2023-11-17T18:50:24","slug":"mission-vision-et-valeurs","status":"publish","type":"page","link":"https:\/\/medcor.com\/fr-ca\/qui-sommes-nous\/mission-vision-et-valeurs\/","title":{"rendered":"Mission, Vision et Valeurs"},"content":{"rendered":"\n\n<section class=\"alignfull wp-block-ns-subpage-banner\">\n            <img loading=\"lazy\" decoding=\"async\" width=\"1440\" height=\"400\" src=\"https:\/\/medcor.com\/wp-content\/uploads\/2023\/08\/Nurse-and-group-iStock-1058457940-1440x400-1.jpg\" class=\"attachment-full size-full\" alt=\"Medcor Mission, Vision and Values\" srcset=\"https:\/\/medcor.com\/wp-content\/uploads\/2023\/08\/Nurse-and-group-iStock-1058457940-1440x400-1.jpg 1440w, https:\/\/medcor.com\/wp-content\/uploads\/2023\/08\/Nurse-and-group-iStock-1058457940-1440x400-1-300x83.jpg 300w, https:\/\/medcor.com\/wp-content\/uploads\/2023\/08\/Nurse-and-group-iStock-1058457940-1440x400-1-1024x284.jpg 1024w, https:\/\/medcor.com\/wp-content\/uploads\/2023\/08\/Nurse-and-group-iStock-1058457940-1440x400-1-768x213.jpg 768w, https:\/\/medcor.com\/wp-content\/uploads\/2023\/08\/Nurse-and-group-iStock-1058457940-1440x400-1-650x181.jpg 650w\" sizes=\"auto, (max-width: 1440px) 100vw, 1440px\" \/>    <\/section>\n\n\n\n<section class=\"alignfull wp-block-ns-content-detail\">\n    <div class=\"wp-block-ns-content-detail__columns\">\n        <div class=\"wp-block-ns-content-detail__content\">\n            \n<section class=\"wp-block-ns-content-detail__hero\">\n            <div class=\"wp-block-ns-content-detail__hero-eyebrow --eyebrow\">\n            \u00c0 propos de nous        <\/div>\n                <h1 class=\"wp-block-ns-content-detail__hero-headline --hl-xxl\">\n            Notre mission, notre vision et nos valeurs        <\/h1>\n        <div class=\"wp-block-ns-content-detail__hero-body --wizzy\">\n        \n\n<p>Medcor incarne un esprit pionnier.<\/p>\n\n\n\n<p>Nous croyons que la simplification du processus de prise en charge sanitaire des employ\u00e9s am\u00e9liore la vie de ces dernier. Notre service de navigation dans le syst\u00e8me de sant\u00e9 d\u00e9fend les employ\u00e9s et les oriente pour une prise en charge de qualit\u00e9 non biais\u00e9e.<\/p>\n\n\n\n<p>Les syst\u00e8mes, les logiciels et les \u00e9valuations d&#8217;assurance qualit\u00e9 uniques de Medcor ont tous \u00e9t\u00e9 mis au point pour permettre \u00e0 cette organisation d&#8217;accomplir sa mission et sa vision pour les employeurs et les employ\u00e9s. Nos valeurs nous poussent \u00e0 d\u00e9finir des attentes en mati\u00e8re de sant\u00e9 et de s\u00e9curit\u00e9 au travail, en respectant notre mission et nos valeurs.<\/p>\n\n    <\/div>\n    <\/section>\n\n\n\n<h2 class=\"wp-block-heading\">Notre misson<\/h2>\n\n\n\n<p>Nous avons pour mission de d\u00e9fendre la sant\u00e9 sans conflits d&#8217;int\u00e9r\u00eats \u00e0 partir d&#8217;une m\u00e9decine et d&#8217;une technologie fond\u00e9es sur des donn\u00e9es probantes, afin de faire \u00e9voluer la prise en charge en mati\u00e8re de sant\u00e9 de sorte \u00e0 am\u00e9liorer le rendement et \u00e0 r\u00e9duire les co\u00fbts.<\/p>\n\n\n\n<h2 class=\"wp-block-heading\">Notre vision<\/h2>\n\n\n\n<p>Nous avons pour vision de donner les moyens aux gens, au travers de la navigation dans le syst\u00e8me de sant\u00e9, de b\u00e9n\u00e9ficier d&#8217;une prise en charge appropri\u00e9e de la personne appropri\u00e9e au bon moment et au bon endroit.<\/p>\n\n\n\n<h2 class=\"wp-block-heading\">Nos valeurs<\/h2>\n\n\n\n<p>Nous sommes honn\u00eates. Nous sommes passionn\u00e9s par notre activit\u00e9. Nous faisons montre de transparence et d&#8217;ouverture envers tous.<strong> Nous nous soucions des autres. <\/strong>Nous ne nuisons \u00e0 personne. Nous cherchons \u00e0 \u00eatre les meilleurs dans notre domaine. Nous faisons ce que nous disons que nous faisons.<\/p>\n\n\n\n<div style=\"height:100px\" aria-hidden=\"true\" class=\"wp-block-spacer\"><\/div>\n\n        <\/div>\n        <div class=\"wp-block-ns-content-detail__sidebar\">\n                        \n\n        <\/div>\n    <\/div>\n<\/section>\n\n","protected":false},"excerpt":{"rendered":"","protected":false},"author":1,"featured_media":17402,"parent":0,"menu_order":0,"comment_status":"closed","ping_status":"closed","template":"","meta":{"pageFeaturedColor":"","pageIcon":"","footnotes":""},"service_type":[],"silo":[],"class_list":["post-20579","page","type-page","status-publish","has-post-thumbnail","hentry"],"yoast_head":"<!-- This site is optimized with the Yoast SEO plugin v27.1.1 - https:\/\/yoast.com\/product\/yoast-seo-wordpress\/ -->\n<title>Mission, vision et valeurs | Medcor Canada<\/title>\n<meta name=\"description\" content=\"Chez Medcor, nous croyons que la simplification du processus de prise en charge sanitaire des employ\u00e9s am\u00e9liore le rendement et r\u00e9duit les co\u00fbts. D\u00e9couvrez notre mission, notre vision et nos valeurs.\" \/>\n<meta name=\"robots\" content=\"index, follow, max-snippet:-1, max-image-preview:large, max-video-preview:-1\" \/>\n<link rel=\"canonical\" href=\"https:\/\/medcor.com\/fr-ca\/qui-sommes-nous\/mission-vision-et-valeurs\/\" \/>\n<meta property=\"og:locale\" content=\"fr_CA\" \/>\n<meta property=\"og:type\" content=\"article\" \/>\n<meta property=\"og:title\" content=\"Mission, vision et valeurs | Medcor Canada\" \/>\n<meta property=\"og:description\" content=\"Chez Medcor, nous croyons que la simplification du processus de prise en charge sanitaire des employ\u00e9s am\u00e9liore le rendement et r\u00e9duit les co\u00fbts. D\u00e9couvrez notre mission, notre vision et nos valeurs.\" \/>\n<meta property=\"og:url\" content=\"https:\/\/medcor.com\/fr-ca\/qui-sommes-nous\/mission-vision-et-valeurs\/\" \/>\n<meta property=\"og:site_name\" content=\"Medcor\" \/>\n<meta property=\"article:publisher\" content=\"https:\/\/www.facebook.com\/Medcor\/\" \/>\n<meta property=\"article:modified_time\" content=\"2023-11-17T18:50:24+00:00\" \/>\n<meta property=\"og:image\" content=\"https:\/\/medcor.com\/wp-content\/uploads\/2023\/08\/values.jpg\" \/>\n\t<meta property=\"og:image:width\" content=\"150\" \/>\n\t<meta property=\"og:image:height\" content=\"150\" \/>\n\t<meta property=\"og:image:type\" content=\"image\/jpeg\" \/>\n<meta name=\"twitter:card\" content=\"summary_large_image\" \/>\n<meta name=\"twitter:label1\" content=\"Est. reading time\" \/>\n\t<meta name=\"twitter:data1\" content=\"2 minutes\" \/>\n<script type=\"application\/ld+json\" class=\"yoast-schema-graph\">{\"@context\":\"https:\/\/schema.org\",\"@graph\":[{\"@type\":\"WebPage\",\"@id\":\"https:\/\/medcor.com\/fr-ca\/qui-sommes-nous\/mission-vision-et-valeurs\/\",\"url\":\"https:\/\/medcor.com\/fr-ca\/qui-sommes-nous\/mission-vision-et-valeurs\/\",\"name\":\"Mission, vision et valeurs | Medcor Canada\",\"isPartOf\":{\"@id\":\"https:\/\/medcor.com\/fr-ca\/#website\"},\"primaryImageOfPage\":{\"@id\":\"https:\/\/medcor.com\/fr-ca\/qui-sommes-nous\/mission-vision-et-valeurs\/#primaryimage\"},\"image\":{\"@id\":\"https:\/\/medcor.com\/fr-ca\/qui-sommes-nous\/mission-vision-et-valeurs\/#primaryimage\"},\"thumbnailUrl\":\"https:\/\/medcor.com\/wp-content\/uploads\/2023\/08\/values.jpg\",\"datePublished\":\"2023-11-15T04:16:19+00:00\",\"dateModified\":\"2023-11-17T18:50:24+00:00\",\"description\":\"Chez Medcor, nous croyons que la simplification du processus de prise en charge sanitaire des employ\u00e9s am\u00e9liore le rendement et r\u00e9duit les co\u00fbts. D\u00e9couvrez notre mission, notre vision et nos valeurs.\",\"breadcrumb\":{\"@id\":\"https:\/\/medcor.com\/fr-ca\/qui-sommes-nous\/mission-vision-et-valeurs\/#breadcrumb\"},\"inLanguage\":\"fr-CA\",\"potentialAction\":[{\"@type\":\"ReadAction\",\"target\":[\"https:\/\/medcor.com\/fr-ca\/qui-sommes-nous\/mission-vision-et-valeurs\/\"]}]},{\"@type\":\"ImageObject\",\"inLanguage\":\"fr-CA\",\"@id\":\"https:\/\/medcor.com\/fr-ca\/qui-sommes-nous\/mission-vision-et-valeurs\/#primaryimage\",\"url\":\"https:\/\/medcor.com\/wp-content\/uploads\/2023\/08\/values.jpg\",\"contentUrl\":\"https:\/\/medcor.com\/wp-content\/uploads\/2023\/08\/values.jpg\",\"width\":150,\"height\":150},{\"@type\":\"BreadcrumbList\",\"@id\":\"https:\/\/medcor.com\/fr-ca\/qui-sommes-nous\/mission-vision-et-valeurs\/#breadcrumb\",\"itemListElement\":[{\"@type\":\"ListItem\",\"position\":1,\"name\":\"Home\",\"item\":\"https:\/\/medcor.com\/fr-ca\/\"},{\"@type\":\"ListItem\",\"position\":2,\"name\":\"Mission, Vision et Valeurs\"}]},{\"@type\":\"WebSite\",\"@id\":\"https:\/\/medcor.com\/fr-ca\/#website\",\"url\":\"https:\/\/medcor.com\/fr-ca\/\",\"name\":\"Medcor\",\"description\":\"Simplifying Healthcare For Employers\",\"publisher\":{\"@id\":\"https:\/\/medcor.com\/fr-ca\/#organization\"},\"potentialAction\":[{\"@type\":\"SearchAction\",\"target\":{\"@type\":\"EntryPoint\",\"urlTemplate\":\"https:\/\/medcor.com\/fr-ca\/?s={search_term_string}\"},\"query-input\":{\"@type\":\"PropertyValueSpecification\",\"valueRequired\":true,\"valueName\":\"search_term_string\"}}],\"inLanguage\":\"fr-CA\"},{\"@type\":\"Organization\",\"@id\":\"https:\/\/medcor.com\/fr-ca\/#organization\",\"name\":\"Medcor\",\"alternateName\":\"Medcor\",\"url\":\"https:\/\/medcor.com\/fr-ca\/\",\"logo\":{\"@type\":\"ImageObject\",\"inLanguage\":\"fr-CA\",\"@id\":\"https:\/\/medcor.com\/fr-ca\/#\/schema\/logo\/image\/\",\"url\":\"https:\/\/medcor.com\/wp-content\/uploads\/2023\/08\/cropped-favicon.png\",\"contentUrl\":\"https:\/\/medcor.com\/wp-content\/uploads\/2023\/08\/cropped-favicon.png\",\"width\":512,\"height\":512,\"caption\":\"Medcor\"},\"image\":{\"@id\":\"https:\/\/medcor.com\/fr-ca\/#\/schema\/logo\/image\/\"},\"sameAs\":[\"https:\/\/www.facebook.com\/Medcor\/\",\"https:\/\/www.linkedin.com\/company\/medcor\/\",\"https:\/\/www.instagram.com\/medcorclinics\/\",\"https:\/\/vimeo.com\/medcorhealthnavigation\"]}]}<\/script>\n<!-- \/ Yoast SEO plugin. -->","yoast_head_json":{"title":"Mission, vision et valeurs | Medcor Canada","description":"Chez Medcor, nous croyons que la simplification du processus de prise en charge sanitaire des employ\u00e9s am\u00e9liore le rendement et r\u00e9duit les co\u00fbts. D\u00e9couvrez notre mission, notre vision et nos valeurs.","robots":{"index":"index","follow":"follow","max-snippet":"max-snippet:-1","max-image-preview":"max-image-preview:large","max-video-preview":"max-video-preview:-1"},"canonical":"https:\/\/medcor.com\/fr-ca\/qui-sommes-nous\/mission-vision-et-valeurs\/","og_locale":"fr_CA","og_type":"article","og_title":"Mission, vision et valeurs | Medcor Canada","og_description":"Chez Medcor, nous croyons que la simplification du processus de prise en charge sanitaire des employ\u00e9s am\u00e9liore le rendement et r\u00e9duit les co\u00fbts. D\u00e9couvrez notre mission, notre vision et nos valeurs.","og_url":"https:\/\/medcor.com\/fr-ca\/qui-sommes-nous\/mission-vision-et-valeurs\/","og_site_name":"Medcor","article_publisher":"https:\/\/www.facebook.com\/Medcor\/","article_modified_time":"2023-11-17T18:50:24+00:00","og_image":[{"width":150,"height":150,"url":"https:\/\/medcor.com\/wp-content\/uploads\/2023\/08\/values.jpg","type":"image\/jpeg"}],"twitter_card":"summary_large_image","twitter_misc":{"Est. reading time":"2 minutes"},"schema":{"@context":"https:\/\/schema.org","@graph":[{"@type":"WebPage","@id":"https:\/\/medcor.com\/fr-ca\/qui-sommes-nous\/mission-vision-et-valeurs\/","url":"https:\/\/medcor.com\/fr-ca\/qui-sommes-nous\/mission-vision-et-valeurs\/","name":"Mission, vision et valeurs | Medcor Canada","isPartOf":{"@id":"https:\/\/medcor.com\/fr-ca\/#website"},"primaryImageOfPage":{"@id":"https:\/\/medcor.com\/fr-ca\/qui-sommes-nous\/mission-vision-et-valeurs\/#primaryimage"},"image":{"@id":"https:\/\/medcor.com\/fr-ca\/qui-sommes-nous\/mission-vision-et-valeurs\/#primaryimage"},"thumbnailUrl":"https:\/\/medcor.com\/wp-content\/uploads\/2023\/08\/values.jpg","datePublished":"2023-11-15T04:16:19+00:00","dateModified":"2023-11-17T18:50:24+00:00","description":"Chez Medcor, nous croyons que la simplification du processus de prise en charge sanitaire des employ\u00e9s am\u00e9liore le rendement et r\u00e9duit les co\u00fbts. D\u00e9couvrez notre mission, notre vision et nos valeurs.","breadcrumb":{"@id":"https:\/\/medcor.com\/fr-ca\/qui-sommes-nous\/mission-vision-et-valeurs\/#breadcrumb"},"inLanguage":"fr-CA","potentialAction":[{"@type":"ReadAction","target":["https:\/\/medcor.com\/fr-ca\/qui-sommes-nous\/mission-vision-et-valeurs\/"]}]},{"@type":"ImageObject","inLanguage":"fr-CA","@id":"https:\/\/medcor.com\/fr-ca\/qui-sommes-nous\/mission-vision-et-valeurs\/#primaryimage","url":"https:\/\/medcor.com\/wp-content\/uploads\/2023\/08\/values.jpg","contentUrl":"https:\/\/medcor.com\/wp-content\/uploads\/2023\/08\/values.jpg","width":150,"height":150},{"@type":"BreadcrumbList","@id":"https:\/\/medcor.com\/fr-ca\/qui-sommes-nous\/mission-vision-et-valeurs\/#breadcrumb","itemListElement":[{"@type":"ListItem","position":1,"name":"Home","item":"https:\/\/medcor.com\/fr-ca\/"},{"@type":"ListItem","position":2,"name":"Mission, Vision et Valeurs"}]},{"@type":"WebSite","@id":"https:\/\/medcor.com\/fr-ca\/#website","url":"https:\/\/medcor.com\/fr-ca\/","name":"Medcor","description":"Simplifying Healthcare For Employers","publisher":{"@id":"https:\/\/medcor.com\/fr-ca\/#organization"},"potentialAction":[{"@type":"SearchAction","target":{"@type":"EntryPoint","urlTemplate":"https:\/\/medcor.com\/fr-ca\/?s={search_term_string}"},"query-input":{"@type":"PropertyValueSpecification","valueRequired":true,"valueName":"search_term_string"}}],"inLanguage":"fr-CA"},{"@type":"Organization","@id":"https:\/\/medcor.com\/fr-ca\/#organization","name":"Medcor","alternateName":"Medcor","url":"https:\/\/medcor.com\/fr-ca\/","logo":{"@type":"ImageObject","inLanguage":"fr-CA","@id":"https:\/\/medcor.com\/fr-ca\/#\/schema\/logo\/image\/","url":"https:\/\/medcor.com\/wp-content\/uploads\/2023\/08\/cropped-favicon.png","contentUrl":"https:\/\/medcor.com\/wp-content\/uploads\/2023\/08\/cropped-favicon.png","width":512,"height":512,"caption":"Medcor"},"image":{"@id":"https:\/\/medcor.com\/fr-ca\/#\/schema\/logo\/image\/"},"sameAs":["https:\/\/www.facebook.com\/Medcor\/","https:\/\/www.linkedin.com\/company\/medcor\/","https:\/\/www.instagram.com\/medcorclinics\/","https:\/\/vimeo.com\/medcorhealthnavigation"]}]}},"featured_image_url":"https:\/\/medcor.com\/wp-content\/uploads\/2023\/08\/values.jpg","featured_image_url_sizes":{"thumbnail":"https:\/\/medcor.com\/wp-content\/uploads\/2023\/08\/values.jpg","medium":"https:\/\/medcor.com\/wp-content\/uploads\/2023\/08\/values.jpg","medium_large":"https:\/\/medcor.com\/wp-content\/uploads\/2023\/08\/values.jpg","large":"https:\/\/medcor.com\/wp-content\/uploads\/2023\/08\/values.jpg","default":{"url":"https:\/\/medcor.com\/wp-content\/uploads\/2023\/07\/Medcor-Canada-Logo-web.png"}},"service_type_color":null,"service_type_icon":null,"_links":{"self":[{"href":"https:\/\/medcor.com\/fr-ca\/wp-json\/wp\/v2\/pages\/20579","targetHints":{"allow":["GET"]}}],"collection":[{"href":"https:\/\/medcor.com\/fr-ca\/wp-json\/wp\/v2\/pages"}],"about":[{"href":"https:\/\/medcor.com\/fr-ca\/wp-json\/wp\/v2\/types\/page"}],"author":[{"embeddable":true,"href":"https:\/\/medcor.com\/fr-ca\/wp-json\/wp\/v2\/users\/1"}],"replies":[{"embeddable":true,"href":"https:\/\/medcor.com\/fr-ca\/wp-json\/wp\/v2\/comments?post=20579"}],"version-history":[{"count":2,"href":"https:\/\/medcor.com\/fr-ca\/wp-json\/wp\/v2\/pages\/20579\/revisions"}],"predecessor-version":[{"id":20687,"href":"https:\/\/medcor.com\/fr-ca\/wp-json\/wp\/v2\/pages\/20579\/revisions\/20687"}],"wp:featuredmedia":[{"embeddable":true,"href":"https:\/\/medcor.com\/fr-ca\/wp-json\/wp\/v2\/media\/17402"}],"wp:attachment":[{"href":"https:\/\/medcor.com\/fr-ca\/wp-json\/wp\/v2\/media?parent=20579"}],"wp:term":[{"taxonomy":"service_type","embeddable":true,"href":"https:\/\/medcor.com\/fr-ca\/wp-json\/wp\/v2\/service_type?post=20579"},{"taxonomy":"silo","embeddable":true,"href":"https:\/\/medcor.com\/fr-ca\/wp-json\/wp\/v2\/silo?post=20579"}],"curies":[{"name":"wp","href":"https:\/\/api.w.org\/{rel}","templated":true}]}}