{"id":20608,"date":"2023-11-15T09:50:19","date_gmt":"2023-11-15T17:50:19","guid":{"rendered":"https:\/\/medcor.com\/ce-que-nous-faisons\/securite\/"},"modified":"2023-12-04T13:30:06","modified_gmt":"2023-12-04T21:30:06","slug":"securite","status":"publish","type":"page","link":"https:\/\/medcor.com\/fr-ca\/ce-que-nous-faisons\/securite\/","title":{"rendered":"S\u00e9curit\u00e9"},"content":{"rendered":"\n<section class=\"alignfull wp-block-ns-inner-page-hero\">\n    <div class=\"wp-block-ns-inner-page-hero__grid\">\n        <div class=\"wp-block-ns-inner-page-hero__body-col\">\n                            <h1 class=\"wp-block-ns-inner-page-hero__eyebrow --eyebrow\">\n                    <br>S\u00e9curit\u00e9 du lieu de travail                <\/h1>\n                        <h2 class=\"wp-block-ns-inner-page-hero__headline --hl-xxl\">\n                L&#8217;importance de la s\u00e9curit\u00e9 au travail            <\/h2>\n\n            <div class=\"wp-block-ns-inner-page-hero__intro --wizzy\">\n                \n\n<p>Une main-d&#8217;oeuvre en sant\u00e9 et en s\u00e9curit\u00e9 est une main-d&#8217;oeuvre productive. La mise en place de directives et programmes de s\u00e9curit\u00e9 clairs et complets est le meilleur moyen d&#8217;\u00e9viter les blessures et les accidents, de r\u00e9duire les temps d&#8217;arr\u00eat et d&#8217;assurer la confirmit\u00e9 aux r\u00e9glementations. Medcor peut vous y aider.<\/p>\n\n            <\/div>\n                            <div class=\"wp-block-ns-inner-page-hero__ctas\">\n                    <a class=\"wp-block-ns-inner-page-hero__cta --primary\" href=\"https:\/\/medcor.com\/fr-ca\/contact\/\">Nous contacter<\/a>                    <a class=\"wp-block-ns-inner-page-hero__cta --secondary\" href=\"https:\/\/medcor.com\/fr-ca\/ce-que-nous-faisons\/\">Nos activit\u00e9s<\/a>                <\/div>\n                    <\/div>\n        <div class=\"wp-block-ns-inner-page-hero__image-col\">\n            <div class=\"wp-block-ns-inner-page-hero__image-wrap\" style=\"--ns-imageCropPosition: center center;\">\n                <img loading=\"lazy\" decoding=\"async\" width=\"1024\" height=\"1009\" src=\"https:\/\/medcor.com\/wp-content\/uploads\/2023\/07\/workplace-safety-1024x1009.jpg\" class=\"attachment-large size-large\" alt=\"workplace safety\" srcset=\"https:\/\/medcor.com\/wp-content\/uploads\/2023\/07\/workplace-safety-1024x1009.jpg 1024w, https:\/\/medcor.com\/wp-content\/uploads\/2023\/07\/workplace-safety-300x296.jpg 300w, https:\/\/medcor.com\/wp-content\/uploads\/2023\/07\/workplace-safety-768x756.jpg 768w, https:\/\/medcor.com\/wp-content\/uploads\/2023\/07\/workplace-safety-508x500.jpg 508w, https:\/\/medcor.com\/wp-content\/uploads\/2023\/07\/workplace-safety.jpg 1202w\" sizes=\"auto, (max-width: 1024px) 100vw, 1024px\" \/>            <\/div>\n        <\/div>\n    <\/div>\n<\/section>\n\n\n\n<div class=\"wp-block-group alignfull has-offwhite-background-color has-background has-global-padding is-layout-constrained wp-block-group-is-layout-constrained\">\n<h2 class=\"wp-block-heading has-text-align-center is-style-hl-l\">Promouvoir la sant\u00e9 et la s\u00e9curit\u00e9 au travail<\/h2>\n\n\n\n<div class=\"wp-block-columns alignwide is-layout-flex wp-container-core-columns-is-layout-9d6595d7 wp-block-columns-is-layout-flex\">\n<div class=\"wp-block-column is-layout-flow wp-block-column-is-layout-flow\">\n<p>En tant qu&#8217;employeur, l&#8217;une de vos obligations est d&#8217;assurer \u00e0 vos employ\u00e9s, qui sont votre plus pr\u00e9cieuse ressource, un environnement de travail s\u00e9curis\u00e9. Un environnement de travail s\u00e9curis\u00e9 stimule la productivit\u00e9 et contribue \u00e0 la r\u00e9dution des risques de blessures, d&#8217;accidents, de maladies et m\u00eame de d\u00e9c\u00e8s. Il vous permet non seulement de r\u00e9aliser des \u00e9conomies de temps et d&#8217;argent \u00e0 long terme, mais en plus, tout aussi important, il est la preuve aupr\u00e8s de vos employ\u00e9s que leur sant\u00e9 et leur s\u00e9curit\u00e9 sont une priorit\u00e9 pour vous.<\/p>\n<\/div>\n\n\n\n<div class=\"wp-block-column is-layout-flow wp-block-column-is-layout-flow\">\n<p>Les solutions de s\u00e9curit\u00e9 au travail de Medcor peuvent \u00eatre adapt\u00e9es pour fournir des programmes \u00e9prouv\u00e9s et pratiques dans une vari\u00e9t\u00e9 d&#8217;environnements de travail. Nos strat\u00e9gie. d&#8217;administration de la s\u00e9curit\u00e9 et de la sant\u00e9 permettent aux employ\u00e9s de toujours respecter les r\u00e9glementations. De l&#8217;offre des meilleures pratiques en mati\u00e8re de s\u00e9curit\u00e9 au travail \u00e0 la mise en place d&#8217;environnements de travail s\u00e9curis\u00e9s, les solutions de sant\u00e9 et de s\u00e9curit\u00e9 au travail de Medcor sont con\u00e7ues pour \u00e9pouser les besoins sp\u00e9cifiques de votre organisation.<\/p>\n<\/div>\n<\/div>\n<\/div>\n\n\n\n<section class=\"alignfull wp-block-ns-accordion\">\n    <div class=\"wp-block-ns-accordion__wrapper\">\n        <header class=\"wp-block-ns-accordion__intro\">\n            <div class=\"wp-block-ns-accordion__header\">\n                                    <h2 class=\"wp-block-ns-accordion__header-title --hl-xl\">\n                        Services Medcor pour la s\u00e9curit\u00e9 sur le lieu de travail                    <\/h2>\n                            <\/div>\n                            <div class=\"wp-block-ns-accordion__body\">\n                    Faisant appel \u00e0 des professionnels de la s\u00e9curit\u00e9 exp\u00e9riment\u00e9s issus d&#8217;horizons divers, Medcor vous aide \u00e0 cr\u00e9er un lieu de travail s\u00fbr en proposant des conseils pratiques en mati\u00e8re de s\u00e9curit\u00e9 au travail, des formations en mati\u00e8re de s\u00e9curit\u00e9, des inspections, des conseils et bien plus encore.                <\/div>\n                                        <div class=\"wp-block-ns-accordion__image-wrapper\" style=\"--ns-imageCropPosition: center center;\">\n                    <img loading=\"lazy\" decoding=\"async\" width=\"976\" height=\"650\" src=\"https:\/\/medcor.com\/wp-content\/uploads\/2023\/07\/health-and-safety-in-the-workplace.webp\" class=\"attachment-medium-large size-medium-large\" alt=\"health and safety in the workplace\" srcset=\"https:\/\/medcor.com\/wp-content\/uploads\/2023\/07\/health-and-safety-in-the-workplace.webp 976w, https:\/\/medcor.com\/wp-content\/uploads\/2023\/07\/health-and-safety-in-the-workplace-300x200.webp 300w, https:\/\/medcor.com\/wp-content\/uploads\/2023\/07\/health-and-safety-in-the-workplace-768x511.webp 768w, https:\/\/medcor.com\/wp-content\/uploads\/2023\/07\/health-and-safety-in-the-workplace-650x433.webp 650w\" sizes=\"auto, (max-width: 976px) 100vw, 976px\" \/>                <\/div>\n                    <\/header>\n        <section class=\"wp-block-ns-accordion__list\">\n                        <ul class=\"wp-block-ns-accordion__items\">\n                                    <li class=\"wp-block-ns-accordion__item js-accordionItem\">\n                        <h3 class=\"wp-block-ns-accordion__item-toggle-wrapper --hl-l\"><button class=\"wp-block-ns-accordion__item-toggle --hl-xs js-accordion-toggle\">Personnel de s\u00e9curit\u00e9<\/button><\/h3>\n                        <div class=\"wp-block-ns-accordion__item-wrapper\">\n                            <div class=\"wp-block-ns-accordion__item-content\">\n                                                                    <div class=\"wp-block-ns-accordion__item-content-text\">\n                                        Medcor Canada peut vous offrir des solutions de personnel de s\u00e9curit\u00e9 pour r\u00e9pondre aux besoins sp\u00e9cifiques de votre projet.                                    <\/div>\n                                                                                            <\/div>\n                        <\/div>\n                    <\/li>\n                                    <li class=\"wp-block-ns-accordion__item js-accordionItem\">\n                        <h3 class=\"wp-block-ns-accordion__item-toggle-wrapper --hl-l\"><button class=\"wp-block-ns-accordion__item-toggle --hl-xs js-accordion-toggle\">Audits et inspections de s\u00e9curit\u00e9<\/button><\/h3>\n                        <div class=\"wp-block-ns-accordion__item-wrapper\">\n                            <div class=\"wp-block-ns-accordion__item-content\">\n                                                                    <div class=\"wp-block-ns-accordion__item-content-text\">\n                                        Vous cherchez \u00e0 am\u00e9liorer vos normes de s\u00e9curit\u00e9 ou en mettre sur pied de nouvelles?                                    <\/div>\n                                                                                            <\/div>\n                        <\/div>\n                    <\/li>\n                                    <li class=\"wp-block-ns-accordion__item js-accordionItem\">\n                        <h3 class=\"wp-block-ns-accordion__item-toggle-wrapper --hl-l\"><button class=\"wp-block-ns-accordion__item-toggle --hl-xs js-accordion-toggle\">Consultatations de s\u00e9curit\u00e9<\/button><\/h3>\n                        <div class=\"wp-block-ns-accordion__item-wrapper\">\n                            <div class=\"wp-block-ns-accordion__item-content\">\n                                                                    <div class=\"wp-block-ns-accordion__item-content-text\">\n                                        Nos consultants exp\u00e9riment\u00e9s vous aident \u00e0 avoir une meilleure ma\u00eetrise des exigences de s\u00e9curit\u00e9 et \u00e0 identifier les dangers existant sur votre site de travail.                                    <\/div>\n                                                                                            <\/div>\n                        <\/div>\n                    <\/li>\n                                    <li class=\"wp-block-ns-accordion__item js-accordionItem\">\n                        <h3 class=\"wp-block-ns-accordion__item-toggle-wrapper --hl-l\"><button class=\"wp-block-ns-accordion__item-toggle --hl-xs js-accordion-toggle\">Accompagnement et d\u00e9veloppement des programmes de s\u00e9curit\u00e9<\/button><\/h3>\n                        <div class=\"wp-block-ns-accordion__item-wrapper\">\n                            <div class=\"wp-block-ns-accordion__item-content\">\n                                                                    <div class=\"wp-block-ns-accordion__item-content-text\">\n                                        Des programmes de s\u00e9curit\u00e9 sur mesure qui se distinguent par des suppl\u00e9ments tels que la formation des \u00e9quipes d&#8217;intervention d&#8217;urgence, les consultations en mati\u00e8re de s\u00e9curit\u00e9, les conseils et plus encore.                                    <\/div>\n                                                                                            <\/div>\n                        <\/div>\n                    <\/li>\n                            <\/ul>\n        <\/section>\n\n    <\/div>\n<\/section>\n\n\n\n<div class=\"wp-block-columns alignwide are-vertically-aligned-center is-layout-flex wp-container-core-columns-is-layout-9d6595d7 wp-block-columns-is-layout-flex\">\n<div class=\"wp-block-column is-vertically-aligned-center is-layout-flow wp-block-column-is-layout-flow\" style=\"flex-basis:40%\">\n<p>Il ne suffit pas de mettre en place des proc\u00e9dures. Encore faut-il qu&#8217;elles soient observ\u00e9es afin d&#8217;\u00e9viter des blessures au travail susceptibles d&#8217;induire de lourdes p\u00e9nalit\u00e9s financi\u00e8res. Medcor met en place pour vos employ\u00e9s des proc\u00e9dures d&#8217;urgence appropri\u00e9es et en assure le suivi avec la formation et les consultations afin d&#8217;optimiser votre ROI.<\/p>\n<\/div>\n\n\n\n<div class=\"wp-block-column is-vertically-aligned-center is-layout-flow wp-block-column-is-layout-flow\" style=\"flex-basis:60%\">\n<section class=\"--dark-background --theme-orange wp-block-ns-promo-banner-cta\" style=\"--ns-imageCropPosition: center center;\">\n    \n\n    <h2 class=\"wp-block-ns-promo-banner-cta__headline --hl-l\">Contactez un expert en s\u00e9curit\u00e9 au travail<\/h2>\n    <div class=\"wp-block-ns-promo-banner-cta__body --wizzy\">\n        \n\n<p>\u00cates-vous en train de r\u00e9fl\u00e9chir sur les moyens d&#8217;am\u00e9liorer la s\u00e9curit\u00e9 dans votre entreprise ? Discutez avec un professionnel de Medcor sur les d\u00e9fis de sant\u00e9 et de s\u00e9curit\u00e9 au sein de votre entreprise d\u00e8s aujourd&#8217;hui.<\/p>\n\n    <\/div>\n            <a class=\"wp-block-ns-promo-banner-cta__cta\" href=\"https:\/\/medcor.com\/fr-ca\/contact\/\">En savoir plus<\/a>\n    <\/section>\n<\/div>\n<\/div>\n","protected":false},"excerpt":{"rendered":"<p>Des professionnels exp\u00e9riment\u00e9s en s\u00e9curit\u00e9, en lutte contre les incendies et en sauvetage fournissent des services de s\u00e9curit\u00e9 \u00e0 votre entreprise.<\/p>\n","protected":false},"author":1,"featured_media":17952,"parent":0,"menu_order":0,"comment_status":"closed","ping_status":"closed","template":"","meta":{"pageFeaturedColor":"","pageIcon":"","footnotes":""},"service_type":[1177],"silo":[],"class_list":["post-20608","page","type-page","status-publish","has-post-thumbnail","hentry"],"yoast_head":"<!-- This site is optimized with the Yoast SEO plugin v27.4 - https:\/\/yoast.com\/product\/yoast-seo-wordpress\/ -->\n<title>Solutions de s\u00e9curit\u00e9 au travail | Medcor Canada<\/title>\n<meta name=\"description\" content=\"\u00cates-vous en train de r\u00e9fl\u00e9chir sur les moyens d&#039;am\u00e9liorer la s\u00e9curit\u00e9 au travail ? D\u00e9couvrez les meilleures pratiques et programmes de s\u00e9curit\u00e9 \u00e0 mettre place pour garantir la s\u00e9curit\u00e9 dans votre entreprise. Discutez avec un repr\u00e9sentant de Medcor Canada de la sant\u00e9 et de la s\u00e9curit\u00e9 au travail d\u00e8s aujourd&#039;hui.\" \/>\n<meta name=\"robots\" content=\"index, follow, max-snippet:-1, max-image-preview:large, max-video-preview:-1\" \/>\n<link rel=\"canonical\" href=\"https:\/\/medcor.com\/fr-ca\/ce-que-nous-faisons\/securite\/\" \/>\n<meta property=\"og:locale\" content=\"fr_CA\" \/>\n<meta property=\"og:type\" content=\"article\" \/>\n<meta property=\"og:title\" content=\"Solutions de s\u00e9curit\u00e9 au travail | Medcor Canada\" \/>\n<meta property=\"og:description\" content=\"\u00cates-vous en train de r\u00e9fl\u00e9chir sur les moyens d&#039;am\u00e9liorer la s\u00e9curit\u00e9 au travail ? D\u00e9couvrez les meilleures pratiques et programmes de s\u00e9curit\u00e9 \u00e0 mettre place pour garantir la s\u00e9curit\u00e9 dans votre entreprise. Discutez avec un repr\u00e9sentant de Medcor Canada de la sant\u00e9 et de la s\u00e9curit\u00e9 au travail d\u00e8s aujourd&#039;hui.\" \/>\n<meta property=\"og:url\" content=\"https:\/\/medcor.com\/fr-ca\/ce-que-nous-faisons\/securite\/\" \/>\n<meta property=\"og:site_name\" content=\"Medcor\" \/>\n<meta property=\"article:publisher\" content=\"https:\/\/www.facebook.com\/Medcor\/\" \/>\n<meta property=\"article:modified_time\" content=\"2023-12-04T21:30:06+00:00\" \/>\n<meta property=\"og:image\" content=\"https:\/\/medcor.com\/wp-content\/uploads\/2023\/08\/DSC01818-safety-hp-560x320-1.webp\" \/>\n\t<meta property=\"og:image:width\" content=\"560\" \/>\n\t<meta property=\"og:image:height\" content=\"320\" \/>\n\t<meta property=\"og:image:type\" content=\"image\/jpeg\" \/>\n<meta name=\"twitter:card\" content=\"summary_large_image\" \/>\n<meta name=\"twitter:label1\" content=\"Est. reading time\" \/>\n\t<meta name=\"twitter:data1\" content=\"2 minutes\" \/>\n<script type=\"application\/ld+json\" class=\"yoast-schema-graph\">{\"@context\":\"https:\\\/\\\/schema.org\",\"@graph\":[{\"@type\":\"WebPage\",\"@id\":\"https:\\\/\\\/medcor.com\\\/fr-ca\\\/ce-que-nous-faisons\\\/securite\\\/\",\"url\":\"https:\\\/\\\/medcor.com\\\/fr-ca\\\/ce-que-nous-faisons\\\/securite\\\/\",\"name\":\"Solutions de s\u00e9curit\u00e9 au travail | Medcor Canada\",\"isPartOf\":{\"@id\":\"https:\\\/\\\/medcor.com\\\/fr-ca\\\/#website\"},\"primaryImageOfPage\":{\"@id\":\"https:\\\/\\\/medcor.com\\\/fr-ca\\\/ce-que-nous-faisons\\\/securite\\\/#primaryimage\"},\"image\":{\"@id\":\"https:\\\/\\\/medcor.com\\\/fr-ca\\\/ce-que-nous-faisons\\\/securite\\\/#primaryimage\"},\"thumbnailUrl\":\"https:\\\/\\\/medcor.com\\\/wp-content\\\/uploads\\\/2023\\\/08\\\/DSC01818-safety-hp-560x320-1.webp\",\"datePublished\":\"2023-11-15T17:50:19+00:00\",\"dateModified\":\"2023-12-04T21:30:06+00:00\",\"description\":\"\u00cates-vous en train de r\u00e9fl\u00e9chir sur les moyens d'am\u00e9liorer la s\u00e9curit\u00e9 au travail ? D\u00e9couvrez les meilleures pratiques et programmes de s\u00e9curit\u00e9 \u00e0 mettre place pour garantir la s\u00e9curit\u00e9 dans votre entreprise. Discutez avec un repr\u00e9sentant de Medcor Canada de la sant\u00e9 et de la s\u00e9curit\u00e9 au travail d\u00e8s aujourd'hui.\",\"breadcrumb\":{\"@id\":\"https:\\\/\\\/medcor.com\\\/fr-ca\\\/ce-que-nous-faisons\\\/securite\\\/#breadcrumb\"},\"inLanguage\":\"fr-CA\",\"potentialAction\":[{\"@type\":\"ReadAction\",\"target\":[\"https:\\\/\\\/medcor.com\\\/fr-ca\\\/ce-que-nous-faisons\\\/securite\\\/\"]}]},{\"@type\":\"ImageObject\",\"inLanguage\":\"fr-CA\",\"@id\":\"https:\\\/\\\/medcor.com\\\/fr-ca\\\/ce-que-nous-faisons\\\/securite\\\/#primaryimage\",\"url\":\"https:\\\/\\\/medcor.com\\\/wp-content\\\/uploads\\\/2023\\\/08\\\/DSC01818-safety-hp-560x320-1.webp\",\"contentUrl\":\"https:\\\/\\\/medcor.com\\\/wp-content\\\/uploads\\\/2023\\\/08\\\/DSC01818-safety-hp-560x320-1.webp\",\"width\":560,\"height\":320,\"caption\":\"Worksite Image\"},{\"@type\":\"BreadcrumbList\",\"@id\":\"https:\\\/\\\/medcor.com\\\/fr-ca\\\/ce-que-nous-faisons\\\/securite\\\/#breadcrumb\",\"itemListElement\":[{\"@type\":\"ListItem\",\"position\":1,\"name\":\"Home\",\"item\":\"https:\\\/\\\/medcor.com\\\/fr-ca\\\/\"},{\"@type\":\"ListItem\",\"position\":2,\"name\":\"S\u00e9curit\u00e9\"}]},{\"@type\":\"WebSite\",\"@id\":\"https:\\\/\\\/medcor.com\\\/fr-ca\\\/#website\",\"url\":\"https:\\\/\\\/medcor.com\\\/fr-ca\\\/\",\"name\":\"Medcor\",\"description\":\"Simplifying Healthcare For Employers\",\"publisher\":{\"@id\":\"https:\\\/\\\/medcor.com\\\/fr-ca\\\/#organization\"},\"potentialAction\":[{\"@type\":\"SearchAction\",\"target\":{\"@type\":\"EntryPoint\",\"urlTemplate\":\"https:\\\/\\\/medcor.com\\\/fr-ca\\\/?s={search_term_string}\"},\"query-input\":{\"@type\":\"PropertyValueSpecification\",\"valueRequired\":true,\"valueName\":\"search_term_string\"}}],\"inLanguage\":\"fr-CA\"},{\"@type\":\"Organization\",\"@id\":\"https:\\\/\\\/medcor.com\\\/fr-ca\\\/#organization\",\"name\":\"Medcor\",\"alternateName\":\"Medcor\",\"url\":\"https:\\\/\\\/medcor.com\\\/fr-ca\\\/\",\"logo\":{\"@type\":\"ImageObject\",\"inLanguage\":\"fr-CA\",\"@id\":\"https:\\\/\\\/medcor.com\\\/fr-ca\\\/#\\\/schema\\\/logo\\\/image\\\/\",\"url\":\"https:\\\/\\\/medcor.com\\\/wp-content\\\/uploads\\\/2023\\\/08\\\/cropped-favicon.png\",\"contentUrl\":\"https:\\\/\\\/medcor.com\\\/wp-content\\\/uploads\\\/2023\\\/08\\\/cropped-favicon.png\",\"width\":512,\"height\":512,\"caption\":\"Medcor\"},\"image\":{\"@id\":\"https:\\\/\\\/medcor.com\\\/fr-ca\\\/#\\\/schema\\\/logo\\\/image\\\/\"},\"sameAs\":[\"https:\\\/\\\/www.facebook.com\\\/Medcor\\\/\",\"https:\\\/\\\/www.linkedin.com\\\/company\\\/medcor\\\/\",\"https:\\\/\\\/www.instagram.com\\\/medcorclinics\\\/\",\"https:\\\/\\\/vimeo.com\\\/medcorhealthnavigation\"]}]}<\/script>\n<!-- \/ Yoast SEO plugin. -->","yoast_head_json":{"title":"Solutions de s\u00e9curit\u00e9 au travail | Medcor Canada","description":"\u00cates-vous en train de r\u00e9fl\u00e9chir sur les moyens d'am\u00e9liorer la s\u00e9curit\u00e9 au travail ? D\u00e9couvrez les meilleures pratiques et programmes de s\u00e9curit\u00e9 \u00e0 mettre place pour garantir la s\u00e9curit\u00e9 dans votre entreprise. Discutez avec un repr\u00e9sentant de Medcor Canada de la sant\u00e9 et de la s\u00e9curit\u00e9 au travail d\u00e8s aujourd'hui.","robots":{"index":"index","follow":"follow","max-snippet":"max-snippet:-1","max-image-preview":"max-image-preview:large","max-video-preview":"max-video-preview:-1"},"canonical":"https:\/\/medcor.com\/fr-ca\/ce-que-nous-faisons\/securite\/","og_locale":"fr_CA","og_type":"article","og_title":"Solutions de s\u00e9curit\u00e9 au travail | Medcor Canada","og_description":"\u00cates-vous en train de r\u00e9fl\u00e9chir sur les moyens d'am\u00e9liorer la s\u00e9curit\u00e9 au travail ? D\u00e9couvrez les meilleures pratiques et programmes de s\u00e9curit\u00e9 \u00e0 mettre place pour garantir la s\u00e9curit\u00e9 dans votre entreprise. Discutez avec un repr\u00e9sentant de Medcor Canada de la sant\u00e9 et de la s\u00e9curit\u00e9 au travail d\u00e8s aujourd'hui.","og_url":"https:\/\/medcor.com\/fr-ca\/ce-que-nous-faisons\/securite\/","og_site_name":"Medcor","article_publisher":"https:\/\/www.facebook.com\/Medcor\/","article_modified_time":"2023-12-04T21:30:06+00:00","og_image":[{"width":560,"height":320,"url":"https:\/\/medcor.com\/wp-content\/uploads\/2023\/08\/DSC01818-safety-hp-560x320-1.webp","type":"image\/jpeg"}],"twitter_card":"summary_large_image","twitter_misc":{"Est. reading time":"2 minutes"},"schema":{"@context":"https:\/\/schema.org","@graph":[{"@type":"WebPage","@id":"https:\/\/medcor.com\/fr-ca\/ce-que-nous-faisons\/securite\/","url":"https:\/\/medcor.com\/fr-ca\/ce-que-nous-faisons\/securite\/","name":"Solutions de s\u00e9curit\u00e9 au travail | Medcor Canada","isPartOf":{"@id":"https:\/\/medcor.com\/fr-ca\/#website"},"primaryImageOfPage":{"@id":"https:\/\/medcor.com\/fr-ca\/ce-que-nous-faisons\/securite\/#primaryimage"},"image":{"@id":"https:\/\/medcor.com\/fr-ca\/ce-que-nous-faisons\/securite\/#primaryimage"},"thumbnailUrl":"https:\/\/medcor.com\/wp-content\/uploads\/2023\/08\/DSC01818-safety-hp-560x320-1.webp","datePublished":"2023-11-15T17:50:19+00:00","dateModified":"2023-12-04T21:30:06+00:00","description":"\u00cates-vous en train de r\u00e9fl\u00e9chir sur les moyens d'am\u00e9liorer la s\u00e9curit\u00e9 au travail ? D\u00e9couvrez les meilleures pratiques et programmes de s\u00e9curit\u00e9 \u00e0 mettre place pour garantir la s\u00e9curit\u00e9 dans votre entreprise. Discutez avec un repr\u00e9sentant de Medcor Canada de la sant\u00e9 et de la s\u00e9curit\u00e9 au travail d\u00e8s aujourd'hui.","breadcrumb":{"@id":"https:\/\/medcor.com\/fr-ca\/ce-que-nous-faisons\/securite\/#breadcrumb"},"inLanguage":"fr-CA","potentialAction":[{"@type":"ReadAction","target":["https:\/\/medcor.com\/fr-ca\/ce-que-nous-faisons\/securite\/"]}]},{"@type":"ImageObject","inLanguage":"fr-CA","@id":"https:\/\/medcor.com\/fr-ca\/ce-que-nous-faisons\/securite\/#primaryimage","url":"https:\/\/medcor.com\/wp-content\/uploads\/2023\/08\/DSC01818-safety-hp-560x320-1.webp","contentUrl":"https:\/\/medcor.com\/wp-content\/uploads\/2023\/08\/DSC01818-safety-hp-560x320-1.webp","width":560,"height":320,"caption":"Worksite Image"},{"@type":"BreadcrumbList","@id":"https:\/\/medcor.com\/fr-ca\/ce-que-nous-faisons\/securite\/#breadcrumb","itemListElement":[{"@type":"ListItem","position":1,"name":"Home","item":"https:\/\/medcor.com\/fr-ca\/"},{"@type":"ListItem","position":2,"name":"S\u00e9curit\u00e9"}]},{"@type":"WebSite","@id":"https:\/\/medcor.com\/fr-ca\/#website","url":"https:\/\/medcor.com\/fr-ca\/","name":"Medcor","description":"Simplifying Healthcare For Employers","publisher":{"@id":"https:\/\/medcor.com\/fr-ca\/#organization"},"potentialAction":[{"@type":"SearchAction","target":{"@type":"EntryPoint","urlTemplate":"https:\/\/medcor.com\/fr-ca\/?s={search_term_string}"},"query-input":{"@type":"PropertyValueSpecification","valueRequired":true,"valueName":"search_term_string"}}],"inLanguage":"fr-CA"},{"@type":"Organization","@id":"https:\/\/medcor.com\/fr-ca\/#organization","name":"Medcor","alternateName":"Medcor","url":"https:\/\/medcor.com\/fr-ca\/","logo":{"@type":"ImageObject","inLanguage":"fr-CA","@id":"https:\/\/medcor.com\/fr-ca\/#\/schema\/logo\/image\/","url":"https:\/\/medcor.com\/wp-content\/uploads\/2023\/08\/cropped-favicon.png","contentUrl":"https:\/\/medcor.com\/wp-content\/uploads\/2023\/08\/cropped-favicon.png","width":512,"height":512,"caption":"Medcor"},"image":{"@id":"https:\/\/medcor.com\/fr-ca\/#\/schema\/logo\/image\/"},"sameAs":["https:\/\/www.facebook.com\/Medcor\/","https:\/\/www.linkedin.com\/company\/medcor\/","https:\/\/www.instagram.com\/medcorclinics\/","https:\/\/vimeo.com\/medcorhealthnavigation"]}]}},"featured_image_url":"https:\/\/medcor.com\/wp-content\/uploads\/2023\/08\/DSC01818-safety-hp-560x320-1.webp","featured_image_url_sizes":{"thumbnail":"https:\/\/medcor.com\/wp-content\/uploads\/2023\/08\/DSC01818-safety-hp-560x320-1-150x150.jpg","medium":"https:\/\/medcor.com\/wp-content\/uploads\/2023\/08\/DSC01818-safety-hp-560x320-1-300x171.jpg","medium_large":"https:\/\/medcor.com\/wp-content\/uploads\/2023\/08\/DSC01818-safety-hp-560x320-1.webp","large":"https:\/\/medcor.com\/wp-content\/uploads\/2023\/08\/DSC01818-safety-hp-560x320-1.webp","default":{"url":"https:\/\/medcor.com\/wp-content\/uploads\/2023\/07\/Medcor-Canada-Logo-web.png"}},"service_type_color":"orange","service_type_icon":"mobile","_links":{"self":[{"href":"https:\/\/medcor.com\/fr-ca\/wp-json\/wp\/v2\/pages\/20608","targetHints":{"allow":["GET"]}}],"collection":[{"href":"https:\/\/medcor.com\/fr-ca\/wp-json\/wp\/v2\/pages"}],"about":[{"href":"https:\/\/medcor.com\/fr-ca\/wp-json\/wp\/v2\/types\/page"}],"author":[{"embeddable":true,"href":"https:\/\/medcor.com\/fr-ca\/wp-json\/wp\/v2\/users\/1"}],"replies":[{"embeddable":true,"href":"https:\/\/medcor.com\/fr-ca\/wp-json\/wp\/v2\/comments?post=20608"}],"version-history":[{"count":8,"href":"https:\/\/medcor.com\/fr-ca\/wp-json\/wp\/v2\/pages\/20608\/revisions"}],"predecessor-version":[{"id":20918,"href":"https:\/\/medcor.com\/fr-ca\/wp-json\/wp\/v2\/pages\/20608\/revisions\/20918"}],"wp:featuredmedia":[{"embeddable":true,"href":"https:\/\/medcor.com\/fr-ca\/wp-json\/wp\/v2\/media\/17952"}],"wp:attachment":[{"href":"https:\/\/medcor.com\/fr-ca\/wp-json\/wp\/v2\/media?parent=20608"}],"wp:term":[{"taxonomy":"service_type","embeddable":true,"href":"https:\/\/medcor.com\/fr-ca\/wp-json\/wp\/v2\/service_type?post=20608"},{"taxonomy":"silo","embeddable":true,"href":"https:\/\/medcor.com\/fr-ca\/wp-json\/wp\/v2\/silo?post=20608"}],"curies":[{"name":"wp","href":"https:\/\/api.w.org\/{rel}","templated":true}]}}