{"id":20907,"date":"2023-12-04T13:08:36","date_gmt":"2023-12-04T21:08:36","guid":{"rendered":"https:\/\/medcor.com\/comment-nous-aidons\/solutions-virtuelles-2\/"},"modified":"2023-12-04T13:12:25","modified_gmt":"2023-12-04T21:12:25","slug":"solutions-virtuelles","status":"publish","type":"page","link":"https:\/\/medcor.com\/fr-ca\/comment-nous-aidons\/solutions-virtuelles\/","title":{"rendered":"Solutions virtuelles"},"content":{"rendered":"\n\n<section class=\"alignfull wp-block-ns-subpage-banner\">\n            <img loading=\"lazy\" decoding=\"async\" width=\"1440\" height=\"400\" src=\"https:\/\/medcor.com\/wp-content\/uploads\/2023\/08\/virtual-solutions.jpg\" class=\"attachment-full size-full\" alt=\"\" srcset=\"https:\/\/medcor.com\/wp-content\/uploads\/2023\/08\/virtual-solutions.jpg 1440w, https:\/\/medcor.com\/wp-content\/uploads\/2023\/08\/virtual-solutions-300x83.jpg 300w, https:\/\/medcor.com\/wp-content\/uploads\/2023\/08\/virtual-solutions-1024x284.jpg 1024w, https:\/\/medcor.com\/wp-content\/uploads\/2023\/08\/virtual-solutions-768x213.jpg 768w, https:\/\/medcor.com\/wp-content\/uploads\/2023\/08\/virtual-solutions-650x181.jpg 650w\" sizes=\"auto, (max-width: 1440px) 100vw, 1440px\" \/>    <\/section>\n\n\n\n<section class=\"alignfull wp-block-ns-content-detail\">\n    <div class=\"wp-block-ns-content-detail__columns\">\n        <div class=\"wp-block-ns-content-detail__content\">\n            \n<section class=\"wp-block-ns-content-detail__hero\">\n            <div class=\"wp-block-ns-content-detail__hero-eyebrow --eyebrow\">\n            Sant\u00e9 au travail        <\/div>\n                <h1 class=\"wp-block-ns-content-detail__hero-headline --hl-xxl\">\n            Solutions virtuelles        <\/h1>\n        <div class=\"wp-block-ns-content-detail__hero-body --wizzy\">\n        \n\n<p>Les incidents au travail ne sont pas restreints aux heures de travail ; il existe un grand nombre de <a href=\"https:\/\/medcor.com\/fr-ca\/ce-que-nous-faisons\/\">services de sant\u00e9 au travail<\/a> et de <a href=\"https:\/\/medcor.com\/fr-ca\/ce-que-nous-faisons\/solutions-pour-le-bien-etre-des-employes\/\">bien-\u00eatre des employ\u00e9s. <\/a>Si vos employ\u00e9s travaillent tard dans la nuit ou tr\u00e8s t\u00f4t le matin, ou si vous ne disposez tout simplement pas du budget pour maintenir une clinique permanente, les blessures que surviennent apr\u00e8s les heures de travail peuvent facilement induire des prises en charge en externe et des frais m\u00e9dicaux faramineux. Pour garantir \u00e0 vos employ\u00e9s un acc\u00e8s \u00e0 toute heure \u00e0 des infirmiers qualifi\u00e9s qui peuvent les orienter vers le bon service de prise en charge au bon moment, Medcor propose des solutions virtuelles.<\/p>\n\n    <\/div>\n            <div class=\"wp-block-ns-content-detail__hero-ctas\">\n                            <a href=\"https:\/\/medcor.com\/fr-ca\/contact\/\" class=\"wp-block-ns-content-detail__hero-cta1\" >Nous contacter<\/a>\n                                        <a href=\"https:\/\/medcor.com\/fr-ca\/ce-que-nous-faisons\/\" class=\"wp-block-ns-content-detail__hero-cta2\" >Nos activit\u00e9s<\/a>\n                    <\/div>\n    <\/section>\n\n\n\n<h2 class=\"wp-block-heading\">Triage des blessures et des maladies 24 h\/24 et 7 j\/7&nbsp;<\/h2>\n\n\n\n<p>Le service de triage des blessures et des maladies de Medcor r\u00e9pond \u00e0 90 % des appels en moins de 60 secondes, et donne \u00e0 votre \u00e9quipe un acc\u00e8s direct aux infirmiers, am\u00e9liore les r\u00e9sultats par des interventions rapides. Avec plus de 30 ans de m\u00e9decine fond\u00e9e sur des preuves et de donn\u00e9es, nos solutions de triage des blessures et des maladies reste in\u00e9gal\u00e9 dans le secteur. Des infirmiers agr\u00e9\u00e9s fournissent des orientation de prise en charge non biais\u00e9es \u00e0 vos employ\u00e9s, ce qui permet d&#8217;\u00e9viter des plaintes non n\u00e9cessaires et de ne faire recours aux prestataires externes qu&#8217;en cas de besoin.<\/p>\n\n\n\n<h2 class=\"wp-block-heading\">Service de soutien en sant\u00e9 mentale.&nbsp;<\/h2>\n\n\n\n<p>Aider les employ\u00e9s \u00e0 trouver un \u00e9quilibre, \u00e0 am\u00e9liorer leur estime personnelle et \u00e0 g\u00e9rer le stress. Notre approche proactive du soutien \u00e0 la sant\u00e9 mentale et \u00e9motionnelle permet aux employ\u00e9s de se sentir responsabilis\u00e9s et encourag\u00e9s \u00e0 trouver des solutions \u00e0 leurs probl\u00e8mes avant qu&#8217;ils ne prennent de l&#8217;ampleur. Les employ\u00e9s qui b\u00e9n\u00e9ficient de ce soutien sont plus productifs, plus concentr\u00e9s et, en fin de compte, plus s\u00fbrs tout au long de leur journ\u00e9e de travail. Notre r\u00e9seau s\u00e9curis\u00e9 permet \u00e0 Medcor d&#8217;offrir des s\u00e9ances de conseil individuelles, des s\u00e9ances familiales et des s\u00e9ances en petits groupes sur des sujets sp\u00e9cifiques, selon les besoins.<\/p>\n\n\n\n<h2 class=\"wp-block-heading\">Triage Plus&nbsp;<\/h2>\n\n\n\n<p>Des facteurs tels qu&#8217;une mauvaise <a href=\"https:\/\/medcor.com\/fr-ca\/solutions-pour-le-bien-etre-des-employes\/\">sant\u00e9 mentale, <\/a>les comorbidit\u00e9s et une gravit\u00e9 croissante peuvent retarder le r\u00e9tablissement de vos employ\u00e9s bless\u00e9s, ce qui peut entra\u00eener une augmentation du co\u00fbt de la prise en charge. Le service Triage Plus de Medcor s&#8217;appuie sur la th\u00e9rapie cognitive comportementale ax\u00e9e sur le travail (W-CRT) pour identifier les barri\u00e8res psychologiques susceptibles d&#8217;accro\u00eetre le risque, ce qui permet d&#8217;\u00e9viter les plaintes probl\u00e9matiques. Ce type d&#8217;interventions cibl\u00e9es peut vous permettre de r\u00e9aliser jusqu&#8217;\u00e0 50 % d&#8217;\u00e9conomies sur les co\u00fbts d&#8217;indemnisation des employ\u00e9s.<\/p>\n\n\n\n<section class=\"--dark-background --theme-turquoise wp-block-ns-promo-banner-cta\" style=\"--ns-imageCropPosition: center center;\">\n    \n\n    <h2 class=\"wp-block-ns-promo-banner-cta__headline --hl-l\">Connect with a Virtual Solutions Expert\u00a0<\/h2>\n    <div class=\"wp-block-ns-promo-banner-cta__body --wizzy\">\n        \n\n<p>Discutez avec un repr\u00e9sentant de Medcor pour concevoir une suite de solutions virtuelles adapt\u00e9e aux besoins de votre entreprise.<\/p>\n\n    <\/div>\n            <a class=\"wp-block-ns-promo-banner-cta__cta\" href=\"https:\/\/medcor.com\/fr-ca\/contact\/\">En savoir plus<\/a>\n    <\/section>\n\n        <\/div>\n        <div class=\"wp-block-ns-content-detail__sidebar\">\n                        \n\n        <\/div>\n    <\/div>\n<\/section>\n\n","protected":false},"excerpt":{"rendered":"<p>Plus de 250 000 sites de travail utilisent les solutions de t\u00e9l\u00e9sant\u00e9 de Medcor pour g\u00e9rer l\u2019intervention en cas de blessure, les d\u00e9pistages et bien plus encore.<\/p>\n","protected":false},"author":31,"featured_media":17524,"parent":20589,"menu_order":0,"comment_status":"closed","ping_status":"closed","template":"","meta":{"pageFeaturedColor":"","pageIcon":"","footnotes":""},"service_type":[1181],"silo":[1176],"class_list":["post-20907","page","type-page","status-publish","has-post-thumbnail","hentry"],"yoast_head":"<!-- This site is optimized with the Yoast SEO plugin v27.1.1 - https:\/\/yoast.com\/product\/yoast-seo-wordpress\/ -->\n<title>Solutions virtuelles | Medcor<\/title>\n<meta name=\"description\" content=\"Les solutions virtuelles de Medcor offrent un acc\u00e8s facile aux soins, de jour comme de nuit, r\u00e9duisant ainsi les soins d&#039;urgence inutiles.\" \/>\n<meta name=\"robots\" content=\"index, follow, max-snippet:-1, max-image-preview:large, max-video-preview:-1\" \/>\n<link rel=\"canonical\" href=\"https:\/\/medcor.com\/fr-ca\/comment-nous-aidons\/solutions-virtuelles\/\" \/>\n<meta property=\"og:locale\" content=\"fr_CA\" \/>\n<meta property=\"og:type\" content=\"article\" \/>\n<meta property=\"og:title\" content=\"Solutions virtuelles | Medcor\" \/>\n<meta property=\"og:description\" content=\"Les solutions virtuelles de Medcor offrent un acc\u00e8s facile aux soins, de jour comme de nuit, r\u00e9duisant ainsi les soins d&#039;urgence inutiles.\" \/>\n<meta property=\"og:url\" content=\"https:\/\/medcor.com\/fr-ca\/comment-nous-aidons\/solutions-virtuelles\/\" \/>\n<meta property=\"og:site_name\" content=\"Medcor\" \/>\n<meta property=\"article:publisher\" content=\"https:\/\/www.facebook.com\/Medcor\/\" \/>\n<meta property=\"article:modified_time\" content=\"2023-12-04T21:12:25+00:00\" \/>\n<meta property=\"og:image\" content=\"https:\/\/medcor.com\/wp-content\/uploads\/2023\/08\/virtual-solutions.jpg\" \/>\n\t<meta property=\"og:image:width\" content=\"1440\" \/>\n\t<meta property=\"og:image:height\" content=\"400\" \/>\n\t<meta property=\"og:image:type\" content=\"image\/jpeg\" \/>\n<meta name=\"twitter:card\" content=\"summary_large_image\" \/>\n<meta name=\"twitter:label1\" content=\"Est. reading time\" \/>\n\t<meta name=\"twitter:data1\" content=\"2 minutes\" \/>\n<script type=\"application\/ld+json\" class=\"yoast-schema-graph\">{\"@context\":\"https:\/\/schema.org\",\"@graph\":[{\"@type\":\"WebPage\",\"@id\":\"https:\/\/medcor.com\/fr-ca\/comment-nous-aidons\/solutions-virtuelles\/\",\"url\":\"https:\/\/medcor.com\/fr-ca\/comment-nous-aidons\/solutions-virtuelles\/\",\"name\":\"Solutions virtuelles | Medcor\",\"isPartOf\":{\"@id\":\"https:\/\/medcor.com\/fr-ca\/#website\"},\"primaryImageOfPage\":{\"@id\":\"https:\/\/medcor.com\/fr-ca\/comment-nous-aidons\/solutions-virtuelles\/#primaryimage\"},\"image\":{\"@id\":\"https:\/\/medcor.com\/fr-ca\/comment-nous-aidons\/solutions-virtuelles\/#primaryimage\"},\"thumbnailUrl\":\"https:\/\/medcor.com\/wp-content\/uploads\/2023\/08\/virtual-solutions.jpg\",\"datePublished\":\"2023-12-04T21:08:36+00:00\",\"dateModified\":\"2023-12-04T21:12:25+00:00\",\"description\":\"Les solutions virtuelles de Medcor offrent un acc\u00e8s facile aux soins, de jour comme de nuit, r\u00e9duisant ainsi les soins d'urgence inutiles.\",\"breadcrumb\":{\"@id\":\"https:\/\/medcor.com\/fr-ca\/comment-nous-aidons\/solutions-virtuelles\/#breadcrumb\"},\"inLanguage\":\"fr-CA\",\"potentialAction\":[{\"@type\":\"ReadAction\",\"target\":[\"https:\/\/medcor.com\/fr-ca\/comment-nous-aidons\/solutions-virtuelles\/\"]}]},{\"@type\":\"ImageObject\",\"inLanguage\":\"fr-CA\",\"@id\":\"https:\/\/medcor.com\/fr-ca\/comment-nous-aidons\/solutions-virtuelles\/#primaryimage\",\"url\":\"https:\/\/medcor.com\/wp-content\/uploads\/2023\/08\/virtual-solutions.jpg\",\"contentUrl\":\"https:\/\/medcor.com\/wp-content\/uploads\/2023\/08\/virtual-solutions.jpg\",\"width\":1440,\"height\":400},{\"@type\":\"BreadcrumbList\",\"@id\":\"https:\/\/medcor.com\/fr-ca\/comment-nous-aidons\/solutions-virtuelles\/#breadcrumb\",\"itemListElement\":[{\"@type\":\"ListItem\",\"position\":1,\"name\":\"Home\",\"item\":\"https:\/\/medcor.com\/fr-ca\/\"},{\"@type\":\"ListItem\",\"position\":2,\"name\":\"Notre aide\",\"item\":\"https:\/\/medcor.com\/fr-ca\/comment-nous-aidons\/\"},{\"@type\":\"ListItem\",\"position\":3,\"name\":\"Solutions virtuelles\"}]},{\"@type\":\"WebSite\",\"@id\":\"https:\/\/medcor.com\/fr-ca\/#website\",\"url\":\"https:\/\/medcor.com\/fr-ca\/\",\"name\":\"Medcor\",\"description\":\"Simplifying Healthcare For Employers\",\"publisher\":{\"@id\":\"https:\/\/medcor.com\/fr-ca\/#organization\"},\"potentialAction\":[{\"@type\":\"SearchAction\",\"target\":{\"@type\":\"EntryPoint\",\"urlTemplate\":\"https:\/\/medcor.com\/fr-ca\/?s={search_term_string}\"},\"query-input\":{\"@type\":\"PropertyValueSpecification\",\"valueRequired\":true,\"valueName\":\"search_term_string\"}}],\"inLanguage\":\"fr-CA\"},{\"@type\":\"Organization\",\"@id\":\"https:\/\/medcor.com\/fr-ca\/#organization\",\"name\":\"Medcor\",\"alternateName\":\"Medcor\",\"url\":\"https:\/\/medcor.com\/fr-ca\/\",\"logo\":{\"@type\":\"ImageObject\",\"inLanguage\":\"fr-CA\",\"@id\":\"https:\/\/medcor.com\/fr-ca\/#\/schema\/logo\/image\/\",\"url\":\"https:\/\/medcor.com\/wp-content\/uploads\/2023\/08\/cropped-favicon.png\",\"contentUrl\":\"https:\/\/medcor.com\/wp-content\/uploads\/2023\/08\/cropped-favicon.png\",\"width\":512,\"height\":512,\"caption\":\"Medcor\"},\"image\":{\"@id\":\"https:\/\/medcor.com\/fr-ca\/#\/schema\/logo\/image\/\"},\"sameAs\":[\"https:\/\/www.facebook.com\/Medcor\/\",\"https:\/\/www.linkedin.com\/company\/medcor\/\",\"https:\/\/www.instagram.com\/medcorclinics\/\",\"https:\/\/vimeo.com\/medcorhealthnavigation\"]}]}<\/script>\n<!-- \/ Yoast SEO plugin. -->","yoast_head_json":{"title":"Solutions virtuelles | Medcor","description":"Les solutions virtuelles de Medcor offrent un acc\u00e8s facile aux soins, de jour comme de nuit, r\u00e9duisant ainsi les soins d'urgence inutiles.","robots":{"index":"index","follow":"follow","max-snippet":"max-snippet:-1","max-image-preview":"max-image-preview:large","max-video-preview":"max-video-preview:-1"},"canonical":"https:\/\/medcor.com\/fr-ca\/comment-nous-aidons\/solutions-virtuelles\/","og_locale":"fr_CA","og_type":"article","og_title":"Solutions virtuelles | Medcor","og_description":"Les solutions virtuelles de Medcor offrent un acc\u00e8s facile aux soins, de jour comme de nuit, r\u00e9duisant ainsi les soins d'urgence inutiles.","og_url":"https:\/\/medcor.com\/fr-ca\/comment-nous-aidons\/solutions-virtuelles\/","og_site_name":"Medcor","article_publisher":"https:\/\/www.facebook.com\/Medcor\/","article_modified_time":"2023-12-04T21:12:25+00:00","og_image":[{"width":1440,"height":400,"url":"https:\/\/medcor.com\/wp-content\/uploads\/2023\/08\/virtual-solutions.jpg","type":"image\/jpeg"}],"twitter_card":"summary_large_image","twitter_misc":{"Est. reading time":"2 minutes"},"schema":{"@context":"https:\/\/schema.org","@graph":[{"@type":"WebPage","@id":"https:\/\/medcor.com\/fr-ca\/comment-nous-aidons\/solutions-virtuelles\/","url":"https:\/\/medcor.com\/fr-ca\/comment-nous-aidons\/solutions-virtuelles\/","name":"Solutions virtuelles | Medcor","isPartOf":{"@id":"https:\/\/medcor.com\/fr-ca\/#website"},"primaryImageOfPage":{"@id":"https:\/\/medcor.com\/fr-ca\/comment-nous-aidons\/solutions-virtuelles\/#primaryimage"},"image":{"@id":"https:\/\/medcor.com\/fr-ca\/comment-nous-aidons\/solutions-virtuelles\/#primaryimage"},"thumbnailUrl":"https:\/\/medcor.com\/wp-content\/uploads\/2023\/08\/virtual-solutions.jpg","datePublished":"2023-12-04T21:08:36+00:00","dateModified":"2023-12-04T21:12:25+00:00","description":"Les solutions virtuelles de Medcor offrent un acc\u00e8s facile aux soins, de jour comme de nuit, r\u00e9duisant ainsi les soins d'urgence inutiles.","breadcrumb":{"@id":"https:\/\/medcor.com\/fr-ca\/comment-nous-aidons\/solutions-virtuelles\/#breadcrumb"},"inLanguage":"fr-CA","potentialAction":[{"@type":"ReadAction","target":["https:\/\/medcor.com\/fr-ca\/comment-nous-aidons\/solutions-virtuelles\/"]}]},{"@type":"ImageObject","inLanguage":"fr-CA","@id":"https:\/\/medcor.com\/fr-ca\/comment-nous-aidons\/solutions-virtuelles\/#primaryimage","url":"https:\/\/medcor.com\/wp-content\/uploads\/2023\/08\/virtual-solutions.jpg","contentUrl":"https:\/\/medcor.com\/wp-content\/uploads\/2023\/08\/virtual-solutions.jpg","width":1440,"height":400},{"@type":"BreadcrumbList","@id":"https:\/\/medcor.com\/fr-ca\/comment-nous-aidons\/solutions-virtuelles\/#breadcrumb","itemListElement":[{"@type":"ListItem","position":1,"name":"Home","item":"https:\/\/medcor.com\/fr-ca\/"},{"@type":"ListItem","position":2,"name":"Notre aide","item":"https:\/\/medcor.com\/fr-ca\/comment-nous-aidons\/"},{"@type":"ListItem","position":3,"name":"Solutions virtuelles"}]},{"@type":"WebSite","@id":"https:\/\/medcor.com\/fr-ca\/#website","url":"https:\/\/medcor.com\/fr-ca\/","name":"Medcor","description":"Simplifying Healthcare For Employers","publisher":{"@id":"https:\/\/medcor.com\/fr-ca\/#organization"},"potentialAction":[{"@type":"SearchAction","target":{"@type":"EntryPoint","urlTemplate":"https:\/\/medcor.com\/fr-ca\/?s={search_term_string}"},"query-input":{"@type":"PropertyValueSpecification","valueRequired":true,"valueName":"search_term_string"}}],"inLanguage":"fr-CA"},{"@type":"Organization","@id":"https:\/\/medcor.com\/fr-ca\/#organization","name":"Medcor","alternateName":"Medcor","url":"https:\/\/medcor.com\/fr-ca\/","logo":{"@type":"ImageObject","inLanguage":"fr-CA","@id":"https:\/\/medcor.com\/fr-ca\/#\/schema\/logo\/image\/","url":"https:\/\/medcor.com\/wp-content\/uploads\/2023\/08\/cropped-favicon.png","contentUrl":"https:\/\/medcor.com\/wp-content\/uploads\/2023\/08\/cropped-favicon.png","width":512,"height":512,"caption":"Medcor"},"image":{"@id":"https:\/\/medcor.com\/fr-ca\/#\/schema\/logo\/image\/"},"sameAs":["https:\/\/www.facebook.com\/Medcor\/","https:\/\/www.linkedin.com\/company\/medcor\/","https:\/\/www.instagram.com\/medcorclinics\/","https:\/\/vimeo.com\/medcorhealthnavigation"]}]}},"featured_image_url":"https:\/\/medcor.com\/wp-content\/uploads\/2023\/08\/virtual-solutions.jpg","featured_image_url_sizes":{"thumbnail":"https:\/\/medcor.com\/wp-content\/uploads\/2023\/08\/virtual-solutions-150x150.jpg","medium":"https:\/\/medcor.com\/wp-content\/uploads\/2023\/08\/virtual-solutions-300x83.jpg","medium_large":"https:\/\/medcor.com\/wp-content\/uploads\/2023\/08\/virtual-solutions-768x213.jpg","large":"https:\/\/medcor.com\/wp-content\/uploads\/2023\/08\/virtual-solutions-1024x284.jpg","default":{"url":"https:\/\/medcor.com\/wp-content\/uploads\/2023\/07\/Medcor-Canada-Logo-web.png"}},"service_type_color":"teal","service_type_icon":"virtual","_links":{"self":[{"href":"https:\/\/medcor.com\/fr-ca\/wp-json\/wp\/v2\/pages\/20907","targetHints":{"allow":["GET"]}}],"collection":[{"href":"https:\/\/medcor.com\/fr-ca\/wp-json\/wp\/v2\/pages"}],"about":[{"href":"https:\/\/medcor.com\/fr-ca\/wp-json\/wp\/v2\/types\/page"}],"author":[{"embeddable":true,"href":"https:\/\/medcor.com\/fr-ca\/wp-json\/wp\/v2\/users\/31"}],"replies":[{"embeddable":true,"href":"https:\/\/medcor.com\/fr-ca\/wp-json\/wp\/v2\/comments?post=20907"}],"version-history":[{"count":4,"href":"https:\/\/medcor.com\/fr-ca\/wp-json\/wp\/v2\/pages\/20907\/revisions"}],"predecessor-version":[{"id":20913,"href":"https:\/\/medcor.com\/fr-ca\/wp-json\/wp\/v2\/pages\/20907\/revisions\/20913"}],"up":[{"embeddable":true,"href":"https:\/\/medcor.com\/fr-ca\/wp-json\/wp\/v2\/pages\/20589"}],"wp:featuredmedia":[{"embeddable":true,"href":"https:\/\/medcor.com\/fr-ca\/wp-json\/wp\/v2\/media\/17524"}],"wp:attachment":[{"href":"https:\/\/medcor.com\/fr-ca\/wp-json\/wp\/v2\/media?parent=20907"}],"wp:term":[{"taxonomy":"service_type","embeddable":true,"href":"https:\/\/medcor.com\/fr-ca\/wp-json\/wp\/v2\/service_type?post=20907"},{"taxonomy":"silo","embeddable":true,"href":"https:\/\/medcor.com\/fr-ca\/wp-json\/wp\/v2\/silo?post=20907"}],"curies":[{"name":"wp","href":"https:\/\/api.w.org\/{rel}","templated":true}]}}