{"id":20966,"date":"2023-12-05T11:40:34","date_gmt":"2023-12-05T19:40:34","guid":{"rendered":"https:\/\/medcor.com\/?page_id=20966"},"modified":"2025-07-08T11:50:47","modified_gmt":"2025-07-08T18:50:47","slug":"assistance-aux-employes","status":"publish","type":"page","link":"https:\/\/medcor.com\/fr-ca\/clinique-sur-place\/assistance-aux-employes\/","title":{"rendered":"Soutien aux Employ\u00e9s"},"content":{"rendered":"\n<section class=\"alignfull wp-block-ns-inner-page-hero\">\n    <div class=\"wp-block-ns-inner-page-hero__grid\">\n        <div class=\"wp-block-ns-inner-page-hero__body-col\">\n                            <div class=\"wp-block-ns-inner-page-hero__eyebrow --eyebrow\">\n                    <br>Services de soutien aux employeurs                <\/div>\n                        <h1 class=\"wp-block-ns-inner-page-hero__headline --hl-xxl\">\n                Soutien \u00e0 la sant\u00e9 et \u00e0 la s\u00e9curit\u00e9 de la main-d&#8217;\u0153uvre            <\/h1>\n\n            <div class=\"wp-block-ns-inner-page-hero__intro --wizzy\">\n                \n\n<p>Nous savons que l&#8217;une de vos priorit\u00e9s est la sant\u00e9 et la s\u00e9curit\u00e9 de vos employ\u00e9s. Pour vous y accompagner, Medcor a mis au point une s\u00e9rie de programmes innovants \u00e0 l&#8217;effet d&#8217;am\u00e9liorer le bien-\u00eatre de votre main-d&#8217;oeuvre en abordant l&#8217;\u00e9ducation, le diagnostic et le traitement dans ses offres.<\/p>\n\n            <\/div>\n                            <div class=\"wp-block-ns-inner-page-hero__ctas\">\n                    <a class=\"wp-block-ns-inner-page-hero__cta --primary\" href=\"https:\/\/medcor.com\/fr-ca\/contact\/\">Nous contacter<\/a>                    <a class=\"wp-block-ns-inner-page-hero__cta --secondary\" href=\"https:\/\/medcor.com\/fr-ca\/ce-que-nous-faisons\/\">Ce que nous faisons<\/a>                <\/div>\n                    <\/div>\n        <div class=\"wp-block-ns-inner-page-hero__image-col\">\n            <div class=\"wp-block-ns-inner-page-hero__image-wrap\" style=\"--ns-imageCropPosition: center center;\">\n                <img loading=\"lazy\" decoding=\"async\" width=\"800\" height=\"800\" src=\"https:\/\/medcor.com\/wp-content\/uploads\/2023\/08\/emp-support-services.jpg\" class=\"attachment-large size-large\" alt=\"\" srcset=\"https:\/\/medcor.com\/wp-content\/uploads\/2023\/08\/emp-support-services.jpg 800w, https:\/\/medcor.com\/wp-content\/uploads\/2023\/08\/emp-support-services-300x300.jpg 300w, https:\/\/medcor.com\/wp-content\/uploads\/2023\/08\/emp-support-services-150x150.jpg 150w, https:\/\/medcor.com\/wp-content\/uploads\/2023\/08\/emp-support-services-768x768.jpg 768w, https:\/\/medcor.com\/wp-content\/uploads\/2023\/08\/emp-support-services-500x500.jpg 500w\" sizes=\"auto, (max-width: 800px) 100vw, 800px\" \/>            <\/div>\n        <\/div>\n    <\/div>\n<\/section>\n\n\n\n<p><\/p>\n\n\n\n<h2 class=\"wp-block-heading\">Avantages des services d&#8217;assistance aux employ\u00e9s<\/h2>\n\n\n\n<p>G\u00e9rer la sant\u00e9 et la s\u00e9curit\u00e9 de vos employ\u00e9s peut \u00eatre une gageure. De la conformisation de votre environnement de travail \u00e0 la gestion des plaintes d&#8217;indemnisation des employ\u00e9s actifs, les repr\u00e9sentants de Medcor\u2014 nos employ\u00e9s \u2014 peuvent vous aider \u00e0 am\u00e9iorer de mani\u00e8re g\u00e9n\u00e9rale la sant\u00e9 et la s\u00e9curit\u00e9 dans votre espace de travail sans devoir tout g\u00e9rer vous-m\u00eame.<\/p>\n\n\n\n<p>Les services d&#8217;assistance aux employ\u00e9s de Medcor vous offrent une vari\u00e9t\u00e9 d&#8217;avantages, notamment<\/p>\n\n\n\n<div class=\"wp-block-columns is-layout-flex wp-container-core-columns-is-layout-9d6595d7 wp-block-columns-is-layout-flex\">\n<div class=\"wp-block-column is-layout-flow wp-block-column-is-layout-flow\">\n<div style=\"height:30px\" aria-hidden=\"true\" class=\"wp-block-spacer\"><\/div>\n<\/div>\n<\/div>\n\n\n\n<div class=\"wp-block-columns alignwide is-layout-flex wp-container-core-columns-is-layout-9d6595d7 wp-block-columns-is-layout-flex\">\n<div class=\"wp-block-column is-layout-flow wp-block-column-is-layout-flow\">\n<h3 class=\"wp-block-heading is-style-hl-m\">Des co\u00fbts r\u00e9duits<\/h3>\n\n\n\n<p>Les services d&#8217;assistance aux employ\u00e9s de Medcor vous apportent des connaissances et de l&#8217;expertise, et garantissent votre conformit\u00e9 \u00e0 toutes les r\u00e9glementations, ce qui vous permet de gagner du temps et de l&#8217;argent. Des services suppl\u00e9mentaires tels que les tests d&#8217;alcool\u00e9mie ou de stup\u00e9fiants permettent de garantir la sant\u00e9 de vos employ\u00e9s, ce qui permet de r\u00e9duire les blessures li\u00e9es \u00e0 la toxicomanie.<\/p>\n\n\n\n<h3 class=\"wp-block-heading is-style-hl-m\">Des employ\u00e9s plus heureux<\/h3>\n\n\n\n<p>Lorsque les employ\u00e9s se sentent \u00e0 l&#8217;abri des dangers flagrants au travail, ils sont plus heureux au travail. Des employ\u00e9s plus heureux vous fournissent le meilleur rendement et sont plus susceptible de rester vos employ\u00e9s \u00e0 long terme.<\/p>\n<\/div>\n\n\n\n<div class=\"wp-block-column is-layout-flow wp-block-column-is-layout-flow\">\n<h3 class=\"wp-block-heading is-style-hl-m\">Am\u00e9lioration de la conformit\u00e9<\/h3>\n\n\n\n<p>[Les repr\u00e9sentants de Medcor travaillent tous les jours avec des syst\u00e8me juridiques, m\u00e9dicaux et de conformit\u00e9 complexe, et ils sont sp\u00e9cialement form\u00e9s dans leurs domaines d&#8217;expertise. Votre entreprise profite de leur grande exp\u00e9rience, ce qui permet d&#8217;am\u00e9liorer votre conformit\u00e9 \u00e0 des lois et r\u00e9glementations complexes.<\/p>\n\n\n\n<h3 class=\"wp-block-heading is-style-hl-m\">R\u00e9duction du temps de gestion des plaintes<\/h3>\n\n\n\n<p>La gu\u00e9rison des accidents du travail peut prendre beaucoup de temps. Et si vos employ\u00e9s re\u00e7oivent des plans de traitement contradictoires -\u2014 ou ne se conforment pas aux plans de traitement de leurs fournisseurs hors site \u2014 ils peuvent \u00eatre absents du travail encore plus longtemps. La gestion des dossiers d&#8217;indemnisation des accidents du travail sur place, en particulier lorsqu&#8217;elle est associ\u00e9e \u00e0 une clinique Medcor permanente,peut r\u00e9duire la dur\u00e9e de l&#8217;arr\u00eat de travail de vos employ\u00e9s bless\u00e9s.<\/p>\n<\/div>\n<\/div>\n\n\n\n<div style=\"height:100px\" aria-hidden=\"true\" class=\"wp-block-spacer\"><\/div>\n\n\n\n<hr class=\"wp-block-separator has-text-color has-red-color has-alpha-channel-opacity has-red-background-color has-background is-style-wide\"\/>\n\n\n\n<div style=\"height:100px\" aria-hidden=\"true\" class=\"wp-block-spacer\"><\/div>\n\n\n\n<h2 class=\"wp-block-heading\">Nos services d&#8217;assistance aux employ\u00e9s<\/h2>\n\n\n\n<p>Medcor offre une s\u00e9rie de services d&#8217;assistance aux employ\u00e9s adaptables pour r\u00e9pondre \u00e0 vos besoins sp\u00e9cifiques, notamment:<\/p>\n\n\n\n<div class=\"wp-block-columns alignwide is-layout-flex wp-container-core-columns-is-layout-9d6595d7 wp-block-columns-is-layout-flex\">\n<div class=\"wp-block-column is-layout-flow wp-block-column-is-layout-flow\">\n<h3 class=\"wp-block-heading is-style-hl-m\">La gestion des dossiers<\/h3>\n\n\n\n<p>Lorsqu&#8217;un employ\u00e9 se blesse, suivre toutes les formalit\u00e9s, tous les rendez-vous et les rapports d&#8217;\u00e9volution n\u00e9cessite beaucoup de temps. Les repr\u00e9sentants de Medcor peuvent s&#8217;occuper de cette proc\u00e9dure pour vous, ce qui vous permet de r\u00e9aliser des \u00e9conomies de temps et d&#8217;argent.<\/p>\n<\/div>\n\n\n\n<div class=\"wp-block-column is-layout-flow wp-block-column-is-layout-flow\">\n<h3 class=\"wp-block-heading is-style-hl-m\">Services de soutien m\u00e9dical<\/h3>\n\n\n\n<p>Medcor peut fournir des services de soutien m\u00e9dical, de d\u00e9pistage, de test, de consultation et de formation pour r\u00e9pondre \u00e0 vos besoins, avec des \u00e9quipes qui se d\u00e9ploient rapidement. Notre r\u00e9seau de professionnels de la sant\u00e9 nous permet de rapidement mobiliser des \u00e9quipes pour assurer un soutien m\u00e9dicale sur place pour des \u00e9v\u00e9nements sp\u00e9ciaux, que ce soit dans le pays ou \u00e0 l&#8217;\u00e9tranger.<\/p>\n<\/div>\n\n\n\n<div class=\"wp-block-column is-layout-flow wp-block-column-is-layout-flow\">\n<h3 class=\"wp-block-heading is-style-hl-m\">Service de consultation des m\u00e9decins-chefs et des m\u00e9decins<\/h3>\n\n\n\n<p>Medcor a mis sur pied un conseil consultatif de m\u00e9decins pour les employeurs qui n&#8217;ont pas de m\u00e9decin au sein de leur personnel, mais qui souhaitent b\u00e9n\u00e9ficier d&#8217;une expertise m\u00e9dicale au moment de prendre des d\u00e9cisions importantes. Ces m\u00e9decins ont l&#8217;exp\u00e9rience n\u00e9cessaire pour conseiller les \u00e9quipes sur l&#8217;\u00e9laboration de politiques et de programmes, les voyages, la surveillance m\u00e9dicale, la m\u00e9decine pr\u00e9ventive, etc. Ces m\u00e9decins peuvent jouer le r\u00f4le de m\u00e9decin-chef de votre entreprise et\/ou fournir des consultations m\u00e9dicales en fonction des besoins.<\/p>\n<\/div>\n<\/div>\n\n\n\n<div class=\"wp-block-columns alignwide is-layout-flex wp-container-core-columns-is-layout-9d6595d7 wp-block-columns-is-layout-flex\">\n<div class=\"wp-block-column is-layout-flow wp-block-column-is-layout-flow\">\n<h3 class=\"wp-block-heading is-style-hl-m\">Programme de bien-\u00eatre des employ\u00e9s<\/h3>\n\n\n\n<p>La sant\u00e9 des employ\u00e9s va plus loin que le traitement des blessures et des maladies\u2014 elle implique \u00e9galement la prise en compte de leur sant\u00e9 et de leur bien-\u00eatre de mani\u00e8re g\u00e9n\u00e9rale. Les programmes de bien-\u00eatre des employ\u00e9s de Medcor accompagnent votre \u00e9quipe dans l&#8217;atteinte de son plein potentiel et aide chacun des membres \u00e0 entretenir sa sant\u00e9 et son bien-\u00eatre et \u00e0 rester productif.<\/p>\n<\/div>\n<\/div>\n\n\n\n<section class=\"--dark-background --theme-turquoise wp-block-ns-promo-banner-cta\" style=\"--ns-imageCropPosition: center center;\">\n    \n\n    <h2 class=\"wp-block-ns-promo-banner-cta__headline --hl-l\">Connectez-vous avec un expert des services de soutien aux employeurs<\/h2>\n    <div class=\"wp-block-ns-promo-banner-cta__body --wizzy\">\n        \n\n<p>Discutez avec un repr\u00e9sentant de Medcor pour concevoir un plan de services de soutien d&#8217;employeur adapt\u00e9 aux besoins de votre entreprise.<\/p>\n\n    <\/div>\n            <a class=\"wp-block-ns-promo-banner-cta__cta\" href=\"https:\/\/medcor.com\/fr-ca\/contact\/\">En savoir plus<\/a>\n    <\/section>\n","protected":false},"excerpt":{"rendered":"<p>Des services tels que la gestion des plaintes, le soutien m\u00e9dical et le test d&#8217;alcool\u00e9mie\/de stup\u00e9fiants sont quelques-unes des d\u00e9clinaisons du soutien que Medcor Canada vous propose.<\/p>\n","protected":false},"author":1,"featured_media":20532,"parent":0,"menu_order":0,"comment_status":"closed","ping_status":"closed","template":"","meta":{"pageFeaturedColor":"","pageIcon":"","footnotes":""},"service_type":[1173],"silo":[1176,1175],"class_list":["post-20966","page","type-page","status-publish","has-post-thumbnail","hentry"],"yoast_head":"<!-- This site is optimized with the Yoast SEO plugin v27.1.1 - https:\/\/yoast.com\/product\/yoast-seo-wordpress\/ -->\n<title>Services d&#039;assistance aux employ\u00e9s | Medcor Canada<\/title>\n<meta name=\"description\" content=\"B\u00e9n\u00e9ficiez de l&#039;assistance dont vous avez besoin pour un environnement de travail sain et conforme gr\u00e2ce aux services d&#039;assistance aux employ\u00e9s de Medcor Canada. Assistance au test de stup\u00e9fiants et plus encore.\" \/>\n<meta name=\"robots\" content=\"index, follow, max-snippet:-1, max-image-preview:large, max-video-preview:-1\" \/>\n<link rel=\"canonical\" href=\"https:\/\/medcor.com\/fr-ca\/clinique-sur-place\/assistance-aux-employes\/\" \/>\n<meta property=\"og:locale\" content=\"fr_CA\" \/>\n<meta property=\"og:type\" content=\"article\" \/>\n<meta property=\"og:title\" content=\"Services d&#039;assistance aux employ\u00e9s | Medcor Canada\" \/>\n<meta property=\"og:description\" content=\"B\u00e9n\u00e9ficiez de l&#039;assistance dont vous avez besoin pour un environnement de travail sain et conforme gr\u00e2ce aux services d&#039;assistance aux employ\u00e9s de Medcor Canada. Assistance au test de stup\u00e9fiants et plus encore.\" \/>\n<meta property=\"og:url\" content=\"https:\/\/medcor.com\/fr-ca\/clinique-sur-place\/assistance-aux-employes\/\" \/>\n<meta property=\"og:site_name\" content=\"Medcor\" \/>\n<meta property=\"article:publisher\" content=\"https:\/\/www.facebook.com\/Medcor\/\" \/>\n<meta property=\"article:modified_time\" content=\"2025-07-08T18:50:47+00:00\" \/>\n<meta property=\"og:image\" content=\"http:\/\/medcor.com\/wp-content\/uploads\/2023\/08\/emp-support-services.jpg\" \/>\n\t<meta property=\"og:image:width\" content=\"800\" \/>\n\t<meta property=\"og:image:height\" content=\"800\" \/>\n\t<meta property=\"og:image:type\" content=\"image\/jpeg\" \/>\n<meta name=\"twitter:card\" content=\"summary_large_image\" \/>\n<meta name=\"twitter:label1\" content=\"Est. reading time\" \/>\n\t<meta name=\"twitter:data1\" content=\"4 minutes\" \/>\n<script type=\"application\/ld+json\" class=\"yoast-schema-graph\">{\"@context\":\"https:\/\/schema.org\",\"@graph\":[{\"@type\":\"WebPage\",\"@id\":\"https:\/\/medcor.com\/fr-ca\/clinique-sur-place\/assistance-aux-employes\/\",\"url\":\"https:\/\/medcor.com\/fr-ca\/clinique-sur-place\/assistance-aux-employes\/\",\"name\":\"Services d'assistance aux employ\u00e9s | Medcor Canada\",\"isPartOf\":{\"@id\":\"https:\/\/medcor.com\/fr-ca\/#website\"},\"primaryImageOfPage\":{\"@id\":\"https:\/\/medcor.com\/fr-ca\/clinique-sur-place\/assistance-aux-employes\/#primaryimage\"},\"image\":{\"@id\":\"https:\/\/medcor.com\/fr-ca\/clinique-sur-place\/assistance-aux-employes\/#primaryimage\"},\"thumbnailUrl\":\"https:\/\/medcor.com\/wp-content\/uploads\/2023\/08\/emp-support-services.jpg\",\"datePublished\":\"2023-12-05T19:40:34+00:00\",\"dateModified\":\"2025-07-08T18:50:47+00:00\",\"description\":\"B\u00e9n\u00e9ficiez de l'assistance dont vous avez besoin pour un environnement de travail sain et conforme gr\u00e2ce aux services d'assistance aux employ\u00e9s de Medcor Canada. Assistance au test de stup\u00e9fiants et plus encore.\",\"breadcrumb\":{\"@id\":\"https:\/\/medcor.com\/fr-ca\/clinique-sur-place\/assistance-aux-employes\/#breadcrumb\"},\"inLanguage\":\"fr-CA\",\"potentialAction\":[{\"@type\":\"ReadAction\",\"target\":[\"https:\/\/medcor.com\/fr-ca\/clinique-sur-place\/assistance-aux-employes\/\"]}]},{\"@type\":\"ImageObject\",\"inLanguage\":\"fr-CA\",\"@id\":\"https:\/\/medcor.com\/fr-ca\/clinique-sur-place\/assistance-aux-employes\/#primaryimage\",\"url\":\"https:\/\/medcor.com\/wp-content\/uploads\/2023\/08\/emp-support-services.jpg\",\"contentUrl\":\"https:\/\/medcor.com\/wp-content\/uploads\/2023\/08\/emp-support-services.jpg\",\"width\":800,\"height\":800},{\"@type\":\"BreadcrumbList\",\"@id\":\"https:\/\/medcor.com\/fr-ca\/clinique-sur-place\/assistance-aux-employes\/#breadcrumb\",\"itemListElement\":[{\"@type\":\"ListItem\",\"position\":1,\"name\":\"Home\",\"item\":\"https:\/\/medcor.com\/fr-ca\/\"},{\"@type\":\"ListItem\",\"position\":2,\"name\":\"Soutien aux Employ\u00e9s\"}]},{\"@type\":\"WebSite\",\"@id\":\"https:\/\/medcor.com\/fr-ca\/#website\",\"url\":\"https:\/\/medcor.com\/fr-ca\/\",\"name\":\"Medcor\",\"description\":\"Simplifying Healthcare For Employers\",\"publisher\":{\"@id\":\"https:\/\/medcor.com\/fr-ca\/#organization\"},\"potentialAction\":[{\"@type\":\"SearchAction\",\"target\":{\"@type\":\"EntryPoint\",\"urlTemplate\":\"https:\/\/medcor.com\/fr-ca\/?s={search_term_string}\"},\"query-input\":{\"@type\":\"PropertyValueSpecification\",\"valueRequired\":true,\"valueName\":\"search_term_string\"}}],\"inLanguage\":\"fr-CA\"},{\"@type\":\"Organization\",\"@id\":\"https:\/\/medcor.com\/fr-ca\/#organization\",\"name\":\"Medcor\",\"alternateName\":\"Medcor\",\"url\":\"https:\/\/medcor.com\/fr-ca\/\",\"logo\":{\"@type\":\"ImageObject\",\"inLanguage\":\"fr-CA\",\"@id\":\"https:\/\/medcor.com\/fr-ca\/#\/schema\/logo\/image\/\",\"url\":\"https:\/\/medcor.com\/wp-content\/uploads\/2023\/08\/cropped-favicon.png\",\"contentUrl\":\"https:\/\/medcor.com\/wp-content\/uploads\/2023\/08\/cropped-favicon.png\",\"width\":512,\"height\":512,\"caption\":\"Medcor\"},\"image\":{\"@id\":\"https:\/\/medcor.com\/fr-ca\/#\/schema\/logo\/image\/\"},\"sameAs\":[\"https:\/\/www.facebook.com\/Medcor\/\",\"https:\/\/www.linkedin.com\/company\/medcor\/\",\"https:\/\/www.instagram.com\/medcorclinics\/\",\"https:\/\/vimeo.com\/medcorhealthnavigation\"]}]}<\/script>\n<!-- \/ Yoast SEO plugin. -->","yoast_head_json":{"title":"Services d'assistance aux employ\u00e9s | Medcor Canada","description":"B\u00e9n\u00e9ficiez de l'assistance dont vous avez besoin pour un environnement de travail sain et conforme gr\u00e2ce aux services d'assistance aux employ\u00e9s de Medcor Canada. Assistance au test de stup\u00e9fiants et plus encore.","robots":{"index":"index","follow":"follow","max-snippet":"max-snippet:-1","max-image-preview":"max-image-preview:large","max-video-preview":"max-video-preview:-1"},"canonical":"https:\/\/medcor.com\/fr-ca\/clinique-sur-place\/assistance-aux-employes\/","og_locale":"fr_CA","og_type":"article","og_title":"Services d'assistance aux employ\u00e9s | Medcor Canada","og_description":"B\u00e9n\u00e9ficiez de l'assistance dont vous avez besoin pour un environnement de travail sain et conforme gr\u00e2ce aux services d'assistance aux employ\u00e9s de Medcor Canada. Assistance au test de stup\u00e9fiants et plus encore.","og_url":"https:\/\/medcor.com\/fr-ca\/clinique-sur-place\/assistance-aux-employes\/","og_site_name":"Medcor","article_publisher":"https:\/\/www.facebook.com\/Medcor\/","article_modified_time":"2025-07-08T18:50:47+00:00","og_image":[{"width":800,"height":800,"url":"http:\/\/medcor.com\/wp-content\/uploads\/2023\/08\/emp-support-services.jpg","type":"image\/jpeg"}],"twitter_card":"summary_large_image","twitter_misc":{"Est. reading time":"4 minutes"},"schema":{"@context":"https:\/\/schema.org","@graph":[{"@type":"WebPage","@id":"https:\/\/medcor.com\/fr-ca\/clinique-sur-place\/assistance-aux-employes\/","url":"https:\/\/medcor.com\/fr-ca\/clinique-sur-place\/assistance-aux-employes\/","name":"Services d'assistance aux employ\u00e9s | Medcor Canada","isPartOf":{"@id":"https:\/\/medcor.com\/fr-ca\/#website"},"primaryImageOfPage":{"@id":"https:\/\/medcor.com\/fr-ca\/clinique-sur-place\/assistance-aux-employes\/#primaryimage"},"image":{"@id":"https:\/\/medcor.com\/fr-ca\/clinique-sur-place\/assistance-aux-employes\/#primaryimage"},"thumbnailUrl":"https:\/\/medcor.com\/wp-content\/uploads\/2023\/08\/emp-support-services.jpg","datePublished":"2023-12-05T19:40:34+00:00","dateModified":"2025-07-08T18:50:47+00:00","description":"B\u00e9n\u00e9ficiez de l'assistance dont vous avez besoin pour un environnement de travail sain et conforme gr\u00e2ce aux services d'assistance aux employ\u00e9s de Medcor Canada. Assistance au test de stup\u00e9fiants et plus encore.","breadcrumb":{"@id":"https:\/\/medcor.com\/fr-ca\/clinique-sur-place\/assistance-aux-employes\/#breadcrumb"},"inLanguage":"fr-CA","potentialAction":[{"@type":"ReadAction","target":["https:\/\/medcor.com\/fr-ca\/clinique-sur-place\/assistance-aux-employes\/"]}]},{"@type":"ImageObject","inLanguage":"fr-CA","@id":"https:\/\/medcor.com\/fr-ca\/clinique-sur-place\/assistance-aux-employes\/#primaryimage","url":"https:\/\/medcor.com\/wp-content\/uploads\/2023\/08\/emp-support-services.jpg","contentUrl":"https:\/\/medcor.com\/wp-content\/uploads\/2023\/08\/emp-support-services.jpg","width":800,"height":800},{"@type":"BreadcrumbList","@id":"https:\/\/medcor.com\/fr-ca\/clinique-sur-place\/assistance-aux-employes\/#breadcrumb","itemListElement":[{"@type":"ListItem","position":1,"name":"Home","item":"https:\/\/medcor.com\/fr-ca\/"},{"@type":"ListItem","position":2,"name":"Soutien aux Employ\u00e9s"}]},{"@type":"WebSite","@id":"https:\/\/medcor.com\/fr-ca\/#website","url":"https:\/\/medcor.com\/fr-ca\/","name":"Medcor","description":"Simplifying Healthcare For Employers","publisher":{"@id":"https:\/\/medcor.com\/fr-ca\/#organization"},"potentialAction":[{"@type":"SearchAction","target":{"@type":"EntryPoint","urlTemplate":"https:\/\/medcor.com\/fr-ca\/?s={search_term_string}"},"query-input":{"@type":"PropertyValueSpecification","valueRequired":true,"valueName":"search_term_string"}}],"inLanguage":"fr-CA"},{"@type":"Organization","@id":"https:\/\/medcor.com\/fr-ca\/#organization","name":"Medcor","alternateName":"Medcor","url":"https:\/\/medcor.com\/fr-ca\/","logo":{"@type":"ImageObject","inLanguage":"fr-CA","@id":"https:\/\/medcor.com\/fr-ca\/#\/schema\/logo\/image\/","url":"https:\/\/medcor.com\/wp-content\/uploads\/2023\/08\/cropped-favicon.png","contentUrl":"https:\/\/medcor.com\/wp-content\/uploads\/2023\/08\/cropped-favicon.png","width":512,"height":512,"caption":"Medcor"},"image":{"@id":"https:\/\/medcor.com\/fr-ca\/#\/schema\/logo\/image\/"},"sameAs":["https:\/\/www.facebook.com\/Medcor\/","https:\/\/www.linkedin.com\/company\/medcor\/","https:\/\/www.instagram.com\/medcorclinics\/","https:\/\/vimeo.com\/medcorhealthnavigation"]}]}},"featured_image_url":"https:\/\/medcor.com\/wp-content\/uploads\/2023\/08\/emp-support-services.jpg","featured_image_url_sizes":{"thumbnail":"https:\/\/medcor.com\/wp-content\/uploads\/2023\/08\/emp-support-services-150x150.jpg","medium":"https:\/\/medcor.com\/wp-content\/uploads\/2023\/08\/emp-support-services-300x300.jpg","medium_large":"https:\/\/medcor.com\/wp-content\/uploads\/2023\/08\/emp-support-services-768x768.jpg","large":"https:\/\/medcor.com\/wp-content\/uploads\/2023\/08\/emp-support-services.jpg","default":{"url":"https:\/\/medcor.com\/wp-content\/uploads\/2023\/07\/Medcor-Canada-Logo-web.png"}},"service_type_color":"blue","service_type_icon":"employer","_links":{"self":[{"href":"https:\/\/medcor.com\/fr-ca\/wp-json\/wp\/v2\/pages\/20966","targetHints":{"allow":["GET"]}}],"collection":[{"href":"https:\/\/medcor.com\/fr-ca\/wp-json\/wp\/v2\/pages"}],"about":[{"href":"https:\/\/medcor.com\/fr-ca\/wp-json\/wp\/v2\/types\/page"}],"author":[{"embeddable":true,"href":"https:\/\/medcor.com\/fr-ca\/wp-json\/wp\/v2\/users\/1"}],"replies":[{"embeddable":true,"href":"https:\/\/medcor.com\/fr-ca\/wp-json\/wp\/v2\/comments?post=20966"}],"version-history":[{"count":2,"href":"https:\/\/medcor.com\/fr-ca\/wp-json\/wp\/v2\/pages\/20966\/revisions"}],"predecessor-version":[{"id":26942,"href":"https:\/\/medcor.com\/fr-ca\/wp-json\/wp\/v2\/pages\/20966\/revisions\/26942"}],"wp:featuredmedia":[{"embeddable":true,"href":"https:\/\/medcor.com\/fr-ca\/wp-json\/wp\/v2\/media\/20532"}],"wp:attachment":[{"href":"https:\/\/medcor.com\/fr-ca\/wp-json\/wp\/v2\/media?parent=20966"}],"wp:term":[{"taxonomy":"service_type","embeddable":true,"href":"https:\/\/medcor.com\/fr-ca\/wp-json\/wp\/v2\/service_type?post=20966"},{"taxonomy":"silo","embeddable":true,"href":"https:\/\/medcor.com\/fr-ca\/wp-json\/wp\/v2\/silo?post=20966"}],"curies":[{"name":"wp","href":"https:\/\/api.w.org\/{rel}","templated":true}]}}