{"id":22007,"date":"2024-02-19T13:13:21","date_gmt":"2024-02-19T21:13:21","guid":{"rendered":"https:\/\/medcor.com\/?page_id=21339"},"modified":"2024-05-29T11:16:00","modified_gmt":"2024-05-29T18:16:00","slug":"manufacturing-and-distribution","status":"publish","type":"page","link":"https:\/\/medcor.com\/fr-ca\/who-we-help\/manufacturing-and-distribution\/","title":{"rendered":"Fabrication et distribution"},"content":{"rendered":"\n\n<section class=\"alignfull wp-block-ns-subpage-banner\">\n            <img loading=\"lazy\" decoding=\"async\" width=\"1411\" height=\"392\" src=\"https:\/\/medcor.com\/wp-content\/uploads\/2024\/02\/iStock-1540211984-manufacturing-CA.jpg\" class=\"attachment-full size-full\" alt=\"\" srcset=\"https:\/\/medcor.com\/wp-content\/uploads\/2024\/02\/iStock-1540211984-manufacturing-CA.jpg 1411w, https:\/\/medcor.com\/wp-content\/uploads\/2024\/02\/iStock-1540211984-manufacturing-CA-300x83.jpg 300w, https:\/\/medcor.com\/wp-content\/uploads\/2024\/02\/iStock-1540211984-manufacturing-CA-1024x284.jpg 1024w, https:\/\/medcor.com\/wp-content\/uploads\/2024\/02\/iStock-1540211984-manufacturing-CA-768x213.jpg 768w, https:\/\/medcor.com\/wp-content\/uploads\/2024\/02\/iStock-1540211984-manufacturing-CA-650x181.jpg 650w\" sizes=\"auto, (max-width: 1411px) 100vw, 1411px\" \/>    <\/section>\n\n\n\n<section class=\"alignfull wp-block-ns-content-detail\">\n    <div class=\"wp-block-ns-content-detail__columns\">\n        <div class=\"wp-block-ns-content-detail__content\">\n            \n<section class=\"wp-block-ns-content-detail__hero\">\n            <div class=\"wp-block-ns-content-detail__hero-eyebrow --eyebrow\">\n            Qui nous aidons        <\/div>\n                <h1 class=\"wp-block-ns-content-detail__hero-headline --hl-xxl\">\n            Fabrication et distribution        <\/h1>\n        <div class=\"wp-block-ns-content-detail__hero-body --wizzy\">\n        \n\n<p>La s\u00e9curit\u00e9 est essentielle dans le secteur de la fabrication et de la distribution. L\u2019\u00e9quipement lourd, les grandes bo\u00eetes et plus encore exposent les travailleurs de la fabrication \u00e0 un risque \u00e9lev\u00e9 de blessures et de d\u00e9c\u00e8s comparativement aux travailleurs d\u2019autres industries. Et lorsque ces blessures se produisent, le r\u00e9tablissement des travailleurs peut \u00eatre compliqu\u00e9 et co\u00fbteux.&nbsp;<\/p>\n\n    <\/div>\n            <div class=\"wp-block-ns-content-detail__hero-ctas\">\n                            <a href=\"https:\/\/medcor.com\/fr-ca\/contact\/\" class=\"wp-block-ns-content-detail__hero-cta1\" >Contactez-nous<\/a>\n                                <\/div>\n    <\/section>\n\n\n\n<p>Medcor est la solution compl\u00e8te de sant\u00e9 et de bien-\u00eatre au travail pour votre entreprise de fabrication et de distribution. Nos <a href=\"https:\/\/medcor.com\/en-ca\/services\/workplace-safety\/\" target=\"_blank\" rel=\"noreferrer noopener\">professionnels de la s\u00e9curit\u00e9 qualifi\u00e9s<\/a> peuvent vous aider \u00e0 \u00e9laborer et \u00e0 peaufiner votre plan d\u2019action d\u2019urgence, \u00e0 fournir des premiers soins et une formation en RCR\/DEA et \u00e0 offrir des cours personnalis\u00e9s en fonction des besoins sp\u00e9cifiques de votre lieu de travail. <a href=\"https:\/\/medcor.com\/en-ca\/teletriage\/\" target=\"_blank\" rel=\"noreferrer noopener\">Les solutions de t\u00e9l\u00e9sant\u00e9<\/a> offrent un triage des blessures et des maladies v\u00e9cues \u00e0 vos travailleurs, quel que soit le quart de travail qu\u2019ils travaillent.&nbsp;<\/p>\n\n\n\n<p>Nos <a href=\"https:\/\/medcor.com\/en-ca\/services\/onsite-clinics\/\" target=\"_blank\" rel=\"noreferrer noopener\">cliniques sur place et nos centres de traitement mobiles<\/a> offrent \u00e0 vos travailleurs un acc\u00e8s pratique \u00e0 des services de sant\u00e9 de qualit\u00e9 lorsqu\u2019ils en ont besoin. Le personnel des cliniques Medcor est compos\u00e9 de professionnels de la sant\u00e9 ayant de l\u2019exp\u00e9rience dans le traitement des blessures et maladies les plus courantes de votre \u00e9quipe, avec de nombreux cas g\u00e9r\u00e9s sans soins hors site.&nbsp;<\/p>\n\n\n\n<p>Gardez vos travailleurs en bonne sant\u00e9, heureux et productifs gr\u00e2ce <a href=\"https:\/\/medcor.com\/en-ca\/services\/mental-health-and-wellness\/\" target=\"_blank\" rel=\"noreferrer noopener\">\u00e0 des services de soutien en sant\u00e9 mentale<\/a>. Vos employ\u00e9s re\u00e7oivent les outils dont ils ont besoin pour trouver un \u00e9quilibre, am\u00e9liorer leur estime de soi et g\u00e9rer le stress, offrant une approche proactive pour assurer la s\u00e9curit\u00e9 des travailleurs tout au long de leur journ\u00e9e de travail.&nbsp;<\/p>\n\n\n\n<p><\/p>\n\n\n\n<section class=\"--dark-background --theme-turquoise wp-block-ns-promo-banner-cta\" style=\"--ns-imageCropPosition: center center;\">\n    \n\n    <h2 class=\"wp-block-ns-promo-banner-cta__headline --hl-l\">Connectez-vous avec un expert en sant\u00e9 de la fabrication et de la distribution<\/h2>\n    <div class=\"wp-block-ns-promo-banner-cta__body --wizzy\">\n        \n\n<p>Medcor peut vous aider \u00e0 trouver la bonne combinaison de services pour offrir \u00e0 vos employ\u00e9s les meilleurs services de sant\u00e9 et de bien-\u00eatre au travail dans l\u2019entreprise, en am\u00e9liorant les r\u00e9sultats des travailleurs et en g\u00e9rant vos co\u00fbts. Parlez avec un d\u00e9fenseur aujourd\u2019hui.&nbsp;<\/p>\n\n    <\/div>\n            <a class=\"wp-block-ns-promo-banner-cta__cta\" href=\"https:\/\/medcor.com\/fr-ca\/contact\/\">Apprendre encore plus<\/a>\n    <\/section>\n\n        <\/div>\n        <div class=\"wp-block-ns-content-detail__sidebar\">\n                        \n\n        <\/div>\n    <\/div>\n<\/section>\n\n","protected":false},"excerpt":{"rendered":"","protected":false},"author":30,"featured_media":0,"parent":0,"menu_order":0,"comment_status":"closed","ping_status":"closed","template":"","meta":{"pageFeaturedColor":"","pageIcon":"","footnotes":""},"service_type":[],"silo":[37],"class_list":["post-22007","page","type-page","status-publish","hentry"],"yoast_head":"<!-- This site is optimized with the Yoast SEO plugin v27.1.1 - https:\/\/yoast.com\/product\/yoast-seo-wordpress\/ -->\n<title>Solutions de fabrication et de distribution | Medcor Canada<\/title>\n<meta name=\"description\" content=\"Am\u00e9liorer la s\u00e9curit\u00e9 dans la fabrication et la distribution gr\u00e2ce aux solutions de sant\u00e9 au travail de Medcor Canada. Garder les travailleurs en sant\u00e9, productifs et sans blessures.\" \/>\n<meta name=\"robots\" content=\"index, follow, max-snippet:-1, max-image-preview:large, max-video-preview:-1\" \/>\n<link rel=\"canonical\" href=\"https:\/\/medcor.com\/fr-ca\/who-we-help\/manufacturing-and-distribution\/\" \/>\n<meta property=\"og:locale\" content=\"fr_CA\" \/>\n<meta property=\"og:type\" content=\"article\" \/>\n<meta property=\"og:title\" content=\"Solutions de fabrication et de distribution | Medcor Canada\" \/>\n<meta property=\"og:description\" content=\"Am\u00e9liorer la s\u00e9curit\u00e9 dans la fabrication et la distribution gr\u00e2ce aux solutions de sant\u00e9 au travail de Medcor Canada. Garder les travailleurs en sant\u00e9, productifs et sans blessures.\" \/>\n<meta property=\"og:url\" content=\"https:\/\/medcor.com\/fr-ca\/who-we-help\/manufacturing-and-distribution\/\" \/>\n<meta property=\"og:site_name\" content=\"Medcor\" \/>\n<meta property=\"article:publisher\" content=\"https:\/\/www.facebook.com\/Medcor\/\" \/>\n<meta property=\"article:modified_time\" content=\"2024-05-29T18:16:00+00:00\" \/>\n<meta property=\"og:image\" content=\"https:\/\/medcor.com\/wp-content\/uploads\/2023\/07\/occupational-health-services.jpg\" \/>\n\t<meta property=\"og:image:width\" content=\"766\" \/>\n\t<meta property=\"og:image:height\" content=\"736\" \/>\n\t<meta property=\"og:image:type\" content=\"image\/jpeg\" \/>\n<meta name=\"twitter:card\" content=\"summary_large_image\" \/>\n<meta name=\"twitter:label1\" content=\"Est. reading time\" \/>\n\t<meta name=\"twitter:data1\" content=\"2 minutes\" \/>\n<script type=\"application\/ld+json\" class=\"yoast-schema-graph\">{\"@context\":\"https:\/\/schema.org\",\"@graph\":[{\"@type\":\"WebPage\",\"@id\":\"https:\/\/medcor.com\/fr-ca\/who-we-help\/manufacturing-and-distribution\/\",\"url\":\"https:\/\/medcor.com\/fr-ca\/who-we-help\/manufacturing-and-distribution\/\",\"name\":\"Solutions de fabrication et de distribution | Medcor Canada\",\"isPartOf\":{\"@id\":\"https:\/\/medcor.com\/fr-ca\/#website\"},\"datePublished\":\"2024-02-19T21:13:21+00:00\",\"dateModified\":\"2024-05-29T18:16:00+00:00\",\"description\":\"Am\u00e9liorer la s\u00e9curit\u00e9 dans la fabrication et la distribution gr\u00e2ce aux solutions de sant\u00e9 au travail de Medcor Canada. Garder les travailleurs en sant\u00e9, productifs et sans blessures.\",\"breadcrumb\":{\"@id\":\"https:\/\/medcor.com\/fr-ca\/who-we-help\/manufacturing-and-distribution\/#breadcrumb\"},\"inLanguage\":\"fr-CA\",\"potentialAction\":[{\"@type\":\"ReadAction\",\"target\":[\"https:\/\/medcor.com\/fr-ca\/who-we-help\/manufacturing-and-distribution\/\"]}]},{\"@type\":\"BreadcrumbList\",\"@id\":\"https:\/\/medcor.com\/fr-ca\/who-we-help\/manufacturing-and-distribution\/#breadcrumb\",\"itemListElement\":[{\"@type\":\"ListItem\",\"position\":1,\"name\":\"Home\",\"item\":\"https:\/\/medcor.com\/fr-ca\/\"},{\"@type\":\"ListItem\",\"position\":2,\"name\":\"Fabrication et distribution\"}]},{\"@type\":\"WebSite\",\"@id\":\"https:\/\/medcor.com\/fr-ca\/#website\",\"url\":\"https:\/\/medcor.com\/fr-ca\/\",\"name\":\"Medcor\",\"description\":\"Simplifying Healthcare For Employers\",\"publisher\":{\"@id\":\"https:\/\/medcor.com\/fr-ca\/#organization\"},\"potentialAction\":[{\"@type\":\"SearchAction\",\"target\":{\"@type\":\"EntryPoint\",\"urlTemplate\":\"https:\/\/medcor.com\/fr-ca\/?s={search_term_string}\"},\"query-input\":{\"@type\":\"PropertyValueSpecification\",\"valueRequired\":true,\"valueName\":\"search_term_string\"}}],\"inLanguage\":\"fr-CA\"},{\"@type\":\"Organization\",\"@id\":\"https:\/\/medcor.com\/fr-ca\/#organization\",\"name\":\"Medcor\",\"alternateName\":\"Medcor\",\"url\":\"https:\/\/medcor.com\/fr-ca\/\",\"logo\":{\"@type\":\"ImageObject\",\"inLanguage\":\"fr-CA\",\"@id\":\"https:\/\/medcor.com\/fr-ca\/#\/schema\/logo\/image\/\",\"url\":\"https:\/\/medcor.com\/wp-content\/uploads\/2023\/08\/cropped-favicon.png\",\"contentUrl\":\"https:\/\/medcor.com\/wp-content\/uploads\/2023\/08\/cropped-favicon.png\",\"width\":512,\"height\":512,\"caption\":\"Medcor\"},\"image\":{\"@id\":\"https:\/\/medcor.com\/fr-ca\/#\/schema\/logo\/image\/\"},\"sameAs\":[\"https:\/\/www.facebook.com\/Medcor\/\",\"https:\/\/www.linkedin.com\/company\/medcor\/\",\"https:\/\/www.instagram.com\/medcorclinics\/\",\"https:\/\/vimeo.com\/medcorhealthnavigation\"]}]}<\/script>\n<!-- \/ Yoast SEO plugin. -->","yoast_head_json":{"title":"Solutions de fabrication et de distribution | Medcor Canada","description":"Am\u00e9liorer la s\u00e9curit\u00e9 dans la fabrication et la distribution gr\u00e2ce aux solutions de sant\u00e9 au travail de Medcor Canada. Garder les travailleurs en sant\u00e9, productifs et sans blessures.","robots":{"index":"index","follow":"follow","max-snippet":"max-snippet:-1","max-image-preview":"max-image-preview:large","max-video-preview":"max-video-preview:-1"},"canonical":"https:\/\/medcor.com\/fr-ca\/who-we-help\/manufacturing-and-distribution\/","og_locale":"fr_CA","og_type":"article","og_title":"Solutions de fabrication et de distribution | Medcor Canada","og_description":"Am\u00e9liorer la s\u00e9curit\u00e9 dans la fabrication et la distribution gr\u00e2ce aux solutions de sant\u00e9 au travail de Medcor Canada. Garder les travailleurs en sant\u00e9, productifs et sans blessures.","og_url":"https:\/\/medcor.com\/fr-ca\/who-we-help\/manufacturing-and-distribution\/","og_site_name":"Medcor","article_publisher":"https:\/\/www.facebook.com\/Medcor\/","article_modified_time":"2024-05-29T18:16:00+00:00","og_image":[{"width":766,"height":736,"url":"https:\/\/medcor.com\/wp-content\/uploads\/2023\/07\/occupational-health-services.jpg","type":"image\/jpeg"}],"twitter_card":"summary_large_image","twitter_misc":{"Est. reading time":"2 minutes"},"schema":{"@context":"https:\/\/schema.org","@graph":[{"@type":"WebPage","@id":"https:\/\/medcor.com\/fr-ca\/who-we-help\/manufacturing-and-distribution\/","url":"https:\/\/medcor.com\/fr-ca\/who-we-help\/manufacturing-and-distribution\/","name":"Solutions de fabrication et de distribution | Medcor Canada","isPartOf":{"@id":"https:\/\/medcor.com\/fr-ca\/#website"},"datePublished":"2024-02-19T21:13:21+00:00","dateModified":"2024-05-29T18:16:00+00:00","description":"Am\u00e9liorer la s\u00e9curit\u00e9 dans la fabrication et la distribution gr\u00e2ce aux solutions de sant\u00e9 au travail de Medcor Canada. Garder les travailleurs en sant\u00e9, productifs et sans blessures.","breadcrumb":{"@id":"https:\/\/medcor.com\/fr-ca\/who-we-help\/manufacturing-and-distribution\/#breadcrumb"},"inLanguage":"fr-CA","potentialAction":[{"@type":"ReadAction","target":["https:\/\/medcor.com\/fr-ca\/who-we-help\/manufacturing-and-distribution\/"]}]},{"@type":"BreadcrumbList","@id":"https:\/\/medcor.com\/fr-ca\/who-we-help\/manufacturing-and-distribution\/#breadcrumb","itemListElement":[{"@type":"ListItem","position":1,"name":"Home","item":"https:\/\/medcor.com\/fr-ca\/"},{"@type":"ListItem","position":2,"name":"Fabrication et distribution"}]},{"@type":"WebSite","@id":"https:\/\/medcor.com\/fr-ca\/#website","url":"https:\/\/medcor.com\/fr-ca\/","name":"Medcor","description":"Simplifying Healthcare For Employers","publisher":{"@id":"https:\/\/medcor.com\/fr-ca\/#organization"},"potentialAction":[{"@type":"SearchAction","target":{"@type":"EntryPoint","urlTemplate":"https:\/\/medcor.com\/fr-ca\/?s={search_term_string}"},"query-input":{"@type":"PropertyValueSpecification","valueRequired":true,"valueName":"search_term_string"}}],"inLanguage":"fr-CA"},{"@type":"Organization","@id":"https:\/\/medcor.com\/fr-ca\/#organization","name":"Medcor","alternateName":"Medcor","url":"https:\/\/medcor.com\/fr-ca\/","logo":{"@type":"ImageObject","inLanguage":"fr-CA","@id":"https:\/\/medcor.com\/fr-ca\/#\/schema\/logo\/image\/","url":"https:\/\/medcor.com\/wp-content\/uploads\/2023\/08\/cropped-favicon.png","contentUrl":"https:\/\/medcor.com\/wp-content\/uploads\/2023\/08\/cropped-favicon.png","width":512,"height":512,"caption":"Medcor"},"image":{"@id":"https:\/\/medcor.com\/fr-ca\/#\/schema\/logo\/image\/"},"sameAs":["https:\/\/www.facebook.com\/Medcor\/","https:\/\/www.linkedin.com\/company\/medcor\/","https:\/\/www.instagram.com\/medcorclinics\/","https:\/\/vimeo.com\/medcorhealthnavigation"]}]}},"featured_image_url":"","featured_image_url_sizes":{"thumbnail":false,"medium":false,"medium_large":false,"large":false,"default":{"url":"https:\/\/medcor.com\/wp-content\/uploads\/2023\/07\/Medcor-Canada-Logo-web.png"}},"service_type_color":null,"service_type_icon":null,"_links":{"self":[{"href":"https:\/\/medcor.com\/fr-ca\/wp-json\/wp\/v2\/pages\/22007","targetHints":{"allow":["GET"]}}],"collection":[{"href":"https:\/\/medcor.com\/fr-ca\/wp-json\/wp\/v2\/pages"}],"about":[{"href":"https:\/\/medcor.com\/fr-ca\/wp-json\/wp\/v2\/types\/page"}],"author":[{"embeddable":true,"href":"https:\/\/medcor.com\/fr-ca\/wp-json\/wp\/v2\/users\/30"}],"replies":[{"embeddable":true,"href":"https:\/\/medcor.com\/fr-ca\/wp-json\/wp\/v2\/comments?post=22007"}],"version-history":[{"count":5,"href":"https:\/\/medcor.com\/fr-ca\/wp-json\/wp\/v2\/pages\/22007\/revisions"}],"predecessor-version":[{"id":22032,"href":"https:\/\/medcor.com\/fr-ca\/wp-json\/wp\/v2\/pages\/22007\/revisions\/22032"}],"wp:attachment":[{"href":"https:\/\/medcor.com\/fr-ca\/wp-json\/wp\/v2\/media?parent=22007"}],"wp:term":[{"taxonomy":"service_type","embeddable":true,"href":"https:\/\/medcor.com\/fr-ca\/wp-json\/wp\/v2\/service_type?post=22007"},{"taxonomy":"silo","embeddable":true,"href":"https:\/\/medcor.com\/fr-ca\/wp-json\/wp\/v2\/silo?post=22007"}],"curies":[{"name":"wp","href":"https:\/\/api.w.org\/{rel}","templated":true}]}}