{"id":22008,"date":"2024-03-18T09:17:02","date_gmt":"2024-03-18T16:17:02","guid":{"rendered":"https:\/\/medcor.com\/?page_id=21405"},"modified":"2024-05-29T11:16:25","modified_gmt":"2024-05-29T18:16:25","slug":"pipeline-and-mining-solutions","status":"publish","type":"page","link":"https:\/\/medcor.com\/fr-ca\/pipeline-and-mining-solutions\/","title":{"rendered":"Solutions de pipeline et d\u2019exploitation mini\u00e8re"},"content":{"rendered":"\n\n<section class=\"alignfull wp-block-ns-subpage-banner\">\n            <img loading=\"lazy\" decoding=\"async\" width=\"1008\" height=\"280\" src=\"https:\/\/medcor.com\/wp-content\/uploads\/2024\/03\/Pipeline-1053606880.jpg\" class=\"attachment-full size-full\" alt=\"\" srcset=\"https:\/\/medcor.com\/wp-content\/uploads\/2024\/03\/Pipeline-1053606880.jpg 1008w, https:\/\/medcor.com\/wp-content\/uploads\/2024\/03\/Pipeline-1053606880-300x83.jpg 300w, https:\/\/medcor.com\/wp-content\/uploads\/2024\/03\/Pipeline-1053606880-768x213.jpg 768w, https:\/\/medcor.com\/wp-content\/uploads\/2024\/03\/Pipeline-1053606880-650x181.jpg 650w\" sizes=\"auto, (max-width: 1008px) 100vw, 1008px\" \/>    <\/section>\n\n\n\n<section class=\"alignfull wp-block-ns-content-detail\">\n    <div class=\"wp-block-ns-content-detail__columns\">\n        <div class=\"wp-block-ns-content-detail__content\">\n            \n<section class=\"wp-block-ns-content-detail__hero\">\n            <div class=\"wp-block-ns-content-detail__hero-eyebrow --eyebrow\">\n            Qui nous aidons        <\/div>\n                <h1 class=\"wp-block-ns-content-detail__hero-headline --hl-xxl\">\n            Pipeline et exploitation mini\u00e8re        <\/h1>\n        <div class=\"wp-block-ns-content-detail__hero-body --wizzy\">\n        \n\n<p>Les pipelines et les mines sont remplies de risques naturels; les blessures ayant augment\u00e9 de 46,4&nbsp;% de 2019 \u00e0 2021, selon un rapport de 2021 du gouvernement du Canada. Les explosions et les incendies, les fractures et les empoisonnements toxiques sont tous des blessures courantes pour lesquelles les travailleurs des pipelines et des industries mini\u00e8res sont plus \u00e0 risque. Lorsque ces blessures se produisent, le r\u00e9tablissement des travailleurs peut \u00eatre compliqu\u00e9 et co\u00fbteux.&nbsp;<\/p>\n\n    <\/div>\n            <div class=\"wp-block-ns-content-detail__hero-ctas\">\n                            <a href=\"https:\/\/medcor.com\/fr-ca\/contact\/\" class=\"wp-block-ns-content-detail__hero-cta1\" >Contactez-nous<\/a>\n                                <\/div>\n    <\/section>\n\n\n\n<p>Medcor est votre solution totale de sant\u00e9 et de bien-\u00eatre au travail pour votre entreprise de pipeline ou d\u2019exploitation mini\u00e8re. Notre \u00e9quipe de <a href=\"https:\/\/medcor.com\/en-ca\/services\/workplace-safety\/\" target=\"_blank\" rel=\"noreferrer noopener\">professionnels de la s\u00e9curit\u00e9 exp\u00e9riment\u00e9s<\/a> peut vous aider \u00e0 \u00e9laborer et \u00e0 peaufiner votre plan d\u2019action d\u2019urgence, \u00e0 offrir une formation en secourisme et \u00e0 trouver des professionnels de la s\u00e9curit\u00e9 exp\u00e9riment\u00e9s pour vos postes sp\u00e9cialis\u00e9s. Pour les \u00e9quipes qui travaillent des quarts de travail \u00e9tranges, les <a href=\"https:\/\/medcor.com\/en-ca\/teletriage\/\" target=\"_blank\" rel=\"noreferrer noopener\">solutions de t\u00e9l\u00e9sant\u00e9<\/a> offrent un triage des blessures et des maladies v\u00e9cues \u00e0 vos travailleurs.&nbsp;<\/p>\n\n\n\n<p>Fournir un acc\u00e8s pratique \u00e0 des services de sant\u00e9 de qualit\u00e9 avec nos <a href=\"https:\/\/medcor.com\/en-ca\/services\/onsite-clinics\/\" target=\"_blank\" rel=\"noreferrer noopener\">cliniques sur site et nos centres de traitement mobiles<\/a>. Ces installations sont dot\u00e9es de professionnels de la sant\u00e9 ayant de l\u2019exp\u00e9rience dans le traitement des blessures et des maladies les plus courantes chez vos travailleurs, et elles r\u00e9solvent de nombreux cas sans soins hors site.&nbsp;<\/p>\n\n\n\n<p>Gardez vos travailleurs en bonne sant\u00e9, heureux et productifs gr\u00e2ce \u00e0 des <a href=\"https:\/\/medcor.com\/en-ca\/services\/mental-health-and-wellness\/\" target=\"_blank\" rel=\"noreferrer noopener\">services de soutien en sant\u00e9 mentale<\/a> individuels et en groupe. Vos employ\u00e9s d\u00e9veloppent de mani\u00e8re proactive les outils dont ils ont besoin pour trouver un \u00e9quilibre, am\u00e9liorer leur estime de soi et g\u00e9rer le stress.&nbsp;<\/p>\n\n\n\n<p><\/p>\n\n\n\n<section class=\"--dark-background --theme-turquoise wp-block-ns-promo-banner-cta\" style=\"--ns-imageCropPosition: center center;\">\n    \n\n    <h2 class=\"wp-block-ns-promo-banner-cta__headline --hl-l\">Connect Connectez-vous avec un expert en sant\u00e9 des pipelines et des mines a Pipeline and Mining Health Expert\u00a0<\/h2>\n    <div class=\"wp-block-ns-promo-banner-cta__body --wizzy\">\n        \n\n<p>Am\u00e9liorez les r\u00e9sultats des travailleurs et g\u00e9rez vos co\u00fbts avec la bonne combinaison de services pour offrir \u00e0 vos employ\u00e9s des services exceptionnels de sant\u00e9 et de bien-\u00eatre au travail. Parlez avec un d\u00e9fenseur aujourd\u2019hui.&nbsp;<\/p>\n\n    <\/div>\n            <a class=\"wp-block-ns-promo-banner-cta__cta\" href=\"https:\/\/medcor.com\/fr-ca\/contact\/\">Apprendre encore plus<\/a>\n    <\/section>\n\n        <\/div>\n        <div class=\"wp-block-ns-content-detail__sidebar\">\n                <div class=\"sidebar-cta --dark-background --theme-red\">\n                <h2 class=\"sidebar-cta__headline --hl-m\">D\u00e9couvrez comment une clinique Medcor sur site offre des soins jusqu&#8217;\u00e0 24 heures sur 24 pour une mine \u00e9loign\u00e9e.<\/h2>\n                    <a class=\"sidebar-cta__cta\" href=\"https:\/\/info.medcor.com\/hubfs\/Documents\/2024\/Medcor_2941_Canada%20Case%20Study%20-%20SSR%20Mines.v3.pdf\">Learn More<\/a>\n            <\/div>\n            \n\n        <\/div>\n    <\/div>\n<\/section>\n\n","protected":false},"excerpt":{"rendered":"","protected":false},"author":30,"featured_media":0,"parent":0,"menu_order":0,"comment_status":"closed","ping_status":"closed","template":"","meta":{"pageFeaturedColor":"","pageIcon":"","footnotes":""},"service_type":[],"silo":[],"class_list":["post-22008","page","type-page","status-publish","hentry"],"yoast_head":"<!-- This site is optimized with the Yoast SEO plugin v27.1.1 - https:\/\/yoast.com\/product\/yoast-seo-wordpress\/ -->\n<title>Solutions de pipeline et d\u2019exploitation mini\u00e8re | Medcor Canada<\/title>\n<meta name=\"description\" content=\"Assurer la s\u00e9curit\u00e9 et la sant\u00e9 des travailleurs du gaz naturel liqu\u00e9fi\u00e9 gr\u00e2ce aux solutions compl\u00e8tes de sant\u00e9 au travail de Medcor Canada. Am\u00e9liorer la s\u00e9curit\u00e9, la productivit\u00e9 et le bien-\u00eatre.\" \/>\n<meta name=\"robots\" content=\"index, follow, max-snippet:-1, max-image-preview:large, max-video-preview:-1\" \/>\n<link rel=\"canonical\" href=\"https:\/\/medcor.com\/fr-ca\/pipeline-and-mining-solutions\/\" \/>\n<meta property=\"og:locale\" content=\"fr_CA\" \/>\n<meta property=\"og:type\" content=\"article\" \/>\n<meta property=\"og:title\" content=\"Solutions de pipeline et d\u2019exploitation mini\u00e8re | Medcor Canada\" \/>\n<meta property=\"og:description\" content=\"Assurer la s\u00e9curit\u00e9 et la sant\u00e9 des travailleurs du gaz naturel liqu\u00e9fi\u00e9 gr\u00e2ce aux solutions compl\u00e8tes de sant\u00e9 au travail de Medcor Canada. Am\u00e9liorer la s\u00e9curit\u00e9, la productivit\u00e9 et le bien-\u00eatre.\" \/>\n<meta property=\"og:url\" content=\"https:\/\/medcor.com\/fr-ca\/pipeline-and-mining-solutions\/\" \/>\n<meta property=\"og:site_name\" content=\"Medcor\" \/>\n<meta property=\"article:publisher\" content=\"https:\/\/www.facebook.com\/Medcor\/\" \/>\n<meta property=\"article:modified_time\" content=\"2024-05-29T18:16:25+00:00\" \/>\n<meta property=\"og:image\" content=\"https:\/\/medcor.com\/wp-content\/uploads\/2023\/07\/occupational-health-services.jpg\" \/>\n\t<meta property=\"og:image:width\" content=\"766\" \/>\n\t<meta property=\"og:image:height\" content=\"736\" \/>\n\t<meta property=\"og:image:type\" content=\"image\/jpeg\" \/>\n<meta name=\"twitter:card\" content=\"summary_large_image\" \/>\n<meta name=\"twitter:label1\" content=\"Est. reading time\" \/>\n\t<meta name=\"twitter:data1\" content=\"2 minutes\" \/>\n<script type=\"application\/ld+json\" class=\"yoast-schema-graph\">{\"@context\":\"https:\/\/schema.org\",\"@graph\":[{\"@type\":\"WebPage\",\"@id\":\"https:\/\/medcor.com\/fr-ca\/pipeline-and-mining-solutions\/\",\"url\":\"https:\/\/medcor.com\/fr-ca\/pipeline-and-mining-solutions\/\",\"name\":\"Solutions de pipeline et d\u2019exploitation mini\u00e8re | Medcor Canada\",\"isPartOf\":{\"@id\":\"https:\/\/medcor.com\/fr-ca\/#website\"},\"datePublished\":\"2024-03-18T16:17:02+00:00\",\"dateModified\":\"2024-05-29T18:16:25+00:00\",\"description\":\"Assurer la s\u00e9curit\u00e9 et la sant\u00e9 des travailleurs du gaz naturel liqu\u00e9fi\u00e9 gr\u00e2ce aux solutions compl\u00e8tes de sant\u00e9 au travail de Medcor Canada. Am\u00e9liorer la s\u00e9curit\u00e9, la productivit\u00e9 et le bien-\u00eatre.\",\"breadcrumb\":{\"@id\":\"https:\/\/medcor.com\/fr-ca\/pipeline-and-mining-solutions\/#breadcrumb\"},\"inLanguage\":\"fr-CA\",\"potentialAction\":[{\"@type\":\"ReadAction\",\"target\":[\"https:\/\/medcor.com\/fr-ca\/pipeline-and-mining-solutions\/\"]}]},{\"@type\":\"BreadcrumbList\",\"@id\":\"https:\/\/medcor.com\/fr-ca\/pipeline-and-mining-solutions\/#breadcrumb\",\"itemListElement\":[{\"@type\":\"ListItem\",\"position\":1,\"name\":\"Home\",\"item\":\"https:\/\/medcor.com\/fr-ca\/\"},{\"@type\":\"ListItem\",\"position\":2,\"name\":\"Solutions de pipeline et d\u2019exploitation mini\u00e8re\"}]},{\"@type\":\"WebSite\",\"@id\":\"https:\/\/medcor.com\/fr-ca\/#website\",\"url\":\"https:\/\/medcor.com\/fr-ca\/\",\"name\":\"Medcor\",\"description\":\"Simplifying Healthcare For Employers\",\"publisher\":{\"@id\":\"https:\/\/medcor.com\/fr-ca\/#organization\"},\"potentialAction\":[{\"@type\":\"SearchAction\",\"target\":{\"@type\":\"EntryPoint\",\"urlTemplate\":\"https:\/\/medcor.com\/fr-ca\/?s={search_term_string}\"},\"query-input\":{\"@type\":\"PropertyValueSpecification\",\"valueRequired\":true,\"valueName\":\"search_term_string\"}}],\"inLanguage\":\"fr-CA\"},{\"@type\":\"Organization\",\"@id\":\"https:\/\/medcor.com\/fr-ca\/#organization\",\"name\":\"Medcor\",\"alternateName\":\"Medcor\",\"url\":\"https:\/\/medcor.com\/fr-ca\/\",\"logo\":{\"@type\":\"ImageObject\",\"inLanguage\":\"fr-CA\",\"@id\":\"https:\/\/medcor.com\/fr-ca\/#\/schema\/logo\/image\/\",\"url\":\"https:\/\/medcor.com\/wp-content\/uploads\/2023\/08\/cropped-favicon.png\",\"contentUrl\":\"https:\/\/medcor.com\/wp-content\/uploads\/2023\/08\/cropped-favicon.png\",\"width\":512,\"height\":512,\"caption\":\"Medcor\"},\"image\":{\"@id\":\"https:\/\/medcor.com\/fr-ca\/#\/schema\/logo\/image\/\"},\"sameAs\":[\"https:\/\/www.facebook.com\/Medcor\/\",\"https:\/\/www.linkedin.com\/company\/medcor\/\",\"https:\/\/www.instagram.com\/medcorclinics\/\",\"https:\/\/vimeo.com\/medcorhealthnavigation\"]}]}<\/script>\n<!-- \/ Yoast SEO plugin. -->","yoast_head_json":{"title":"Solutions de pipeline et d\u2019exploitation mini\u00e8re | Medcor Canada","description":"Assurer la s\u00e9curit\u00e9 et la sant\u00e9 des travailleurs du gaz naturel liqu\u00e9fi\u00e9 gr\u00e2ce aux solutions compl\u00e8tes de sant\u00e9 au travail de Medcor Canada. Am\u00e9liorer la s\u00e9curit\u00e9, la productivit\u00e9 et le bien-\u00eatre.","robots":{"index":"index","follow":"follow","max-snippet":"max-snippet:-1","max-image-preview":"max-image-preview:large","max-video-preview":"max-video-preview:-1"},"canonical":"https:\/\/medcor.com\/fr-ca\/pipeline-and-mining-solutions\/","og_locale":"fr_CA","og_type":"article","og_title":"Solutions de pipeline et d\u2019exploitation mini\u00e8re | Medcor Canada","og_description":"Assurer la s\u00e9curit\u00e9 et la sant\u00e9 des travailleurs du gaz naturel liqu\u00e9fi\u00e9 gr\u00e2ce aux solutions compl\u00e8tes de sant\u00e9 au travail de Medcor Canada. Am\u00e9liorer la s\u00e9curit\u00e9, la productivit\u00e9 et le bien-\u00eatre.","og_url":"https:\/\/medcor.com\/fr-ca\/pipeline-and-mining-solutions\/","og_site_name":"Medcor","article_publisher":"https:\/\/www.facebook.com\/Medcor\/","article_modified_time":"2024-05-29T18:16:25+00:00","og_image":[{"width":766,"height":736,"url":"https:\/\/medcor.com\/wp-content\/uploads\/2023\/07\/occupational-health-services.jpg","type":"image\/jpeg"}],"twitter_card":"summary_large_image","twitter_misc":{"Est. reading time":"2 minutes"},"schema":{"@context":"https:\/\/schema.org","@graph":[{"@type":"WebPage","@id":"https:\/\/medcor.com\/fr-ca\/pipeline-and-mining-solutions\/","url":"https:\/\/medcor.com\/fr-ca\/pipeline-and-mining-solutions\/","name":"Solutions de pipeline et d\u2019exploitation mini\u00e8re | Medcor Canada","isPartOf":{"@id":"https:\/\/medcor.com\/fr-ca\/#website"},"datePublished":"2024-03-18T16:17:02+00:00","dateModified":"2024-05-29T18:16:25+00:00","description":"Assurer la s\u00e9curit\u00e9 et la sant\u00e9 des travailleurs du gaz naturel liqu\u00e9fi\u00e9 gr\u00e2ce aux solutions compl\u00e8tes de sant\u00e9 au travail de Medcor Canada. Am\u00e9liorer la s\u00e9curit\u00e9, la productivit\u00e9 et le bien-\u00eatre.","breadcrumb":{"@id":"https:\/\/medcor.com\/fr-ca\/pipeline-and-mining-solutions\/#breadcrumb"},"inLanguage":"fr-CA","potentialAction":[{"@type":"ReadAction","target":["https:\/\/medcor.com\/fr-ca\/pipeline-and-mining-solutions\/"]}]},{"@type":"BreadcrumbList","@id":"https:\/\/medcor.com\/fr-ca\/pipeline-and-mining-solutions\/#breadcrumb","itemListElement":[{"@type":"ListItem","position":1,"name":"Home","item":"https:\/\/medcor.com\/fr-ca\/"},{"@type":"ListItem","position":2,"name":"Solutions de pipeline et d\u2019exploitation mini\u00e8re"}]},{"@type":"WebSite","@id":"https:\/\/medcor.com\/fr-ca\/#website","url":"https:\/\/medcor.com\/fr-ca\/","name":"Medcor","description":"Simplifying Healthcare For Employers","publisher":{"@id":"https:\/\/medcor.com\/fr-ca\/#organization"},"potentialAction":[{"@type":"SearchAction","target":{"@type":"EntryPoint","urlTemplate":"https:\/\/medcor.com\/fr-ca\/?s={search_term_string}"},"query-input":{"@type":"PropertyValueSpecification","valueRequired":true,"valueName":"search_term_string"}}],"inLanguage":"fr-CA"},{"@type":"Organization","@id":"https:\/\/medcor.com\/fr-ca\/#organization","name":"Medcor","alternateName":"Medcor","url":"https:\/\/medcor.com\/fr-ca\/","logo":{"@type":"ImageObject","inLanguage":"fr-CA","@id":"https:\/\/medcor.com\/fr-ca\/#\/schema\/logo\/image\/","url":"https:\/\/medcor.com\/wp-content\/uploads\/2023\/08\/cropped-favicon.png","contentUrl":"https:\/\/medcor.com\/wp-content\/uploads\/2023\/08\/cropped-favicon.png","width":512,"height":512,"caption":"Medcor"},"image":{"@id":"https:\/\/medcor.com\/fr-ca\/#\/schema\/logo\/image\/"},"sameAs":["https:\/\/www.facebook.com\/Medcor\/","https:\/\/www.linkedin.com\/company\/medcor\/","https:\/\/www.instagram.com\/medcorclinics\/","https:\/\/vimeo.com\/medcorhealthnavigation"]}]}},"featured_image_url":"","featured_image_url_sizes":{"thumbnail":false,"medium":false,"medium_large":false,"large":false,"default":{"url":"https:\/\/medcor.com\/wp-content\/uploads\/2023\/07\/Medcor-Canada-Logo-web.png"}},"service_type_color":null,"service_type_icon":null,"_links":{"self":[{"href":"https:\/\/medcor.com\/fr-ca\/wp-json\/wp\/v2\/pages\/22008","targetHints":{"allow":["GET"]}}],"collection":[{"href":"https:\/\/medcor.com\/fr-ca\/wp-json\/wp\/v2\/pages"}],"about":[{"href":"https:\/\/medcor.com\/fr-ca\/wp-json\/wp\/v2\/types\/page"}],"author":[{"embeddable":true,"href":"https:\/\/medcor.com\/fr-ca\/wp-json\/wp\/v2\/users\/30"}],"replies":[{"embeddable":true,"href":"https:\/\/medcor.com\/fr-ca\/wp-json\/wp\/v2\/comments?post=22008"}],"version-history":[{"count":5,"href":"https:\/\/medcor.com\/fr-ca\/wp-json\/wp\/v2\/pages\/22008\/revisions"}],"predecessor-version":[{"id":22034,"href":"https:\/\/medcor.com\/fr-ca\/wp-json\/wp\/v2\/pages\/22008\/revisions\/22034"}],"wp:attachment":[{"href":"https:\/\/medcor.com\/fr-ca\/wp-json\/wp\/v2\/media?parent=22008"}],"wp:term":[{"taxonomy":"service_type","embeddable":true,"href":"https:\/\/medcor.com\/fr-ca\/wp-json\/wp\/v2\/service_type?post=22008"},{"taxonomy":"silo","embeddable":true,"href":"https:\/\/medcor.com\/fr-ca\/wp-json\/wp\/v2\/silo?post=22008"}],"curies":[{"name":"wp","href":"https:\/\/api.w.org\/{rel}","templated":true}]}}