{"id":22009,"date":"2024-03-14T10:18:33","date_gmt":"2024-03-14T17:18:33","guid":{"rendered":"https:\/\/medcor.com\/?page_id=21485"},"modified":"2024-05-29T11:14:34","modified_gmt":"2024-05-29T18:14:34","slug":"liquefied-natural-gas-solutions","status":"publish","type":"page","link":"https:\/\/medcor.com\/fr-ca\/liquefied-natural-gas-solutions\/","title":{"rendered":"Solutions de gaz naturel liqu\u00e9fi\u00e9"},"content":{"rendered":"\n\n<section class=\"alignfull wp-block-ns-subpage-banner\">\n            <img loading=\"lazy\" decoding=\"async\" width=\"1440\" height=\"400\" src=\"https:\/\/medcor.com\/wp-content\/uploads\/2024\/03\/iStock-1316766511.jpg\" class=\"attachment-full size-full\" alt=\"\" srcset=\"https:\/\/medcor.com\/wp-content\/uploads\/2024\/03\/iStock-1316766511.jpg 1440w, https:\/\/medcor.com\/wp-content\/uploads\/2024\/03\/iStock-1316766511-300x83.jpg 300w, https:\/\/medcor.com\/wp-content\/uploads\/2024\/03\/iStock-1316766511-1024x284.jpg 1024w, https:\/\/medcor.com\/wp-content\/uploads\/2024\/03\/iStock-1316766511-768x213.jpg 768w, https:\/\/medcor.com\/wp-content\/uploads\/2024\/03\/iStock-1316766511-650x181.jpg 650w\" sizes=\"auto, (max-width: 1440px) 100vw, 1440px\" \/>    <\/section>\n\n\n\n<section class=\"alignfull wp-block-ns-content-detail\">\n    <div class=\"wp-block-ns-content-detail__columns\">\n        <div class=\"wp-block-ns-content-detail__content\">\n            \n<section class=\"wp-block-ns-content-detail__hero\">\n            <div class=\"wp-block-ns-content-detail__hero-eyebrow --eyebrow\">\n            Qui nous aidons        <\/div>\n                <h1 class=\"wp-block-ns-content-detail__hero-headline --hl-xxl\">\n            Gaz naturel liqu\u00e9fi\u00e9        <\/h1>\n        <div class=\"wp-block-ns-content-detail__hero-body --wizzy\">\n        \n\n<p>L\u2019industrie du gaz naturel liqu\u00e9fi\u00e9 (GNL) offre une solution de rechange plus respectueuse de l\u2019environnement aux combustibles \u00e0 base de charbon. Cependant, travailler dans une installation de GNL peut pr\u00e9senter des risques professionnels. Les incendies, l\u2019exposition \u00e0 des substances toxiques et d\u2019autres accidents signifient que le maintien d\u2019un lieu de travail s\u00fbr et s\u00e9curis\u00e9 est essentiel \u00e0 la protection des travailleurs et \u00e0 la r\u00e9ussite du projet. Lorsque des blessures se produisent, la r\u00e9cup\u00e9ration peut \u00eatre co\u00fbteuse et les perturbations de la production peuvent \u00eatre longues.&nbsp;<\/p>\n\n    <\/div>\n            <div class=\"wp-block-ns-content-detail__hero-ctas\">\n                            <a href=\"https:\/\/medcor.com\/fr-ca\/contact\/\" class=\"wp-block-ns-content-detail__hero-cta1\" >Contactez-nous<\/a>\n                                <\/div>\n    <\/section>\n\n\n\n<p>Medcor est la solution compl\u00e8te de sant\u00e9 et de bien-\u00eatre au travail de votre installation de GNL. Nos <a href=\"https:\/\/medcor.com\/en-ca\/services\/workplace-safety\/\" target=\"_blank\" rel=\"noreferrer noopener\">professionnels de la s\u00e9curit\u00e9 exp\u00e9riment\u00e9s<\/a> peuvent aider votre \u00e9quipe \u00e0 \u00e9laborer et \u00e0 peaufiner votre plan d\u2019action d\u2019urgence, \u00e0 offrir une formation en premiers soins et \u00e0 trouver des professionnels de la s\u00e9curit\u00e9 chevronn\u00e9s pour pourvoir vos postes sp\u00e9cialis\u00e9s. Si votre \u00e9quipe travaille \u00e0 des horaires irr\u00e9guliers, les <a href=\"https:\/\/medcor.com\/en-ca\/teletriage\/\" target=\"_blank\" rel=\"noreferrer noopener\">solutions de t\u00e9l\u00e9sant\u00e9<\/a> fournissent un d\u00e9pistage des blessures et des maladies fond\u00e9 sur des donn\u00e9es probantes \u00e0 vos travailleurs.&nbsp;<\/p>\n\n\n\n<p>Nos <a href=\"https:\/\/medcor.com\/en-ca\/services\/onsite-clinics\/\" target=\"_blank\" rel=\"noreferrer noopener\">cliniques sur place et nos centres de traitement mobiles<\/a> donnent \u00e0 vos travailleurs un acc\u00e8s pratique \u00e0 des services de sant\u00e9 de qualit\u00e9, quel que soit l\u2019endroit o\u00f9 se trouve votre lieu de travail. Ces installations sont dot\u00e9es de professionnels de la sant\u00e9 exp\u00e9riment\u00e9s dans le traitement des maladies et des blessures les plus courantes chez vos travailleurs, r\u00e9solvant souvent des cas sas sans avoir \u00e0 recourir \u00e0 des soins hors site.&nbsp;<\/p>\n\n\n\n<p>Les <a href=\"https:\/\/medcor.com\/en-ca\/services\/mental-health-and-wellness\/\" target=\"_blank\" rel=\"noreferrer noopener\">services de soutien en sant\u00e9 mentale<\/a> individuels et en groupe gardent vos travailleurs en bonne sant\u00e9, heureux et productifs. Ils d\u00e9veloppent de mani\u00e8re proactive les outils dont ils ont besoin pour trouver un \u00e9quilibre, am\u00e9liorer leur estime de soi et g\u00e9rer le stress.&nbsp;<\/p>\n\n\n\n<p><\/p>\n\n\n\n<section class=\"--dark-background --theme-turquoise wp-block-ns-promo-banner-cta\" style=\"--ns-imageCropPosition: center center;\">\n    \n\n    <h2 class=\"wp-block-ns-promo-banner-cta__headline --hl-l\">Connectez-vous avec un expert en sant\u00e9 des installations de gaz naturel liqu\u00e9fi\u00e9<\/h2>\n    <div class=\"wp-block-ns-promo-banner-cta__body --wizzy\">\n        \n\n<p>G\u00e9rez les co\u00fbts et am\u00e9liorez les r\u00e9sultats des travailleurs gr\u00e2ce \u00e0 la combinaison de services adapt\u00e9s aux besoins uniques de vos travailleurs. Parlez avec un d\u00e9fenseur aujourd\u2019hui.&nbsp;<\/p>\n\n    <\/div>\n            <a class=\"wp-block-ns-promo-banner-cta__cta\" href=\"https:\/\/medcor.com\/en-ca\/contact\/\">Apprendre encore plus<\/a>\n    <\/section>\n\n        <\/div>\n        <div class=\"wp-block-ns-content-detail__sidebar\">\n                        \n\n        <\/div>\n    <\/div>\n<\/section>\n\n\n\n<section class=\"alignfull wp-block-ns-resource-feed\">\n    <div class=\"wp-block-ns-resource-feed__width\">\n        <div class=\"wp-block-ns-resource-feed__head\">\n                            <div class=\"wp-block-ns-resource-feed__eyebrow --eyebrow\">\n                    Insights\u00a0                <\/div>\n                                        <div class=\"wp-block-ns-resource-feed__headline --hl-xl\">\n                    Liquefied Natural Gas                <\/div>\n                    <\/div>\n        <div class=\"wp-block-ns-resource-feed__grid\">\n                            <a class=\"wp-block-ns-resource-feed__col-primary\" href=\"https:\/\/medcor.com\/en-ca\/onsite-clinic\/onsite-clinics-mobile-treatment-centers\/\">\n                    <div class=\"wp-block-ns-resource-feed__primary-image\">\n                        <img loading=\"lazy\" decoding=\"async\" width=\"600\" height=\"300\" src=\"https:\/\/medcor.com\/wp-content\/uploads\/2024\/02\/Medcor_3222_How-Onsite-and-Mobile-Clinics-Work-Together-to-Support-Your-Workers-DSC01928.jpg\" class=\"attachment-large size-large\" alt=\"onsite clinics and mobile treatment centers\" srcset=\"https:\/\/medcor.com\/wp-content\/uploads\/2024\/02\/Medcor_3222_How-Onsite-and-Mobile-Clinics-Work-Together-to-Support-Your-Workers-DSC01928.jpg 600w, https:\/\/medcor.com\/wp-content\/uploads\/2024\/02\/Medcor_3222_How-Onsite-and-Mobile-Clinics-Work-Together-to-Support-Your-Workers-DSC01928-300x150.jpg 300w\" sizes=\"auto, (max-width: 600px) 100vw, 600px\" \/>                    <\/div>\n                    <div class=\"wp-block-ns-resource-feed__primary-body\">\n                        <div class=\"wp-block-ns-resource-feed__primary-eyebrow\">\n                            Insights                        <\/div>\n                        <div class=\"wp-block-ns-resource-feed__primary-headline --hl-s\">\n                            How Onsite Clinics and Mobile Treatment Centers Work Together to Support Your Workers\u00a0                        <\/div>\n                        <div class=\"wp-block-ns-resource-feed__primary-cta --micro\">\n                            Read Article                        <\/div>\n                    <\/div>\n                <\/a>\n                        <div class=\"wp-block-ns-resource-feed__col-secondary\">\n                                    <a class=\"wp-block-ns-resource-feed__col-secondary-row\" href=\"https:\/\/medcor.com\/en-ca\/onsite-clinic\/how-to-gather-buy-in-onsite-clinic\/\">\n                        <div class=\"wp-block-ns-resource-feed__col-secondary-image\">\n                            <img loading=\"lazy\" decoding=\"async\" width=\"600\" height=\"300\" src=\"https:\/\/medcor.com\/wp-content\/uploads\/2024\/01\/Medcor_2971_How-to-Gather-Buy-in-for-Your-Onsite-Clinic-1325251634-edited.jpg\" class=\"attachment-large size-large\" alt=\"how to  gather buy-in for your onsite clinic\" srcset=\"https:\/\/medcor.com\/wp-content\/uploads\/2024\/01\/Medcor_2971_How-to-Gather-Buy-in-for-Your-Onsite-Clinic-1325251634-edited.jpg 600w, https:\/\/medcor.com\/wp-content\/uploads\/2024\/01\/Medcor_2971_How-to-Gather-Buy-in-for-Your-Onsite-Clinic-1325251634-edited-300x150.jpg 300w\" sizes=\"auto, (max-width: 600px) 100vw, 600px\" \/>                        <\/div>\n                        <div class=\"wp-block-ns-resource-feed__col-secondary-body\">\n                            <div class=\"wp-block-ns-resource-feed__col-secondary-eyebrow\">\n                                Insights                            <\/div>\n                            <div class=\"wp-block-ns-resource-feed__col-secondary-headline --hl-xs\">\n                                How to Gather Buy-In for Your Onsite Clinic\u00a0                            <\/div>\n                            <div class=\"wp-block-ns-resource-feed__col-secondary-cta --micro\">\n                                Read Article                            <\/div>\n                        <\/div>\n                    <\/a>\n                                                    <a class=\"wp-block-ns-resource-feed__col-secondary-row\" href=\"https:\/\/medcor.com\/en-ca\/just-culture\/\">\n                        <div class=\"wp-block-ns-resource-feed__col-secondary-image\">\n                            <img loading=\"lazy\" decoding=\"async\" width=\"1024\" height=\"606\" src=\"https:\/\/medcor.com\/wp-content\/uploads\/2021\/04\/insights-culture-1024x606.jpg\" class=\"attachment-large size-large\" alt=\"\" srcset=\"https:\/\/medcor.com\/wp-content\/uploads\/2021\/04\/insights-culture-1024x606.jpg 1024w, https:\/\/medcor.com\/wp-content\/uploads\/2021\/04\/insights-culture-300x178.jpg 300w, https:\/\/medcor.com\/wp-content\/uploads\/2021\/04\/insights-culture-768x455.jpg 768w, https:\/\/medcor.com\/wp-content\/uploads\/2021\/04\/insights-culture-650x385.jpg 650w, https:\/\/medcor.com\/wp-content\/uploads\/2021\/04\/insights-culture.jpg 1250w\" sizes=\"auto, (max-width: 1024px) 100vw, 1024px\" \/>                        <\/div>\n                        <div class=\"wp-block-ns-resource-feed__col-secondary-body\">\n                            <div class=\"wp-block-ns-resource-feed__col-secondary-eyebrow\">\n                                Insights                            <\/div>\n                            <div class=\"wp-block-ns-resource-feed__col-secondary-headline --hl-xs\">\n                                Just Culture                            <\/div>\n                            <div class=\"wp-block-ns-resource-feed__col-secondary-cta --micro\">\n                                Read Article                            <\/div>\n                        <\/div>\n                    <\/a>\n                                                    <a class=\"wp-block-ns-resource-feed__col-secondary-row\" href=\"https:\/\/medcor.com\/en-ca\/onsite-clinic\/largest-onsite-clinics-boost-employee-wellness\/\">\n                        <div class=\"wp-block-ns-resource-feed__col-secondary-image\">\n                            <img loading=\"lazy\" decoding=\"async\" width=\"1024\" height=\"444\" src=\"https:\/\/medcor.com\/wp-content\/uploads\/2023\/08\/h1-1024x444.png\" class=\"attachment-large size-large\" alt=\"largest onsite clinics\" srcset=\"https:\/\/medcor.com\/wp-content\/uploads\/2023\/08\/h1-1024x444.png 1024w, https:\/\/medcor.com\/wp-content\/uploads\/2023\/08\/h1-300x130.png 300w, https:\/\/medcor.com\/wp-content\/uploads\/2023\/08\/h1-768x333.png 768w, https:\/\/medcor.com\/wp-content\/uploads\/2023\/08\/h1-1536x666.png 1536w, https:\/\/medcor.com\/wp-content\/uploads\/2023\/08\/h1-650x282.png 650w, https:\/\/medcor.com\/wp-content\/uploads\/2023\/08\/h1.png 1920w\" sizes=\"auto, (max-width: 1024px) 100vw, 1024px\" \/>                        <\/div>\n                        <div class=\"wp-block-ns-resource-feed__col-secondary-body\">\n                            <div class=\"wp-block-ns-resource-feed__col-secondary-eyebrow\">\n                                Insights                            <\/div>\n                            <div class=\"wp-block-ns-resource-feed__col-secondary-headline --hl-xs\">\n                                How the Largest Onsite Medical Clinics Increase Employee Wellness\u202f\u00a0                            <\/div>\n                            <div class=\"wp-block-ns-resource-feed__col-secondary-cta --micro\">\n                                Read Article                            <\/div>\n                        <\/div>\n                    <\/a>\n                                            <\/div>\n\n        <\/div>\n    <\/div>\n<\/section>\n\n","protected":false},"excerpt":{"rendered":"","protected":false},"author":30,"featured_media":0,"parent":0,"menu_order":0,"comment_status":"closed","ping_status":"closed","template":"","meta":{"pageFeaturedColor":"","pageIcon":"","footnotes":""},"service_type":[],"silo":[],"class_list":["post-22009","page","type-page","status-publish","hentry"],"yoast_head":"<!-- This site is optimized with the Yoast SEO plugin v27.1.1 - https:\/\/yoast.com\/product\/yoast-seo-wordpress\/ -->\n<title>Solutions de gaz naturel liqu\u00e9fi\u00e9 | Medcor Canada<\/title>\n<meta name=\"description\" content=\"Assurer la s\u00e9curit\u00e9 et la sant\u00e9 des travailleurs du gaz naturel liqu\u00e9fi\u00e9 gr\u00e2ce aux solutions compl\u00e8tes de sant\u00e9 au travail de Medcor Canada. En savoir plus.\" \/>\n<meta name=\"robots\" content=\"index, follow, max-snippet:-1, max-image-preview:large, max-video-preview:-1\" \/>\n<link rel=\"canonical\" href=\"https:\/\/medcor.com\/fr-ca\/liquefied-natural-gas-solutions\/\" \/>\n<meta property=\"og:locale\" content=\"fr_CA\" \/>\n<meta property=\"og:type\" content=\"article\" \/>\n<meta property=\"og:title\" content=\"Solutions de gaz naturel liqu\u00e9fi\u00e9 | Medcor Canada\" \/>\n<meta property=\"og:description\" content=\"Assurer la s\u00e9curit\u00e9 et la sant\u00e9 des travailleurs du gaz naturel liqu\u00e9fi\u00e9 gr\u00e2ce aux solutions compl\u00e8tes de sant\u00e9 au travail de Medcor Canada. En savoir plus.\" \/>\n<meta property=\"og:url\" content=\"https:\/\/medcor.com\/fr-ca\/liquefied-natural-gas-solutions\/\" \/>\n<meta property=\"og:site_name\" content=\"Medcor\" \/>\n<meta property=\"article:publisher\" content=\"https:\/\/www.facebook.com\/Medcor\/\" \/>\n<meta property=\"article:modified_time\" content=\"2024-05-29T18:14:34+00:00\" \/>\n<meta property=\"og:image\" content=\"https:\/\/medcor.com\/wp-content\/uploads\/2023\/07\/occupational-health-services.jpg\" \/>\n\t<meta property=\"og:image:width\" content=\"766\" \/>\n\t<meta property=\"og:image:height\" content=\"736\" \/>\n\t<meta property=\"og:image:type\" content=\"image\/jpeg\" \/>\n<meta name=\"twitter:card\" content=\"summary_large_image\" \/>\n<meta name=\"twitter:label1\" content=\"Est. reading time\" \/>\n\t<meta name=\"twitter:data1\" content=\"2 minutes\" \/>\n<script type=\"application\/ld+json\" class=\"yoast-schema-graph\">{\"@context\":\"https:\/\/schema.org\",\"@graph\":[{\"@type\":\"WebPage\",\"@id\":\"https:\/\/medcor.com\/fr-ca\/liquefied-natural-gas-solutions\/\",\"url\":\"https:\/\/medcor.com\/fr-ca\/liquefied-natural-gas-solutions\/\",\"name\":\"Solutions de gaz naturel liqu\u00e9fi\u00e9 | Medcor Canada\",\"isPartOf\":{\"@id\":\"https:\/\/medcor.com\/fr-ca\/#website\"},\"datePublished\":\"2024-03-14T17:18:33+00:00\",\"dateModified\":\"2024-05-29T18:14:34+00:00\",\"description\":\"Assurer la s\u00e9curit\u00e9 et la sant\u00e9 des travailleurs du gaz naturel liqu\u00e9fi\u00e9 gr\u00e2ce aux solutions compl\u00e8tes de sant\u00e9 au travail de Medcor Canada. En savoir plus.\",\"breadcrumb\":{\"@id\":\"https:\/\/medcor.com\/fr-ca\/liquefied-natural-gas-solutions\/#breadcrumb\"},\"inLanguage\":\"fr-CA\",\"potentialAction\":[{\"@type\":\"ReadAction\",\"target\":[\"https:\/\/medcor.com\/fr-ca\/liquefied-natural-gas-solutions\/\"]}]},{\"@type\":\"BreadcrumbList\",\"@id\":\"https:\/\/medcor.com\/fr-ca\/liquefied-natural-gas-solutions\/#breadcrumb\",\"itemListElement\":[{\"@type\":\"ListItem\",\"position\":1,\"name\":\"Home\",\"item\":\"https:\/\/medcor.com\/fr-ca\/\"},{\"@type\":\"ListItem\",\"position\":2,\"name\":\"Solutions de gaz naturel liqu\u00e9fi\u00e9\"}]},{\"@type\":\"WebSite\",\"@id\":\"https:\/\/medcor.com\/fr-ca\/#website\",\"url\":\"https:\/\/medcor.com\/fr-ca\/\",\"name\":\"Medcor\",\"description\":\"Simplifying Healthcare For Employers\",\"publisher\":{\"@id\":\"https:\/\/medcor.com\/fr-ca\/#organization\"},\"potentialAction\":[{\"@type\":\"SearchAction\",\"target\":{\"@type\":\"EntryPoint\",\"urlTemplate\":\"https:\/\/medcor.com\/fr-ca\/?s={search_term_string}\"},\"query-input\":{\"@type\":\"PropertyValueSpecification\",\"valueRequired\":true,\"valueName\":\"search_term_string\"}}],\"inLanguage\":\"fr-CA\"},{\"@type\":\"Organization\",\"@id\":\"https:\/\/medcor.com\/fr-ca\/#organization\",\"name\":\"Medcor\",\"alternateName\":\"Medcor\",\"url\":\"https:\/\/medcor.com\/fr-ca\/\",\"logo\":{\"@type\":\"ImageObject\",\"inLanguage\":\"fr-CA\",\"@id\":\"https:\/\/medcor.com\/fr-ca\/#\/schema\/logo\/image\/\",\"url\":\"https:\/\/medcor.com\/wp-content\/uploads\/2023\/08\/cropped-favicon.png\",\"contentUrl\":\"https:\/\/medcor.com\/wp-content\/uploads\/2023\/08\/cropped-favicon.png\",\"width\":512,\"height\":512,\"caption\":\"Medcor\"},\"image\":{\"@id\":\"https:\/\/medcor.com\/fr-ca\/#\/schema\/logo\/image\/\"},\"sameAs\":[\"https:\/\/www.facebook.com\/Medcor\/\",\"https:\/\/www.linkedin.com\/company\/medcor\/\",\"https:\/\/www.instagram.com\/medcorclinics\/\",\"https:\/\/vimeo.com\/medcorhealthnavigation\"]}]}<\/script>\n<!-- \/ Yoast SEO plugin. -->","yoast_head_json":{"title":"Solutions de gaz naturel liqu\u00e9fi\u00e9 | Medcor Canada","description":"Assurer la s\u00e9curit\u00e9 et la sant\u00e9 des travailleurs du gaz naturel liqu\u00e9fi\u00e9 gr\u00e2ce aux solutions compl\u00e8tes de sant\u00e9 au travail de Medcor Canada. En savoir plus.","robots":{"index":"index","follow":"follow","max-snippet":"max-snippet:-1","max-image-preview":"max-image-preview:large","max-video-preview":"max-video-preview:-1"},"canonical":"https:\/\/medcor.com\/fr-ca\/liquefied-natural-gas-solutions\/","og_locale":"fr_CA","og_type":"article","og_title":"Solutions de gaz naturel liqu\u00e9fi\u00e9 | Medcor Canada","og_description":"Assurer la s\u00e9curit\u00e9 et la sant\u00e9 des travailleurs du gaz naturel liqu\u00e9fi\u00e9 gr\u00e2ce aux solutions compl\u00e8tes de sant\u00e9 au travail de Medcor Canada. En savoir plus.","og_url":"https:\/\/medcor.com\/fr-ca\/liquefied-natural-gas-solutions\/","og_site_name":"Medcor","article_publisher":"https:\/\/www.facebook.com\/Medcor\/","article_modified_time":"2024-05-29T18:14:34+00:00","og_image":[{"width":766,"height":736,"url":"https:\/\/medcor.com\/wp-content\/uploads\/2023\/07\/occupational-health-services.jpg","type":"image\/jpeg"}],"twitter_card":"summary_large_image","twitter_misc":{"Est. reading time":"2 minutes"},"schema":{"@context":"https:\/\/schema.org","@graph":[{"@type":"WebPage","@id":"https:\/\/medcor.com\/fr-ca\/liquefied-natural-gas-solutions\/","url":"https:\/\/medcor.com\/fr-ca\/liquefied-natural-gas-solutions\/","name":"Solutions de gaz naturel liqu\u00e9fi\u00e9 | Medcor Canada","isPartOf":{"@id":"https:\/\/medcor.com\/fr-ca\/#website"},"datePublished":"2024-03-14T17:18:33+00:00","dateModified":"2024-05-29T18:14:34+00:00","description":"Assurer la s\u00e9curit\u00e9 et la sant\u00e9 des travailleurs du gaz naturel liqu\u00e9fi\u00e9 gr\u00e2ce aux solutions compl\u00e8tes de sant\u00e9 au travail de Medcor Canada. En savoir plus.","breadcrumb":{"@id":"https:\/\/medcor.com\/fr-ca\/liquefied-natural-gas-solutions\/#breadcrumb"},"inLanguage":"fr-CA","potentialAction":[{"@type":"ReadAction","target":["https:\/\/medcor.com\/fr-ca\/liquefied-natural-gas-solutions\/"]}]},{"@type":"BreadcrumbList","@id":"https:\/\/medcor.com\/fr-ca\/liquefied-natural-gas-solutions\/#breadcrumb","itemListElement":[{"@type":"ListItem","position":1,"name":"Home","item":"https:\/\/medcor.com\/fr-ca\/"},{"@type":"ListItem","position":2,"name":"Solutions de gaz naturel liqu\u00e9fi\u00e9"}]},{"@type":"WebSite","@id":"https:\/\/medcor.com\/fr-ca\/#website","url":"https:\/\/medcor.com\/fr-ca\/","name":"Medcor","description":"Simplifying Healthcare For Employers","publisher":{"@id":"https:\/\/medcor.com\/fr-ca\/#organization"},"potentialAction":[{"@type":"SearchAction","target":{"@type":"EntryPoint","urlTemplate":"https:\/\/medcor.com\/fr-ca\/?s={search_term_string}"},"query-input":{"@type":"PropertyValueSpecification","valueRequired":true,"valueName":"search_term_string"}}],"inLanguage":"fr-CA"},{"@type":"Organization","@id":"https:\/\/medcor.com\/fr-ca\/#organization","name":"Medcor","alternateName":"Medcor","url":"https:\/\/medcor.com\/fr-ca\/","logo":{"@type":"ImageObject","inLanguage":"fr-CA","@id":"https:\/\/medcor.com\/fr-ca\/#\/schema\/logo\/image\/","url":"https:\/\/medcor.com\/wp-content\/uploads\/2023\/08\/cropped-favicon.png","contentUrl":"https:\/\/medcor.com\/wp-content\/uploads\/2023\/08\/cropped-favicon.png","width":512,"height":512,"caption":"Medcor"},"image":{"@id":"https:\/\/medcor.com\/fr-ca\/#\/schema\/logo\/image\/"},"sameAs":["https:\/\/www.facebook.com\/Medcor\/","https:\/\/www.linkedin.com\/company\/medcor\/","https:\/\/www.instagram.com\/medcorclinics\/","https:\/\/vimeo.com\/medcorhealthnavigation"]}]}},"featured_image_url":"","featured_image_url_sizes":{"thumbnail":false,"medium":false,"medium_large":false,"large":false,"default":{"url":"https:\/\/medcor.com\/wp-content\/uploads\/2023\/07\/Medcor-Canada-Logo-web.png"}},"service_type_color":null,"service_type_icon":null,"_links":{"self":[{"href":"https:\/\/medcor.com\/fr-ca\/wp-json\/wp\/v2\/pages\/22009","targetHints":{"allow":["GET"]}}],"collection":[{"href":"https:\/\/medcor.com\/fr-ca\/wp-json\/wp\/v2\/pages"}],"about":[{"href":"https:\/\/medcor.com\/fr-ca\/wp-json\/wp\/v2\/types\/page"}],"author":[{"embeddable":true,"href":"https:\/\/medcor.com\/fr-ca\/wp-json\/wp\/v2\/users\/30"}],"replies":[{"embeddable":true,"href":"https:\/\/medcor.com\/fr-ca\/wp-json\/wp\/v2\/comments?post=22009"}],"version-history":[{"count":5,"href":"https:\/\/medcor.com\/fr-ca\/wp-json\/wp\/v2\/pages\/22009\/revisions"}],"predecessor-version":[{"id":22035,"href":"https:\/\/medcor.com\/fr-ca\/wp-json\/wp\/v2\/pages\/22009\/revisions\/22035"}],"wp:attachment":[{"href":"https:\/\/medcor.com\/fr-ca\/wp-json\/wp\/v2\/media?parent=22009"}],"wp:term":[{"taxonomy":"service_type","embeddable":true,"href":"https:\/\/medcor.com\/fr-ca\/wp-json\/wp\/v2\/service_type?post=22009"},{"taxonomy":"silo","embeddable":true,"href":"https:\/\/medcor.com\/fr-ca\/wp-json\/wp\/v2\/silo?post=22009"}],"curies":[{"name":"wp","href":"https:\/\/api.w.org\/{rel}","templated":true}]}}