{"id":22010,"date":"2024-04-08T11:11:26","date_gmt":"2024-04-08T18:11:26","guid":{"rendered":"https:\/\/medcor.com\/?page_id=21650"},"modified":"2024-05-29T11:16:06","modified_gmt":"2024-05-29T18:16:06","slug":"government-projects","status":"publish","type":"page","link":"https:\/\/medcor.com\/fr-ca\/government-projects\/","title":{"rendered":"Projets gouvernementaux"},"content":{"rendered":"\n\n<section class=\"alignfull wp-block-ns-subpage-banner\">\n            <img loading=\"lazy\" decoding=\"async\" width=\"1440\" height=\"400\" src=\"https:\/\/medcor.com\/wp-content\/uploads\/2024\/04\/1440x400-1502931447.jpg\" class=\"attachment-full size-full\" alt=\"\" srcset=\"https:\/\/medcor.com\/wp-content\/uploads\/2024\/04\/1440x400-1502931447.jpg 1440w, https:\/\/medcor.com\/wp-content\/uploads\/2024\/04\/1440x400-1502931447-300x83.jpg 300w, https:\/\/medcor.com\/wp-content\/uploads\/2024\/04\/1440x400-1502931447-1024x284.jpg 1024w, https:\/\/medcor.com\/wp-content\/uploads\/2024\/04\/1440x400-1502931447-768x213.jpg 768w, https:\/\/medcor.com\/wp-content\/uploads\/2024\/04\/1440x400-1502931447-650x181.jpg 650w\" sizes=\"auto, (max-width: 1440px) 100vw, 1440px\" \/>    <\/section>\n\n\n\n<section class=\"alignfull wp-block-ns-content-detail\">\n    <div class=\"wp-block-ns-content-detail__columns\">\n        <div class=\"wp-block-ns-content-detail__content\">\n            \n<section class=\"wp-block-ns-content-detail__hero\">\n            <div class=\"wp-block-ns-content-detail__hero-eyebrow --eyebrow\">\n            QUI NOUS AIDONS        <\/div>\n                <h1 class=\"wp-block-ns-content-detail__hero-headline --hl-xxl\">\n            Projets gouvernementaux        <\/h1>\n        <div class=\"wp-block-ns-content-detail__hero-body --wizzy\">\n        \n\n<p>Les projets gouvernementaux sont souvent soumis \u00e0 des r\u00e8gles et des r\u00e8glements plus lourds que ceux d\u2019autres industries, ce qui rend la s\u00e9curit\u00e9 de vos travailleurs essentielle \u00e0 la r\u00e9ussite. Ces r\u00e8glements peuvent passer et changer d\u2019un projet \u00e0 l\u2019autre, et m\u00eame du d\u00e9but d\u2019un projet \u00e0 sa fin. Cela peut faire de la ma\u00eetrise de toutes les exigences un d\u00e9fi majeur pour vous et votre \u00e9quipe.&nbsp;<\/p>\n\n    <\/div>\n            <div class=\"wp-block-ns-content-detail__hero-ctas\">\n                            <a href=\"https:\/\/medcor.com\/fr-ca\/contact\/\" class=\"wp-block-ns-content-detail__hero-cta1\" >Contactez-nous<\/a>\n                                <\/div>\n    <\/section>\n\n\n\n<p>Medcor est votre solution globale de sant\u00e9 et de bien-\u00eatre au travail pour tous vos projets gouvernementaux. Restez au courant de l\u2019\u00e9volution fr\u00e9quente de la r\u00e9glementation avec l\u2019aide de nos <a href=\"https:\/\/medcor.com\/en-ca\/services\/workplace-safety\/\" target=\"_blank\" rel=\"noreferrer noopener\">professionnels de la s\u00e9curit\u00e9 exp\u00e9riment\u00e9s<\/a>, qui peuvent aider votre \u00e9quipe \u00e0 \u00e9laborer et \u00e0 peaufiner votre plan d\u2019action d\u2019urgence, \u00e0 offrir une formation en premiers soins et \u00e0 trouver des professionnels pour pourvoir vos postes sp\u00e9cialis\u00e9s. <a href=\"https:\/\/medcor.com\/en-ca\/teletriage\/\" target=\"_blank\" rel=\"noreferrer noopener\">Les solutions de t\u00e9l\u00e9sant\u00e9<\/a> fournissent un d\u00e9pistage des blessures et des maladies fond\u00e9 sur des donn\u00e9es probantes \u00e0 vos travailleurs, m\u00eame lorsqu\u2019ils travaillent \u00e0 des horaires irr\u00e9guliers.&nbsp;<\/p>\n\n\n\n<p><a href=\"https:\/\/medcor.com\/en-ca\/services\/onsite-clinics\/\" target=\"_blank\" rel=\"noreferrer noopener\">Les cliniques sur place et les centres de traitement mobiles<\/a> offrent \u00e0 vos travailleurs un acc\u00e8s pratique \u00e0 des services de sant\u00e9 de qualit\u00e9, o\u00f9 que se trouve votre lieu de travail. Ces installations sont dot\u00e9es de professionnels de la sant\u00e9 exp\u00e9riment\u00e9s dans le traitement des blessures les plus courantes chez vos travailleurs. De nombreux cas sont r\u00e9solus sans avoir recours \u00e0 des soins hors site, am\u00e9liorant la productivit\u00e9 des travailleurs et vous aidant \u00e0 contr\u00f4ler les co\u00fbts.&nbsp;<\/p>\n\n\n\n<p>Aidez vos travailleurs \u00e0 rester en bonne sant\u00e9, heureux et productifs gr\u00e2ce \u00e0 des <a href=\"https:\/\/medcor.com\/en-ca\/services\/mental-health-and-wellness\/\" target=\"_blank\" rel=\"noreferrer noopener\">services de soutien en sant\u00e9 mentale<\/a> individuels et en groupe. Votre \u00e9quipe d\u00e9veloppe de mani\u00e8re proactive les outils n\u00e9cessaires pour trouver un \u00e9quilibre, am\u00e9liorer son estime de soi et g\u00e9rer le stress.&nbsp;<\/p>\n\n\n\n<p><\/p>\n\n\n\n<section class=\"--dark-background --theme-turquoise wp-block-ns-promo-banner-cta\" style=\"--ns-imageCropPosition: center center;\">\n    \n\n    <h2 class=\"wp-block-ns-promo-banner-cta__headline --hl-l\">Connectez-vous avec un expert en sant\u00e9 des projets gouvernementaux<\/h2>\n    <div class=\"wp-block-ns-promo-banner-cta__body --wizzy\">\n        \n\n<p>Aidez vos projets \u00e0 g\u00e9rer les co\u00fbts et \u00e0 am\u00e9liorer les r\u00e9sultats des travailleurs gr\u00e2ce \u00e0 des services adapt\u00e9s aux besoins uniques de vos travailleurs. Parlez avec un d\u00e9fenseur aujourd\u2019hui.&nbsp;<\/p>\n\n    <\/div>\n            <a class=\"wp-block-ns-promo-banner-cta__cta\" href=\"https:\/\/medcor.com\/fr-ca\/contact\/\">Apprendre encore plus<\/a>\n    <\/section>\n\n        <\/div>\n        <div class=\"wp-block-ns-content-detail__sidebar\">\n                        \n\n        <\/div>\n    <\/div>\n<\/section>\n\n","protected":false},"excerpt":{"rendered":"","protected":false},"author":30,"featured_media":0,"parent":0,"menu_order":0,"comment_status":"closed","ping_status":"closed","template":"","meta":{"pageFeaturedColor":"","pageIcon":"","footnotes":""},"service_type":[],"silo":[37],"class_list":["post-22010","page","type-page","status-publish","hentry"],"yoast_head":"<!-- This site is optimized with the Yoast SEO plugin v27.1.1 - https:\/\/yoast.com\/product\/yoast-seo-wordpress\/ -->\n<title>Solutions de pipeline et d\u2019exploitation mini\u00e8re | Medcor Canada<\/title>\n<meta name=\"description\" content=\"Assurer la s\u00e9curit\u00e9 et la sant\u00e9 des travailleurs du gaz naturel liqu\u00e9fi\u00e9 gr\u00e2ce aux solutions compl\u00e8tes de sant\u00e9 au travail de Medcor Canada. Am\u00e9liorer la s\u00e9curit\u00e9, la productivit\u00e9 et le bien-\u00eatre.\" \/>\n<meta name=\"robots\" content=\"index, follow, max-snippet:-1, max-image-preview:large, max-video-preview:-1\" \/>\n<link rel=\"canonical\" href=\"https:\/\/medcor.com\/fr-ca\/government-projects\/\" \/>\n<meta property=\"og:locale\" content=\"fr_CA\" \/>\n<meta property=\"og:type\" content=\"article\" \/>\n<meta property=\"og:title\" content=\"Solutions de pipeline et d\u2019exploitation mini\u00e8re | Medcor Canada\" \/>\n<meta property=\"og:description\" content=\"Assurer la s\u00e9curit\u00e9 et la sant\u00e9 des travailleurs du gaz naturel liqu\u00e9fi\u00e9 gr\u00e2ce aux solutions compl\u00e8tes de sant\u00e9 au travail de Medcor Canada. Am\u00e9liorer la s\u00e9curit\u00e9, la productivit\u00e9 et le bien-\u00eatre.\" \/>\n<meta property=\"og:url\" content=\"https:\/\/medcor.com\/fr-ca\/government-projects\/\" \/>\n<meta property=\"og:site_name\" content=\"Medcor\" \/>\n<meta property=\"article:publisher\" content=\"https:\/\/www.facebook.com\/Medcor\/\" \/>\n<meta property=\"article:modified_time\" content=\"2024-05-29T18:16:06+00:00\" \/>\n<meta property=\"og:image\" content=\"https:\/\/medcor.com\/wp-content\/uploads\/2023\/07\/occupational-health-services.jpg\" \/>\n\t<meta property=\"og:image:width\" content=\"766\" \/>\n\t<meta property=\"og:image:height\" content=\"736\" \/>\n\t<meta property=\"og:image:type\" content=\"image\/jpeg\" \/>\n<meta name=\"twitter:card\" content=\"summary_large_image\" \/>\n<meta name=\"twitter:label1\" content=\"Est. reading time\" \/>\n\t<meta name=\"twitter:data1\" content=\"2 minutes\" \/>\n<script type=\"application\/ld+json\" class=\"yoast-schema-graph\">{\"@context\":\"https:\/\/schema.org\",\"@graph\":[{\"@type\":\"WebPage\",\"@id\":\"https:\/\/medcor.com\/fr-ca\/government-projects\/\",\"url\":\"https:\/\/medcor.com\/fr-ca\/government-projects\/\",\"name\":\"Solutions de pipeline et d\u2019exploitation mini\u00e8re | Medcor Canada\",\"isPartOf\":{\"@id\":\"https:\/\/medcor.com\/fr-ca\/#website\"},\"datePublished\":\"2024-04-08T18:11:26+00:00\",\"dateModified\":\"2024-05-29T18:16:06+00:00\",\"description\":\"Assurer la s\u00e9curit\u00e9 et la sant\u00e9 des travailleurs du gaz naturel liqu\u00e9fi\u00e9 gr\u00e2ce aux solutions compl\u00e8tes de sant\u00e9 au travail de Medcor Canada. Am\u00e9liorer la s\u00e9curit\u00e9, la productivit\u00e9 et le bien-\u00eatre.\",\"breadcrumb\":{\"@id\":\"https:\/\/medcor.com\/fr-ca\/government-projects\/#breadcrumb\"},\"inLanguage\":\"fr-CA\",\"potentialAction\":[{\"@type\":\"ReadAction\",\"target\":[\"https:\/\/medcor.com\/fr-ca\/government-projects\/\"]}]},{\"@type\":\"BreadcrumbList\",\"@id\":\"https:\/\/medcor.com\/fr-ca\/government-projects\/#breadcrumb\",\"itemListElement\":[{\"@type\":\"ListItem\",\"position\":1,\"name\":\"Home\",\"item\":\"https:\/\/medcor.com\/fr-ca\/\"},{\"@type\":\"ListItem\",\"position\":2,\"name\":\"Projets gouvernementaux\"}]},{\"@type\":\"WebSite\",\"@id\":\"https:\/\/medcor.com\/fr-ca\/#website\",\"url\":\"https:\/\/medcor.com\/fr-ca\/\",\"name\":\"Medcor\",\"description\":\"Simplifying Healthcare For Employers\",\"publisher\":{\"@id\":\"https:\/\/medcor.com\/fr-ca\/#organization\"},\"potentialAction\":[{\"@type\":\"SearchAction\",\"target\":{\"@type\":\"EntryPoint\",\"urlTemplate\":\"https:\/\/medcor.com\/fr-ca\/?s={search_term_string}\"},\"query-input\":{\"@type\":\"PropertyValueSpecification\",\"valueRequired\":true,\"valueName\":\"search_term_string\"}}],\"inLanguage\":\"fr-CA\"},{\"@type\":\"Organization\",\"@id\":\"https:\/\/medcor.com\/fr-ca\/#organization\",\"name\":\"Medcor\",\"alternateName\":\"Medcor\",\"url\":\"https:\/\/medcor.com\/fr-ca\/\",\"logo\":{\"@type\":\"ImageObject\",\"inLanguage\":\"fr-CA\",\"@id\":\"https:\/\/medcor.com\/fr-ca\/#\/schema\/logo\/image\/\",\"url\":\"https:\/\/medcor.com\/wp-content\/uploads\/2023\/08\/cropped-favicon.png\",\"contentUrl\":\"https:\/\/medcor.com\/wp-content\/uploads\/2023\/08\/cropped-favicon.png\",\"width\":512,\"height\":512,\"caption\":\"Medcor\"},\"image\":{\"@id\":\"https:\/\/medcor.com\/fr-ca\/#\/schema\/logo\/image\/\"},\"sameAs\":[\"https:\/\/www.facebook.com\/Medcor\/\",\"https:\/\/www.linkedin.com\/company\/medcor\/\",\"https:\/\/www.instagram.com\/medcorclinics\/\",\"https:\/\/vimeo.com\/medcorhealthnavigation\"]}]}<\/script>\n<!-- \/ Yoast SEO plugin. -->","yoast_head_json":{"title":"Solutions de pipeline et d\u2019exploitation mini\u00e8re | Medcor Canada","description":"Assurer la s\u00e9curit\u00e9 et la sant\u00e9 des travailleurs du gaz naturel liqu\u00e9fi\u00e9 gr\u00e2ce aux solutions compl\u00e8tes de sant\u00e9 au travail de Medcor Canada. Am\u00e9liorer la s\u00e9curit\u00e9, la productivit\u00e9 et le bien-\u00eatre.","robots":{"index":"index","follow":"follow","max-snippet":"max-snippet:-1","max-image-preview":"max-image-preview:large","max-video-preview":"max-video-preview:-1"},"canonical":"https:\/\/medcor.com\/fr-ca\/government-projects\/","og_locale":"fr_CA","og_type":"article","og_title":"Solutions de pipeline et d\u2019exploitation mini\u00e8re | Medcor Canada","og_description":"Assurer la s\u00e9curit\u00e9 et la sant\u00e9 des travailleurs du gaz naturel liqu\u00e9fi\u00e9 gr\u00e2ce aux solutions compl\u00e8tes de sant\u00e9 au travail de Medcor Canada. Am\u00e9liorer la s\u00e9curit\u00e9, la productivit\u00e9 et le bien-\u00eatre.","og_url":"https:\/\/medcor.com\/fr-ca\/government-projects\/","og_site_name":"Medcor","article_publisher":"https:\/\/www.facebook.com\/Medcor\/","article_modified_time":"2024-05-29T18:16:06+00:00","og_image":[{"width":766,"height":736,"url":"https:\/\/medcor.com\/wp-content\/uploads\/2023\/07\/occupational-health-services.jpg","type":"image\/jpeg"}],"twitter_card":"summary_large_image","twitter_misc":{"Est. reading time":"2 minutes"},"schema":{"@context":"https:\/\/schema.org","@graph":[{"@type":"WebPage","@id":"https:\/\/medcor.com\/fr-ca\/government-projects\/","url":"https:\/\/medcor.com\/fr-ca\/government-projects\/","name":"Solutions de pipeline et d\u2019exploitation mini\u00e8re | Medcor Canada","isPartOf":{"@id":"https:\/\/medcor.com\/fr-ca\/#website"},"datePublished":"2024-04-08T18:11:26+00:00","dateModified":"2024-05-29T18:16:06+00:00","description":"Assurer la s\u00e9curit\u00e9 et la sant\u00e9 des travailleurs du gaz naturel liqu\u00e9fi\u00e9 gr\u00e2ce aux solutions compl\u00e8tes de sant\u00e9 au travail de Medcor Canada. Am\u00e9liorer la s\u00e9curit\u00e9, la productivit\u00e9 et le bien-\u00eatre.","breadcrumb":{"@id":"https:\/\/medcor.com\/fr-ca\/government-projects\/#breadcrumb"},"inLanguage":"fr-CA","potentialAction":[{"@type":"ReadAction","target":["https:\/\/medcor.com\/fr-ca\/government-projects\/"]}]},{"@type":"BreadcrumbList","@id":"https:\/\/medcor.com\/fr-ca\/government-projects\/#breadcrumb","itemListElement":[{"@type":"ListItem","position":1,"name":"Home","item":"https:\/\/medcor.com\/fr-ca\/"},{"@type":"ListItem","position":2,"name":"Projets gouvernementaux"}]},{"@type":"WebSite","@id":"https:\/\/medcor.com\/fr-ca\/#website","url":"https:\/\/medcor.com\/fr-ca\/","name":"Medcor","description":"Simplifying Healthcare For Employers","publisher":{"@id":"https:\/\/medcor.com\/fr-ca\/#organization"},"potentialAction":[{"@type":"SearchAction","target":{"@type":"EntryPoint","urlTemplate":"https:\/\/medcor.com\/fr-ca\/?s={search_term_string}"},"query-input":{"@type":"PropertyValueSpecification","valueRequired":true,"valueName":"search_term_string"}}],"inLanguage":"fr-CA"},{"@type":"Organization","@id":"https:\/\/medcor.com\/fr-ca\/#organization","name":"Medcor","alternateName":"Medcor","url":"https:\/\/medcor.com\/fr-ca\/","logo":{"@type":"ImageObject","inLanguage":"fr-CA","@id":"https:\/\/medcor.com\/fr-ca\/#\/schema\/logo\/image\/","url":"https:\/\/medcor.com\/wp-content\/uploads\/2023\/08\/cropped-favicon.png","contentUrl":"https:\/\/medcor.com\/wp-content\/uploads\/2023\/08\/cropped-favicon.png","width":512,"height":512,"caption":"Medcor"},"image":{"@id":"https:\/\/medcor.com\/fr-ca\/#\/schema\/logo\/image\/"},"sameAs":["https:\/\/www.facebook.com\/Medcor\/","https:\/\/www.linkedin.com\/company\/medcor\/","https:\/\/www.instagram.com\/medcorclinics\/","https:\/\/vimeo.com\/medcorhealthnavigation"]}]}},"featured_image_url":"","featured_image_url_sizes":{"thumbnail":false,"medium":false,"medium_large":false,"large":false,"default":{"url":"https:\/\/medcor.com\/wp-content\/uploads\/2023\/07\/Medcor-Canada-Logo-web.png"}},"service_type_color":null,"service_type_icon":null,"_links":{"self":[{"href":"https:\/\/medcor.com\/fr-ca\/wp-json\/wp\/v2\/pages\/22010","targetHints":{"allow":["GET"]}}],"collection":[{"href":"https:\/\/medcor.com\/fr-ca\/wp-json\/wp\/v2\/pages"}],"about":[{"href":"https:\/\/medcor.com\/fr-ca\/wp-json\/wp\/v2\/types\/page"}],"author":[{"embeddable":true,"href":"https:\/\/medcor.com\/fr-ca\/wp-json\/wp\/v2\/users\/30"}],"replies":[{"embeddable":true,"href":"https:\/\/medcor.com\/fr-ca\/wp-json\/wp\/v2\/comments?post=22010"}],"version-history":[{"count":5,"href":"https:\/\/medcor.com\/fr-ca\/wp-json\/wp\/v2\/pages\/22010\/revisions"}],"predecessor-version":[{"id":22033,"href":"https:\/\/medcor.com\/fr-ca\/wp-json\/wp\/v2\/pages\/22010\/revisions\/22033"}],"wp:attachment":[{"href":"https:\/\/medcor.com\/fr-ca\/wp-json\/wp\/v2\/media?parent=22010"}],"wp:term":[{"taxonomy":"service_type","embeddable":true,"href":"https:\/\/medcor.com\/fr-ca\/wp-json\/wp\/v2\/service_type?post=22010"},{"taxonomy":"silo","embeddable":true,"href":"https:\/\/medcor.com\/fr-ca\/wp-json\/wp\/v2\/silo?post=22010"}],"curies":[{"name":"wp","href":"https:\/\/api.w.org\/{rel}","templated":true}]}}